{"id":6986,"date":"2022-05-25T14:29:23","date_gmt":"2022-05-25T14:29:23","guid":{"rendered":"https:\/\/oliveroimpianti.it\/servizi\/customizzazione-impianti-automazione\/"},"modified":"2023-05-17T12:58:46","modified_gmt":"2023-05-17T12:58:46","slug":"personnalisation-des-systemes-dautomatisation","status":"publish","type":"page","link":"https:\/\/oliveroimpianti.it\/fr\/services\/personnalisation-des-systemes-dautomatisation\/","title":{"rendered":"Personnalisation des syst\u00e8mes d&rsquo;automatisation"},"content":{"rendered":"<div class=\"gb-container gb-container-7bfc5652 la-layout-text-image-driven-height la-pattern-text-and-image-with-shifted-background alignwide gb-container-animation-zoom-in-fade-in\"><div class=\"gb-inside-container\">\n\n<div class=\"gb-headline gb-headline-58df952e gb-headline-text la-component-sliding-text slide-from-left to-left-position la-sliding-text\">Personnalisation des syst\u00e8mes<\/div>\n\n\n<div class=\"gb-grid-wrapper gb-grid-wrapper-bafbc3ca la-layout-text-image-driven-height-container\">\n<div class=\"gb-grid-column gb-grid-column-c667d299 gb-grid-column-animation-zoom-in-fade-in\"><div class=\"gb-container gb-container-c667d299 la-layout-text-wrapper la-text-wrapper gb-container-animation-zoom-in-fade-in\"><div class=\"gb-inside-container\">\n\n<div class=\"gb-headline gb-headline-d50c8023 gb-headline-text la-component-section-summary-tag\">Services pour l&rsquo;industrie<\/div>\n\n\n\n<h2 class=\"gb-headline gb-headline-ff10461e gb-headline-text la-component-section-title\">Personnalisation des installations<\/h2>\n\n\n\n<p>La flexibilit\u00e9 et la capacit\u00e9 d&rsquo;adaptation aux besoins des clients, associ\u00e9es \u00e0 l&rsquo;exp\u00e9rience de nos techniciens et \u00e0 la recherche de solutions toujours innovantes et tr\u00e8s efficaces, ont permis \u00e0 Olivero de se positionner sur le march\u00e9 comme un point de r\u00e9f\u00e9rence dans le domaine de la personnalisation des installations industrielles, qu&rsquo;elles soient nouvelles ou existantes.<\/p>\n\n\n\n<p>Chaque \u00e9tape du processus de d\u00e9veloppement de l&rsquo;usine, de l&rsquo;\u00e9tude du projet \u00e0 la r\u00e9alisation du dessin technique, est suivie par une \u00e9quipe sp\u00e9cialis\u00e9e et d\u00e9vou\u00e9e qui pr\u00e9sente la meilleure solution possible au client.<\/p>\n\n<\/div><\/div><\/div>\n\n<div class=\"gb-grid-column gb-grid-column-85056616 gb-grid-column-animation-zoom-in-fade-in\"><div class=\"gb-container gb-container-85056616 la-layout-image-wrapper  la-image-container gb-container-animation-zoom-in-fade-in\"><div class=\"gb-inside-container\">\n<div class=\"gb-container gb-container-407cf67a la-image-background\"><div class=\"gb-inside-container\"><\/div><\/div>\n\n\n<figure class=\"wp-block-image size-large la-layout-image la-image-wrapper\"><img loading=\"lazy\" decoding=\"async\" width=\"1024\" height=\"683\" src=\"https:\/\/oliveroimpianti.it\/wp-content\/uploads\/2022\/11\/customizzazione-impianti-1024x683.png\" alt=\"\" class=\"wp-image-4866\" srcset=\"https:\/\/oliveroimpianti.it\/wp-content\/uploads\/2022\/11\/customizzazione-impianti-1024x683.png 1024w, https:\/\/oliveroimpianti.it\/wp-content\/uploads\/2022\/11\/customizzazione-impianti-600x400.png 600w, https:\/\/oliveroimpianti.it\/wp-content\/uploads\/2022\/11\/customizzazione-impianti-300x200.png 300w, https:\/\/oliveroimpianti.it\/wp-content\/uploads\/2022\/11\/customizzazione-impianti-768x512.png 768w, https:\/\/oliveroimpianti.it\/wp-content\/uploads\/2022\/11\/customizzazione-impianti-1536x1024.png 1536w, https:\/\/oliveroimpianti.it\/wp-content\/uploads\/2022\/11\/customizzazione-impianti-500x333.png 500w, https:\/\/oliveroimpianti.it\/wp-content\/uploads\/2022\/11\/customizzazione-impianti-800x534.png 800w, https:\/\/oliveroimpianti.it\/wp-content\/uploads\/2022\/11\/customizzazione-impianti-1280x854.png 1280w, https:\/\/oliveroimpianti.it\/wp-content\/uploads\/2022\/11\/customizzazione-impianti.png 1600w\" sizes=\"(max-width: 1024px) 100vw, 1024px\" \/><\/figure>\n\n<\/div><\/div><\/div>\n<\/div>\n<\/div><\/div>\n\n<div class=\"gb-container gb-container-c0b45941 la-pattern-overview-with-link\"><div class=\"gb-inside-container\">\n<div class=\"gb-container gb-container-fdb81756 alignwide gb-container-animation-zoom-in-fade-in\"><div class=\"gb-inside-container\">\n\n<h2 class=\"gb-headline gb-headline-87874c59 gb-headline-text la-component-section-title\">Installations tant nouvelles qu\u2019existantes<\/h2>\n\n\n<div class=\"gb-grid-wrapper gb-grid-wrapper-57921129\">\n<div class=\"gb-grid-column gb-grid-column-b05aa8b1\"><div class=\"gb-container gb-container-b05aa8b1\"><div class=\"gb-inside-container\">\n\n<p>Nous r\u00e9alisons de nouvelles usines, mais nous travaillons \u00e9galement sur des usines existantes dans des entreprises qui souhaitent adapter, am\u00e9liorer ou ajouter des parties d&rsquo;une ligne, m\u00eame sur-mesure.<\/p>\n\n\n\n<p>En particulier, gr\u00e2ce \u00e0 notre d\u00e9partement interne de menuiserie, nous sommes \u00e9galement en mesure de r\u00e9aliser des pi\u00e8ces non commerciales, con\u00e7ues et dessin\u00e9es exclusivement pour un projet sp\u00e9cifique.<\/p>\n\n<\/div><\/div><\/div>\n\n<div class=\"gb-grid-column gb-grid-column-45096ee0\"><div class=\"gb-container gb-container-45096ee0\"><div class=\"gb-inside-container\">\n\n<p class=\"has-text-align-left la-component-section-content\"><strong>\u00c9tapes du processus&nbsp;::<\/strong><\/p>\n\n\n\n<div class=\"wp-block-group la-component-list-item-wrapper is-layout-flow wp-block-group-is-layout-flow\"><div class=\"wp-block-group__inner-container\">\n<h3 class=\"gb-headline gb-headline-0f28717a la-component-list-item-title\"><span class=\"gb-icon\"><svg aria-hidden=\"true\" role=\"img\" height=\"1em\" width=\"1em\" viewBox=\"0 0 512 512\" xmlns=\"http:\/\/www.w3.org\/2000\/svg\"><path fill=\"currentColor\" d=\"M173.898 439.404l-166.4-166.4c-9.997-9.997-9.997-26.206 0-36.204l36.203-36.204c9.997-9.998 26.207-9.998 36.204 0L192 312.69 432.095 72.596c9.997-9.997 26.207-9.997 36.204 0l36.203 36.204c9.997 9.997 9.997 26.206 0 36.204l-294.4 294.401c-9.998 9.997-26.207 9.997-36.204-.001z\"><\/path><\/svg><\/span><span class=\"gb-headline-text\">V\u00e9rification de l&rsquo;\u00e9tat de l&rsquo;installation<\/span><\/h3>\n\n\n\n<h3 class=\"gb-headline gb-headline-e8b02633 la-component-list-item-title\"><span class=\"gb-icon\"><svg aria-hidden=\"true\" role=\"img\" height=\"1em\" width=\"1em\" viewBox=\"0 0 512 512\" xmlns=\"http:\/\/www.w3.org\/2000\/svg\"><path fill=\"currentColor\" d=\"M173.898 439.404l-166.4-166.4c-9.997-9.997-9.997-26.206 0-36.204l36.203-36.204c9.997-9.998 26.207-9.998 36.204 0L192 312.69 432.095 72.596c9.997-9.997 26.207-9.997 36.204 0l36.203 36.204c9.997 9.997 9.997 26.206 0 36.204l-294.4 294.401c-9.998 9.997-26.207 9.997-36.204-.001z\"><\/path><\/svg><\/span><span class=\"gb-headline-text\"><strong>\u00c9<\/strong>valuation des exigences primaires du client<\/span><\/h3>\n\n\n\n<h3 class=\"gb-headline gb-headline-4dbb047e la-component-list-item-title\"><span class=\"gb-icon\"><svg aria-hidden=\"true\" role=\"img\" height=\"1em\" width=\"1em\" viewBox=\"0 0 512 512\" xmlns=\"http:\/\/www.w3.org\/2000\/svg\"><path fill=\"currentColor\" d=\"M173.898 439.404l-166.4-166.4c-9.997-9.997-9.997-26.206 0-36.204l36.203-36.204c9.997-9.998 26.207-9.998 36.204 0L192 312.69 432.095 72.596c9.997-9.997 26.207-9.997 36.204 0l36.203 36.204c9.997 9.997 9.997 26.206 0 36.204l-294.4 294.401c-9.998 9.997-26.207 9.997-36.204-.001z\"><\/path><\/svg><\/span><span class=\"gb-headline-text\">Proposition d&rsquo;adaptation et de personnalisation<\/span><\/h3>\n\n\n\n<h3 class=\"gb-headline gb-headline-2645171d la-component-list-item-title\"><span class=\"gb-icon\"><svg aria-hidden=\"true\" role=\"img\" height=\"1em\" width=\"1em\" viewBox=\"0 0 512 512\" xmlns=\"http:\/\/www.w3.org\/2000\/svg\"><path fill=\"currentColor\" d=\"M173.898 439.404l-166.4-166.4c-9.997-9.997-9.997-26.206 0-36.204l36.203-36.204c9.997-9.998 26.207-9.998 36.204 0L192 312.69 432.095 72.596c9.997-9.997 26.207-9.997 36.204 0l36.203 36.204c9.997 9.997 9.997 26.206 0 36.204l-294.4 294.401c-9.998 9.997-26.207 9.997-36.204-.001z\"><\/path><\/svg><\/span><span class=\"gb-headline-text\">Mise en \u0153uvre de la proposition accept\u00e9e par le client, et re-certification de l&rsquo;installation<\/span><\/h3>\n<\/div><\/div>\n\n<\/div><\/div><\/div>\n<\/div>\n<\/div><\/div>\n<\/div><\/div>\n\n<div class=\"gb-container gb-container-b9a05e25 la-layout-text-image-driven-height la-pattern-text-and-overlapped-image accent-variation image-first alternate-position alignfull\"><div class=\"gb-inside-container\">\n<div class=\"gb-grid-wrapper gb-grid-wrapper-cc8e3ea5 la-layout-text-image-driven-height-container la-pattern-text-and-overlapped-image-container alternate-position\">\n<div class=\"gb-grid-column gb-grid-column-95ea4fa7 gb-grid-column-animation-zoom-in-fade-in\"><div class=\"gb-container gb-container-95ea4fa7 la-layout-image-wrapper la-image-wrapper  gb-container-animation-zoom-in-fade-in\"><div class=\"gb-inside-container\">\n\n<figure class=\"wp-block-image size-large la-layout-image\"><img loading=\"lazy\" decoding=\"async\" width=\"1024\" height=\"683\" src=\"https:\/\/oliveroimpianti.it\/wp-content\/uploads\/2022\/11\/customizzazione-servizi-valore-aggiunto-1024x683.png\" alt=\"\" class=\"wp-image-4867\" srcset=\"https:\/\/oliveroimpianti.it\/wp-content\/uploads\/2022\/11\/customizzazione-servizi-valore-aggiunto-1024x683.png 1024w, https:\/\/oliveroimpianti.it\/wp-content\/uploads\/2022\/11\/customizzazione-servizi-valore-aggiunto-600x400.png 600w, https:\/\/oliveroimpianti.it\/wp-content\/uploads\/2022\/11\/customizzazione-servizi-valore-aggiunto-300x200.png 300w, https:\/\/oliveroimpianti.it\/wp-content\/uploads\/2022\/11\/customizzazione-servizi-valore-aggiunto-768x512.png 768w, https:\/\/oliveroimpianti.it\/wp-content\/uploads\/2022\/11\/customizzazione-servizi-valore-aggiunto-1536x1024.png 1536w, https:\/\/oliveroimpianti.it\/wp-content\/uploads\/2022\/11\/customizzazione-servizi-valore-aggiunto-500x333.png 500w, https:\/\/oliveroimpianti.it\/wp-content\/uploads\/2022\/11\/customizzazione-servizi-valore-aggiunto-800x534.png 800w, https:\/\/oliveroimpianti.it\/wp-content\/uploads\/2022\/11\/customizzazione-servizi-valore-aggiunto-1280x854.png 1280w, https:\/\/oliveroimpianti.it\/wp-content\/uploads\/2022\/11\/customizzazione-servizi-valore-aggiunto.png 1600w\" sizes=\"(max-width: 1024px) 100vw, 1024px\" \/><\/figure>\n\n<\/div><\/div><\/div>\n\n<div class=\"gb-grid-column gb-grid-column-ec92ccc5 gb-grid-column-animation-zoom-in-fade-in\"><div class=\"gb-container gb-container-ec92ccc5 la-layout-text-wrapper la-text-wrapper gb-container-animation-zoom-in-fade-in\"><div class=\"gb-inside-container\">\n\n<div class=\"gb-headline gb-headline-8948aad3 gb-headline-text la-component-section-summary-tag accent-variation\">Travailler aux c\u00f4t\u00e9s de l&rsquo;industrie<\/div>\n\n\n\n<h2 class=\"gb-headline gb-headline-8858caa4 gb-headline-text la-component-section-title smaller\">Services \u00e0 valeur ajout\u00e9e<\/h2>\n\n\n\n<p class=\"has-base-3-color has-text-color\">Chaque solution est \u00e9tudi\u00e9e ad hoc par nos techniciens sp\u00e9cialis\u00e9s dans le but de fournir au client un projet pr\u00e9sentant un haut niveau de performance et le co\u00fbt le plus bas possible.<\/p>\n\n\n<div class=\"gb-button-wrapper gb-button-wrapper-be9fc54d la-component-button-container la-button-link-container uppercase\">\n\n<a class=\"gb-button gb-button-a8141509 gb-button-text la-component-button\" href=\"https:\/\/oliveroimpianti.it\/fr\/servizi\/certificazione-o-ricertificazione-di-impianti\/\">Certification des installations<\/a>\n\n\n\n<a class=\"gb-button gb-button-e45c204a gb-button-text la-component-button\" href=\"https:\/\/oliveroimpianti.it\/fr\/services\/assembleur\/\">Assembleur<\/a>\n\n<\/div>\n<\/div><\/div><\/div>\n<\/div>\n<\/div><\/div>\n\n<div class=\"gb-container gb-container-8378aad9 alignfull\"><div class=\"gb-inside-container\">\n\n<h2 class=\"gb-headline gb-headline-cbfad595 gb-headline-text la-component-section-title smaller\">De la conception \u00e0 la r\u00e9alisation, nous nous chargeons des installations cl\u00e9s en main<\/h2>\n\n\n<div class=\"gb-button-wrapper gb-button-wrapper-4ddb047f la-component-button-container uppercase centered\">\n\n<a class=\"gb-button gb-button-3d211ed6 gb-button-text la-component-button\" href=\"https:\/\/oliveroimpianti.it\/fr\/contactez-nous\/\">Contactez notre \u00e9quipe<\/a>\n\n<\/div>\n<\/div><\/div>","protected":false},"excerpt":{"rendered":"<p>Personnalisation des syst\u00e8mes Installations tant nouvelles qu\u2019existantes De la conception \u00e0 la r\u00e9alisation, nous nous chargeons des installations cl\u00e9s en main<\/p>\n","protected":false},"author":1,"featured_media":5903,"parent":6984,"menu_order":0,"comment_status":"closed","ping_status":"closed","template":"","meta":{"footnotes":""},"acf":[],"yoast_head":"<!-- This site is optimized with the Yoast SEO plugin v21.7 - https:\/\/yoast.com\/wordpress\/plugins\/seo\/ -->\n<title>Personnalisation et automatisation des installations industrielles - Olivero Impianti<\/title>\n<meta name=\"description\" content=\"Adaptation et personnalisation d\u2019installations industrielles nouvelles ou existantes avec des solutions innovantes et efficaces pour augmenter la production.\" \/>\n<meta name=\"robots\" content=\"index, follow, max-snippet:-1, max-image-preview:large, max-video-preview:-1\" \/>\n<link rel=\"canonical\" href=\"https:\/\/oliveroimpianti.it\/fr\/services\/personnalisation-des-systemes-dautomatisation\/\" \/>\n<meta property=\"og:locale\" content=\"fr_FR\" \/>\n<meta property=\"og:type\" content=\"article\" \/>\n<meta property=\"og:title\" content=\"Personnalisation et automatisation des installations industrielles - Olivero Impianti\" \/>\n<meta property=\"og:description\" content=\"Adaptation et personnalisation d\u2019installations industrielles nouvelles ou existantes avec des solutions innovantes et efficaces pour augmenter la production.\" \/>\n<meta property=\"og:url\" content=\"https:\/\/oliveroimpianti.it\/fr\/services\/personnalisation-des-systemes-dautomatisation\/\" \/>\n<meta property=\"og:site_name\" content=\"Olivero Impianti\" \/>\n<meta property=\"article:modified_time\" content=\"2023-05-17T12:58:46+00:00\" \/>\n<meta property=\"og:image\" content=\"https:\/\/oliveroimpianti.it\/wp-content\/uploads\/2022\/10\/customizzazione-impianti.jpg\" \/>\n\t<meta property=\"og:image:width\" content=\"2500\" \/>\n\t<meta property=\"og:image:height\" content=\"1178\" \/>\n\t<meta property=\"og:image:type\" content=\"image\/jpeg\" \/>\n<meta name=\"twitter:card\" content=\"summary_large_image\" \/>\n<meta name=\"twitter:label1\" content=\"Dur\u00e9e de lecture estim\u00e9e\" \/>\n\t<meta name=\"twitter:data1\" content=\"2 minutes\" \/>\n<script type=\"application\/ld+json\" class=\"yoast-schema-graph\">{\"@context\":\"https:\/\/schema.org\",\"@graph\":[{\"@type\":\"WebPage\",\"@id\":\"https:\/\/oliveroimpianti.it\/fr\/services\/personnalisation-des-systemes-dautomatisation\/\",\"url\":\"https:\/\/oliveroimpianti.it\/fr\/services\/personnalisation-des-systemes-dautomatisation\/\",\"name\":\"Personnalisation et automatisation des installations industrielles - Olivero Impianti\",\"isPartOf\":{\"@id\":\"https:\/\/oliveroimpianti.it\/#website\"},\"datePublished\":\"2022-05-25T14:29:23+00:00\",\"dateModified\":\"2023-05-17T12:58:46+00:00\",\"description\":\"Adaptation et personnalisation d\u2019installations industrielles nouvelles ou existantes avec des solutions innovantes et efficaces pour augmenter la production.\",\"breadcrumb\":{\"@id\":\"https:\/\/oliveroimpianti.it\/fr\/services\/personnalisation-des-systemes-dautomatisation\/#breadcrumb\"},\"inLanguage\":\"fr-FR\",\"potentialAction\":[{\"@type\":\"ReadAction\",\"target\":[\"https:\/\/oliveroimpianti.it\/fr\/services\/personnalisation-des-systemes-dautomatisation\/\"]}]},{\"@type\":\"BreadcrumbList\",\"@id\":\"https:\/\/oliveroimpianti.it\/fr\/services\/personnalisation-des-systemes-dautomatisation\/#breadcrumb\",\"itemListElement\":[{\"@type\":\"ListItem\",\"position\":1,\"name\":\"Home\",\"item\":\"https:\/\/oliveroimpianti.it\/fr\/\"},{\"@type\":\"ListItem\",\"position\":2,\"name\":\"Services\",\"item\":\"https:\/\/oliveroimpianti.it\/fr\/services\/\"},{\"@type\":\"ListItem\",\"position\":3,\"name\":\"Personnalisation des syst\u00e8mes d&#8217;automatisation\"}]},{\"@type\":\"WebSite\",\"@id\":\"https:\/\/oliveroimpianti.it\/#website\",\"url\":\"https:\/\/oliveroimpianti.it\/\",\"name\":\"Olivero Impianti\",\"description\":\"Automazioni industriali\",\"publisher\":{\"@id\":\"https:\/\/oliveroimpianti.it\/#organization\"},\"potentialAction\":[{\"@type\":\"SearchAction\",\"target\":{\"@type\":\"EntryPoint\",\"urlTemplate\":\"https:\/\/oliveroimpianti.it\/?s={search_term_string}\"},\"query-input\":\"required name=search_term_string\"}],\"inLanguage\":\"fr-FR\"},{\"@type\":\"Organization\",\"@id\":\"https:\/\/oliveroimpianti.it\/#organization\",\"name\":\"Olivero Impianti\",\"url\":\"https:\/\/oliveroimpianti.it\/\",\"logo\":{\"@type\":\"ImageObject\",\"inLanguage\":\"fr-FR\",\"@id\":\"https:\/\/oliveroimpianti.it\/#\/schema\/logo\/image\/\",\"url\":\"https:\/\/oliveroimpianti.it\/wp-content\/uploads\/2023\/11\/cropped-olivero-impianti-logo.png\",\"contentUrl\":\"https:\/\/oliveroimpianti.it\/wp-content\/uploads\/2023\/11\/cropped-olivero-impianti-logo.png\",\"width\":1977,\"height\":449,\"caption\":\"Olivero Impianti\"},\"image\":{\"@id\":\"https:\/\/oliveroimpianti.it\/#\/schema\/logo\/image\/\"}}]}<\/script>\n<!-- \/ Yoast SEO plugin. -->","yoast_head_json":{"title":"Personnalisation et automatisation des installations industrielles - Olivero Impianti","description":"Adaptation et personnalisation d\u2019installations industrielles nouvelles ou existantes avec des solutions innovantes et efficaces pour augmenter la production.","robots":{"index":"index","follow":"follow","max-snippet":"max-snippet:-1","max-image-preview":"max-image-preview:large","max-video-preview":"max-video-preview:-1"},"canonical":"https:\/\/oliveroimpianti.it\/fr\/services\/personnalisation-des-systemes-dautomatisation\/","og_locale":"fr_FR","og_type":"article","og_title":"Personnalisation et automatisation des installations industrielles - Olivero Impianti","og_description":"Adaptation et personnalisation d\u2019installations industrielles nouvelles ou existantes avec des solutions innovantes et efficaces pour augmenter la production.","og_url":"https:\/\/oliveroimpianti.it\/fr\/services\/personnalisation-des-systemes-dautomatisation\/","og_site_name":"Olivero Impianti","article_modified_time":"2023-05-17T12:58:46+00:00","og_image":[{"width":2500,"height":1178,"url":"https:\/\/oliveroimpianti.it\/wp-content\/uploads\/2022\/10\/customizzazione-impianti.jpg","type":"image\/jpeg"}],"twitter_card":"summary_large_image","twitter_misc":{"Dur\u00e9e de lecture estim\u00e9e":"2 minutes"},"schema":{"@context":"https:\/\/schema.org","@graph":[{"@type":"WebPage","@id":"https:\/\/oliveroimpianti.it\/fr\/services\/personnalisation-des-systemes-dautomatisation\/","url":"https:\/\/oliveroimpianti.it\/fr\/services\/personnalisation-des-systemes-dautomatisation\/","name":"Personnalisation et automatisation des installations industrielles - Olivero Impianti","isPartOf":{"@id":"https:\/\/oliveroimpianti.it\/#website"},"datePublished":"2022-05-25T14:29:23+00:00","dateModified":"2023-05-17T12:58:46+00:00","description":"Adaptation et personnalisation d\u2019installations industrielles nouvelles ou existantes avec des solutions innovantes et efficaces pour augmenter la production.","breadcrumb":{"@id":"https:\/\/oliveroimpianti.it\/fr\/services\/personnalisation-des-systemes-dautomatisation\/#breadcrumb"},"inLanguage":"fr-FR","potentialAction":[{"@type":"ReadAction","target":["https:\/\/oliveroimpianti.it\/fr\/services\/personnalisation-des-systemes-dautomatisation\/"]}]},{"@type":"BreadcrumbList","@id":"https:\/\/oliveroimpianti.it\/fr\/services\/personnalisation-des-systemes-dautomatisation\/#breadcrumb","itemListElement":[{"@type":"ListItem","position":1,"name":"Home","item":"https:\/\/oliveroimpianti.it\/fr\/"},{"@type":"ListItem","position":2,"name":"Services","item":"https:\/\/oliveroimpianti.it\/fr\/services\/"},{"@type":"ListItem","position":3,"name":"Personnalisation des syst\u00e8mes d&#8217;automatisation"}]},{"@type":"WebSite","@id":"https:\/\/oliveroimpianti.it\/#website","url":"https:\/\/oliveroimpianti.it\/","name":"Olivero Impianti","description":"Automazioni industriali","publisher":{"@id":"https:\/\/oliveroimpianti.it\/#organization"},"potentialAction":[{"@type":"SearchAction","target":{"@type":"EntryPoint","urlTemplate":"https:\/\/oliveroimpianti.it\/?s={search_term_string}"},"query-input":"required name=search_term_string"}],"inLanguage":"fr-FR"},{"@type":"Organization","@id":"https:\/\/oliveroimpianti.it\/#organization","name":"Olivero Impianti","url":"https:\/\/oliveroimpianti.it\/","logo":{"@type":"ImageObject","inLanguage":"fr-FR","@id":"https:\/\/oliveroimpianti.it\/#\/schema\/logo\/image\/","url":"https:\/\/oliveroimpianti.it\/wp-content\/uploads\/2023\/11\/cropped-olivero-impianti-logo.png","contentUrl":"https:\/\/oliveroimpianti.it\/wp-content\/uploads\/2023\/11\/cropped-olivero-impianti-logo.png","width":1977,"height":449,"caption":"Olivero Impianti"},"image":{"@id":"https:\/\/oliveroimpianti.it\/#\/schema\/logo\/image\/"}}]}},"_links":{"self":[{"href":"https:\/\/oliveroimpianti.it\/fr\/wp-json\/wp\/v2\/pages\/6986"}],"collection":[{"href":"https:\/\/oliveroimpianti.it\/fr\/wp-json\/wp\/v2\/pages"}],"about":[{"href":"https:\/\/oliveroimpianti.it\/fr\/wp-json\/wp\/v2\/types\/page"}],"author":[{"embeddable":true,"href":"https:\/\/oliveroimpianti.it\/fr\/wp-json\/wp\/v2\/users\/1"}],"replies":[{"embeddable":true,"href":"https:\/\/oliveroimpianti.it\/fr\/wp-json\/wp\/v2\/comments?post=6986"}],"version-history":[{"count":3,"href":"https:\/\/oliveroimpianti.it\/fr\/wp-json\/wp\/v2\/pages\/6986\/revisions"}],"predecessor-version":[{"id":7185,"href":"https:\/\/oliveroimpianti.it\/fr\/wp-json\/wp\/v2\/pages\/6986\/revisions\/7185"}],"up":[{"embeddable":true,"href":"https:\/\/oliveroimpianti.it\/fr\/wp-json\/wp\/v2\/pages\/6984"}],"wp:featuredmedia":[{"embeddable":true,"href":"https:\/\/oliveroimpianti.it\/fr\/wp-json\/wp\/v2\/media\/5903"}],"wp:attachment":[{"href":"https:\/\/oliveroimpianti.it\/fr\/wp-json\/wp\/v2\/media?parent=6986"}],"curies":[{"name":"wp","href":"https:\/\/api.w.org\/{rel}","templated":true}]}}