{"id":6985,"date":"2022-05-25T14:29:45","date_gmt":"2022-05-25T14:29:45","guid":{"rendered":"https:\/\/oliveroimpianti.it\/servizi\/certificazione-o-ricertificazione-di-impianti\/"},"modified":"2023-05-17T12:56:27","modified_gmt":"2023-05-17T12:56:27","slug":"certification-ou-re-certification-de-lusine","status":"publish","type":"page","link":"https:\/\/oliveroimpianti.it\/fr\/services\/certification-ou-re-certification-de-lusine\/","title":{"rendered":"Certification ou re-certification de l&rsquo;usine"},"content":{"rendered":"<div class=\"gb-container gb-container-7bfc5652 la-layout-text-image-driven-height la-pattern-text-and-image-with-shifted-background alignwide gb-container-animation-zoom-in-fade-in\"><div class=\"gb-inside-container\">\n\n<div class=\"gb-headline gb-headline-58df952e gb-headline-text la-component-sliding-text slide-from-left to-left-position la-sliding-text\">Certification des installations<\/div>\n\n\n<div class=\"gb-grid-wrapper gb-grid-wrapper-bafbc3ca la-layout-text-image-driven-height-container\">\n<div class=\"gb-grid-column gb-grid-column-c667d299 gb-grid-column-animation-zoom-in-fade-in\"><div class=\"gb-container gb-container-c667d299 la-layout-text-wrapper la-text-wrapper gb-container-animation-zoom-in-fade-in\"><div class=\"gb-inside-container\">\n\n<div class=\"gb-headline gb-headline-d50c8023 gb-headline-text la-component-section-summary-tag\">Services pour l&rsquo;industrie <\/div>\n\n\n\n<h2 class=\"gb-headline gb-headline-ff10461e gb-headline-text la-component-section-title\">Certification des installations<\/h2>\n\n\n\n<p>Le marquage&nbsp;CE est une obligation fondamentale pour les fabricants de produits (par exemple, les machines industrielles) destin\u00e9s aux pays de l&rsquo;Union europ\u00e9enne, car il certifie la conformit\u00e9 des machines aux directives europ\u00e9ennes qui leur sont applicables.<\/p>\n\n\n\n<p>\u00c9tant donn\u00e9 l&rsquo;importance de cette question pour les entreprises, chez Olivero, nous avons form\u00e9 un personnel hautement qualifi\u00e9 dans notre \u00e9quipe qui, apr\u00e8s une enqu\u00eate pr\u00e9liminaire de la machine (dite Risk Analysis), est en mesure de garantir au client la conformit\u00e9 de celui-ci \u00e0 travers deux solutions&nbsp;: Re-certification ou adaptation de la machine \u00e0 la l\u00e9gislation actuelle.<\/p>\n\n<\/div><\/div><\/div>\n\n<div class=\"gb-grid-column gb-grid-column-85056616 gb-grid-column-animation-zoom-in-fade-in\"><div class=\"gb-container gb-container-85056616 la-layout-image-wrapper  la-image-container gb-container-animation-zoom-in-fade-in\"><div class=\"gb-inside-container\">\n<div class=\"gb-container gb-container-407cf67a la-image-background\"><div class=\"gb-inside-container\"><\/div><\/div>\n\n\n<figure class=\"wp-block-image size-large la-layout-image la-image-wrapper\"><img loading=\"lazy\" decoding=\"async\" width=\"1024\" height=\"683\" src=\"https:\/\/oliveroimpianti.it\/wp-content\/uploads\/2022\/11\/certificazione-1024x683.png\" alt=\"\" class=\"wp-image-4869\" srcset=\"https:\/\/oliveroimpianti.it\/wp-content\/uploads\/2022\/11\/certificazione-1024x683.png 1024w, https:\/\/oliveroimpianti.it\/wp-content\/uploads\/2022\/11\/certificazione-600x400.png 600w, https:\/\/oliveroimpianti.it\/wp-content\/uploads\/2022\/11\/certificazione-300x200.png 300w, https:\/\/oliveroimpianti.it\/wp-content\/uploads\/2022\/11\/certificazione-768x512.png 768w, https:\/\/oliveroimpianti.it\/wp-content\/uploads\/2022\/11\/certificazione-1536x1024.png 1536w, https:\/\/oliveroimpianti.it\/wp-content\/uploads\/2022\/11\/certificazione-500x333.png 500w, https:\/\/oliveroimpianti.it\/wp-content\/uploads\/2022\/11\/certificazione-800x534.png 800w, https:\/\/oliveroimpianti.it\/wp-content\/uploads\/2022\/11\/certificazione-1280x854.png 1280w, https:\/\/oliveroimpianti.it\/wp-content\/uploads\/2022\/11\/certificazione.png 1600w\" sizes=\"(max-width: 1024px) 100vw, 1024px\" \/><\/figure>\n\n<\/div><\/div><\/div>\n<\/div>\n<\/div><\/div>\n\n<div class=\"gb-container gb-container-c0b45941 la-pattern-overview-with-link\"><div class=\"gb-inside-container\">\n<div class=\"gb-container gb-container-fdb81756 alignwide gb-container-animation-zoom-in-fade-in\"><div class=\"gb-inside-container\">\n\n<h2 class=\"gb-headline gb-headline-87874c59 gb-headline-text la-component-section-title\">Re-certification ou adaptation?<\/h2>\n\n\n<div class=\"gb-grid-wrapper gb-grid-wrapper-57921129\">\n<div class=\"gb-grid-column gb-grid-column-b05aa8b1\"><div class=\"gb-container gb-container-b05aa8b1\"><div class=\"gb-inside-container\">\n\n<p>En fonction des besoins du client et de l&rsquo;\u00e9tat de la machine, nous pouvons fournir les deux services&nbsp;: la re-certification et l&rsquo;adaptation.<\/p>\n\n\n\n<p>Pour Olivero, re-certifier une machine signifie la doter d&rsquo;un nouveau marquage&nbsp;CE, avec un dossier technique complet, et en devenir responsable, m\u00eame si vous n&rsquo;\u00eates pas le fabricant d&rsquo;origine.<\/p>\n\n\n\n<p>L&rsquo;adaptation d&rsquo;une machine \u00e0 la l\u00e9gislation actuelle, en revanche, consiste \u00e0 travailler aux c\u00f4t\u00e9s du client en tant que consultant, en sugg\u00e9rant ce qu&rsquo;il faut faire pour l&rsquo;adapter au d\u00e9cret italien&nbsp;81\/2008 sur la s\u00e9curit\u00e9 au travail.<\/p>\n\n\n\n<p>Dans ce cas, le client reste en charge de la machine tandis qu&rsquo;Olivero \u00e9met un rapport confirmant que les travaux d&rsquo;adaptation ont \u00e9t\u00e9 effectu\u00e9s.<\/p>\n\n<\/div><\/div><\/div>\n\n<div class=\"gb-grid-column gb-grid-column-45096ee0\"><div class=\"gb-container gb-container-45096ee0\"><div class=\"gb-inside-container\">\n\n<p class=\"has-text-align-left la-component-section-content\"><strong>Installation pour compte de tiers<\/strong><\/p>\n\n\n\n<p class=\"has-text-align-left\">L&rsquo;installation d&rsquo;\u00e9quipements pour compte de tiers, c&rsquo;est-\u00e0-dire d&rsquo;\u00e9quipements qui ne sont pas construits en interne mais achet\u00e9s aupr\u00e8s de tiers, est un autre important service r\u00e9alis\u00e9 par Olivero pour r\u00e9pondre aux besoins du client.<\/p>\n\n\n\n<p class=\"has-text-align-left\"><strong>Quels sont les principaux avantages?<\/strong><\/p>\n\n\n\n<div class=\"wp-block-group la-component-list-item-wrapper is-layout-flow wp-block-group-is-layout-flow\"><div class=\"wp-block-group__inner-container\">\n<h3 class=\"gb-headline gb-headline-0f28717a la-component-list-item-title\"><span class=\"gb-icon\"><svg aria-hidden=\"true\" role=\"img\" height=\"1em\" width=\"1em\" viewBox=\"0 0 512 512\" xmlns=\"http:\/\/www.w3.org\/2000\/svg\"><path fill=\"currentColor\" d=\"M173.898 439.404l-166.4-166.4c-9.997-9.997-9.997-26.206 0-36.204l36.203-36.204c9.997-9.998 26.207-9.998 36.204 0L192 312.69 432.095 72.596c9.997-9.997 26.207-9.997 36.204 0l36.203 36.204c9.997 9.997 9.997 26.206 0 36.204l-294.4 294.401c-9.998 9.997-26.207 9.997-36.204-.001z\"><\/path><\/svg><\/span><span class=\"gb-headline-text\">La connaissance d\u2019installations existantes dans leurs usines<\/span><\/h3>\n\n\n\n<h3 class=\"gb-headline gb-headline-e8b02633 la-component-list-item-title\"><span class=\"gb-icon\"><svg aria-hidden=\"true\" role=\"img\" height=\"1em\" width=\"1em\" viewBox=\"0 0 512 512\" xmlns=\"http:\/\/www.w3.org\/2000\/svg\"><path fill=\"currentColor\" d=\"M173.898 439.404l-166.4-166.4c-9.997-9.997-9.997-26.206 0-36.204l36.203-36.204c9.997-9.998 26.207-9.998 36.204 0L192 312.69 432.095 72.596c9.997-9.997 26.207-9.997 36.204 0l36.203 36.204c9.997 9.997 9.997 26.206 0 36.204l-294.4 294.401c-9.998 9.997-26.207 9.997-36.204-.001z\"><\/path><\/svg><\/span><span class=\"gb-headline-text\">Une intervention rapide en cas de probl\u00e8mes de d\u00e9marrage <\/span><\/h3>\n\n\n\n<h3 class=\"gb-headline gb-headline-4dbb047e la-component-list-item-title\"><span class=\"gb-icon\"><svg aria-hidden=\"true\" role=\"img\" height=\"1em\" width=\"1em\" viewBox=\"0 0 512 512\" xmlns=\"http:\/\/www.w3.org\/2000\/svg\"><path fill=\"currentColor\" d=\"M173.898 439.404l-166.4-166.4c-9.997-9.997-9.997-26.206 0-36.204l36.203-36.204c9.997-9.998 26.207-9.998 36.204 0L192 312.69 432.095 72.596c9.997-9.997 26.207-9.997 36.204 0l36.203 36.204c9.997 9.997 9.997 26.206 0 36.204l-294.4 294.401c-9.998 9.997-26.207 9.997-36.204-.001z\"><\/path><\/svg><\/span><span class=\"gb-headline-text\">Notre propre \u00e9quipement de pointe qui nous permet d&rsquo;\u00eatre comp\u00e9titifs en termes de co\u00fbt et de temps<\/span><\/h3>\n<\/div><\/div>\n\n<\/div><\/div><\/div>\n<\/div>\n<\/div><\/div>\n<\/div><\/div>\n\n<div class=\"gb-container gb-container-b9a05e25 la-layout-text-image-driven-height la-pattern-text-and-overlapped-image accent-variation image-first alternate-position alignfull\"><div class=\"gb-inside-container\">\n<div class=\"gb-grid-wrapper gb-grid-wrapper-cc8e3ea5 la-layout-text-image-driven-height-container la-pattern-text-and-overlapped-image-container alternate-position\">\n<div class=\"gb-grid-column gb-grid-column-95ea4fa7 gb-grid-column-animation-zoom-in-fade-in\"><div class=\"gb-container gb-container-95ea4fa7 la-layout-image-wrapper la-image-wrapper  gb-container-animation-zoom-in-fade-in\"><div class=\"gb-inside-container\">\n\n<figure class=\"wp-block-image size-large la-layout-image\"><img loading=\"lazy\" decoding=\"async\" width=\"1024\" height=\"683\" src=\"https:\/\/oliveroimpianti.it\/wp-content\/uploads\/2022\/11\/certificazione-servizi-valore-aggiunto-1024x683.png\" alt=\"\" class=\"wp-image-4870\" srcset=\"https:\/\/oliveroimpianti.it\/wp-content\/uploads\/2022\/11\/certificazione-servizi-valore-aggiunto-1024x683.png 1024w, https:\/\/oliveroimpianti.it\/wp-content\/uploads\/2022\/11\/certificazione-servizi-valore-aggiunto-600x400.png 600w, https:\/\/oliveroimpianti.it\/wp-content\/uploads\/2022\/11\/certificazione-servizi-valore-aggiunto-300x200.png 300w, https:\/\/oliveroimpianti.it\/wp-content\/uploads\/2022\/11\/certificazione-servizi-valore-aggiunto-768x512.png 768w, https:\/\/oliveroimpianti.it\/wp-content\/uploads\/2022\/11\/certificazione-servizi-valore-aggiunto-1536x1024.png 1536w, https:\/\/oliveroimpianti.it\/wp-content\/uploads\/2022\/11\/certificazione-servizi-valore-aggiunto-500x333.png 500w, https:\/\/oliveroimpianti.it\/wp-content\/uploads\/2022\/11\/certificazione-servizi-valore-aggiunto-800x534.png 800w, https:\/\/oliveroimpianti.it\/wp-content\/uploads\/2022\/11\/certificazione-servizi-valore-aggiunto-1280x854.png 1280w, https:\/\/oliveroimpianti.it\/wp-content\/uploads\/2022\/11\/certificazione-servizi-valore-aggiunto.png 1600w\" sizes=\"(max-width: 1024px) 100vw, 1024px\" \/><\/figure>\n\n<\/div><\/div><\/div>\n\n<div class=\"gb-grid-column gb-grid-column-ec92ccc5 gb-grid-column-animation-zoom-in-fade-in\"><div class=\"gb-container gb-container-ec92ccc5 la-layout-text-wrapper la-text-wrapper gb-container-animation-zoom-in-fade-in\"><div class=\"gb-inside-container\">\n\n<div class=\"gb-headline gb-headline-8948aad3 gb-headline-text la-component-section-summary-tag accent-variation\">Travailler aux c\u00f4t\u00e9s de l&rsquo;industrie<\/div>\n\n\n\n<h2 class=\"gb-headline gb-headline-8858caa4 gb-headline-text la-component-section-title smaller\">Services \u00e0 valeur ajout\u00e9e<\/h2>\n\n\n\n<p class=\"has-base-3-color has-text-color\">Gr\u00e2ce \u00e0 l&rsquo;exp\u00e9rience dans le monde de la m\u00e9canique et de l&rsquo;\u00e9lectricit\u00e9 acquise au cours d&rsquo;ann\u00e9es d&rsquo;ing\u00e9nierie d&rsquo;installations industrielles dans diff\u00e9rents types de secteurs, Olivero est aujourd&rsquo;hui en mesure d&rsquo;offrir \u00e0 ses clients une large gamme de solutions innovantes \u00e0 haute valeur ajout\u00e9e, tant sur des installations construites directement que sur des installations de tiers.<\/p>\n\n\n<div class=\"gb-button-wrapper gb-button-wrapper-be9fc54d la-component-button-container la-button-link-container uppercase\">\n\n<a class=\"gb-button gb-button-a8141509 gb-button-text la-component-button\" href=\"https:\/\/oliveroimpianti.it\/fr\/services\/assembleur\/\">Assembleur<\/a>\n\n\n\n<a class=\"gb-button gb-button-e45c204a gb-button-text la-component-button\" href=\"https:\/\/oliveroimpianti.it\/fr\/services\/personnalisation-des-systemes-dautomatisation\/\">Personnalisation des installations<\/a>\n\n<\/div>\n<\/div><\/div><\/div>\n<\/div>\n<\/div><\/div>\n\n<div class=\"gb-container gb-container-8378aad9 alignfull\"><div class=\"gb-inside-container\">\n\n<h2 class=\"gb-headline gb-headline-cbfad595 gb-headline-text la-component-section-title smaller\">Nous repr\u00e9sentons le syst\u00e8me assembleur \u00e0 360\u00b0 capable de concevoir et de mettre en \u0153uvre des solutions \u00e0 forte valeur ajout\u00e9e<\/h2>\n\n\n<div class=\"gb-button-wrapper gb-button-wrapper-4ddb047f la-component-button-container uppercase centered\">\n\n<a class=\"gb-button gb-button-3d211ed6 gb-button-text la-component-button\" href=\"https:\/\/oliveroimpianti.it\/fr\/contatti\/\">Contactez notre \u00e9quipe<\/a>\n\n<\/div>\n<\/div><\/div>","protected":false},"excerpt":{"rendered":"<p>Certification des installations Re-certification ou adaptation? Nous repr\u00e9sentons le syst\u00e8me assembleur \u00e0 360\u00b0 capable de concevoir et de mettre en \u0153uvre des solutions \u00e0 forte valeur ajout\u00e9e<\/p>\n","protected":false},"author":1,"featured_media":5918,"parent":6984,"menu_order":0,"comment_status":"closed","ping_status":"closed","template":"","meta":{"footnotes":""},"acf":[],"yoast_head":"<!-- This site is optimized with the Yoast SEO plugin v21.7 - https:\/\/yoast.com\/wordpress\/plugins\/seo\/ -->\n<title>Certification, recertification ou adaptation d\u2019installations et de machines<\/title>\n<meta name=\"description\" content=\"Certification de machines productives pour le marquage CE des produits ou adaptation aux normes en vigueur, montage des installations pour compte de tiers.\" \/>\n<meta name=\"robots\" content=\"index, follow, max-snippet:-1, max-image-preview:large, max-video-preview:-1\" \/>\n<link rel=\"canonical\" href=\"https:\/\/oliveroimpianti.it\/fr\/services\/certification-ou-re-certification-de-lusine\/\" \/>\n<meta property=\"og:locale\" content=\"fr_FR\" \/>\n<meta property=\"og:type\" content=\"article\" \/>\n<meta property=\"og:title\" content=\"Certification, recertification ou adaptation d\u2019installations et de machines\" \/>\n<meta property=\"og:description\" content=\"Certification de machines productives pour le marquage CE des produits ou adaptation aux normes en vigueur, montage des installations pour compte de tiers.\" \/>\n<meta property=\"og:url\" content=\"https:\/\/oliveroimpianti.it\/fr\/services\/certification-ou-re-certification-de-lusine\/\" \/>\n<meta property=\"og:site_name\" content=\"Olivero Impianti\" \/>\n<meta property=\"article:modified_time\" content=\"2023-05-17T12:56:27+00:00\" \/>\n<meta property=\"og:image\" content=\"https:\/\/oliveroimpianti.it\/wp-content\/uploads\/2022\/10\/certificazione-impianti.jpg\" \/>\n\t<meta property=\"og:image:width\" content=\"2500\" \/>\n\t<meta property=\"og:image:height\" content=\"1178\" \/>\n\t<meta property=\"og:image:type\" content=\"image\/jpeg\" \/>\n<meta name=\"twitter:card\" content=\"summary_large_image\" \/>\n<meta name=\"twitter:label1\" content=\"Dur\u00e9e de lecture estim\u00e9e\" \/>\n\t<meta name=\"twitter:data1\" content=\"3 minutes\" \/>\n<script type=\"application\/ld+json\" class=\"yoast-schema-graph\">{\"@context\":\"https:\/\/schema.org\",\"@graph\":[{\"@type\":\"WebPage\",\"@id\":\"https:\/\/oliveroimpianti.it\/fr\/services\/certification-ou-re-certification-de-lusine\/\",\"url\":\"https:\/\/oliveroimpianti.it\/fr\/services\/certification-ou-re-certification-de-lusine\/\",\"name\":\"Certification, recertification ou adaptation d\u2019installations et de machines\",\"isPartOf\":{\"@id\":\"https:\/\/oliveroimpianti.it\/#website\"},\"datePublished\":\"2022-05-25T14:29:45+00:00\",\"dateModified\":\"2023-05-17T12:56:27+00:00\",\"description\":\"Certification de machines productives pour le marquage CE des produits ou adaptation aux normes en vigueur, montage des installations pour compte de tiers.\",\"breadcrumb\":{\"@id\":\"https:\/\/oliveroimpianti.it\/fr\/services\/certification-ou-re-certification-de-lusine\/#breadcrumb\"},\"inLanguage\":\"fr-FR\",\"potentialAction\":[{\"@type\":\"ReadAction\",\"target\":[\"https:\/\/oliveroimpianti.it\/fr\/services\/certification-ou-re-certification-de-lusine\/\"]}]},{\"@type\":\"BreadcrumbList\",\"@id\":\"https:\/\/oliveroimpianti.it\/fr\/services\/certification-ou-re-certification-de-lusine\/#breadcrumb\",\"itemListElement\":[{\"@type\":\"ListItem\",\"position\":1,\"name\":\"Home\",\"item\":\"https:\/\/oliveroimpianti.it\/fr\/\"},{\"@type\":\"ListItem\",\"position\":2,\"name\":\"Services\",\"item\":\"https:\/\/oliveroimpianti.it\/fr\/services\/\"},{\"@type\":\"ListItem\",\"position\":3,\"name\":\"Certification ou re-certification de l&#8217;usine\"}]},{\"@type\":\"WebSite\",\"@id\":\"https:\/\/oliveroimpianti.it\/#website\",\"url\":\"https:\/\/oliveroimpianti.it\/\",\"name\":\"Olivero Impianti\",\"description\":\"Automazioni industriali\",\"publisher\":{\"@id\":\"https:\/\/oliveroimpianti.it\/#organization\"},\"potentialAction\":[{\"@type\":\"SearchAction\",\"target\":{\"@type\":\"EntryPoint\",\"urlTemplate\":\"https:\/\/oliveroimpianti.it\/?s={search_term_string}\"},\"query-input\":\"required name=search_term_string\"}],\"inLanguage\":\"fr-FR\"},{\"@type\":\"Organization\",\"@id\":\"https:\/\/oliveroimpianti.it\/#organization\",\"name\":\"Olivero Impianti\",\"url\":\"https:\/\/oliveroimpianti.it\/\",\"logo\":{\"@type\":\"ImageObject\",\"inLanguage\":\"fr-FR\",\"@id\":\"https:\/\/oliveroimpianti.it\/#\/schema\/logo\/image\/\",\"url\":\"https:\/\/oliveroimpianti.it\/wp-content\/uploads\/2023\/11\/cropped-olivero-impianti-logo.png\",\"contentUrl\":\"https:\/\/oliveroimpianti.it\/wp-content\/uploads\/2023\/11\/cropped-olivero-impianti-logo.png\",\"width\":1977,\"height\":449,\"caption\":\"Olivero Impianti\"},\"image\":{\"@id\":\"https:\/\/oliveroimpianti.it\/#\/schema\/logo\/image\/\"}}]}<\/script>\n<!-- \/ Yoast SEO plugin. -->","yoast_head_json":{"title":"Certification, recertification ou adaptation d\u2019installations et de machines","description":"Certification de machines productives pour le marquage CE des produits ou adaptation aux normes en vigueur, montage des installations pour compte de tiers.","robots":{"index":"index","follow":"follow","max-snippet":"max-snippet:-1","max-image-preview":"max-image-preview:large","max-video-preview":"max-video-preview:-1"},"canonical":"https:\/\/oliveroimpianti.it\/fr\/services\/certification-ou-re-certification-de-lusine\/","og_locale":"fr_FR","og_type":"article","og_title":"Certification, recertification ou adaptation d\u2019installations et de machines","og_description":"Certification de machines productives pour le marquage CE des produits ou adaptation aux normes en vigueur, montage des installations pour compte de tiers.","og_url":"https:\/\/oliveroimpianti.it\/fr\/services\/certification-ou-re-certification-de-lusine\/","og_site_name":"Olivero Impianti","article_modified_time":"2023-05-17T12:56:27+00:00","og_image":[{"width":2500,"height":1178,"url":"https:\/\/oliveroimpianti.it\/wp-content\/uploads\/2022\/10\/certificazione-impianti.jpg","type":"image\/jpeg"}],"twitter_card":"summary_large_image","twitter_misc":{"Dur\u00e9e de lecture estim\u00e9e":"3 minutes"},"schema":{"@context":"https:\/\/schema.org","@graph":[{"@type":"WebPage","@id":"https:\/\/oliveroimpianti.it\/fr\/services\/certification-ou-re-certification-de-lusine\/","url":"https:\/\/oliveroimpianti.it\/fr\/services\/certification-ou-re-certification-de-lusine\/","name":"Certification, recertification ou adaptation d\u2019installations et de machines","isPartOf":{"@id":"https:\/\/oliveroimpianti.it\/#website"},"datePublished":"2022-05-25T14:29:45+00:00","dateModified":"2023-05-17T12:56:27+00:00","description":"Certification de machines productives pour le marquage CE des produits ou adaptation aux normes en vigueur, montage des installations pour compte de tiers.","breadcrumb":{"@id":"https:\/\/oliveroimpianti.it\/fr\/services\/certification-ou-re-certification-de-lusine\/#breadcrumb"},"inLanguage":"fr-FR","potentialAction":[{"@type":"ReadAction","target":["https:\/\/oliveroimpianti.it\/fr\/services\/certification-ou-re-certification-de-lusine\/"]}]},{"@type":"BreadcrumbList","@id":"https:\/\/oliveroimpianti.it\/fr\/services\/certification-ou-re-certification-de-lusine\/#breadcrumb","itemListElement":[{"@type":"ListItem","position":1,"name":"Home","item":"https:\/\/oliveroimpianti.it\/fr\/"},{"@type":"ListItem","position":2,"name":"Services","item":"https:\/\/oliveroimpianti.it\/fr\/services\/"},{"@type":"ListItem","position":3,"name":"Certification ou re-certification de l&#8217;usine"}]},{"@type":"WebSite","@id":"https:\/\/oliveroimpianti.it\/#website","url":"https:\/\/oliveroimpianti.it\/","name":"Olivero Impianti","description":"Automazioni industriali","publisher":{"@id":"https:\/\/oliveroimpianti.it\/#organization"},"potentialAction":[{"@type":"SearchAction","target":{"@type":"EntryPoint","urlTemplate":"https:\/\/oliveroimpianti.it\/?s={search_term_string}"},"query-input":"required name=search_term_string"}],"inLanguage":"fr-FR"},{"@type":"Organization","@id":"https:\/\/oliveroimpianti.it\/#organization","name":"Olivero Impianti","url":"https:\/\/oliveroimpianti.it\/","logo":{"@type":"ImageObject","inLanguage":"fr-FR","@id":"https:\/\/oliveroimpianti.it\/#\/schema\/logo\/image\/","url":"https:\/\/oliveroimpianti.it\/wp-content\/uploads\/2023\/11\/cropped-olivero-impianti-logo.png","contentUrl":"https:\/\/oliveroimpianti.it\/wp-content\/uploads\/2023\/11\/cropped-olivero-impianti-logo.png","width":1977,"height":449,"caption":"Olivero Impianti"},"image":{"@id":"https:\/\/oliveroimpianti.it\/#\/schema\/logo\/image\/"}}]}},"_links":{"self":[{"href":"https:\/\/oliveroimpianti.it\/fr\/wp-json\/wp\/v2\/pages\/6985"}],"collection":[{"href":"https:\/\/oliveroimpianti.it\/fr\/wp-json\/wp\/v2\/pages"}],"about":[{"href":"https:\/\/oliveroimpianti.it\/fr\/wp-json\/wp\/v2\/types\/page"}],"author":[{"embeddable":true,"href":"https:\/\/oliveroimpianti.it\/fr\/wp-json\/wp\/v2\/users\/1"}],"replies":[{"embeddable":true,"href":"https:\/\/oliveroimpianti.it\/fr\/wp-json\/wp\/v2\/comments?post=6985"}],"version-history":[{"count":2,"href":"https:\/\/oliveroimpianti.it\/fr\/wp-json\/wp\/v2\/pages\/6985\/revisions"}],"predecessor-version":[{"id":7183,"href":"https:\/\/oliveroimpianti.it\/fr\/wp-json\/wp\/v2\/pages\/6985\/revisions\/7183"}],"up":[{"embeddable":true,"href":"https:\/\/oliveroimpianti.it\/fr\/wp-json\/wp\/v2\/pages\/6984"}],"wp:featuredmedia":[{"embeddable":true,"href":"https:\/\/oliveroimpianti.it\/fr\/wp-json\/wp\/v2\/media\/5918"}],"wp:attachment":[{"href":"https:\/\/oliveroimpianti.it\/fr\/wp-json\/wp\/v2\/media?parent=6985"}],"curies":[{"name":"wp","href":"https:\/\/api.w.org\/{rel}","templated":true}]}}