{"id":6979,"date":"2022-05-02T09:53:29","date_gmt":"2022-05-02T09:53:29","guid":{"rendered":"https:\/\/oliveroimpianti.it\/manutenzione-industriale\/"},"modified":"2023-05-17T12:50:58","modified_gmt":"2023-05-17T12:50:58","slug":"maintenance-industrielle","status":"publish","type":"page","link":"https:\/\/oliveroimpianti.it\/fr\/maintenance-industrielle\/","title":{"rendered":"Maintenance industrielle"},"content":{"rendered":"<div class=\"gb-container gb-container-7bfc5652 la-layout-text-image-driven-height la-pattern-text-and-image-with-shifted-background alignwide gb-container-animation-zoom-in-fade-in\"><div class=\"gb-inside-container\">\n\n<div class=\"gb-headline gb-headline-58df952e gb-headline-text la-component-sliding-text slide-from-left to-left-position la-sliding-text\">Maintenance industrielle<\/div>\n\n\n<div class=\"gb-grid-wrapper gb-grid-wrapper-bafbc3ca la-layout-text-image-driven-height-container\">\n<div class=\"gb-grid-column gb-grid-column-c667d299 gb-grid-column-animation-zoom-in-fade-in\"><div class=\"gb-container gb-container-c667d299 la-layout-text-wrapper la-text-wrapper gb-container-animation-zoom-in-fade-in\"><div class=\"gb-inside-container\">\n\n<div class=\"gb-headline gb-headline-d50c8023 gb-headline-text la-component-section-summary-tag\">Sp\u00e9cialistes de la maintenance des installations<\/div>\n\n\n\n<h2 class=\"gb-headline gb-headline-ff10461e gb-headline-text la-component-section-title\">Maintenance des machines et installations industrielles<\/h2>\n\n\n\n<p>Notre service aux soci\u00e9t\u00e9s de production est complet et comprend toutes les activit\u00e9s de montage et de maintenance. Un domaine dans lequel notre \u00e9quipe fait preuve d&rsquo;un leadership absolu, car c&rsquo;est l&rsquo;un des axes de l&rsquo;entreprise depuis sa cr\u00e9ation.<\/p>\n\n\n\n<p>L&rsquo;assemblage peut couvrir aussi bien des machines individuelles que des installations compl\u00e8tes sur le site du client, qu&rsquo;elles soient fournies directement par le client ou con\u00e7ues par nous-m\u00eame. Nous sommes \u00e9galement en mesure d&rsquo;effectuer le repositionnement de machines ou d&rsquo;installations compl\u00e8tes avec leur d\u00e9montage et leur remontage ult\u00e9rieur dans l&rsquo;usine du client ou sur un autre site, national ou \u00e9tranger. Cela est \u00e9galement gr\u00e2ce \u00e0 notre parc de machines, qui nous permet de traiter des charges importantes&nbsp;: Galizia&nbsp;G120 et Galizia&nbsp;F200 (\u00e9lectriques)&nbsp;; Valla&nbsp;30E, 50E, 80R, 250E\/D (\u00e9lectriques)&nbsp;; Manitou MRT1850 (diesel)&nbsp;; Merlo&nbsp;Roto&nbsp;R50.16&nbsp;MCSS (diesel).<\/p>\n\n<\/div><\/div><\/div>\n\n<div class=\"gb-grid-column gb-grid-column-85056616 gb-grid-column-animation-zoom-in-fade-in\"><div class=\"gb-container gb-container-85056616 la-layout-image-wrapper  la-image-container gb-container-animation-zoom-in-fade-in\"><div class=\"gb-inside-container\">\n<div class=\"gb-container gb-container-407cf67a la-image-background\"><div class=\"gb-inside-container\"><\/div><\/div>\n\n\n<figure class=\"wp-block-image size-large la-layout-image la-image-wrapper\"><img loading=\"lazy\" decoding=\"async\" width=\"1024\" height=\"683\" src=\"https:\/\/oliveroimpianti.it\/wp-content\/uploads\/2022\/06\/manutenzione_per_macchine_e_impianti_industriali-1024x683.jpg\" alt=\"\" class=\"wp-image-4265\" srcset=\"https:\/\/oliveroimpianti.it\/wp-content\/uploads\/2022\/06\/manutenzione_per_macchine_e_impianti_industriali-1024x683.jpg 1024w, https:\/\/oliveroimpianti.it\/wp-content\/uploads\/2022\/06\/manutenzione_per_macchine_e_impianti_industriali-600x400.jpg 600w, https:\/\/oliveroimpianti.it\/wp-content\/uploads\/2022\/06\/manutenzione_per_macchine_e_impianti_industriali-300x200.jpg 300w, https:\/\/oliveroimpianti.it\/wp-content\/uploads\/2022\/06\/manutenzione_per_macchine_e_impianti_industriali-768x512.jpg 768w, https:\/\/oliveroimpianti.it\/wp-content\/uploads\/2022\/06\/manutenzione_per_macchine_e_impianti_industriali-1536x1024.jpg 1536w, https:\/\/oliveroimpianti.it\/wp-content\/uploads\/2022\/06\/manutenzione_per_macchine_e_impianti_industriali.jpg 1600w\" sizes=\"(max-width: 1024px) 100vw, 1024px\" \/><\/figure>\n\n<\/div><\/div><\/div>\n<\/div>\n<\/div><\/div>\n\n<div class=\"gb-container gb-container-c0b45941 la-pattern-overview-with-link\"><div class=\"gb-inside-container\">\n<div class=\"gb-container gb-container-fdb81756 alignwide gb-container-animation-zoom-in-fade-in\"><div class=\"gb-inside-container\">\n\n<h2 class=\"gb-headline gb-headline-87874c59 gb-headline-text la-component-section-title\">Service complet<\/h2>\n\n\n<div class=\"gb-grid-wrapper gb-grid-wrapper-57921129\">\n<div class=\"gb-grid-column gb-grid-column-b05aa8b1\"><div class=\"gb-container gb-container-b05aa8b1\"><div class=\"gb-inside-container\">\n\n<p>Selon le type d&rsquo;activit\u00e9 exerc\u00e9e, une d\u00e9claration de montage ou une d\u00e9claration de conformit\u00e9 sera d\u00e9livr\u00e9e dans le respect de la r\u00e9glementation en vigueur.<\/p>\n\n\n\n<p>En cas de mise hors service de machines ou d&rsquo;installations, nous pouvons fournir un service de d\u00e9mant\u00e8lement, en prenant \u00e9galement en charge l&rsquo;\u00e9limination de tous les d\u00e9chets dans le respect total de la r\u00e9glementation en vigueur.<br><br>Gr\u00e2ce \u00e0 son personnel qualifi\u00e9 et constamment mis \u00e0 jour, Olivero est \u00e9galement sp\u00e9cialis\u00e9e dans la maintenance \u00e9lectrique et m\u00e9canique, fournissant la main-d&rsquo;\u0153uvre et toutes les pi\u00e8ces de rechange n\u00e9cessaires pour r\u00e9tablir la fonctionnalit\u00e9 des machines ou des installations. Les pi\u00e8ces d\u00e9tach\u00e9es requises peuvent \u00eatre de fabrication commerciale ou sur-mesure, produites en s\u00e9rie ou \u00e0 l&rsquo;unit\u00e9.<\/p>\n\n<\/div><\/div><\/div>\n\n<div class=\"gb-grid-column gb-grid-column-45096ee0\"><div class=\"gb-container gb-container-45096ee0\"><div class=\"gb-inside-container\">\n\n<p class=\"has-text-align-left la-component-section-content\"><strong>Notre personnel est constamment form\u00e9 pour \u00eatre capable d&rsquo;op\u00e9rer dans tous les types de contextes commerciaux, y compris&nbsp;:<\/strong><\/p>\n\n\n\n<div class=\"wp-block-group la-component-list-item-wrapper is-layout-flow wp-block-group-is-layout-flow\"><div class=\"wp-block-group__inner-container\">\n<h3 class=\"gb-headline gb-headline-0f28717a la-component-list-item-title\"><span class=\"gb-icon\"><svg aria-hidden=\"true\" role=\"img\" height=\"1em\" width=\"1em\" viewBox=\"0 0 512 512\" xmlns=\"http:\/\/www.w3.org\/2000\/svg\"><path fill=\"currentColor\" d=\"M173.898 439.404l-166.4-166.4c-9.997-9.997-9.997-26.206 0-36.204l36.203-36.204c9.997-9.998 26.207-9.998 36.204 0L192 312.69 432.095 72.596c9.997-9.997 26.207-9.997 36.204 0l36.203 36.204c9.997 9.997 9.997 26.206 0 36.204l-294.4 294.401c-9.998 9.997-26.207 9.997-36.204-.001z\"><\/path><\/svg><\/span><span class=\"gb-headline-text\">Travail en hauteur<\/span><\/h3>\n\n\n\n<h3 class=\"gb-headline gb-headline-e8b02633 la-component-list-item-title\"><span class=\"gb-icon\"><svg aria-hidden=\"true\" role=\"img\" height=\"1em\" width=\"1em\" viewBox=\"0 0 512 512\" xmlns=\"http:\/\/www.w3.org\/2000\/svg\"><path fill=\"currentColor\" d=\"M173.898 439.404l-166.4-166.4c-9.997-9.997-9.997-26.206 0-36.204l36.203-36.204c9.997-9.998 26.207-9.998 36.204 0L192 312.69 432.095 72.596c9.997-9.997 26.207-9.997 36.204 0l36.203 36.204c9.997 9.997 9.997 26.206 0 36.204l-294.4 294.401c-9.998 9.997-26.207 9.997-36.204-.001z\"><\/path><\/svg><\/span><span class=\"gb-headline-text\">Travailler dans des espaces confin\u00e9s<\/span><\/h3>\n\n\n\n<h3 class=\"gb-headline gb-headline-4dbb047e la-component-list-item-title\"><span class=\"gb-icon\"><svg aria-hidden=\"true\" role=\"img\" height=\"1em\" width=\"1em\" viewBox=\"0 0 512 512\" xmlns=\"http:\/\/www.w3.org\/2000\/svg\"><path fill=\"currentColor\" d=\"M173.898 439.404l-166.4-166.4c-9.997-9.997-9.997-26.206 0-36.204l36.203-36.204c9.997-9.998 26.207-9.998 36.204 0L192 312.69 432.095 72.596c9.997-9.997 26.207-9.997 36.204 0l36.203 36.204c9.997 9.997 9.997 26.206 0 36.204l-294.4 294.401c-9.998 9.997-26.207 9.997-36.204-.001z\"><\/path><\/svg><\/span><span class=\"gb-headline-text\">Travailler dans des environnements ATEX<\/span><\/h3>\n\n\n\n<h3 class=\"gb-headline gb-headline-e4f789f4 la-component-list-item-title\"><span class=\"gb-icon\"><svg aria-hidden=\"true\" role=\"img\" height=\"1em\" width=\"1em\" viewBox=\"0 0 512 512\" xmlns=\"http:\/\/www.w3.org\/2000\/svg\"><path fill=\"currentColor\" d=\"M173.898 439.404l-166.4-166.4c-9.997-9.997-9.997-26.206 0-36.204l36.203-36.204c9.997-9.998 26.207-9.998 36.204 0L192 312.69 432.095 72.596c9.997-9.997 26.207-9.997 36.204 0l36.203 36.204c9.997 9.997 9.997 26.206 0 36.204l-294.4 294.401c-9.998 9.997-26.207 9.997-36.204-.001z\"><\/path><\/svg><\/span><span class=\"gb-headline-text\">Travailler dans des environnements expos\u00e9s \u00e0 des temp\u00e9ratures \u00e9lev\u00e9es<\/span><\/h3>\n<\/div><\/div>\n\n<\/div><\/div><\/div>\n<\/div>\n<\/div><\/div>\n<\/div><\/div>\n\n<div class=\"gb-container gb-container-b9a05e25 la-layout-text-image-driven-height la-pattern-text-and-overlapped-image accent-variation image-first alignfull\"><div class=\"gb-inside-container\">\n<div class=\"gb-grid-wrapper gb-grid-wrapper-cc8e3ea5 la-layout-text-image-driven-height-container la-pattern-text-and-overlapped-image-container alternate-position\">\n<div class=\"gb-grid-column gb-grid-column-95ea4fa7 gb-grid-column-animation-zoom-in-fade-in\"><div class=\"gb-container gb-container-95ea4fa7 la-layout-image-wrapper la-image-wrapper  gb-container-animation-zoom-in-fade-in\"><div class=\"gb-inside-container\">\n\n<figure class=\"wp-block-image size-large la-layout-image\"><img loading=\"lazy\" decoding=\"async\" width=\"1024\" height=\"682\" src=\"https:\/\/oliveroimpianti.it\/wp-content\/uploads\/2022\/06\/Uno_staff_di_tecnici_e_ingegneri_al_tuo_servizio-1024x682.jpg\" alt=\"\" class=\"wp-image-3428\" srcset=\"https:\/\/oliveroimpianti.it\/wp-content\/uploads\/2022\/06\/Uno_staff_di_tecnici_e_ingegneri_al_tuo_servizio-1024x682.jpg 1024w, https:\/\/oliveroimpianti.it\/wp-content\/uploads\/2022\/06\/Uno_staff_di_tecnici_e_ingegneri_al_tuo_servizio-600x400.jpg 600w, https:\/\/oliveroimpianti.it\/wp-content\/uploads\/2022\/06\/Uno_staff_di_tecnici_e_ingegneri_al_tuo_servizio-300x200.jpg 300w, https:\/\/oliveroimpianti.it\/wp-content\/uploads\/2022\/06\/Uno_staff_di_tecnici_e_ingegneri_al_tuo_servizio-768x512.jpg 768w, https:\/\/oliveroimpianti.it\/wp-content\/uploads\/2022\/06\/Uno_staff_di_tecnici_e_ingegneri_al_tuo_servizio-1600x1066.jpg 1600w, https:\/\/oliveroimpianti.it\/wp-content\/uploads\/2022\/06\/Uno_staff_di_tecnici_e_ingegneri_al_tuo_servizio-1536x1024.jpg 1536w, https:\/\/oliveroimpianti.it\/wp-content\/uploads\/2022\/06\/Uno_staff_di_tecnici_e_ingegneri_al_tuo_servizio.jpg 1700w\" sizes=\"(max-width: 1024px) 100vw, 1024px\" \/><\/figure>\n\n<\/div><\/div><\/div>\n\n<div class=\"gb-grid-column gb-grid-column-ec92ccc5 gb-grid-column-animation-zoom-in-fade-in\"><div class=\"gb-container gb-container-ec92ccc5 la-layout-text-wrapper la-text-wrapper gb-container-animation-zoom-in-fade-in\"><div class=\"gb-inside-container\">\n\n<div class=\"gb-headline gb-headline-8948aad3 gb-headline-text la-component-section-summary-tag accent-variation\">Toujours pr\u00eats \u00e0 intervenir<\/div>\n\n\n\n<h2 class=\"gb-headline gb-headline-59cd1ef6 gb-headline-text la-component-section-title smaller\">Interventions de maintenance rapides et pr\u00e9cises<\/h2>\n\n\n\n<p class=\"la-component-section-content\">Afin de garantir une intervention rapide, nous avons choisi de d\u00e9velopper au sein de notre entreprise un d\u00e9partement de production de menuiserie et un d\u00e9partement d&rsquo;usinage de pr\u00e9cision, qui produisent toute pi\u00e8ce non disponible dans le commerce dans les plus brefs d\u00e9lais et avec la plus grande pr\u00e9cision.<\/p>\n\n\n<div class=\"gb-button-wrapper gb-button-wrapper-be9fc54d la-component-button-container la-button-link-container uppercase\">\n\n<a class=\"gb-button gb-button-a8141509 gb-button-text la-component-button\" href=\"https:\/\/oliveroimpianti.it\/fr\/contatti\/\">Contactez-nous pour plus d\u2019infos<\/a>\n\n<\/div>\n<\/div><\/div><\/div>\n<\/div>\n<\/div><\/div>\n\n<div class=\"gb-container gb-container-1f033606 la-layout-text-image-driven-height la-pattern-image-and-text alignwide\"><div class=\"gb-inside-container\">\n<div class=\"gb-grid-wrapper gb-grid-wrapper-55d79d49 la-layout-text-image-driven-height-container la-pattern-image-and-text-container\">\n<div class=\"gb-grid-column gb-grid-column-9fbcff3d gb-grid-column-animation-zoom-in-fade-in\"><div class=\"gb-container gb-container-9fbcff3d la-layout-image-wrapper  gb-container-animation-zoom-in-fade-in\"><div class=\"gb-inside-container\">\n\n<figure class=\"wp-block-image size-large la-layout-image la-image-wrapper\"><img loading=\"lazy\" decoding=\"async\" width=\"1024\" height=\"682\" src=\"https:\/\/oliveroimpianti.it\/wp-content\/uploads\/2022\/06\/Programmazione_software_e_robot-1024x682.jpg\" alt=\"\" class=\"wp-image-3305\" srcset=\"https:\/\/oliveroimpianti.it\/wp-content\/uploads\/2022\/06\/Programmazione_software_e_robot-1024x682.jpg 1024w, https:\/\/oliveroimpianti.it\/wp-content\/uploads\/2022\/06\/Programmazione_software_e_robot-600x400.jpg 600w, https:\/\/oliveroimpianti.it\/wp-content\/uploads\/2022\/06\/Programmazione_software_e_robot-300x200.jpg 300w, https:\/\/oliveroimpianti.it\/wp-content\/uploads\/2022\/06\/Programmazione_software_e_robot-768x512.jpg 768w, https:\/\/oliveroimpianti.it\/wp-content\/uploads\/2022\/06\/Programmazione_software_e_robot-1600x1066.jpg 1600w, https:\/\/oliveroimpianti.it\/wp-content\/uploads\/2022\/06\/Programmazione_software_e_robot-1536x1024.jpg 1536w, https:\/\/oliveroimpianti.it\/wp-content\/uploads\/2022\/06\/Programmazione_software_e_robot.jpg 1700w\" sizes=\"(max-width: 1024px) 100vw, 1024px\" \/><\/figure>\n\n<\/div><\/div><\/div>\n\n<div class=\"gb-grid-column gb-grid-column-40747efc gb-grid-column-animation-zoom-in-fade-in\"><div class=\"gb-container gb-container-40747efc la-layout-text-wrapper la-text-wrapper gb-container-animation-zoom-in-fade-in\"><div class=\"gb-inside-container\">\n\n<h2 class=\"gb-headline gb-headline-ed54404c gb-headline-text la-component-section-title smaller\">Service de r\u00e9trofit<\/h2>\n\n\n\n<p>Parfois, la modernisation de la machine et de ses composants permet de r\u00e9duire les co\u00fbts et la fr\u00e9quence de l&rsquo;entretien. <\/p>\n\n\n\n<p>C&rsquo;est pourquoi notre service complet comprend le r\u00e9trofit industriel, et surtout des conseils sp\u00e9cifiques sur les possibilit\u00e9s d&rsquo;am\u00e9lioration de la machine ou de l&rsquo;installation par un personnel d\u00e9di\u00e9.<\/p>\n\n\n<div class=\"gb-button-wrapper gb-button-wrapper-33832fb0\">\n\n<a class=\"gb-button gb-button-476c360e gb-button-text gb-button-underlined-link\" href=\"https:\/\/oliveroimpianti.it\/fr\/services\/retrofit\/\">En savoir plus sur le service<\/a>\n\n<\/div>\n<\/div><\/div><\/div>\n<\/div>\n<\/div><\/div>\n\n<div class=\"gb-container gb-container-8378aad9 alignfull\"><div class=\"gb-inside-container\">\n\n<h2 class=\"gb-headline gb-headline-cbfad595 gb-headline-text la-component-section-title smaller\">Nous sommes, depuis&nbsp;1987, le point de r\u00e9f\u00e9rence en termes de maintenance industrielle<\/h2>\n\n\n<div class=\"gb-button-wrapper gb-button-wrapper-4ddb047f la-component-button-container uppercase centered\">\n\n<a class=\"gb-button gb-button-3d211ed6 gb-button-text la-component-button\" href=\"https:\/\/oliveroimpianti.it\/fr\/contatti\/\">Contactez-nous pour une consultation<\/a>\n\n<\/div>\n<\/div><\/div>","protected":false},"excerpt":{"rendered":"<p>Maintenance industrielle Service complet Nous sommes, depuis&nbsp;1987, le point de r\u00e9f\u00e9rence en termes de maintenance industrielle<\/p>\n","protected":false},"author":1,"featured_media":5630,"parent":0,"menu_order":0,"comment_status":"closed","ping_status":"closed","template":"","meta":{"footnotes":""},"acf":[],"yoast_head":"<!-- This site is optimized with the Yoast SEO plugin v21.7 - https:\/\/yoast.com\/wordpress\/plugins\/seo\/ -->\n<title>Montage et entretien rapides de machines et installations industrielles<\/title>\n<meta name=\"description\" content=\"Production de pi\u00e8ces de rechange, repositionnement des machines \u00e0 un autre endroit ou si\u00e8ge de l\u2019entreprise, d\u00e9mant\u00e8lement des \u00e9quipements abandonn\u00e9s.\" \/>\n<meta name=\"robots\" content=\"index, follow, max-snippet:-1, max-image-preview:large, max-video-preview:-1\" \/>\n<link rel=\"canonical\" href=\"https:\/\/oliveroimpianti.it\/fr\/maintenance-industrielle\/\" \/>\n<meta property=\"og:locale\" content=\"fr_FR\" \/>\n<meta property=\"og:type\" content=\"article\" \/>\n<meta property=\"og:title\" content=\"Montage et entretien rapides de machines et installations industrielles\" \/>\n<meta property=\"og:description\" content=\"Production de pi\u00e8ces de rechange, repositionnement des machines \u00e0 un autre endroit ou si\u00e8ge de l\u2019entreprise, d\u00e9mant\u00e8lement des \u00e9quipements abandonn\u00e9s.\" \/>\n<meta property=\"og:url\" content=\"https:\/\/oliveroimpianti.it\/fr\/maintenance-industrielle\/\" \/>\n<meta property=\"og:site_name\" content=\"Olivero Impianti\" \/>\n<meta property=\"article:modified_time\" content=\"2023-05-17T12:50:58+00:00\" \/>\n<meta property=\"og:image\" content=\"https:\/\/oliveroimpianti.it\/wp-content\/uploads\/2022\/06\/Header_manutenzione_industriale.jpg\" \/>\n\t<meta property=\"og:image:width\" content=\"2000\" \/>\n\t<meta property=\"og:image:height\" content=\"1049\" \/>\n\t<meta property=\"og:image:type\" content=\"image\/jpeg\" \/>\n<meta name=\"twitter:card\" content=\"summary_large_image\" \/>\n<meta name=\"twitter:label1\" content=\"Dur\u00e9e de lecture estim\u00e9e\" \/>\n\t<meta name=\"twitter:data1\" content=\"3 minutes\" \/>\n<script type=\"application\/ld+json\" class=\"yoast-schema-graph\">{\"@context\":\"https:\/\/schema.org\",\"@graph\":[{\"@type\":\"WebPage\",\"@id\":\"https:\/\/oliveroimpianti.it\/fr\/maintenance-industrielle\/\",\"url\":\"https:\/\/oliveroimpianti.it\/fr\/maintenance-industrielle\/\",\"name\":\"Montage et entretien rapides de machines et installations industrielles\",\"isPartOf\":{\"@id\":\"https:\/\/oliveroimpianti.it\/#website\"},\"datePublished\":\"2022-05-02T09:53:29+00:00\",\"dateModified\":\"2023-05-17T12:50:58+00:00\",\"description\":\"Production de pi\u00e8ces de rechange, repositionnement des machines \u00e0 un autre endroit ou si\u00e8ge de l\u2019entreprise, d\u00e9mant\u00e8lement des \u00e9quipements abandonn\u00e9s.\",\"breadcrumb\":{\"@id\":\"https:\/\/oliveroimpianti.it\/fr\/maintenance-industrielle\/#breadcrumb\"},\"inLanguage\":\"fr-FR\",\"potentialAction\":[{\"@type\":\"ReadAction\",\"target\":[\"https:\/\/oliveroimpianti.it\/fr\/maintenance-industrielle\/\"]}]},{\"@type\":\"BreadcrumbList\",\"@id\":\"https:\/\/oliveroimpianti.it\/fr\/maintenance-industrielle\/#breadcrumb\",\"itemListElement\":[{\"@type\":\"ListItem\",\"position\":1,\"name\":\"Home\",\"item\":\"https:\/\/oliveroimpianti.it\/fr\/\"},{\"@type\":\"ListItem\",\"position\":2,\"name\":\"Maintenance industrielle\"}]},{\"@type\":\"WebSite\",\"@id\":\"https:\/\/oliveroimpianti.it\/#website\",\"url\":\"https:\/\/oliveroimpianti.it\/\",\"name\":\"Olivero Impianti\",\"description\":\"Automazioni industriali\",\"publisher\":{\"@id\":\"https:\/\/oliveroimpianti.it\/#organization\"},\"potentialAction\":[{\"@type\":\"SearchAction\",\"target\":{\"@type\":\"EntryPoint\",\"urlTemplate\":\"https:\/\/oliveroimpianti.it\/?s={search_term_string}\"},\"query-input\":\"required name=search_term_string\"}],\"inLanguage\":\"fr-FR\"},{\"@type\":\"Organization\",\"@id\":\"https:\/\/oliveroimpianti.it\/#organization\",\"name\":\"Olivero Impianti\",\"url\":\"https:\/\/oliveroimpianti.it\/\",\"logo\":{\"@type\":\"ImageObject\",\"inLanguage\":\"fr-FR\",\"@id\":\"https:\/\/oliveroimpianti.it\/#\/schema\/logo\/image\/\",\"url\":\"https:\/\/oliveroimpianti.it\/wp-content\/uploads\/2023\/11\/cropped-olivero-impianti-logo.png\",\"contentUrl\":\"https:\/\/oliveroimpianti.it\/wp-content\/uploads\/2023\/11\/cropped-olivero-impianti-logo.png\",\"width\":1977,\"height\":449,\"caption\":\"Olivero Impianti\"},\"image\":{\"@id\":\"https:\/\/oliveroimpianti.it\/#\/schema\/logo\/image\/\"}}]}<\/script>\n<!-- \/ Yoast SEO plugin. -->","yoast_head_json":{"title":"Montage et entretien rapides de machines et installations industrielles","description":"Production de pi\u00e8ces de rechange, repositionnement des machines \u00e0 un autre endroit ou si\u00e8ge de l\u2019entreprise, d\u00e9mant\u00e8lement des \u00e9quipements abandonn\u00e9s.","robots":{"index":"index","follow":"follow","max-snippet":"max-snippet:-1","max-image-preview":"max-image-preview:large","max-video-preview":"max-video-preview:-1"},"canonical":"https:\/\/oliveroimpianti.it\/fr\/maintenance-industrielle\/","og_locale":"fr_FR","og_type":"article","og_title":"Montage et entretien rapides de machines et installations industrielles","og_description":"Production de pi\u00e8ces de rechange, repositionnement des machines \u00e0 un autre endroit ou si\u00e8ge de l\u2019entreprise, d\u00e9mant\u00e8lement des \u00e9quipements abandonn\u00e9s.","og_url":"https:\/\/oliveroimpianti.it\/fr\/maintenance-industrielle\/","og_site_name":"Olivero Impianti","article_modified_time":"2023-05-17T12:50:58+00:00","og_image":[{"width":2000,"height":1049,"url":"https:\/\/oliveroimpianti.it\/wp-content\/uploads\/2022\/06\/Header_manutenzione_industriale.jpg","type":"image\/jpeg"}],"twitter_card":"summary_large_image","twitter_misc":{"Dur\u00e9e de lecture estim\u00e9e":"3 minutes"},"schema":{"@context":"https:\/\/schema.org","@graph":[{"@type":"WebPage","@id":"https:\/\/oliveroimpianti.it\/fr\/maintenance-industrielle\/","url":"https:\/\/oliveroimpianti.it\/fr\/maintenance-industrielle\/","name":"Montage et entretien rapides de machines et installations industrielles","isPartOf":{"@id":"https:\/\/oliveroimpianti.it\/#website"},"datePublished":"2022-05-02T09:53:29+00:00","dateModified":"2023-05-17T12:50:58+00:00","description":"Production de pi\u00e8ces de rechange, repositionnement des machines \u00e0 un autre endroit ou si\u00e8ge de l\u2019entreprise, d\u00e9mant\u00e8lement des \u00e9quipements abandonn\u00e9s.","breadcrumb":{"@id":"https:\/\/oliveroimpianti.it\/fr\/maintenance-industrielle\/#breadcrumb"},"inLanguage":"fr-FR","potentialAction":[{"@type":"ReadAction","target":["https:\/\/oliveroimpianti.it\/fr\/maintenance-industrielle\/"]}]},{"@type":"BreadcrumbList","@id":"https:\/\/oliveroimpianti.it\/fr\/maintenance-industrielle\/#breadcrumb","itemListElement":[{"@type":"ListItem","position":1,"name":"Home","item":"https:\/\/oliveroimpianti.it\/fr\/"},{"@type":"ListItem","position":2,"name":"Maintenance industrielle"}]},{"@type":"WebSite","@id":"https:\/\/oliveroimpianti.it\/#website","url":"https:\/\/oliveroimpianti.it\/","name":"Olivero Impianti","description":"Automazioni industriali","publisher":{"@id":"https:\/\/oliveroimpianti.it\/#organization"},"potentialAction":[{"@type":"SearchAction","target":{"@type":"EntryPoint","urlTemplate":"https:\/\/oliveroimpianti.it\/?s={search_term_string}"},"query-input":"required name=search_term_string"}],"inLanguage":"fr-FR"},{"@type":"Organization","@id":"https:\/\/oliveroimpianti.it\/#organization","name":"Olivero Impianti","url":"https:\/\/oliveroimpianti.it\/","logo":{"@type":"ImageObject","inLanguage":"fr-FR","@id":"https:\/\/oliveroimpianti.it\/#\/schema\/logo\/image\/","url":"https:\/\/oliveroimpianti.it\/wp-content\/uploads\/2023\/11\/cropped-olivero-impianti-logo.png","contentUrl":"https:\/\/oliveroimpianti.it\/wp-content\/uploads\/2023\/11\/cropped-olivero-impianti-logo.png","width":1977,"height":449,"caption":"Olivero Impianti"},"image":{"@id":"https:\/\/oliveroimpianti.it\/#\/schema\/logo\/image\/"}}]}},"_links":{"self":[{"href":"https:\/\/oliveroimpianti.it\/fr\/wp-json\/wp\/v2\/pages\/6979"}],"collection":[{"href":"https:\/\/oliveroimpianti.it\/fr\/wp-json\/wp\/v2\/pages"}],"about":[{"href":"https:\/\/oliveroimpianti.it\/fr\/wp-json\/wp\/v2\/types\/page"}],"author":[{"embeddable":true,"href":"https:\/\/oliveroimpianti.it\/fr\/wp-json\/wp\/v2\/users\/1"}],"replies":[{"embeddable":true,"href":"https:\/\/oliveroimpianti.it\/fr\/wp-json\/wp\/v2\/comments?post=6979"}],"version-history":[{"count":2,"href":"https:\/\/oliveroimpianti.it\/fr\/wp-json\/wp\/v2\/pages\/6979\/revisions"}],"predecessor-version":[{"id":7182,"href":"https:\/\/oliveroimpianti.it\/fr\/wp-json\/wp\/v2\/pages\/6979\/revisions\/7182"}],"wp:featuredmedia":[{"embeddable":true,"href":"https:\/\/oliveroimpianti.it\/fr\/wp-json\/wp\/v2\/media\/5630"}],"wp:attachment":[{"href":"https:\/\/oliveroimpianti.it\/fr\/wp-json\/wp\/v2\/media?parent=6979"}],"curies":[{"name":"wp","href":"https:\/\/api.w.org\/{rel}","templated":true}]}}