{"id":6968,"date":"2022-05-02T09:58:53","date_gmt":"2022-05-02T09:58:53","guid":{"rendered":"https:\/\/oliveroimpianti.it\/automazione-industriale-e-robot\/programmazione-software-e-robotica\/"},"modified":"2023-05-17T11:04:42","modified_gmt":"2023-05-17T11:04:42","slug":"programmation-de-logiciels-et-robotique","status":"publish","type":"page","link":"https:\/\/oliveroimpianti.it\/fr\/automatisation-industrielle-et-robots\/programmation-de-logiciels-et-robotique\/","title":{"rendered":"Programmation de logiciels et robotique"},"content":{"rendered":"<div class=\"gb-container gb-container-c0b45941 la-pattern-overview\"><div class=\"gb-inside-container\">\n<div class=\"gb-container gb-container-fdb81756 la-pattern-overview-container alignwide gb-container-animation-zoom-in-fade-in\"><div class=\"gb-inside-container\">\n\n<h2 class=\"gb-headline gb-headline-ed727b6e gb-headline-text la-component-section-title\">Logiciels et robotique pour l&rsquo;automatisation<\/h2>\n\n\n\n<p>Gr\u00e2ce au partenariat strat\u00e9gique avec Olivero Key, la combinaison du logiciel et de la robotique pour l&rsquo;automatisation est devenue un avantage pour nos clients. La sp\u00e9cialisation dans la programmation de logiciels, ainsi que la conception m\u00e9canique et \u00e9lectrique des lignes et les autres services propos\u00e9s, font d&rsquo;Olivero le protagoniste du march\u00e9 et l\u2019assembleur \u00e0 360\u00b0 capable de r\u00e9pondre aux besoins sp\u00e9cifiques de chaque type d&rsquo;industrie, ainsi que de r\u00e9soudre des probl\u00e8mes tr\u00e8s complexes.<\/p>\n\n<\/div><\/div>\n<\/div><\/div>\n\n<div class=\"gb-container gb-container-cb9700c8 gb-container-background-sliding-text\"><div class=\"gb-inside-container\">\n\n<div class=\"gb-headline gb-headline-82fbcdc2 gb-headline-text gb-headline-background-sliding-text-from-left-partial\">Robots pour l\u2019automatisation<\/div>\n\n\n<div class=\"gb-grid-wrapper gb-grid-wrapper-7872e38d\">\n<div class=\"gb-grid-column gb-grid-column-ebd778a7\"><div class=\"gb-container gb-container-ebd778a7\"><div class=\"gb-inside-container\">\n\n<h2 class=\"gb-headline gb-headline-69662b22 gb-headline-text gb-headline-h2-left\">Conception avanc\u00e9e <\/h2>\n\n\n\n<p>La programmation de logiciels et l&rsquo;automatisation de la robotique sont aujourd&rsquo;hui au c\u0153ur de toutes les entreprises de fabrication. C&rsquo;est pourquoi notre m\u00e9thode de travail commence par la d\u00e9finition des sp\u00e9cifications du projet avec le client, en tenant compte des processus et des temps de cycle de l&rsquo;usine.<\/p>\n\n\n\n<p>La conception de l&rsquo;\u00eelot robotis\u00e9, appuy\u00e9e par une documentation sur le fonctionnement de la ligne, est valid\u00e9e par notre service technique au moyen de syst\u00e8mes de simulation avanc\u00e9s et de la production d&rsquo;un jumeau num\u00e9rique. Cela nous permet de v\u00e9rifier le bon fonctionnement de la machine, tant sur le plan \u00e9lectrique que m\u00e9canique, avant m\u00eame qu&rsquo;elle ne soit d\u00e9velopp\u00e9e, en anticipant et en r\u00e9solvant tout \u00e9ventuel probl\u00e8me.<\/p>\n\n<\/div><\/div><\/div>\n\n<div class=\"gb-grid-column gb-grid-column-5879c78a\"><div class=\"gb-container gb-container-5879c78a\"><div class=\"gb-inside-container\">\n<div id=\"gutenslider-rm0g11ev3\" class=\"wp-block-eedee-block-gutenslider gs-frontend content-change alignnone arrow-style-1 arrow-position-sides arrow-mb-none arrows-lg arrows-md arrows-sm dot-style-1 dots-lg-none dots-md-none dots-sm-none dot-position-bottom is-position-center-center mb-none wrap-auto-height\" data-parallax-direction=\"down\" data-parallax-amount=\"1.3\" data-lg-transition=\"lg-slide\" data-hash=\"\" ><div class=\"eedee-swiper-outer\" style=\"--gutenslider-min-height: 65vh;--gutenslider-arrow-size: 45px;--gutenslider-dot-size: 25px;--gutenslider-arrow-color: #ffffff;--gutenslider-dot-color: #ffffff;--gutenslider-padding-y-mobile: 40px;--gutenslider-padding-x-mobile: 40px;--gutenslider-padding-y-tablet: 40px;--gutenslider-padding-x-tablet: 40px;--gutenslider-padding-y-desktop: 40px;--gutenslider-padding-x-desktop: 40px;--gutenslider-bg-image: url();--gutenslider-min-height-md: 65vh;--gutenslider-min-height-sm: 65vh;--gutenslider-padding-x: 40px;--gutenslider-padding-x-md: 40px;--gutenslider-padding-x-sm: 20px;--gutenslider-padding-y: 40px;--gutenslider-padding-y-md: 40px;--gutenslider-padding-y-sm: 20px;--gutenslider-arrow-size-md: 45px;--gutenslider-arrow-size-sm: 45px;--gutenslider-dot-size-md: 25px;--gutenslider-dot-size-sm: 25px;--gutenslider-arrow-bg-color: transparent;--gutenslider-arrow-hover-color: #eeeeee;--gutenslider-arrow-bg-hover-color: transparent;--gutenslider-arrow-x-offset: 10px;--gutenslider-arrow-x-offset-md: 10px;--gutenslider-arrow-x-offset-sm: 10px;--gutenslider-arrow-y-offset: 0px;--gutenslider-arrow-y-offset-md: 0px;--gutenslider-arrow-y-offset-sm: 0px;--gutenslider-arrow-x-spacing: 0px;--gutenslider-dot-y-offset: 10px;--gutenslider-dot-y-offset-md: 10px;--gutenslider-dot-y-offset-sm: 10px;--gutenslider-margin-x: 0px;--gutenslider-margin-x-md: 0px;--gutenslider-margin-x-sm: 0px;--gutenslider-margin-y: 0px;--gutenslider-margin-y-md: 0px;--gutenslider-margin-y-sm: 0px;--gutenslider-divider-top: 60px;--gutenslider-divider-bottom: 60px;--gutenslider-lightgallery-bg: #ffffff;--gutenslider-lightgallery-font: #000000;--gs-first-pos: 50% 50%;--gs-gap-vertical: var( --wp--style--gallery-gap-default, var( --gallery-block--gutter-size, var( --wp--style--block-gap, 0.5em ) ) );--gs-gap-horizontal: var( --wp--style--gallery-gap-default, var( --gallery-block--gutter-size, var( --wp--style--block-gap, 0.5em ) ) );\"><div class=\"gutenslider-divider-top\" style=\"color:#fff;\"><\/div><div class=\"swiper\" data-settings='{\"autoplay\":{\"delay\":3000,\"pauseOnMouseEnter\":false,\"disableOnInteraction\":true},\"speed\":700,\"direction\":\"horizontal\",\"autoHeight\":\"\",\"loop\":false,\"centeredSlides\":true,\"spaceBetween\":0,\"slidesPerView\":1,\"slidesPerGroup\":1,\"effect\":\"fade\",\"coverflowEffect\":{\"rotate\":30,\"slideShadows\":false,\"depth\":100,\"stretch\":50,\"modifier\":1},\"fadeEffect\":{\"crossFade\":true},\"zoom\":\"\",\"navigation\":{\"nextEl\":\"#gutenslider-rm0g11ev3 .eedee-gutenslider-next\",\"prevEl\":\"#gutenslider-rm0g11ev3 .eedee-gutenslider-prev\"},\"pagination\":{\"type\":\"bullets\",\"clickable\":true,\"dynamicBullets\":false,\"el\":\"#gutenslider-rm0g11ev3 .eedee-gutenslider-pagination\"},\"pauseOnHover\":\"\",\"watchSlidesProgress\":true,\"watchSlidesVisibility\":true,\"settingsMd\":{\"autoHeight\":\"\",\"slidesPerView\":1,\"slidesPerGroup\":1,\"spaceBetween\":0,\"loop\":false},\"settingsLg\":{\"autoHeight\":\"\",\"slidesPerView\":1,\"slidesPerGroup\":1,\"spaceBetween\":0,\"loop\":false},\"hasLg\":false,\"hasLgCounter\":true,\"isFullScreen\":false,\"arrowsFollowMouse\":false,\"lgTitle\":\"none\",\"lgCaption\":\"none\",\"lgThumbnails\":true,\"lgZoomEnabled\":false,\"keyboard\":{\"keyboard\":{\"enabled\":true,\"onlyInViewport\":true}},\"hashNavigation\":false,\"dividers\":false}'><div class=\"swiper-wrapper\">\n<div class=\"swiper-slide wp-block-eedee-block-gutenslide is-position-center-center ed-bg-image\" style=\"--ed-vw:300;--ed-vh:200;\" data-hash=\"\"><div class=\"eedee-background-div bg-image\"><img loading=\"lazy\" width=\"1500\" height=\"1000\" class=\"wp-image-3477\" src=\"https:\/\/oliveroimpianti.it\/wp-content\/uploads\/2022\/06\/Impianti_industriali_in_logica_4.0.jpg\" alt=\"\" decoding=\"async\" style=\"object-fit: cover; object-position: 50% 50%;\"  data-title=\"Impianti_industriali_in_logica_4.0\" srcset=\"https:\/\/oliveroimpianti.it\/wp-content\/uploads\/2022\/06\/Impianti_industriali_in_logica_4.0.jpg 1500w, https:\/\/oliveroimpianti.it\/wp-content\/uploads\/2022\/06\/Impianti_industriali_in_logica_4.0-600x400.jpg 600w, https:\/\/oliveroimpianti.it\/wp-content\/uploads\/2022\/06\/Impianti_industriali_in_logica_4.0-300x200.jpg 300w, https:\/\/oliveroimpianti.it\/wp-content\/uploads\/2022\/06\/Impianti_industriali_in_logica_4.0-1024x683.jpg 1024w, https:\/\/oliveroimpianti.it\/wp-content\/uploads\/2022\/06\/Impianti_industriali_in_logica_4.0-768x512.jpg 768w\" sizes=\"(max-width: 1500px) 100vw, 1500px\" \/><div class=\"eedee-background-div__overlay\" style=\"opacity:1;\"><\/div><\/div><div class=\"slide-content\">\n\n<p class=\"has-text-align-center gutenslider-content-initial has-larger-font-size\"><\/p>\n\n<\/div><\/div>\n\n<div class=\"swiper-slide wp-block-eedee-block-gutenslide is-position-center-center ed-bg-image\" style=\"--ed-vw:300;--ed-vh:211;\" data-hash=\"\"><div class=\"eedee-background-div bg-image\"><img loading=\"lazy\" width=\"1500\" height=\"1057\" class=\"wp-image-3600\" src=\"https:\/\/oliveroimpianti.it\/wp-content\/uploads\/2022\/06\/progettazione_elettrica_e_meccanica.jpg\" alt=\"\" decoding=\"async\" style=\"object-fit: cover; object-position: 50% 50%;\"  data-title=\"progettazione_elettrica_e_meccanica\" srcset=\"https:\/\/oliveroimpianti.it\/wp-content\/uploads\/2022\/06\/progettazione_elettrica_e_meccanica.jpg 1500w, https:\/\/oliveroimpianti.it\/wp-content\/uploads\/2022\/06\/progettazione_elettrica_e_meccanica-600x423.jpg 600w, https:\/\/oliveroimpianti.it\/wp-content\/uploads\/2022\/06\/progettazione_elettrica_e_meccanica-300x211.jpg 300w, https:\/\/oliveroimpianti.it\/wp-content\/uploads\/2022\/06\/progettazione_elettrica_e_meccanica-1024x722.jpg 1024w, https:\/\/oliveroimpianti.it\/wp-content\/uploads\/2022\/06\/progettazione_elettrica_e_meccanica-768x541.jpg 768w\" sizes=\"(max-width: 1500px) 100vw, 1500px\" \/><div class=\"eedee-background-div__overlay\" style=\"opacity:1;\"><\/div><\/div><div class=\"slide-content\">\n\n<p class=\"has-text-align-center gutenslider-content-initial has-larger-font-size\"><\/p>\n\n<\/div><\/div>\n<\/div><\/div><button class=\"eedee-gutenslider-nav eedee-gutenslider-prev\"><svg xmlns=\"http:\/\/www.w3.org\/2000\/svg\" viewBox=\"0 0 24 24\" width=\"24\" height=\"24\"><circle class=\"bg\" cx=\"13\" cy=\"12\" r=\"11\" \/><path fill=\"none\" d=\"M0 0h24v24H0z\"\/><path class=\"arrow\" d=\"M10.828 12l4.95 4.95-1.414 1.414L8 12l6.364-6.364 1.414 1.414z\"\/><\/svg><\/button><button class=\"eedee-gutenslider-nav eedee-gutenslider-next\"><svg xmlns=\"http:\/\/www.w3.org\/2000\/svg\" viewBox=\"0 0 24 24\" width=\"24\" height=\"24\"><circle class=\"bg\" cx=\"11\" cy=\"12\" r=\"11\" \/><path fill=\"none\" d=\"M0 0h24v24H0z\"\/><path class=\"arrow\" d=\"M13.172 12l-4.95-4.95 1.414-1.414L16 12l-6.364 6.364-1.414-1.414z\"\/><\/svg><\/button><div class=\"eedee-gutenslider-pagination\"><\/div><div class=\"gutenslider-divider-bottom \" style=\"color:#fff;\"><\/div><\/div><\/div>\n<\/div><\/div><\/div>\n<\/div>\n<\/div><\/div>\n\n<div class=\"gb-container gb-container-b9a05e25 la-layout-text-image-driven-height la-pattern-text-and-shifted-image image-first alignfull\"><div class=\"gb-inside-container\">\n<div class=\"gb-grid-wrapper gb-grid-wrapper-cc8e3ea5 la-layout-text-image-driven-height-container la-pattern-text-and-shifted-image-container\">\n<div class=\"gb-grid-column gb-grid-column-95ea4fa7 gb-grid-column-animation-zoom-in-fade-in\"><div class=\"gb-container gb-container-95ea4fa7 la-layout-image-wrapper la-image-wrapper  gb-container-animation-zoom-in-fade-in\"><div class=\"gb-inside-container\">\n\n<figure class=\"wp-block-image size-large la-layout-image\"><img loading=\"lazy\" decoding=\"async\" width=\"1024\" height=\"683\" src=\"https:\/\/oliveroimpianti.it\/wp-content\/uploads\/2022\/06\/tecnici_specializzati_e_soluzioni_chiavi_in_mano-1-1024x683.jpg\" alt=\"\" class=\"wp-image-3742\" srcset=\"https:\/\/oliveroimpianti.it\/wp-content\/uploads\/2022\/06\/tecnici_specializzati_e_soluzioni_chiavi_in_mano-1-1024x683.jpg 1024w, https:\/\/oliveroimpianti.it\/wp-content\/uploads\/2022\/06\/tecnici_specializzati_e_soluzioni_chiavi_in_mano-1-600x400.jpg 600w, https:\/\/oliveroimpianti.it\/wp-content\/uploads\/2022\/06\/tecnici_specializzati_e_soluzioni_chiavi_in_mano-1-300x200.jpg 300w, https:\/\/oliveroimpianti.it\/wp-content\/uploads\/2022\/06\/tecnici_specializzati_e_soluzioni_chiavi_in_mano-1-768x512.jpg 768w, https:\/\/oliveroimpianti.it\/wp-content\/uploads\/2022\/06\/tecnici_specializzati_e_soluzioni_chiavi_in_mano-1.jpg 1500w\" sizes=\"(max-width: 1024px) 100vw, 1024px\" \/><\/figure>\n\n<\/div><\/div><\/div>\n\n<div class=\"gb-grid-column gb-grid-column-ec92ccc5 gb-grid-column-animation-zoom-in-fade-in\"><div class=\"gb-container gb-container-ec92ccc5 la-layout-text-wrapper la-text-wrapper gb-container-animation-zoom-in-fade-in\"><div class=\"gb-inside-container\">\n\n<div class=\"gb-headline gb-headline-8948aad3 gb-headline-text la-component-section-summary-tag\">Sp\u00e9cialistes de l&rsquo;automatisation et de la robotique<\/div>\n\n\n\n<h2 class=\"gb-headline gb-headline-8858caa4 gb-headline-text la-component-section-title\">Des techniciens sp\u00e9cialis\u00e9s et des solutions cl\u00e9s en main<\/h2>\n\n\n\n<p class=\"la-component-section-content\">La recherche permanente de la perfection nous a amen\u00e9s \u00e0 compter parmi nos clients des entreprises leaders dans divers secteurs. Notre exp\u00e9rience dans le domaine de l&rsquo;automatisation et de la robotique nous a permis de d\u00e9velopper un savoir-faire vertical, en fournissant des solutions cl\u00e9s en main pour des applications telles que les lignes de convoyage, les zones robotis\u00e9es pour la manipulation d&rsquo;\u00e9l\u00e9ments, les lignes d&rsquo;assemblage, les entrep\u00f4ts automatis\u00e9s, les robots de palettisation, les robots pour les applications de pr\u00e9cision, l&rsquo;entretien des machines-outils, le collage et le sablage, le pon\u00e7age, etc.<\/p>\n\n<\/div><\/div><\/div>\n<\/div>\n<\/div><\/div>\n\n<div class=\"gb-container gb-container-1f033606 la-layout-text-image-driven-height la-pattern-image-and-text alignwide\"><div class=\"gb-inside-container\">\n<div class=\"gb-grid-wrapper gb-grid-wrapper-55d79d49 la-layout-text-image-driven-height-container la-pattern-image-and-text-container\">\n<div class=\"gb-grid-column gb-grid-column-9fbcff3d gb-grid-column-animation-zoom-in-fade-in\"><div class=\"gb-container gb-container-9fbcff3d la-layout-image-wrapper  gb-container-animation-zoom-in-fade-in\"><div class=\"gb-inside-container\">\n\n<figure class=\"wp-block-image size-large la-layout-image la-image-wrapper\"><img loading=\"lazy\" decoding=\"async\" width=\"1024\" height=\"543\" src=\"https:\/\/oliveroimpianti.it\/wp-content\/uploads\/2022\/06\/In_ottica_transizione_4.0_v2-1024x543.jpg\" alt=\"\" class=\"wp-image-3733\" srcset=\"https:\/\/oliveroimpianti.it\/wp-content\/uploads\/2022\/06\/In_ottica_transizione_4.0_v2-1024x543.jpg 1024w, https:\/\/oliveroimpianti.it\/wp-content\/uploads\/2022\/06\/In_ottica_transizione_4.0_v2-600x318.jpg 600w, https:\/\/oliveroimpianti.it\/wp-content\/uploads\/2022\/06\/In_ottica_transizione_4.0_v2-300x159.jpg 300w, https:\/\/oliveroimpianti.it\/wp-content\/uploads\/2022\/06\/In_ottica_transizione_4.0_v2-768x408.jpg 768w, https:\/\/oliveroimpianti.it\/wp-content\/uploads\/2022\/06\/In_ottica_transizione_4.0_v2-1536x815.jpg 1536w, https:\/\/oliveroimpianti.it\/wp-content\/uploads\/2022\/06\/In_ottica_transizione_4.0_v2.jpg 1600w\" sizes=\"(max-width: 1024px) 100vw, 1024px\" \/><\/figure>\n\n<\/div><\/div><\/div>\n\n<div class=\"gb-grid-column gb-grid-column-40747efc gb-grid-column-animation-zoom-in-fade-in\"><div class=\"gb-container gb-container-40747efc la-layout-text-wrapper la-text-wrapper gb-container-animation-zoom-in-fade-in\"><div class=\"gb-inside-container\">\n\n<h2 class=\"gb-headline gb-headline-ed54404c gb-headline-text la-component-section-title smaller\">Dans l\u2019optique de la transition&nbsp;4.0<\/h2>\n\n\n\n<p>Les solutions d&rsquo;automatisation industrielle d&rsquo;Olivero int\u00e8grent les derni\u00e8res technologies sur le march\u00e9. L&rsquo;objectif est d&rsquo;am\u00e9liorer la s\u00e9curit\u00e9, les performances et l&rsquo;optimisation des installations gr\u00e2ce \u00e0 l&rsquo;automatisation de la production et des processus, conform\u00e9ment aux principes&nbsp;4.0.<\/p>\n\n\n<div class=\"gb-button-wrapper gb-button-wrapper-33832fb0\">\n\n<a class=\"gb-button gb-button-476c360e gb-button-text gb-button-underlined-link\" href=\"https:\/\/oliveroimpianti.it\/fr\/automazione-industriale-e-robot\/industria-4-0\/\">Plus d\u2019infos<\/a>\n\n<\/div>\n<\/div><\/div><\/div>\n<\/div>\n<\/div><\/div>\n\n<div class=\"gb-container gb-container-8378aad9 la-pattern-cta alignwide\"><div class=\"gb-inside-container\">\n\n<h2 class=\"gb-headline gb-headline-cbfad595 gb-headline-text la-component-section-title smaller\">\u00c9laborez avec nous la solution adapt\u00e9e \u00e0 vos besoins<\/h2>\n\n\n<div class=\"gb-button-wrapper gb-button-wrapper-a8219b84 la-component-button-container uppercase centered\">\n\n<a class=\"gb-button gb-button-5f84bb71 gb-button-text la-component-button\" href=\"https:\/\/oliveroimpianti.it\/fr\/contactez-nous\/\">Contactez-nous pour une consultation<\/a>\n\n<\/div>\n<\/div><\/div>","protected":false},"excerpt":{"rendered":"<p>Logiciels et robotique pour l&rsquo;automatisation Gr\u00e2ce au partenariat strat\u00e9gique avec Olivero Key, la combinaison du logiciel et de la robotique pour l&rsquo;automatisation est devenue un avantage pour nos clients. La sp\u00e9cialisation dans la programmation de&#8230;<\/p>\n","protected":false},"author":1,"featured_media":5576,"parent":6959,"menu_order":0,"comment_status":"closed","ping_status":"closed","template":"","meta":{"footnotes":""},"acf":[],"yoast_head":"<!-- This site is optimized with the Yoast SEO plugin v21.7 - https:\/\/yoast.com\/wordpress\/plugins\/seo\/ -->\n<title>Programmation logicielle et robotique pour l\u2019automatisation, Olivero Impianti<\/title>\n<meta name=\"description\" content=\"Automatisation de robotique et programmation logicielle en optique industrie 4.0 pour l\u2019optimisation de productivit\u00e9 des installations et des processus de l\u2019entreprise\" \/>\n<meta name=\"robots\" content=\"index, follow, max-snippet:-1, max-image-preview:large, max-video-preview:-1\" \/>\n<link rel=\"canonical\" href=\"https:\/\/oliveroimpianti.it\/fr\/automatisation-industrielle-et-robots\/programmation-de-logiciels-et-robotique\/\" \/>\n<meta property=\"og:locale\" content=\"fr_FR\" \/>\n<meta property=\"og:type\" content=\"article\" \/>\n<meta property=\"og:title\" content=\"Programmation logicielle et robotique pour l\u2019automatisation, Olivero Impianti\" \/>\n<meta property=\"og:description\" content=\"Automatisation de robotique et programmation logicielle en optique industrie 4.0 pour l\u2019optimisation de productivit\u00e9 des installations et des processus de l\u2019entreprise\" \/>\n<meta property=\"og:url\" content=\"https:\/\/oliveroimpianti.it\/fr\/automatisation-industrielle-et-robots\/programmation-de-logiciels-et-robotique\/\" \/>\n<meta property=\"og:site_name\" content=\"Olivero Impianti\" \/>\n<meta property=\"article:modified_time\" content=\"2023-05-17T11:04:42+00:00\" \/>\n<meta property=\"og:image\" content=\"https:\/\/oliveroimpianti.it\/wp-content\/uploads\/2022\/06\/Programmazione_software_e_robot.jpg\" \/>\n\t<meta property=\"og:image:width\" content=\"1700\" \/>\n\t<meta property=\"og:image:height\" content=\"1133\" \/>\n\t<meta property=\"og:image:type\" content=\"image\/jpeg\" \/>\n<meta name=\"twitter:card\" content=\"summary_large_image\" \/>\n<meta name=\"twitter:label1\" content=\"Dur\u00e9e de lecture estim\u00e9e\" \/>\n\t<meta name=\"twitter:data1\" content=\"3 minutes\" \/>\n<script type=\"application\/ld+json\" class=\"yoast-schema-graph\">{\"@context\":\"https:\/\/schema.org\",\"@graph\":[{\"@type\":\"WebPage\",\"@id\":\"https:\/\/oliveroimpianti.it\/fr\/automatisation-industrielle-et-robots\/programmation-de-logiciels-et-robotique\/\",\"url\":\"https:\/\/oliveroimpianti.it\/fr\/automatisation-industrielle-et-robots\/programmation-de-logiciels-et-robotique\/\",\"name\":\"Programmation logicielle et robotique pour l\u2019automatisation, Olivero Impianti\",\"isPartOf\":{\"@id\":\"https:\/\/oliveroimpianti.it\/#website\"},\"datePublished\":\"2022-05-02T09:58:53+00:00\",\"dateModified\":\"2023-05-17T11:04:42+00:00\",\"description\":\"Automatisation de robotique et programmation logicielle en optique industrie 4.0 pour l\u2019optimisation de productivit\u00e9 des installations et des processus de l\u2019entreprise\",\"breadcrumb\":{\"@id\":\"https:\/\/oliveroimpianti.it\/fr\/automatisation-industrielle-et-robots\/programmation-de-logiciels-et-robotique\/#breadcrumb\"},\"inLanguage\":\"fr-FR\",\"potentialAction\":[{\"@type\":\"ReadAction\",\"target\":[\"https:\/\/oliveroimpianti.it\/fr\/automatisation-industrielle-et-robots\/programmation-de-logiciels-et-robotique\/\"]}]},{\"@type\":\"BreadcrumbList\",\"@id\":\"https:\/\/oliveroimpianti.it\/fr\/automatisation-industrielle-et-robots\/programmation-de-logiciels-et-robotique\/#breadcrumb\",\"itemListElement\":[{\"@type\":\"ListItem\",\"position\":1,\"name\":\"Home\",\"item\":\"https:\/\/oliveroimpianti.it\/fr\/\"},{\"@type\":\"ListItem\",\"position\":2,\"name\":\"Automatisation industrielle et robots\",\"item\":\"https:\/\/oliveroimpianti.it\/fr\/automatisation-industrielle-et-robots\/\"},{\"@type\":\"ListItem\",\"position\":3,\"name\":\"Programmation de logiciels et robotique\"}]},{\"@type\":\"WebSite\",\"@id\":\"https:\/\/oliveroimpianti.it\/#website\",\"url\":\"https:\/\/oliveroimpianti.it\/\",\"name\":\"Olivero Impianti\",\"description\":\"Automazioni industriali\",\"publisher\":{\"@id\":\"https:\/\/oliveroimpianti.it\/#organization\"},\"potentialAction\":[{\"@type\":\"SearchAction\",\"target\":{\"@type\":\"EntryPoint\",\"urlTemplate\":\"https:\/\/oliveroimpianti.it\/?s={search_term_string}\"},\"query-input\":\"required name=search_term_string\"}],\"inLanguage\":\"fr-FR\"},{\"@type\":\"Organization\",\"@id\":\"https:\/\/oliveroimpianti.it\/#organization\",\"name\":\"Olivero Impianti\",\"url\":\"https:\/\/oliveroimpianti.it\/\",\"logo\":{\"@type\":\"ImageObject\",\"inLanguage\":\"fr-FR\",\"@id\":\"https:\/\/oliveroimpianti.it\/#\/schema\/logo\/image\/\",\"url\":\"https:\/\/oliveroimpianti.it\/wp-content\/uploads\/2023\/11\/cropped-olivero-impianti-logo.png\",\"contentUrl\":\"https:\/\/oliveroimpianti.it\/wp-content\/uploads\/2023\/11\/cropped-olivero-impianti-logo.png\",\"width\":1977,\"height\":449,\"caption\":\"Olivero Impianti\"},\"image\":{\"@id\":\"https:\/\/oliveroimpianti.it\/#\/schema\/logo\/image\/\"}}]}<\/script>\n<!-- \/ Yoast SEO plugin. -->","yoast_head_json":{"title":"Programmation logicielle et robotique pour l\u2019automatisation, Olivero Impianti","description":"Automatisation de robotique et programmation logicielle en optique industrie 4.0 pour l\u2019optimisation de productivit\u00e9 des installations et des processus de l\u2019entreprise","robots":{"index":"index","follow":"follow","max-snippet":"max-snippet:-1","max-image-preview":"max-image-preview:large","max-video-preview":"max-video-preview:-1"},"canonical":"https:\/\/oliveroimpianti.it\/fr\/automatisation-industrielle-et-robots\/programmation-de-logiciels-et-robotique\/","og_locale":"fr_FR","og_type":"article","og_title":"Programmation logicielle et robotique pour l\u2019automatisation, Olivero Impianti","og_description":"Automatisation de robotique et programmation logicielle en optique industrie 4.0 pour l\u2019optimisation de productivit\u00e9 des installations et des processus de l\u2019entreprise","og_url":"https:\/\/oliveroimpianti.it\/fr\/automatisation-industrielle-et-robots\/programmation-de-logiciels-et-robotique\/","og_site_name":"Olivero Impianti","article_modified_time":"2023-05-17T11:04:42+00:00","og_image":[{"width":1700,"height":1133,"url":"https:\/\/oliveroimpianti.it\/wp-content\/uploads\/2022\/06\/Programmazione_software_e_robot.jpg","type":"image\/jpeg"}],"twitter_card":"summary_large_image","twitter_misc":{"Dur\u00e9e de lecture estim\u00e9e":"3 minutes"},"schema":{"@context":"https:\/\/schema.org","@graph":[{"@type":"WebPage","@id":"https:\/\/oliveroimpianti.it\/fr\/automatisation-industrielle-et-robots\/programmation-de-logiciels-et-robotique\/","url":"https:\/\/oliveroimpianti.it\/fr\/automatisation-industrielle-et-robots\/programmation-de-logiciels-et-robotique\/","name":"Programmation logicielle et robotique pour l\u2019automatisation, Olivero Impianti","isPartOf":{"@id":"https:\/\/oliveroimpianti.it\/#website"},"datePublished":"2022-05-02T09:58:53+00:00","dateModified":"2023-05-17T11:04:42+00:00","description":"Automatisation de robotique et programmation logicielle en optique industrie 4.0 pour l\u2019optimisation de productivit\u00e9 des installations et des processus de l\u2019entreprise","breadcrumb":{"@id":"https:\/\/oliveroimpianti.it\/fr\/automatisation-industrielle-et-robots\/programmation-de-logiciels-et-robotique\/#breadcrumb"},"inLanguage":"fr-FR","potentialAction":[{"@type":"ReadAction","target":["https:\/\/oliveroimpianti.it\/fr\/automatisation-industrielle-et-robots\/programmation-de-logiciels-et-robotique\/"]}]},{"@type":"BreadcrumbList","@id":"https:\/\/oliveroimpianti.it\/fr\/automatisation-industrielle-et-robots\/programmation-de-logiciels-et-robotique\/#breadcrumb","itemListElement":[{"@type":"ListItem","position":1,"name":"Home","item":"https:\/\/oliveroimpianti.it\/fr\/"},{"@type":"ListItem","position":2,"name":"Automatisation industrielle et robots","item":"https:\/\/oliveroimpianti.it\/fr\/automatisation-industrielle-et-robots\/"},{"@type":"ListItem","position":3,"name":"Programmation de logiciels et robotique"}]},{"@type":"WebSite","@id":"https:\/\/oliveroimpianti.it\/#website","url":"https:\/\/oliveroimpianti.it\/","name":"Olivero Impianti","description":"Automazioni industriali","publisher":{"@id":"https:\/\/oliveroimpianti.it\/#organization"},"potentialAction":[{"@type":"SearchAction","target":{"@type":"EntryPoint","urlTemplate":"https:\/\/oliveroimpianti.it\/?s={search_term_string}"},"query-input":"required name=search_term_string"}],"inLanguage":"fr-FR"},{"@type":"Organization","@id":"https:\/\/oliveroimpianti.it\/#organization","name":"Olivero Impianti","url":"https:\/\/oliveroimpianti.it\/","logo":{"@type":"ImageObject","inLanguage":"fr-FR","@id":"https:\/\/oliveroimpianti.it\/#\/schema\/logo\/image\/","url":"https:\/\/oliveroimpianti.it\/wp-content\/uploads\/2023\/11\/cropped-olivero-impianti-logo.png","contentUrl":"https:\/\/oliveroimpianti.it\/wp-content\/uploads\/2023\/11\/cropped-olivero-impianti-logo.png","width":1977,"height":449,"caption":"Olivero Impianti"},"image":{"@id":"https:\/\/oliveroimpianti.it\/#\/schema\/logo\/image\/"}}]}},"_links":{"self":[{"href":"https:\/\/oliveroimpianti.it\/fr\/wp-json\/wp\/v2\/pages\/6968"}],"collection":[{"href":"https:\/\/oliveroimpianti.it\/fr\/wp-json\/wp\/v2\/pages"}],"about":[{"href":"https:\/\/oliveroimpianti.it\/fr\/wp-json\/wp\/v2\/types\/page"}],"author":[{"embeddable":true,"href":"https:\/\/oliveroimpianti.it\/fr\/wp-json\/wp\/v2\/users\/1"}],"replies":[{"embeddable":true,"href":"https:\/\/oliveroimpianti.it\/fr\/wp-json\/wp\/v2\/comments?post=6968"}],"version-history":[{"count":2,"href":"https:\/\/oliveroimpianti.it\/fr\/wp-json\/wp\/v2\/pages\/6968\/revisions"}],"predecessor-version":[{"id":7167,"href":"https:\/\/oliveroimpianti.it\/fr\/wp-json\/wp\/v2\/pages\/6968\/revisions\/7167"}],"up":[{"embeddable":true,"href":"https:\/\/oliveroimpianti.it\/fr\/wp-json\/wp\/v2\/pages\/6959"}],"wp:featuredmedia":[{"embeddable":true,"href":"https:\/\/oliveroimpianti.it\/fr\/wp-json\/wp\/v2\/media\/5576"}],"wp:attachment":[{"href":"https:\/\/oliveroimpianti.it\/fr\/wp-json\/wp\/v2\/media?parent=6968"}],"curies":[{"name":"wp","href":"https:\/\/api.w.org\/{rel}","templated":true}]}}