{"id":6966,"date":"2022-05-25T14:10:33","date_gmt":"2022-05-25T14:10:33","guid":{"rendered":"https:\/\/oliveroimpianti.it\/automazione-industriale-e-robot\/progettazione-meccanica\/"},"modified":"2023-05-17T10:59:49","modified_gmt":"2023-05-17T10:59:49","slug":"conception-mecanique","status":"publish","type":"page","link":"https:\/\/oliveroimpianti.it\/fr\/automatisation-industrielle-et-robots\/conception-mecanique\/","title":{"rendered":"Conception m\u00e9canique"},"content":{"rendered":"<div class=\"gb-container gb-container-7bfc5652 la-layout-text-image-driven-height la-pattern-text-and-image-with-shifted-background alignwide gb-container-animation-zoom-in-fade-in\"><div class=\"gb-inside-container\">\n\n<div class=\"gb-headline gb-headline-58df952e gb-headline-text la-component-sliding-text slide-from-left to-left-position la-sliding-text\">M\u00e9canique<\/div>\n\n\n<div class=\"gb-grid-wrapper gb-grid-wrapper-bafbc3ca la-layout-text-image-driven-height-container\">\n<div class=\"gb-grid-column gb-grid-column-c667d299 gb-grid-column-animation-zoom-in-fade-in\"><div class=\"gb-container gb-container-c667d299 la-layout-text-wrapper la-text-wrapper gb-container-animation-zoom-in-fade-in\"><div class=\"gb-inside-container\">\n\n<div class=\"gb-headline gb-headline-d50c8023 gb-headline-text la-component-section-summary-tag\">Service technique d\u00e9di\u00e9<\/div>\n\n\n\n<h2 class=\"gb-headline gb-headline-ff10461e gb-headline-text la-component-section-title\">Conception m\u00e9canique<\/h2>\n\n\n\n<p>La conception m\u00e9canique est fondamentale dans les installations industrielles et l&rsquo;automatisation. En fait, les \u00eelots, les lignes, les cellules, tout le fonctionnement de l&rsquo;usine d\u00e9pend d&rsquo;une conception comp\u00e9tente et orient\u00e9e vers le client.<\/p>\n\n\n\n<p>C&rsquo;est pourquoi nous avons toujours choisi d&rsquo;investir dans la structuration d&rsquo;une \u00e9quipe de concepteurs du plus haut niveau, qui travaillent en utilisant les technologies de conception&nbsp;2D et 3D les plus avanc\u00e9es et les syst\u00e8mes de simulation qui permettent la v\u00e9rification pr\u00e9alable du projet.<\/p>\n\n\n\n<p>Le service technique d&rsquo;Olivero travaille en collaboration directe avec le client pour d\u00e9velopper la solution, en fournissant un service complet qui comprend les mises en \u0153uvre, les analyses de faisabilit\u00e9, les calculs et les v\u00e9rifications, depuis l&rsquo;\u00e9tude du site jusqu&rsquo;\u00e0 la mise en service du syst\u00e8me.<\/p>\n\n\n<div class=\"gb-grid-wrapper gb-grid-wrapper-20431ad8 la-layout-features-list la-feature-list-wrapper\">\n<div class=\"gb-grid-column gb-grid-column-7b2d99e7 gb-grid-column-animation-zoom-in-fade-in\"><div class=\"gb-container gb-container-7b2d99e7 la-layout-features-list-column gb-container-animation-zoom-in-fade-in\"><div class=\"gb-inside-container\">\n\n<div class=\"wp-block-group la-component-list-item-wrapper is-layout-flow wp-block-group-is-layout-flow\"><div class=\"wp-block-group__inner-container\">\n<h3 class=\"gb-headline gb-headline-eb5bd0ee la-component-list-item-title\"><span class=\"gb-icon\"><svg aria-hidden=\"true\" role=\"img\" height=\"1em\" width=\"1em\" viewBox=\"0 0 512 512\" xmlns=\"http:\/\/www.w3.org\/2000\/svg\"><path fill=\"currentColor\" d=\"M173.898 439.404l-166.4-166.4c-9.997-9.997-9.997-26.206 0-36.204l36.203-36.204c9.997-9.998 26.207-9.998 36.204 0L192 312.69 432.095 72.596c9.997-9.997 26.207-9.997 36.204 0l36.203 36.204c9.997 9.997 9.997 26.206 0 36.204l-294.4 294.401c-9.998 9.997-26.207 9.997-36.204-.001z\"><\/path><\/svg><\/span><span class=\"gb-headline-text\">\u00c9tudes de faisabilit\u00e9&nbsp;2d et 3d<\/span><\/h3>\n<\/div><\/div>\n\n\n\n<div class=\"wp-block-group la-component-list-item-wrapper is-layout-flow wp-block-group-is-layout-flow\"><div class=\"wp-block-group__inner-container\">\n<h3 class=\"gb-headline gb-headline-a05a3fb1 la-component-list-item-title\"><span class=\"gb-icon\"><svg aria-hidden=\"true\" role=\"img\" height=\"1em\" width=\"1em\" viewBox=\"0 0 512 512\" xmlns=\"http:\/\/www.w3.org\/2000\/svg\"><path fill=\"currentColor\" d=\"M173.898 439.404l-166.4-166.4c-9.997-9.997-9.997-26.206 0-36.204l36.203-36.204c9.997-9.998 26.207-9.998 36.204 0L192 312.69 432.095 72.596c9.997-9.997 26.207-9.997 36.204 0l36.203 36.204c9.997 9.997 9.997 26.206 0 36.204l-294.4 294.401c-9.998 9.997-26.207 9.997-36.204-.001z\"><\/path><\/svg><\/span><span class=\"gb-headline-text\">Relev\u00e9 de mesures sur le site<\/span><\/h3>\n\n\n\n<h3 class=\"gb-headline gb-headline-11cd8e03 la-component-list-item-title\"><span class=\"gb-icon\"><svg aria-hidden=\"true\" role=\"img\" height=\"1em\" width=\"1em\" viewBox=\"0 0 512 512\" xmlns=\"http:\/\/www.w3.org\/2000\/svg\"><path fill=\"currentColor\" d=\"M173.898 439.404l-166.4-166.4c-9.997-9.997-9.997-26.206 0-36.204l36.203-36.204c9.997-9.998 26.207-9.998 36.204 0L192 312.69 432.095 72.596c9.997-9.997 26.207-9.997 36.204 0l36.203 36.204c9.997 9.997 9.997 26.206 0 36.204l-294.4 294.401c-9.998 9.997-26.207 9.997-36.204-.001z\"><\/path><\/svg><\/span><span class=\"gb-headline-text\">Calculs et analyse mef (m\u00e9thode des \u00e9l\u00e9ments finis)<\/span><\/h3>\n\n\n\n<h3 class=\"gb-headline gb-headline-9dc5f378 la-component-list-item-title\"><span class=\"gb-icon\"><svg aria-hidden=\"true\" role=\"img\" height=\"1em\" width=\"1em\" viewBox=\"0 0 512 512\" xmlns=\"http:\/\/www.w3.org\/2000\/svg\"><path fill=\"currentColor\" d=\"M173.898 439.404l-166.4-166.4c-9.997-9.997-9.997-26.206 0-36.204l36.203-36.204c9.997-9.998 26.207-9.998 36.204 0L192 312.69 432.095 72.596c9.997-9.997 26.207-9.997 36.204 0l36.203 36.204c9.997 9.997 9.997 26.206 0 36.204l-294.4 294.401c-9.998 9.997-26.207 9.997-36.204-.001z\"><\/path><\/svg><\/span><span class=\"gb-headline-text\">R\u00e9alisation du dossier de projet<\/span><\/h3>\n\n\n\n<h3 class=\"gb-headline gb-headline-5b92d2a8 la-component-list-item-title\"><span class=\"gb-icon\"><svg aria-hidden=\"true\" role=\"img\" height=\"1em\" width=\"1em\" viewBox=\"0 0 512 512\" xmlns=\"http:\/\/www.w3.org\/2000\/svg\"><path fill=\"currentColor\" d=\"M173.898 439.404l-166.4-166.4c-9.997-9.997-9.997-26.206 0-36.204l36.203-36.204c9.997-9.998 26.207-9.998 36.204 0L192 312.69 432.095 72.596c9.997-9.997 26.207-9.997 36.204 0l36.203 36.204c9.997 9.997 9.997 26.206 0 36.204l-294.4 294.401c-9.998 9.997-26.207 9.997-36.204-.001z\"><\/path><\/svg><\/span><span class=\"gb-headline-text\">Conception de machines selon les sp\u00e9cifications du client<\/span><\/h3>\n\n\n\n<h3 class=\"gb-headline gb-headline-665570ef la-component-list-item-title\"><span class=\"gb-icon\"><svg aria-hidden=\"true\" role=\"img\" height=\"1em\" width=\"1em\" viewBox=\"0 0 512 512\" xmlns=\"http:\/\/www.w3.org\/2000\/svg\"><path fill=\"currentColor\" d=\"M173.898 439.404l-166.4-166.4c-9.997-9.997-9.997-26.206 0-36.204l36.203-36.204c9.997-9.998 26.207-9.998 36.204 0L192 312.69 432.095 72.596c9.997-9.997 26.207-9.997 36.204 0l36.203 36.204c9.997 9.997 9.997 26.206 0 36.204l-294.4 294.401c-9.998 9.997-26.207 9.997-36.204-.001z\"><\/path><\/svg><\/span><span class=\"gb-headline-text\">Gestion des commandes, des vues \u00e9clat\u00e9es et des nomenclatures<\/span><\/h3>\n<\/div><\/div>\n\n<\/div><\/div><\/div>\n\n<div class=\"gb-grid-column gb-grid-column-d7252e40 gb-grid-column-animation-zoom-in-fade-in\"><div class=\"gb-container gb-container-d7252e40 la-layout-features-list-column gb-container-animation-zoom-in-fade-in\"><div class=\"gb-inside-container\">\n\n<div class=\"wp-block-group la-component-list-item-wrapper is-layout-flow wp-block-group-is-layout-flow\"><div class=\"wp-block-group__inner-container\">\n<h3 class=\"gb-headline gb-headline-a774da01 la-component-list-item-title\"><span class=\"gb-icon\"><svg aria-hidden=\"true\" role=\"img\" height=\"1em\" width=\"1em\" viewBox=\"0 0 512 512\" xmlns=\"http:\/\/www.w3.org\/2000\/svg\"><path fill=\"currentColor\" d=\"M173.898 439.404l-166.4-166.4c-9.997-9.997-9.997-26.206 0-36.204l36.203-36.204c9.997-9.998 26.207-9.998 36.204 0L192 312.69 432.095 72.596c9.997-9.997 26.207-9.997 36.204 0l36.203 36.204c9.997 9.997 9.997 26.206 0 36.204l-294.4 294.401c-9.998 9.997-26.207 9.997-36.204-.001z\"><\/path><\/svg><\/span><span class=\"gb-headline-text\">\u00c9tude des implantations industrielles<\/span><\/h3>\n\n\n\n<h3 class=\"gb-headline gb-headline-b0a0aee2 la-component-list-item-title\"><span class=\"gb-icon\"><svg aria-hidden=\"true\" role=\"img\" height=\"1em\" width=\"1em\" viewBox=\"0 0 512 512\" xmlns=\"http:\/\/www.w3.org\/2000\/svg\"><path fill=\"currentColor\" d=\"M173.898 439.404l-166.4-166.4c-9.997-9.997-9.997-26.206 0-36.204l36.203-36.204c9.997-9.998 26.207-9.998 36.204 0L192 312.69 432.095 72.596c9.997-9.997 26.207-9.997 36.204 0l36.203 36.204c9.997 9.997 9.997 26.206 0 36.204l-294.4 294.401c-9.998 9.997-26.207 9.997-36.204-.001z\"><\/path><\/svg><\/span><span class=\"gb-headline-text\">Conception et mise en service<\/span><\/h3>\n\n\n\n<h3 class=\"gb-headline gb-headline-df6e9dbe la-component-list-item-title\"><span class=\"gb-icon\"><svg aria-hidden=\"true\" role=\"img\" height=\"1em\" width=\"1em\" viewBox=\"0 0 512 512\" xmlns=\"http:\/\/www.w3.org\/2000\/svg\"><path fill=\"currentColor\" d=\"M173.898 439.404l-166.4-166.4c-9.997-9.997-9.997-26.206 0-36.204l36.203-36.204c9.997-9.998 26.207-9.998 36.204 0L192 312.69 432.095 72.596c9.997-9.997 26.207-9.997 36.204 0l36.203 36.204c9.997 9.997 9.997 26.206 0 36.204l-294.4 294.401c-9.998 9.997-26.207 9.997-36.204-.001z\"><\/path><\/svg><\/span><span class=\"gb-headline-text\">Relev\u00e9 de mesures et industrialisation de pi\u00e8ces m\u00e9caniques<\/span><\/h3>\n\n\n\n<h3 class=\"gb-headline gb-headline-2a887e2d la-component-list-item-title\"><span class=\"gb-icon\"><svg aria-hidden=\"true\" role=\"img\" height=\"1em\" width=\"1em\" viewBox=\"0 0 512 512\" xmlns=\"http:\/\/www.w3.org\/2000\/svg\"><path fill=\"currentColor\" d=\"M173.898 439.404l-166.4-166.4c-9.997-9.997-9.997-26.206 0-36.204l36.203-36.204c9.997-9.998 26.207-9.998 36.204 0L192 312.69 432.095 72.596c9.997-9.997 26.207-9.997 36.204 0l36.203 36.204c9.997 9.997 9.997 26.206 0 36.204l-294.4 294.401c-9.998 9.997-26.207 9.997-36.204-.001z\"><\/path><\/svg><\/span><span class=\"gb-headline-text\">Analyse des risques<\/span><\/h3>\n\n\n\n<h3 class=\"gb-headline gb-headline-b798e8f0 la-component-list-item-title\"><span class=\"gb-icon\"><svg aria-hidden=\"true\" role=\"img\" height=\"1em\" width=\"1em\" viewBox=\"0 0 512 512\" xmlns=\"http:\/\/www.w3.org\/2000\/svg\"><path fill=\"currentColor\" d=\"M173.898 439.404l-166.4-166.4c-9.997-9.997-9.997-26.206 0-36.204l36.203-36.204c9.997-9.998 26.207-9.998 36.204 0L192 312.69 432.095 72.596c9.997-9.997 26.207-9.997 36.204 0l36.203 36.204c9.997 9.997 9.997 26.206 0 36.204l-294.4 294.401c-9.998 9.997-26.207 9.997-36.204-.001z\"><\/path><\/svg><\/span><span class=\"gb-headline-text\">Mod\u00e9lisation&nbsp;3d<\/span><\/h3>\n\n\n\n<h3 class=\"gb-headline gb-headline-d178ea6b la-component-list-item-title\"><span class=\"gb-icon\"><svg aria-hidden=\"true\" role=\"img\" height=\"1em\" width=\"1em\" viewBox=\"0 0 512 512\" xmlns=\"http:\/\/www.w3.org\/2000\/svg\"><path fill=\"currentColor\" d=\"M173.898 439.404l-166.4-166.4c-9.997-9.997-9.997-26.206 0-36.204l36.203-36.204c9.997-9.998 26.207-9.998 36.204 0L192 312.69 432.095 72.596c9.997-9.997 26.207-9.997 36.204 0l36.203 36.204c9.997 9.997 9.997 26.206 0 36.204l-294.4 294.401c-9.998 9.997-26.207 9.997-36.204-.001z\"><\/path><\/svg><\/span><span class=\"gb-headline-text\">Conception de syst\u00e8mes hydrauliques et pneumatiques<\/span><\/h3>\n<\/div><\/div>\n\n\n\n<div class=\"wp-block-group la-component-list-item-wrapper is-layout-flow wp-block-group-is-layout-flow\"><div class=\"wp-block-group__inner-container\"><\/div><\/div>\n\n<\/div><\/div><\/div>\n<\/div>\n<\/div><\/div><\/div>\n\n<div class=\"gb-grid-column gb-grid-column-85056616 gb-grid-column-animation-zoom-in-fade-in\"><div class=\"gb-container gb-container-85056616 la-layout-image-wrapper  la-image-container gb-container-animation-zoom-in-fade-in\"><div class=\"gb-inside-container\">\n<div class=\"gb-container gb-container-407cf67a la-image-background\"><div class=\"gb-inside-container\"><\/div><\/div>\n\n\n<figure class=\"wp-block-image size-large la-layout-image la-image-wrapper\"><img loading=\"lazy\" decoding=\"async\" width=\"1024\" height=\"740\" src=\"https:\/\/oliveroimpianti.it\/wp-content\/uploads\/2022\/06\/progettazione_meccanica-1024x740.jpg\" alt=\"\" class=\"wp-image-3589\" srcset=\"https:\/\/oliveroimpianti.it\/wp-content\/uploads\/2022\/06\/progettazione_meccanica-1024x740.jpg 1024w, https:\/\/oliveroimpianti.it\/wp-content\/uploads\/2022\/06\/progettazione_meccanica-600x434.jpg 600w, https:\/\/oliveroimpianti.it\/wp-content\/uploads\/2022\/06\/progettazione_meccanica-300x217.jpg 300w, https:\/\/oliveroimpianti.it\/wp-content\/uploads\/2022\/06\/progettazione_meccanica-768x555.jpg 768w, https:\/\/oliveroimpianti.it\/wp-content\/uploads\/2022\/06\/progettazione_meccanica.jpg 1500w\" sizes=\"(max-width: 1024px) 100vw, 1024px\" \/><\/figure>\n\n<\/div><\/div><\/div>\n<\/div>\n<\/div><\/div>\n\n<div class=\"gb-container gb-container-b9a05e25 la-layout-text-image-driven-height la-pattern-text-and-overlapped-image accent-variation image-first alignfull\"><div class=\"gb-inside-container\">\n<div class=\"gb-grid-wrapper gb-grid-wrapper-cc8e3ea5 la-layout-text-image-driven-height-container la-pattern-text-and-overlapped-image-container\">\n<div class=\"gb-grid-column gb-grid-column-95ea4fa7 gb-grid-column-animation-zoom-in-fade-in\"><div class=\"gb-container gb-container-95ea4fa7 la-layout-image-wrapper la-image-wrapper  gb-container-animation-zoom-in-fade-in\"><div class=\"gb-inside-container\">\n\n<figure class=\"wp-block-image size-large la-layout-image\"><img loading=\"lazy\" decoding=\"async\" width=\"1024\" height=\"722\" src=\"https:\/\/oliveroimpianti.it\/wp-content\/uploads\/2022\/06\/progettazione_elettrica_e_meccanica-1024x722.jpg\" alt=\"\" class=\"wp-image-3600\" srcset=\"https:\/\/oliveroimpianti.it\/wp-content\/uploads\/2022\/06\/progettazione_elettrica_e_meccanica-1024x722.jpg 1024w, https:\/\/oliveroimpianti.it\/wp-content\/uploads\/2022\/06\/progettazione_elettrica_e_meccanica-600x423.jpg 600w, https:\/\/oliveroimpianti.it\/wp-content\/uploads\/2022\/06\/progettazione_elettrica_e_meccanica-300x211.jpg 300w, https:\/\/oliveroimpianti.it\/wp-content\/uploads\/2022\/06\/progettazione_elettrica_e_meccanica-768x541.jpg 768w, https:\/\/oliveroimpianti.it\/wp-content\/uploads\/2022\/06\/progettazione_elettrica_e_meccanica.jpg 1500w\" sizes=\"(max-width: 1024px) 100vw, 1024px\" \/><\/figure>\n\n<\/div><\/div><\/div>\n\n<div class=\"gb-grid-column gb-grid-column-ec92ccc5 gb-grid-column-animation-zoom-in-fade-in\"><div class=\"gb-container gb-container-ec92ccc5 la-layout-text-wrapper la-text-wrapper gb-container-animation-zoom-in-fade-in\"><div class=\"gb-inside-container\">\n\n<div class=\"gb-headline gb-headline-8948aad3 gb-headline-text la-component-section-summary-tag accent-variation\">Partenaires \u00e0 360\u00b0<\/div>\n\n\n\n<h2 class=\"gb-headline gb-headline-8858caa4 gb-headline-text la-component-section-title smaller\">Conception \u00e9lectrique et m\u00e9canique<\/h2>\n\n\n\n<p class=\"la-component-section-content\">Olivero est un assembleur complet, qui se distingue sur le march\u00e9 pr\u00e9cis\u00e9ment par le service complet qu&rsquo;il offre \u00e0 ses clients. Outre la conception m\u00e9canique, notre \u00e9quipe poss\u00e8de des ann\u00e9es d&rsquo;exp\u00e9rience dans la conception de syst\u00e8mes \u00e9lectriques et la programmation de logiciels et de robots.<\/p>\n\n\n<div class=\"gb-button-wrapper gb-button-wrapper-be9fc54d la-component-button-container la-button-link-container uppercase\">\n\n<a class=\"gb-button gb-button-a8141509 gb-button-text la-component-button\" href=\"https:\/\/oliveroimpianti.it\/fr\/automazione-industriale-e-robot\/progettazione-impianti-elettrici\/\">Conception de syst\u00e8mes \u00e9lectriques <\/a>\n\n<\/div>\n<\/div><\/div><\/div>\n<\/div>\n<\/div><\/div>\n\n<div class=\"gb-container gb-container-8378aad9 la-pattern-cta alignwide\"><div class=\"gb-inside-container\">\n\n<h2 class=\"gb-headline gb-headline-cbfad595 gb-headline-text la-component-section-title smaller\">\u00c9laborez avec nous la solution adapt\u00e9e \u00e0 vos besoins<\/h2>\n\n\n<div class=\"gb-button-wrapper gb-button-wrapper-4ddb047f la-component-button-container uppercase centered\">\n\n<a class=\"gb-button gb-button-3d211ed6 gb-button-text la-component-button\" href=\"https:\/\/oliveroimpianti.it\/fr\/contactez-nous\/\">Contactez notre service technique<\/a>\n\n<\/div>\n<\/div><\/div>\n\n\n<p><\/p>\n","protected":false},"excerpt":{"rendered":"<p>M\u00e9canique \u00c9laborez avec nous la solution adapt\u00e9e \u00e0 vos besoins<\/p>\n","protected":false},"author":1,"featured_media":5642,"parent":6959,"menu_order":0,"comment_status":"closed","ping_status":"closed","template":"","meta":{"footnotes":""},"acf":[],"yoast_head":"<!-- This site is optimized with the Yoast SEO plugin v21.7 - https:\/\/yoast.com\/wordpress\/plugins\/seo\/ -->\n<title>Conception m\u00e9canique d\u2019installations industrielles et d\u2019automatisation, Olivero<\/title>\n<meta name=\"description\" content=\"Bureau technique d\u00e9di\u00e9, \u00e9quipe de concepteurs hautement qualifi\u00e9s avec des outils technologiques avanc\u00e9s pour la simulation de projets et la r\u00e9alisation d\u2019installations\" \/>\n<meta name=\"robots\" content=\"index, follow, max-snippet:-1, max-image-preview:large, max-video-preview:-1\" \/>\n<link rel=\"canonical\" href=\"https:\/\/oliveroimpianti.it\/fr\/automatisation-industrielle-et-robots\/conception-mecanique\/\" \/>\n<meta property=\"og:locale\" content=\"fr_FR\" \/>\n<meta property=\"og:type\" content=\"article\" \/>\n<meta property=\"og:title\" content=\"Conception m\u00e9canique d\u2019installations industrielles et d\u2019automatisation, Olivero\" \/>\n<meta property=\"og:description\" content=\"Bureau technique d\u00e9di\u00e9, \u00e9quipe de concepteurs hautement qualifi\u00e9s avec des outils technologiques avanc\u00e9s pour la simulation de projets et la r\u00e9alisation d\u2019installations\" \/>\n<meta property=\"og:url\" content=\"https:\/\/oliveroimpianti.it\/fr\/automatisation-industrielle-et-robots\/conception-mecanique\/\" \/>\n<meta property=\"og:site_name\" content=\"Olivero Impianti\" \/>\n<meta property=\"article:modified_time\" content=\"2023-05-17T10:59:49+00:00\" \/>\n<meta property=\"og:image\" content=\"https:\/\/oliveroimpianti.it\/wp-content\/uploads\/2022\/06\/header_progettazione_meccanica_2.jpg\" \/>\n\t<meta property=\"og:image:width\" content=\"2000\" \/>\n\t<meta property=\"og:image:height\" content=\"814\" \/>\n\t<meta property=\"og:image:type\" content=\"image\/jpeg\" \/>\n<meta name=\"twitter:card\" content=\"summary_large_image\" \/>\n<meta name=\"twitter:label1\" content=\"Dur\u00e9e de lecture estim\u00e9e\" \/>\n\t<meta name=\"twitter:data1\" content=\"2 minutes\" \/>\n<script type=\"application\/ld+json\" class=\"yoast-schema-graph\">{\"@context\":\"https:\/\/schema.org\",\"@graph\":[{\"@type\":\"WebPage\",\"@id\":\"https:\/\/oliveroimpianti.it\/fr\/automatisation-industrielle-et-robots\/conception-mecanique\/\",\"url\":\"https:\/\/oliveroimpianti.it\/fr\/automatisation-industrielle-et-robots\/conception-mecanique\/\",\"name\":\"Conception m\u00e9canique d\u2019installations industrielles et d\u2019automatisation, Olivero\",\"isPartOf\":{\"@id\":\"https:\/\/oliveroimpianti.it\/#website\"},\"datePublished\":\"2022-05-25T14:10:33+00:00\",\"dateModified\":\"2023-05-17T10:59:49+00:00\",\"description\":\"Bureau technique d\u00e9di\u00e9, \u00e9quipe de concepteurs hautement qualifi\u00e9s avec des outils technologiques avanc\u00e9s pour la simulation de projets et la r\u00e9alisation d\u2019installations\",\"breadcrumb\":{\"@id\":\"https:\/\/oliveroimpianti.it\/fr\/automatisation-industrielle-et-robots\/conception-mecanique\/#breadcrumb\"},\"inLanguage\":\"fr-FR\",\"potentialAction\":[{\"@type\":\"ReadAction\",\"target\":[\"https:\/\/oliveroimpianti.it\/fr\/automatisation-industrielle-et-robots\/conception-mecanique\/\"]}]},{\"@type\":\"BreadcrumbList\",\"@id\":\"https:\/\/oliveroimpianti.it\/fr\/automatisation-industrielle-et-robots\/conception-mecanique\/#breadcrumb\",\"itemListElement\":[{\"@type\":\"ListItem\",\"position\":1,\"name\":\"Home\",\"item\":\"https:\/\/oliveroimpianti.it\/fr\/\"},{\"@type\":\"ListItem\",\"position\":2,\"name\":\"Automatisation industrielle et robots\",\"item\":\"https:\/\/oliveroimpianti.it\/fr\/automatisation-industrielle-et-robots\/\"},{\"@type\":\"ListItem\",\"position\":3,\"name\":\"Conception m\u00e9canique\"}]},{\"@type\":\"WebSite\",\"@id\":\"https:\/\/oliveroimpianti.it\/#website\",\"url\":\"https:\/\/oliveroimpianti.it\/\",\"name\":\"Olivero Impianti\",\"description\":\"Automazioni industriali\",\"publisher\":{\"@id\":\"https:\/\/oliveroimpianti.it\/#organization\"},\"potentialAction\":[{\"@type\":\"SearchAction\",\"target\":{\"@type\":\"EntryPoint\",\"urlTemplate\":\"https:\/\/oliveroimpianti.it\/?s={search_term_string}\"},\"query-input\":\"required name=search_term_string\"}],\"inLanguage\":\"fr-FR\"},{\"@type\":\"Organization\",\"@id\":\"https:\/\/oliveroimpianti.it\/#organization\",\"name\":\"Olivero Impianti\",\"url\":\"https:\/\/oliveroimpianti.it\/\",\"logo\":{\"@type\":\"ImageObject\",\"inLanguage\":\"fr-FR\",\"@id\":\"https:\/\/oliveroimpianti.it\/#\/schema\/logo\/image\/\",\"url\":\"https:\/\/oliveroimpianti.it\/wp-content\/uploads\/2023\/11\/cropped-olivero-impianti-logo.png\",\"contentUrl\":\"https:\/\/oliveroimpianti.it\/wp-content\/uploads\/2023\/11\/cropped-olivero-impianti-logo.png\",\"width\":1977,\"height\":449,\"caption\":\"Olivero Impianti\"},\"image\":{\"@id\":\"https:\/\/oliveroimpianti.it\/#\/schema\/logo\/image\/\"}}]}<\/script>\n<!-- \/ Yoast SEO plugin. -->","yoast_head_json":{"title":"Conception m\u00e9canique d\u2019installations industrielles et d\u2019automatisation, Olivero","description":"Bureau technique d\u00e9di\u00e9, \u00e9quipe de concepteurs hautement qualifi\u00e9s avec des outils technologiques avanc\u00e9s pour la simulation de projets et la r\u00e9alisation d\u2019installations","robots":{"index":"index","follow":"follow","max-snippet":"max-snippet:-1","max-image-preview":"max-image-preview:large","max-video-preview":"max-video-preview:-1"},"canonical":"https:\/\/oliveroimpianti.it\/fr\/automatisation-industrielle-et-robots\/conception-mecanique\/","og_locale":"fr_FR","og_type":"article","og_title":"Conception m\u00e9canique d\u2019installations industrielles et d\u2019automatisation, Olivero","og_description":"Bureau technique d\u00e9di\u00e9, \u00e9quipe de concepteurs hautement qualifi\u00e9s avec des outils technologiques avanc\u00e9s pour la simulation de projets et la r\u00e9alisation d\u2019installations","og_url":"https:\/\/oliveroimpianti.it\/fr\/automatisation-industrielle-et-robots\/conception-mecanique\/","og_site_name":"Olivero Impianti","article_modified_time":"2023-05-17T10:59:49+00:00","og_image":[{"width":2000,"height":814,"url":"https:\/\/oliveroimpianti.it\/wp-content\/uploads\/2022\/06\/header_progettazione_meccanica_2.jpg","type":"image\/jpeg"}],"twitter_card":"summary_large_image","twitter_misc":{"Dur\u00e9e de lecture estim\u00e9e":"2 minutes"},"schema":{"@context":"https:\/\/schema.org","@graph":[{"@type":"WebPage","@id":"https:\/\/oliveroimpianti.it\/fr\/automatisation-industrielle-et-robots\/conception-mecanique\/","url":"https:\/\/oliveroimpianti.it\/fr\/automatisation-industrielle-et-robots\/conception-mecanique\/","name":"Conception m\u00e9canique d\u2019installations industrielles et d\u2019automatisation, Olivero","isPartOf":{"@id":"https:\/\/oliveroimpianti.it\/#website"},"datePublished":"2022-05-25T14:10:33+00:00","dateModified":"2023-05-17T10:59:49+00:00","description":"Bureau technique d\u00e9di\u00e9, \u00e9quipe de concepteurs hautement qualifi\u00e9s avec des outils technologiques avanc\u00e9s pour la simulation de projets et la r\u00e9alisation d\u2019installations","breadcrumb":{"@id":"https:\/\/oliveroimpianti.it\/fr\/automatisation-industrielle-et-robots\/conception-mecanique\/#breadcrumb"},"inLanguage":"fr-FR","potentialAction":[{"@type":"ReadAction","target":["https:\/\/oliveroimpianti.it\/fr\/automatisation-industrielle-et-robots\/conception-mecanique\/"]}]},{"@type":"BreadcrumbList","@id":"https:\/\/oliveroimpianti.it\/fr\/automatisation-industrielle-et-robots\/conception-mecanique\/#breadcrumb","itemListElement":[{"@type":"ListItem","position":1,"name":"Home","item":"https:\/\/oliveroimpianti.it\/fr\/"},{"@type":"ListItem","position":2,"name":"Automatisation industrielle et robots","item":"https:\/\/oliveroimpianti.it\/fr\/automatisation-industrielle-et-robots\/"},{"@type":"ListItem","position":3,"name":"Conception m\u00e9canique"}]},{"@type":"WebSite","@id":"https:\/\/oliveroimpianti.it\/#website","url":"https:\/\/oliveroimpianti.it\/","name":"Olivero Impianti","description":"Automazioni industriali","publisher":{"@id":"https:\/\/oliveroimpianti.it\/#organization"},"potentialAction":[{"@type":"SearchAction","target":{"@type":"EntryPoint","urlTemplate":"https:\/\/oliveroimpianti.it\/?s={search_term_string}"},"query-input":"required name=search_term_string"}],"inLanguage":"fr-FR"},{"@type":"Organization","@id":"https:\/\/oliveroimpianti.it\/#organization","name":"Olivero Impianti","url":"https:\/\/oliveroimpianti.it\/","logo":{"@type":"ImageObject","inLanguage":"fr-FR","@id":"https:\/\/oliveroimpianti.it\/#\/schema\/logo\/image\/","url":"https:\/\/oliveroimpianti.it\/wp-content\/uploads\/2023\/11\/cropped-olivero-impianti-logo.png","contentUrl":"https:\/\/oliveroimpianti.it\/wp-content\/uploads\/2023\/11\/cropped-olivero-impianti-logo.png","width":1977,"height":449,"caption":"Olivero Impianti"},"image":{"@id":"https:\/\/oliveroimpianti.it\/#\/schema\/logo\/image\/"}}]}},"_links":{"self":[{"href":"https:\/\/oliveroimpianti.it\/fr\/wp-json\/wp\/v2\/pages\/6966"}],"collection":[{"href":"https:\/\/oliveroimpianti.it\/fr\/wp-json\/wp\/v2\/pages"}],"about":[{"href":"https:\/\/oliveroimpianti.it\/fr\/wp-json\/wp\/v2\/types\/page"}],"author":[{"embeddable":true,"href":"https:\/\/oliveroimpianti.it\/fr\/wp-json\/wp\/v2\/users\/1"}],"replies":[{"embeddable":true,"href":"https:\/\/oliveroimpianti.it\/fr\/wp-json\/wp\/v2\/comments?post=6966"}],"version-history":[{"count":2,"href":"https:\/\/oliveroimpianti.it\/fr\/wp-json\/wp\/v2\/pages\/6966\/revisions"}],"predecessor-version":[{"id":7163,"href":"https:\/\/oliveroimpianti.it\/fr\/wp-json\/wp\/v2\/pages\/6966\/revisions\/7163"}],"up":[{"embeddable":true,"href":"https:\/\/oliveroimpianti.it\/fr\/wp-json\/wp\/v2\/pages\/6959"}],"wp:featuredmedia":[{"embeddable":true,"href":"https:\/\/oliveroimpianti.it\/fr\/wp-json\/wp\/v2\/media\/5642"}],"wp:attachment":[{"href":"https:\/\/oliveroimpianti.it\/fr\/wp-json\/wp\/v2\/media?parent=6966"}],"curies":[{"name":"wp","href":"https:\/\/api.w.org\/{rel}","templated":true}]}}