{"id":6640,"date":"2022-05-25T14:28:28","date_gmt":"2022-05-25T14:28:28","guid":{"rendered":"https:\/\/oliveroimpianti.it\/servizi\/system-integration\/"},"modified":"2023-05-17T09:05:31","modified_gmt":"2023-05-17T09:05:31","slug":"integrador-de-sistemas","status":"publish","type":"page","link":"https:\/\/oliveroimpianti.it\/es\/servicios\/integrador-de-sistemas\/","title":{"rendered":"Integrador de sistemas"},"content":{"rendered":"<div class=\"gb-container gb-container-7bfc5652 la-layout-text-image-driven-height la-pattern-text-and-image-with-shifted-background alignwide gb-container-animation-zoom-in-fade-in\"><div class=\"gb-inside-container\">\n\n<div class=\"gb-headline gb-headline-58df952e gb-headline-text la-component-sliding-text slide-from-left to-left-position la-sliding-text\">Integrador de sistemas <\/div>\n\n\n<div class=\"gb-grid-wrapper gb-grid-wrapper-bafbc3ca la-layout-text-image-driven-height-container\">\n<div class=\"gb-grid-column gb-grid-column-c667d299 gb-grid-column-animation-zoom-in-fade-in\"><div class=\"gb-container gb-container-c667d299 la-layout-text-wrapper la-text-wrapper gb-container-animation-zoom-in-fade-in\"><div class=\"gb-inside-container\">\n\n<div class=\"gb-headline gb-headline-d50c8023 gb-headline-text la-component-section-summary-tag\">Servicios para la industria <\/div>\n\n\n\n<h2 class=\"gb-headline gb-headline-ff10461e gb-headline-text la-component-section-title\">Integrador de sistemas completo<\/h2>\n\n\n\n<p>La complejidad tecnol\u00f3gica creciente y los cada vez m\u00e1s ambiciosos objetivos de producci\u00f3n representan un desaf\u00edo para nuestros clientes. En calidad de Integrador de Automatizaci\u00f3n y Sistemas, ayudamos a empresas e industrias a integrar sistemas de modo eficiente, identificando y desarrollando soluciones que sean sostenibles y funcionales para sus instalaciones de producci\u00f3n.<\/p>\n\n\n\n<p>Gracias a un planteamiento \u00abllave en mano\u00bb, quien contacta Olivero puede contar con un asesoramiento de alt\u00edsimo valor adicional, capaz de considerar toda la l\u00ednea con el fin de optimizar del mejor modo los procesos y, al mismo tiempo, con un servicio de implementaci\u00f3n y prueba de la soluci\u00f3n que sea met\u00f3dico y preciso. Esto es posible gracias a la voluntad de Olivero de proponerse en el mercado como un Integrador de Sistemas completo, convirti\u00e9ndose en un interlocutor exclusivo y confiable dentro del complejo proceso de fabricaci\u00f3n y optimizaci\u00f3n de una instalaci\u00f3n.<\/p>\n\n<\/div><\/div><\/div>\n\n<div class=\"gb-grid-column gb-grid-column-85056616 gb-grid-column-animation-zoom-in-fade-in\"><div class=\"gb-container gb-container-85056616 la-layout-image-wrapper  la-image-container gb-container-animation-zoom-in-fade-in\"><div class=\"gb-inside-container\">\n<div class=\"gb-container gb-container-407cf67a la-image-background\"><div class=\"gb-inside-container\"><\/div><\/div>\n\n\n<figure class=\"wp-block-image size-large la-layout-image la-image-wrapper top-right-position\"><img loading=\"lazy\" decoding=\"async\" width=\"1024\" height=\"683\" src=\"https:\/\/oliveroimpianti.it\/wp-content\/uploads\/2022\/11\/certificazione-servizi-valore-aggiunto-1024x683.png\" alt=\"\" class=\"wp-image-4870\" srcset=\"https:\/\/oliveroimpianti.it\/wp-content\/uploads\/2022\/11\/certificazione-servizi-valore-aggiunto-1024x683.png 1024w, https:\/\/oliveroimpianti.it\/wp-content\/uploads\/2022\/11\/certificazione-servizi-valore-aggiunto-600x400.png 600w, https:\/\/oliveroimpianti.it\/wp-content\/uploads\/2022\/11\/certificazione-servizi-valore-aggiunto-300x200.png 300w, https:\/\/oliveroimpianti.it\/wp-content\/uploads\/2022\/11\/certificazione-servizi-valore-aggiunto-768x512.png 768w, https:\/\/oliveroimpianti.it\/wp-content\/uploads\/2022\/11\/certificazione-servizi-valore-aggiunto-1536x1024.png 1536w, https:\/\/oliveroimpianti.it\/wp-content\/uploads\/2022\/11\/certificazione-servizi-valore-aggiunto-500x333.png 500w, https:\/\/oliveroimpianti.it\/wp-content\/uploads\/2022\/11\/certificazione-servizi-valore-aggiunto-800x534.png 800w, https:\/\/oliveroimpianti.it\/wp-content\/uploads\/2022\/11\/certificazione-servizi-valore-aggiunto-1280x854.png 1280w, https:\/\/oliveroimpianti.it\/wp-content\/uploads\/2022\/11\/certificazione-servizi-valore-aggiunto.png 1600w\" sizes=\"(max-width: 1024px) 100vw, 1024px\" \/><\/figure>\n\n<\/div><\/div><\/div>\n<\/div>\n<\/div><\/div>\n\n<div class=\"gb-container gb-container-c0b45941 la-pattern-overview-with-link\"><div class=\"gb-inside-container\">\n<div class=\"gb-container gb-container-fdb81756 alignwide gb-container-animation-zoom-in-fade-in\"><div class=\"gb-inside-container\">\n\n<h2 class=\"gb-headline gb-headline-87874c59 gb-headline-text la-component-section-title\">Marcamos la diferencia<\/h2>\n\n\n<div class=\"gb-grid-wrapper gb-grid-wrapper-57921129\">\n<div class=\"gb-grid-column gb-grid-column-b05aa8b1\"><div class=\"gb-container gb-container-b05aa8b1\"><div class=\"gb-inside-container\">\n\n<p>La hist\u00f3rica colaboraci\u00f3n con la mayor parte de los Vendedores de sistemas rob\u00f3ticos y PLC permite a Olivero proponer y adaptar las mejores soluciones de producto y la soluci\u00f3n tecnol\u00f3gica preferida o esperada por el cliente.<br><br>Un canal directo con las empresas fabricantes de rob\u00f3tica nos permite disponer de un servicio de atenci\u00f3n al cliente de alto nivel: tiempos de respuesta r\u00e1pidos y efectivos en caso de problemas y una aceleraci\u00f3n y optimizaci\u00f3n dentro del desarrollo del proyecto.<br><\/p>\n\n<\/div><\/div><\/div>\n\n<div class=\"gb-grid-column gb-grid-column-45096ee0\"><div class=\"gb-container gb-container-45096ee0\"><div class=\"gb-inside-container\">\n\n<p class=\"has-text-align-left la-component-section-content\"><strong>Las fases del proceso:<\/strong><\/p>\n\n\n\n<div class=\"wp-block-group la-component-list-item-wrapper is-layout-flow wp-block-group-is-layout-flow\"><div class=\"wp-block-group__inner-container\">\n<h3 class=\"gb-headline gb-headline-0f28717a la-component-list-item-title\"><span class=\"gb-icon\"><svg aria-hidden=\"true\" role=\"img\" height=\"1em\" width=\"1em\" viewBox=\"0 0 512 512\" xmlns=\"http:\/\/www.w3.org\/2000\/svg\"><path fill=\"currentColor\" d=\"M173.898 439.404l-166.4-166.4c-9.997-9.997-9.997-26.206 0-36.204l36.203-36.204c9.997-9.998 26.207-9.998 36.204 0L192 312.69 432.095 72.596c9.997-9.997 26.207-9.997 36.204 0l36.203 36.204c9.997 9.997 9.997 26.206 0 36.204l-294.4 294.401c-9.998 9.997-26.207 9.997-36.204-.001z\"><\/path><\/svg><\/span><span class=\"gb-headline-text\">An\u00e1lisis de las exigencias e interfaz directa y continua con el cliente<\/span><\/h3>\n\n\n\n<h3 class=\"gb-headline gb-headline-e8b02633 la-component-list-item-title\"><span class=\"gb-icon\"><svg aria-hidden=\"true\" role=\"img\" height=\"1em\" width=\"1em\" viewBox=\"0 0 512 512\" xmlns=\"http:\/\/www.w3.org\/2000\/svg\"><path fill=\"currentColor\" d=\"M173.898 439.404l-166.4-166.4c-9.997-9.997-9.997-26.206 0-36.204l36.203-36.204c9.997-9.998 26.207-9.998 36.204 0L192 312.69 432.095 72.596c9.997-9.997 26.207-9.997 36.204 0l36.203 36.204c9.997 9.997 9.997 26.206 0 36.204l-294.4 294.401c-9.998 9.997-26.207 9.997-36.204-.001z\"><\/path><\/svg><\/span><span class=\"gb-headline-text\">Propuesta de la soluci\u00f3n m\u00e1s id\u00f3nea y eficiente<\/span><\/h3>\n\n\n\n<h3 class=\"gb-headline gb-headline-4dbb047e la-component-list-item-title\"><span class=\"gb-icon\"><svg aria-hidden=\"true\" role=\"img\" height=\"1em\" width=\"1em\" viewBox=\"0 0 512 512\" xmlns=\"http:\/\/www.w3.org\/2000\/svg\"><path fill=\"currentColor\" d=\"M173.898 439.404l-166.4-166.4c-9.997-9.997-9.997-26.206 0-36.204l36.203-36.204c9.997-9.998 26.207-9.998 36.204 0L192 312.69 432.095 72.596c9.997-9.997 26.207-9.997 36.204 0l36.203 36.204c9.997 9.997 9.997 26.206 0 36.204l-294.4 294.401c-9.998 9.997-26.207 9.997-36.204-.001z\"><\/path><\/svg><\/span><span class=\"gb-headline-text\">Aprobaci\u00f3n, desarrollo, realizaci\u00f3n y prueba del proyecto<\/span><\/h3>\n<\/div><\/div>\n\n<\/div><\/div><\/div>\n<\/div>\n<\/div><\/div>\n<\/div><\/div>\n\n<div class=\"gb-container gb-container-b9a05e25 la-layout-text-image-driven-height la-pattern-text-and-overlapped-image accent-variation image-first alternate-position alignfull\"><div class=\"gb-inside-container\">\n<div class=\"gb-grid-wrapper gb-grid-wrapper-cc8e3ea5 la-layout-text-image-driven-height-container la-pattern-text-and-overlapped-image-container alternate-position\">\n<div class=\"gb-grid-column gb-grid-column-95ea4fa7 gb-grid-column-animation-zoom-in-fade-in\"><div class=\"gb-container gb-container-95ea4fa7 la-layout-image-wrapper la-image-wrapper  gb-container-animation-zoom-in-fade-in\"><div class=\"gb-inside-container\">\n\n<figure class=\"wp-block-image size-large la-layout-image\"><img loading=\"lazy\" decoding=\"async\" width=\"1024\" height=\"683\" src=\"https:\/\/oliveroimpianti.it\/wp-content\/uploads\/2022\/11\/customizzazione-servizi-valore-aggiunto-1024x683.png\" alt=\"\" class=\"wp-image-4867\" srcset=\"https:\/\/oliveroimpianti.it\/wp-content\/uploads\/2022\/11\/customizzazione-servizi-valore-aggiunto-1024x683.png 1024w, https:\/\/oliveroimpianti.it\/wp-content\/uploads\/2022\/11\/customizzazione-servizi-valore-aggiunto-600x400.png 600w, https:\/\/oliveroimpianti.it\/wp-content\/uploads\/2022\/11\/customizzazione-servizi-valore-aggiunto-300x200.png 300w, https:\/\/oliveroimpianti.it\/wp-content\/uploads\/2022\/11\/customizzazione-servizi-valore-aggiunto-768x512.png 768w, https:\/\/oliveroimpianti.it\/wp-content\/uploads\/2022\/11\/customizzazione-servizi-valore-aggiunto-1536x1024.png 1536w, https:\/\/oliveroimpianti.it\/wp-content\/uploads\/2022\/11\/customizzazione-servizi-valore-aggiunto-500x333.png 500w, https:\/\/oliveroimpianti.it\/wp-content\/uploads\/2022\/11\/customizzazione-servizi-valore-aggiunto-800x534.png 800w, https:\/\/oliveroimpianti.it\/wp-content\/uploads\/2022\/11\/customizzazione-servizi-valore-aggiunto-1280x854.png 1280w, https:\/\/oliveroimpianti.it\/wp-content\/uploads\/2022\/11\/customizzazione-servizi-valore-aggiunto.png 1600w\" sizes=\"(max-width: 1024px) 100vw, 1024px\" \/><\/figure>\n\n<\/div><\/div><\/div>\n\n<div class=\"gb-grid-column gb-grid-column-ec92ccc5 gb-grid-column-animation-zoom-in-fade-in\"><div class=\"gb-container gb-container-ec92ccc5 la-layout-text-wrapper la-text-wrapper gb-container-animation-zoom-in-fade-in\"><div class=\"gb-inside-container\">\n\n<div class=\"gb-headline gb-headline-8948aad3 gb-headline-text la-component-section-summary-tag accent-variation\">Al lado de la industria<\/div>\n\n\n\n<h2 class=\"gb-headline gb-headline-8858caa4 gb-headline-text la-component-section-title smaller\">Servicio con valor agregado<\/h2>\n\n\n\n<p class=\"la-component-section-content has-base-3-color has-text-color\">Un equipo de t\u00e9cnicos altamente especializados junto a nuestra gama de servicios, nos permite ofrecer al cliente soluciones completas de Integraci\u00f3n de Sistemas que permiten la realizaci\u00f3n de instalaciones eficientes y altamente tecnol\u00f3gicas.<\/p>\n\n\n<div class=\"gb-button-wrapper gb-button-wrapper-be9fc54d la-component-button-container la-button-link-container uppercase\">\n\n<a class=\"gb-button gb-button-a8141509 gb-button-text la-component-button\" href=\"https:\/\/oliveroimpianti.it\/es\/servizi\/certificazione-o-ricertificazione-di-impianti\/\">Certificaci\u00f3n de instalaciones<\/a>\n\n\n\n<a class=\"gb-button gb-button-e45c204a gb-button-text la-component-button\" href=\"https:\/\/oliveroimpianti.it\/es\/servizi\/customizzazione-impianti-automazione\/\">Instalaciones a medida<\/a>\n\n<\/div>\n<\/div><\/div><\/div>\n<\/div>\n<\/div><\/div>\n\n<div class=\"gb-container gb-container-8378aad9 alignfull\"><div class=\"gb-inside-container\">\n\n<h2 class=\"gb-headline gb-headline-cbfad595 gb-headline-text la-component-section-title smaller\">Somos un integrador de sistemas capaz de proyectar y realizar soluciones de gran valor agregado<\/h2>\n\n\n<div class=\"gb-button-wrapper gb-button-wrapper-4ddb047f la-component-button-container uppercase centered\">\n\n<a class=\"gb-button gb-button-3d211ed6 gb-button-text la-component-button\" href=\"https:\/\/oliveroimpianti.it\/es\/contatti\/\">Contacta nuestro equipo<\/a>\n\n<\/div>\n<\/div><\/div>","protected":false},"excerpt":{"rendered":"<p>Integrador de sistemas Marcamos la diferencia Somos un integrador de sistemas capaz de proyectar y realizar soluciones de gran valor agregado<\/p>\n","protected":false},"author":1,"featured_media":5940,"parent":6636,"menu_order":0,"comment_status":"closed","ping_status":"closed","template":"","meta":{"footnotes":""},"acf":[],"yoast_head":"<!-- This site is optimized with the Yoast SEO plugin v21.7 - https:\/\/yoast.com\/wordpress\/plugins\/seo\/ -->\n<title>Optimizaci\u00f3n de instalaciones de producci\u00f3n con automatizaci\u00f3n industrial<\/title>\n<meta name=\"description\" content=\"Asesoramiento sobre instalaciones existentes para aumentar el volumen y la eficiencia de la producci\u00f3n con la implementaci\u00f3n, instalaci\u00f3n y prueba de soluciones a medida.\" \/>\n<meta name=\"robots\" content=\"index, follow, max-snippet:-1, max-image-preview:large, max-video-preview:-1\" \/>\n<link rel=\"canonical\" href=\"https:\/\/oliveroimpianti.it\/es\/servicios\/integrador-de-sistemas\/\" \/>\n<meta property=\"og:locale\" content=\"es_ES\" \/>\n<meta property=\"og:type\" content=\"article\" \/>\n<meta property=\"og:title\" content=\"Optimizaci\u00f3n de instalaciones de producci\u00f3n con automatizaci\u00f3n industrial\" \/>\n<meta property=\"og:description\" content=\"Asesoramiento sobre instalaciones existentes para aumentar el volumen y la eficiencia de la producci\u00f3n con la implementaci\u00f3n, instalaci\u00f3n y prueba de soluciones a medida.\" \/>\n<meta property=\"og:url\" content=\"https:\/\/oliveroimpianti.it\/es\/servicios\/integrador-de-sistemas\/\" \/>\n<meta property=\"og:site_name\" content=\"Olivero Impianti\" \/>\n<meta property=\"article:modified_time\" content=\"2023-05-17T09:05:31+00:00\" \/>\n<meta property=\"og:image\" content=\"https:\/\/oliveroimpianti.it\/wp-content\/uploads\/2022\/11\/olivero-impianti-system-integrator.png\" \/>\n\t<meta property=\"og:image:width\" content=\"760\" \/>\n\t<meta property=\"og:image:height\" content=\"330\" \/>\n\t<meta property=\"og:image:type\" content=\"image\/png\" \/>\n<meta name=\"twitter:card\" content=\"summary_large_image\" \/>\n<meta name=\"twitter:label1\" content=\"Tiempo de lectura\" \/>\n\t<meta name=\"twitter:data1\" content=\"3 minutos\" \/>\n<script type=\"application\/ld+json\" class=\"yoast-schema-graph\">{\"@context\":\"https:\/\/schema.org\",\"@graph\":[{\"@type\":\"WebPage\",\"@id\":\"https:\/\/oliveroimpianti.it\/es\/servicios\/integrador-de-sistemas\/\",\"url\":\"https:\/\/oliveroimpianti.it\/es\/servicios\/integrador-de-sistemas\/\",\"name\":\"Optimizaci\u00f3n de instalaciones de producci\u00f3n con automatizaci\u00f3n industrial\",\"isPartOf\":{\"@id\":\"https:\/\/oliveroimpianti.it\/#website\"},\"datePublished\":\"2022-05-25T14:28:28+00:00\",\"dateModified\":\"2023-05-17T09:05:31+00:00\",\"description\":\"Asesoramiento sobre instalaciones existentes para aumentar el volumen y la eficiencia de la producci\u00f3n con la implementaci\u00f3n, instalaci\u00f3n y prueba de soluciones a medida.\",\"breadcrumb\":{\"@id\":\"https:\/\/oliveroimpianti.it\/es\/servicios\/integrador-de-sistemas\/#breadcrumb\"},\"inLanguage\":\"es\",\"potentialAction\":[{\"@type\":\"ReadAction\",\"target\":[\"https:\/\/oliveroimpianti.it\/es\/servicios\/integrador-de-sistemas\/\"]}]},{\"@type\":\"BreadcrumbList\",\"@id\":\"https:\/\/oliveroimpianti.it\/es\/servicios\/integrador-de-sistemas\/#breadcrumb\",\"itemListElement\":[{\"@type\":\"ListItem\",\"position\":1,\"name\":\"Home\",\"item\":\"https:\/\/oliveroimpianti.it\/es\/\"},{\"@type\":\"ListItem\",\"position\":2,\"name\":\"Servicios\",\"item\":\"https:\/\/oliveroimpianti.it\/es\/servicios\/\"},{\"@type\":\"ListItem\",\"position\":3,\"name\":\"Integrador de sistemas\"}]},{\"@type\":\"WebSite\",\"@id\":\"https:\/\/oliveroimpianti.it\/#website\",\"url\":\"https:\/\/oliveroimpianti.it\/\",\"name\":\"Olivero Impianti\",\"description\":\"Automazioni industriali\",\"publisher\":{\"@id\":\"https:\/\/oliveroimpianti.it\/#organization\"},\"potentialAction\":[{\"@type\":\"SearchAction\",\"target\":{\"@type\":\"EntryPoint\",\"urlTemplate\":\"https:\/\/oliveroimpianti.it\/?s={search_term_string}\"},\"query-input\":\"required name=search_term_string\"}],\"inLanguage\":\"es\"},{\"@type\":\"Organization\",\"@id\":\"https:\/\/oliveroimpianti.it\/#organization\",\"name\":\"Olivero Impianti\",\"url\":\"https:\/\/oliveroimpianti.it\/\",\"logo\":{\"@type\":\"ImageObject\",\"inLanguage\":\"es\",\"@id\":\"https:\/\/oliveroimpianti.it\/#\/schema\/logo\/image\/\",\"url\":\"https:\/\/oliveroimpianti.it\/wp-content\/uploads\/2023\/11\/cropped-olivero-impianti-logo.png\",\"contentUrl\":\"https:\/\/oliveroimpianti.it\/wp-content\/uploads\/2023\/11\/cropped-olivero-impianti-logo.png\",\"width\":1977,\"height\":449,\"caption\":\"Olivero Impianti\"},\"image\":{\"@id\":\"https:\/\/oliveroimpianti.it\/#\/schema\/logo\/image\/\"}}]}<\/script>\n<!-- \/ Yoast SEO plugin. -->","yoast_head_json":{"title":"Optimizaci\u00f3n de instalaciones de producci\u00f3n con automatizaci\u00f3n industrial","description":"Asesoramiento sobre instalaciones existentes para aumentar el volumen y la eficiencia de la producci\u00f3n con la implementaci\u00f3n, instalaci\u00f3n y prueba de soluciones a medida.","robots":{"index":"index","follow":"follow","max-snippet":"max-snippet:-1","max-image-preview":"max-image-preview:large","max-video-preview":"max-video-preview:-1"},"canonical":"https:\/\/oliveroimpianti.it\/es\/servicios\/integrador-de-sistemas\/","og_locale":"es_ES","og_type":"article","og_title":"Optimizaci\u00f3n de instalaciones de producci\u00f3n con automatizaci\u00f3n industrial","og_description":"Asesoramiento sobre instalaciones existentes para aumentar el volumen y la eficiencia de la producci\u00f3n con la implementaci\u00f3n, instalaci\u00f3n y prueba de soluciones a medida.","og_url":"https:\/\/oliveroimpianti.it\/es\/servicios\/integrador-de-sistemas\/","og_site_name":"Olivero Impianti","article_modified_time":"2023-05-17T09:05:31+00:00","og_image":[{"width":760,"height":330,"url":"https:\/\/oliveroimpianti.it\/wp-content\/uploads\/2022\/11\/olivero-impianti-system-integrator.png","type":"image\/png"}],"twitter_card":"summary_large_image","twitter_misc":{"Tiempo de lectura":"3 minutos"},"schema":{"@context":"https:\/\/schema.org","@graph":[{"@type":"WebPage","@id":"https:\/\/oliveroimpianti.it\/es\/servicios\/integrador-de-sistemas\/","url":"https:\/\/oliveroimpianti.it\/es\/servicios\/integrador-de-sistemas\/","name":"Optimizaci\u00f3n de instalaciones de producci\u00f3n con automatizaci\u00f3n industrial","isPartOf":{"@id":"https:\/\/oliveroimpianti.it\/#website"},"datePublished":"2022-05-25T14:28:28+00:00","dateModified":"2023-05-17T09:05:31+00:00","description":"Asesoramiento sobre instalaciones existentes para aumentar el volumen y la eficiencia de la producci\u00f3n con la implementaci\u00f3n, instalaci\u00f3n y prueba de soluciones a medida.","breadcrumb":{"@id":"https:\/\/oliveroimpianti.it\/es\/servicios\/integrador-de-sistemas\/#breadcrumb"},"inLanguage":"es","potentialAction":[{"@type":"ReadAction","target":["https:\/\/oliveroimpianti.it\/es\/servicios\/integrador-de-sistemas\/"]}]},{"@type":"BreadcrumbList","@id":"https:\/\/oliveroimpianti.it\/es\/servicios\/integrador-de-sistemas\/#breadcrumb","itemListElement":[{"@type":"ListItem","position":1,"name":"Home","item":"https:\/\/oliveroimpianti.it\/es\/"},{"@type":"ListItem","position":2,"name":"Servicios","item":"https:\/\/oliveroimpianti.it\/es\/servicios\/"},{"@type":"ListItem","position":3,"name":"Integrador de sistemas"}]},{"@type":"WebSite","@id":"https:\/\/oliveroimpianti.it\/#website","url":"https:\/\/oliveroimpianti.it\/","name":"Olivero Impianti","description":"Automazioni industriali","publisher":{"@id":"https:\/\/oliveroimpianti.it\/#organization"},"potentialAction":[{"@type":"SearchAction","target":{"@type":"EntryPoint","urlTemplate":"https:\/\/oliveroimpianti.it\/?s={search_term_string}"},"query-input":"required name=search_term_string"}],"inLanguage":"es"},{"@type":"Organization","@id":"https:\/\/oliveroimpianti.it\/#organization","name":"Olivero Impianti","url":"https:\/\/oliveroimpianti.it\/","logo":{"@type":"ImageObject","inLanguage":"es","@id":"https:\/\/oliveroimpianti.it\/#\/schema\/logo\/image\/","url":"https:\/\/oliveroimpianti.it\/wp-content\/uploads\/2023\/11\/cropped-olivero-impianti-logo.png","contentUrl":"https:\/\/oliveroimpianti.it\/wp-content\/uploads\/2023\/11\/cropped-olivero-impianti-logo.png","width":1977,"height":449,"caption":"Olivero Impianti"},"image":{"@id":"https:\/\/oliveroimpianti.it\/#\/schema\/logo\/image\/"}}]}},"_links":{"self":[{"href":"https:\/\/oliveroimpianti.it\/es\/wp-json\/wp\/v2\/pages\/6640"}],"collection":[{"href":"https:\/\/oliveroimpianti.it\/es\/wp-json\/wp\/v2\/pages"}],"about":[{"href":"https:\/\/oliveroimpianti.it\/es\/wp-json\/wp\/v2\/types\/page"}],"author":[{"embeddable":true,"href":"https:\/\/oliveroimpianti.it\/es\/wp-json\/wp\/v2\/users\/1"}],"replies":[{"embeddable":true,"href":"https:\/\/oliveroimpianti.it\/es\/wp-json\/wp\/v2\/comments?post=6640"}],"version-history":[{"count":1,"href":"https:\/\/oliveroimpianti.it\/es\/wp-json\/wp\/v2\/pages\/6640\/revisions"}],"predecessor-version":[{"id":6718,"href":"https:\/\/oliveroimpianti.it\/es\/wp-json\/wp\/v2\/pages\/6640\/revisions\/6718"}],"up":[{"embeddable":true,"href":"https:\/\/oliveroimpianti.it\/es\/wp-json\/wp\/v2\/pages\/6636"}],"wp:featuredmedia":[{"embeddable":true,"href":"https:\/\/oliveroimpianti.it\/es\/wp-json\/wp\/v2\/media\/5940"}],"wp:attachment":[{"href":"https:\/\/oliveroimpianti.it\/es\/wp-json\/wp\/v2\/media?parent=6640"}],"curies":[{"name":"wp","href":"https:\/\/api.w.org\/{rel}","templated":true}]}}