{"id":6639,"date":"2022-05-25T14:28:51","date_gmt":"2022-05-25T14:28:51","guid":{"rendered":"https:\/\/oliveroimpianti.it\/servizi\/revamping\/"},"modified":"2023-05-17T08:45:43","modified_gmt":"2023-05-17T08:45:43","slug":"renovacion","status":"publish","type":"page","link":"https:\/\/oliveroimpianti.it\/es\/servicios\/renovacion\/","title":{"rendered":"Renovaci\u00f3n"},"content":{"rendered":"<div class=\"gb-container gb-container-c0b45941 la-pattern-overview\"><div class=\"gb-inside-container\">\n<div class=\"gb-container gb-container-fdb81756 la-pattern-overview-container alignwide gb-container-animation-zoom-in-fade-in\"><div class=\"gb-inside-container\">\n\n<h2 class=\"gb-headline gb-headline-ed727b6e gb-headline-text la-component-section-title\">Renovaci\u00f3n de instalaciones industriales<\/h2>\n\n\n\n<p>La renovaci\u00f3n es una operaci\u00f3n de actualizaci\u00f3n, reestructuraci\u00f3n y nueva realizaci\u00f3n de maquinarias o instalaciones industriales completas ya existentes, con el objetivo de aumentar el ciclo de vida dentro del proceso productivo. Nuestra vasta experiencia en la renovaci\u00f3n nos permite trabajar sobre maquinarias industriales obsoletas con soluciones de vanguardia que permitan la renovaci\u00f3n general adem\u00e1s de la implementaci\u00f3n de soluciones capaces de alcanzar otros objetivos estrat\u00e9gicos para el cliente.<\/p>\n\n<\/div><\/div>\n<\/div><\/div>\n\n<div class=\"gb-container gb-container-7bfc5652 la-layout-text-image-driven-height la-pattern-text-and-image-with-shifted-background alignwide gb-container-animation-zoom-in-fade-in\"><div class=\"gb-inside-container\">\n\n<div class=\"gb-headline gb-headline-58df952e gb-headline-text la-component-sliding-text slide-from-left to-left-position la-sliding-text\">Renovaci\u00f3n<\/div>\n\n\n<div class=\"gb-grid-wrapper gb-grid-wrapper-bafbc3ca la-layout-text-image-driven-height-container\">\n<div class=\"gb-grid-column gb-grid-column-c667d299 gb-grid-column-animation-zoom-in-fade-in\"><div class=\"gb-container gb-container-c667d299 la-layout-text-wrapper la-text-wrapper gb-container-animation-zoom-in-fade-in\"><div class=\"gb-inside-container\">\n\n<div class=\"gb-headline gb-headline-d50c8023 gb-headline-text la-component-section-summary-tag\">Renovaci\u00f3n de instalaciones industriales<\/div>\n\n\n\n<h2 class=\"gb-headline gb-headline-ff10461e gb-headline-text la-component-section-title\">Nueva vida a instalaciones, l\u00edneas de producci\u00f3n y m\u00e1quinas independientes<\/h2>\n\n\n\n<p>Olivero es capaz de ofrecer una renovaci\u00f3n completa de la m\u00e1quina, incluso en caso de obsolescencia de los componentes o de ausencia de disponibilidad del fabricante. Nuestro enfoque se orienta hacia la b\u00fasqueda de la mejor soluci\u00f3n, que puede incluir adem\u00e1s de la resoluci\u00f3n de cada problema, incluso exigencias de nueva certificaci\u00f3n con el objetivo 4.0 de optimizar, potenciando la producci\u00f3n, la integraci\u00f3n con nuevos productos y mucho m\u00e1s.<\/p>\n\n<\/div><\/div><\/div>\n\n<div class=\"gb-grid-column gb-grid-column-85056616 gb-grid-column-animation-zoom-in-fade-in\"><div class=\"gb-container gb-container-85056616 la-layout-image-wrapper  la-image-container gb-container-animation-zoom-in-fade-in\"><div class=\"gb-inside-container\">\n<div class=\"gb-container gb-container-407cf67a la-image-background\"><div class=\"gb-inside-container\"><\/div><\/div>\n\n\n<figure class=\"wp-block-image size-large la-layout-image la-image-wrapper\"><img loading=\"lazy\" decoding=\"async\" width=\"1024\" height=\"683\" src=\"https:\/\/oliveroimpianti.it\/wp-content\/uploads\/2022\/06\/Nuova_vita_a_impianti_linee_di_produzione_o_singole_macchine-1024x683.jpg\" alt=\"\" class=\"wp-image-3776\" srcset=\"https:\/\/oliveroimpianti.it\/wp-content\/uploads\/2022\/06\/Nuova_vita_a_impianti_linee_di_produzione_o_singole_macchine-1024x683.jpg 1024w, https:\/\/oliveroimpianti.it\/wp-content\/uploads\/2022\/06\/Nuova_vita_a_impianti_linee_di_produzione_o_singole_macchine-600x400.jpg 600w, https:\/\/oliveroimpianti.it\/wp-content\/uploads\/2022\/06\/Nuova_vita_a_impianti_linee_di_produzione_o_singole_macchine-300x200.jpg 300w, https:\/\/oliveroimpianti.it\/wp-content\/uploads\/2022\/06\/Nuova_vita_a_impianti_linee_di_produzione_o_singole_macchine-768x512.jpg 768w, https:\/\/oliveroimpianti.it\/wp-content\/uploads\/2022\/06\/Nuova_vita_a_impianti_linee_di_produzione_o_singole_macchine-1536x1024.jpg 1536w, https:\/\/oliveroimpianti.it\/wp-content\/uploads\/2022\/06\/Nuova_vita_a_impianti_linee_di_produzione_o_singole_macchine.jpg 1600w\" sizes=\"(max-width: 1024px) 100vw, 1024px\" \/><\/figure>\n\n<\/div><\/div><\/div>\n<\/div>\n<\/div><\/div>\n\n<div class=\"gb-container gb-container-226ce7bd\"><div class=\"gb-inside-container\">\n<div class=\"gb-grid-wrapper gb-grid-wrapper-5237dc32 la-layout-features-list la-feature-list-wrapper-full-width\">\n<div class=\"gb-grid-column gb-grid-column-606795ba gb-grid-column-animation-zoom-in-fade-in\"><div class=\"gb-container gb-container-606795ba la-layout-features-list-column gb-container-animation-zoom-in-fade-in\"><div class=\"gb-inside-container\">\n\n<div class=\"wp-block-group la-component-list-item-wrapper is-layout-flow wp-block-group-is-layout-flow\"><div class=\"wp-block-group__inner-container\">\n<h3 class=\"gb-headline gb-headline-43edbe03 la-component-list-item-title\"><span class=\"gb-icon\"><svg aria-hidden=\"true\" role=\"img\" height=\"1em\" width=\"1em\" viewBox=\"0 0 512 512\" xmlns=\"http:\/\/www.w3.org\/2000\/svg\"><path fill=\"currentColor\" d=\"M173.898 439.404l-166.4-166.4c-9.997-9.997-9.997-26.206 0-36.204l36.203-36.204c9.997-9.998 26.207-9.998 36.204 0L192 312.69 432.095 72.596c9.997-9.997 26.207-9.997 36.204 0l36.203 36.204c9.997 9.997 9.997 26.206 0 36.204l-294.4 294.401c-9.998 9.997-26.207 9.997-36.204-.001z\"><\/path><\/svg><\/span><span class=\"gb-headline-text\">Implementaci\u00f3n de nuevas tecnolog\u00edas<\/span><\/h3>\n\n\n\n<p>Podemos introducir en la m\u00e1quina tecnolog\u00edas m\u00e1s actuales y modernas como PLC, control en remoto, conexi\u00f3n en red, etc.<\/p>\n<\/div><\/div>\n\n\n\n<div class=\"wp-block-group la-component-list-item-wrapper is-layout-flow wp-block-group-is-layout-flow\"><div class=\"wp-block-group__inner-container\">\n<h3 class=\"gb-headline gb-headline-109a2989 la-component-list-item-title\"><span class=\"gb-icon\"><svg aria-hidden=\"true\" role=\"img\" height=\"1em\" width=\"1em\" viewBox=\"0 0 512 512\" xmlns=\"http:\/\/www.w3.org\/2000\/svg\"><path fill=\"currentColor\" d=\"M173.898 439.404l-166.4-166.4c-9.997-9.997-9.997-26.206 0-36.204l36.203-36.204c9.997-9.998 26.207-9.998 36.204 0L192 312.69 432.095 72.596c9.997-9.997 26.207-9.997 36.204 0l36.203 36.204c9.997 9.997 9.997 26.206 0 36.204l-294.4 294.401c-9.998 9.997-26.207 9.997-36.204-.001z\"><\/path><\/svg><\/span><span class=\"gb-headline-text\">Aumento de las prestaciones<\/span><\/h3>\n\n\n\n<p>Nuestros proyectos de renovaci\u00f3n pueden ayudar al cliente a mejorar las prestaciones de la m\u00e1quina aumentando la capacidad productiva<\/p>\n<\/div><\/div>\n\n\n\n<div class=\"wp-block-group la-component-list-item-wrapper is-layout-flow wp-block-group-is-layout-flow\"><div class=\"wp-block-group__inner-container\">\n<h3 class=\"gb-headline gb-headline-20e855cc la-component-list-item-title\"><span class=\"gb-icon\"><svg aria-hidden=\"true\" role=\"img\" height=\"1em\" width=\"1em\" viewBox=\"0 0 512 512\" xmlns=\"http:\/\/www.w3.org\/2000\/svg\"><path fill=\"currentColor\" d=\"M173.898 439.404l-166.4-166.4c-9.997-9.997-9.997-26.206 0-36.204l36.203-36.204c9.997-9.998 26.207-9.998 36.204 0L192 312.69 432.095 72.596c9.997-9.997 26.207-9.997 36.204 0l36.203 36.204c9.997 9.997 9.997 26.206 0 36.204l-294.4 294.401c-9.998 9.997-26.207 9.997-36.204-.001z\"><\/path><\/svg><\/span><span class=\"gb-headline-text\">Adaptaci\u00f3n a la norma y nueva certificaci\u00f3n<\/span><\/h3>\n\n\n\n<p>La intervenci\u00f3n de nuestros t\u00e9cnicos permite que la m\u00e1quina permanezca en la l\u00ednea respetando la normativa. Olivero ofrece tambi\u00e9n un servicio de nueva certificaci\u00f3n, fundamental para alcanzar los incentivos 4.0<\/p>\n<\/div><\/div>\n\n<\/div><\/div><\/div>\n\n<div class=\"gb-grid-column gb-grid-column-5d9b8bff gb-grid-column-animation-zoom-in-fade-in\"><div class=\"gb-container gb-container-5d9b8bff la-layout-features-list-column gb-container-animation-zoom-in-fade-in\"><div class=\"gb-inside-container\">\n\n<div class=\"wp-block-group la-component-list-item-wrapper is-layout-flow wp-block-group-is-layout-flow\"><div class=\"wp-block-group__inner-container\">\n<h3 class=\"gb-headline gb-headline-88f9bdc4 la-component-list-item-title\"><span class=\"gb-icon\"><svg aria-hidden=\"true\" role=\"img\" height=\"1em\" width=\"1em\" viewBox=\"0 0 512 512\" xmlns=\"http:\/\/www.w3.org\/2000\/svg\"><path fill=\"currentColor\" d=\"M173.898 439.404l-166.4-166.4c-9.997-9.997-9.997-26.206 0-36.204l36.203-36.204c9.997-9.998 26.207-9.998 36.204 0L192 312.69 432.095 72.596c9.997-9.997 26.207-9.997 36.204 0l36.203 36.204c9.997 9.997 9.997 26.206 0 36.204l-294.4 294.401c-9.998 9.997-26.207 9.997-36.204-.001z\"><\/path><\/svg><\/span><span class=\"gb-headline-text\">Aumento de la seguridad<\/span><\/h3>\n\n\n\n<p>La renovaci\u00f3n permite implementar soluciones que vuelvan m\u00e1s seguro el trabajo del operador a bordo de la m\u00e1quina<\/p>\n<\/div><\/div>\n\n\n\n<div class=\"wp-block-group la-component-list-item-wrapper is-layout-flow wp-block-group-is-layout-flow\"><div class=\"wp-block-group__inner-container\">\n<h3 class=\"gb-headline gb-headline-528a5929 la-component-list-item-title\"><span class=\"gb-icon\"><svg aria-hidden=\"true\" role=\"img\" height=\"1em\" width=\"1em\" viewBox=\"0 0 512 512\" xmlns=\"http:\/\/www.w3.org\/2000\/svg\"><path fill=\"currentColor\" d=\"M173.898 439.404l-166.4-166.4c-9.997-9.997-9.997-26.206 0-36.204l36.203-36.204c9.997-9.998 26.207-9.998 36.204 0L192 312.69 432.095 72.596c9.997-9.997 26.207-9.997 36.204 0l36.203 36.204c9.997 9.997 9.997 26.206 0 36.204l-294.4 294.401c-9.998 9.997-26.207 9.997-36.204-.001z\"><\/path><\/svg><\/span><span class=\"gb-headline-text\">Reducci\u00f3n de la energ\u00eda consumida<\/span><\/h3>\n\n\n\n<p>El ahorro energ\u00e9tico es hoy en d\u00eda uno de los objetivos de todas las empresas. La renovaci\u00f3n permite al cliente aumentar la eficiencia de la m\u00e1quina reduciendo los consumos y el poder contaminante de la instalaci\u00f3n<\/p>\n<\/div><\/div>\n\n\n\n<div class=\"wp-block-group la-component-list-item-wrapper is-layout-flow wp-block-group-is-layout-flow\"><div class=\"wp-block-group__inner-container\">\n<h3 class=\"gb-headline gb-headline-f4fc3a22 la-component-list-item-title\"><span class=\"gb-icon\"><svg aria-hidden=\"true\" role=\"img\" height=\"1em\" width=\"1em\" viewBox=\"0 0 512 512\" xmlns=\"http:\/\/www.w3.org\/2000\/svg\"><path fill=\"currentColor\" d=\"M173.898 439.404l-166.4-166.4c-9.997-9.997-9.997-26.206 0-36.204l36.203-36.204c9.997-9.998 26.207-9.998 36.204 0L192 312.69 432.095 72.596c9.997-9.997 26.207-9.997 36.204 0l36.203 36.204c9.997 9.997 9.997 26.206 0 36.204l-294.4 294.401c-9.998 9.997-26.207 9.997-36.204-.001z\"><\/path><\/svg><\/span><span class=\"gb-headline-text\">Disminuci\u00f3n de los costos de mantenimiento<\/span><\/h3>\n\n\n\n<p>La actualizaci\u00f3n de la m\u00e1quina y de sus componentes permite reducir los costos de mantenimiento y las desventajas vinculadas a la parada de la instalaci\u00f3n<\/p>\n<\/div><\/div>\n\n<\/div><\/div><\/div>\n<\/div>\n<\/div><\/div>\n\n<div class=\"gb-container gb-container-b9a05e25 la-layout-text-image-driven-height la-pattern-text-and-overlapped-image accent-variation image-first alignfull\"><div class=\"gb-inside-container\">\n<div class=\"gb-grid-wrapper gb-grid-wrapper-cc8e3ea5 la-layout-text-image-driven-height-container la-pattern-text-and-overlapped-image-container  alternate-position\">\n<div class=\"gb-grid-column gb-grid-column-95ea4fa7 gb-grid-column-animation-zoom-in-fade-in\"><div class=\"gb-container gb-container-95ea4fa7 la-layout-image-wrapper la-image-wrapper  gb-container-animation-zoom-in-fade-in\"><div class=\"gb-inside-container\">\n\n<figure class=\"wp-block-image size-large la-layout-image\"><img loading=\"lazy\" decoding=\"async\" width=\"1024\" height=\"662\" src=\"https:\/\/oliveroimpianti.it\/wp-content\/uploads\/2022\/06\/revamping_in_ottica_4.0-1024x662.jpg\" alt=\"\" class=\"wp-image-4124\" srcset=\"https:\/\/oliveroimpianti.it\/wp-content\/uploads\/2022\/06\/revamping_in_ottica_4.0-1024x662.jpg 1024w, https:\/\/oliveroimpianti.it\/wp-content\/uploads\/2022\/06\/revamping_in_ottica_4.0-600x388.jpg 600w, https:\/\/oliveroimpianti.it\/wp-content\/uploads\/2022\/06\/revamping_in_ottica_4.0-300x194.jpg 300w, https:\/\/oliveroimpianti.it\/wp-content\/uploads\/2022\/06\/revamping_in_ottica_4.0-768x497.jpg 768w, https:\/\/oliveroimpianti.it\/wp-content\/uploads\/2022\/06\/revamping_in_ottica_4.0-1536x994.jpg 1536w, https:\/\/oliveroimpianti.it\/wp-content\/uploads\/2022\/06\/revamping_in_ottica_4.0.jpg 1569w\" sizes=\"(max-width: 1024px) 100vw, 1024px\" \/><\/figure>\n\n<\/div><\/div><\/div>\n\n<div class=\"gb-grid-column gb-grid-column-ec92ccc5 gb-grid-column-animation-zoom-in-fade-in\"><div class=\"gb-container gb-container-ec92ccc5 la-layout-text-wrapper la-text-wrapper gb-container-animation-zoom-in-fade-in\"><div class=\"gb-inside-container\">\n\n<div class=\"gb-headline gb-headline-8948aad3 gb-headline-text la-component-section-summary-tag accent-variation\">Modernizaci\u00f3n de m\u00e1quinas e incentivos 4.0<\/div>\n\n\n\n<h2 class=\"gb-headline gb-headline-8858caa4 gb-headline-text la-component-section-title smaller\">Renovaci\u00f3n seg\u00fan la \u00f3ptica 4.0<\/h2>\n\n\n\n<p class=\"la-component-section-content\">La Renovaci\u00f3n representa para muchas empresas una verdadera oportunidad; descubrir las ventajas seg\u00fan la \u00f3ptica 4.0 a disposici\u00f3n.. <\/p>\n\n\n<div class=\"gb-button-wrapper gb-button-wrapper-be9fc54d la-component-button-container la-button-link-container uppercase\">\n\n<a class=\"gb-button gb-button-a8141509 gb-button-text la-component-button\" href=\"https:\/\/oliveroimpianti.it\/es\/automazione-industriale-e-robot\/industria-4-0\/\">Ir a industria 4.0 <\/a>\n\n<\/div>\n<\/div><\/div><\/div>\n<\/div>\n<\/div><\/div>\n\n<div class=\"gb-container gb-container-8378aad9 la-pattern-cta alignwide\"><div class=\"gb-inside-container\">\n\n<h2 class=\"gb-headline gb-headline-cbfad595 gb-headline-text la-component-section-title smaller\">Elige el socio justo para la renovaci\u00f3n de tu instalaci\u00f3n<\/h2>\n\n\n<div class=\"gb-button-wrapper gb-button-wrapper-4ddb047f la-component-button-container uppercase centered\">\n\n<a class=\"gb-button gb-button-3d211ed6 gb-button-text la-component-button\" href=\"https:\/\/oliveroimpianti.it\/es\/contactos\/\">Contacta nuestro equipo t\u00e9cnico<\/a>\n\n<\/div>\n<\/div><\/div>","protected":false},"excerpt":{"rendered":"<p>Renovaci\u00f3n de instalaciones industriales La renovaci\u00f3n es una operaci\u00f3n de actualizaci\u00f3n, reestructuraci\u00f3n y nueva realizaci\u00f3n de maquinarias o instalaciones industriales completas ya existentes, con el objetivo de aumentar el ciclo de vida dentro del proceso&#8230;<\/p>\n","protected":false},"author":1,"featured_media":5754,"parent":6636,"menu_order":0,"comment_status":"closed","ping_status":"closed","template":"","meta":{"footnotes":""},"acf":[],"yoast_head":"<!-- This site is optimized with the Yoast SEO plugin v21.7 - https:\/\/yoast.com\/wordpress\/plugins\/seo\/ -->\n<title>Renovaci\u00f3n de instalaciones industriales, reducci\u00f3n costes de mantenimiento<\/title>\n<meta name=\"description\" content=\"Revamp, reacondicionamiento de maquinaria obsoleta para actualizaci\u00f3n con nuevas tecnolog\u00edas y mejora, normalizaci\u00f3n y certificaci\u00f3n de la planta.\" \/>\n<meta name=\"robots\" content=\"index, follow, max-snippet:-1, max-image-preview:large, max-video-preview:-1\" \/>\n<link rel=\"canonical\" href=\"https:\/\/oliveroimpianti.it\/es\/servicios\/renovacion\/\" \/>\n<meta property=\"og:locale\" content=\"es_ES\" \/>\n<meta property=\"og:type\" content=\"article\" \/>\n<meta property=\"og:title\" content=\"Renovaci\u00f3n de instalaciones industriales, reducci\u00f3n costes de mantenimiento\" \/>\n<meta property=\"og:description\" content=\"Revamp, reacondicionamiento de maquinaria obsoleta para actualizaci\u00f3n con nuevas tecnolog\u00edas y mejora, normalizaci\u00f3n y certificaci\u00f3n de la planta.\" \/>\n<meta property=\"og:url\" content=\"https:\/\/oliveroimpianti.it\/es\/servicios\/renovacion\/\" \/>\n<meta property=\"og:site_name\" content=\"Olivero Impianti\" \/>\n<meta property=\"article:modified_time\" content=\"2023-05-17T08:45:43+00:00\" \/>\n<meta property=\"og:image\" content=\"https:\/\/oliveroimpianti.it\/wp-content\/uploads\/2022\/06\/settore_industriale.jpg\" \/>\n\t<meta property=\"og:image:width\" content=\"1700\" \/>\n\t<meta property=\"og:image:height\" content=\"1356\" \/>\n\t<meta property=\"og:image:type\" content=\"image\/jpeg\" \/>\n<meta name=\"twitter:card\" content=\"summary_large_image\" \/>\n<meta name=\"twitter:label1\" content=\"Tiempo de lectura\" \/>\n\t<meta name=\"twitter:data1\" content=\"3 minutos\" \/>\n<script type=\"application\/ld+json\" class=\"yoast-schema-graph\">{\"@context\":\"https:\/\/schema.org\",\"@graph\":[{\"@type\":\"WebPage\",\"@id\":\"https:\/\/oliveroimpianti.it\/es\/servicios\/renovacion\/\",\"url\":\"https:\/\/oliveroimpianti.it\/es\/servicios\/renovacion\/\",\"name\":\"Renovaci\u00f3n de instalaciones industriales, reducci\u00f3n costes de mantenimiento\",\"isPartOf\":{\"@id\":\"https:\/\/oliveroimpianti.it\/#website\"},\"datePublished\":\"2022-05-25T14:28:51+00:00\",\"dateModified\":\"2023-05-17T08:45:43+00:00\",\"description\":\"Revamp, reacondicionamiento de maquinaria obsoleta para actualizaci\u00f3n con nuevas tecnolog\u00edas y mejora, normalizaci\u00f3n y certificaci\u00f3n de la planta.\",\"breadcrumb\":{\"@id\":\"https:\/\/oliveroimpianti.it\/es\/servicios\/renovacion\/#breadcrumb\"},\"inLanguage\":\"es\",\"potentialAction\":[{\"@type\":\"ReadAction\",\"target\":[\"https:\/\/oliveroimpianti.it\/es\/servicios\/renovacion\/\"]}]},{\"@type\":\"BreadcrumbList\",\"@id\":\"https:\/\/oliveroimpianti.it\/es\/servicios\/renovacion\/#breadcrumb\",\"itemListElement\":[{\"@type\":\"ListItem\",\"position\":1,\"name\":\"Home\",\"item\":\"https:\/\/oliveroimpianti.it\/es\/\"},{\"@type\":\"ListItem\",\"position\":2,\"name\":\"Servicios\",\"item\":\"https:\/\/oliveroimpianti.it\/es\/servicios\/\"},{\"@type\":\"ListItem\",\"position\":3,\"name\":\"Renovaci\u00f3n\"}]},{\"@type\":\"WebSite\",\"@id\":\"https:\/\/oliveroimpianti.it\/#website\",\"url\":\"https:\/\/oliveroimpianti.it\/\",\"name\":\"Olivero Impianti\",\"description\":\"Automazioni industriali\",\"publisher\":{\"@id\":\"https:\/\/oliveroimpianti.it\/#organization\"},\"potentialAction\":[{\"@type\":\"SearchAction\",\"target\":{\"@type\":\"EntryPoint\",\"urlTemplate\":\"https:\/\/oliveroimpianti.it\/?s={search_term_string}\"},\"query-input\":\"required name=search_term_string\"}],\"inLanguage\":\"es\"},{\"@type\":\"Organization\",\"@id\":\"https:\/\/oliveroimpianti.it\/#organization\",\"name\":\"Olivero Impianti\",\"url\":\"https:\/\/oliveroimpianti.it\/\",\"logo\":{\"@type\":\"ImageObject\",\"inLanguage\":\"es\",\"@id\":\"https:\/\/oliveroimpianti.it\/#\/schema\/logo\/image\/\",\"url\":\"https:\/\/oliveroimpianti.it\/wp-content\/uploads\/2023\/11\/cropped-olivero-impianti-logo.png\",\"contentUrl\":\"https:\/\/oliveroimpianti.it\/wp-content\/uploads\/2023\/11\/cropped-olivero-impianti-logo.png\",\"width\":1977,\"height\":449,\"caption\":\"Olivero Impianti\"},\"image\":{\"@id\":\"https:\/\/oliveroimpianti.it\/#\/schema\/logo\/image\/\"}}]}<\/script>\n<!-- \/ Yoast SEO plugin. -->","yoast_head_json":{"title":"Renovaci\u00f3n de instalaciones industriales, reducci\u00f3n costes de mantenimiento","description":"Revamp, reacondicionamiento de maquinaria obsoleta para actualizaci\u00f3n con nuevas tecnolog\u00edas y mejora, normalizaci\u00f3n y certificaci\u00f3n de la planta.","robots":{"index":"index","follow":"follow","max-snippet":"max-snippet:-1","max-image-preview":"max-image-preview:large","max-video-preview":"max-video-preview:-1"},"canonical":"https:\/\/oliveroimpianti.it\/es\/servicios\/renovacion\/","og_locale":"es_ES","og_type":"article","og_title":"Renovaci\u00f3n de instalaciones industriales, reducci\u00f3n costes de mantenimiento","og_description":"Revamp, reacondicionamiento de maquinaria obsoleta para actualizaci\u00f3n con nuevas tecnolog\u00edas y mejora, normalizaci\u00f3n y certificaci\u00f3n de la planta.","og_url":"https:\/\/oliveroimpianti.it\/es\/servicios\/renovacion\/","og_site_name":"Olivero Impianti","article_modified_time":"2023-05-17T08:45:43+00:00","og_image":[{"width":1700,"height":1356,"url":"https:\/\/oliveroimpianti.it\/wp-content\/uploads\/2022\/06\/settore_industriale.jpg","type":"image\/jpeg"}],"twitter_card":"summary_large_image","twitter_misc":{"Tiempo de lectura":"3 minutos"},"schema":{"@context":"https:\/\/schema.org","@graph":[{"@type":"WebPage","@id":"https:\/\/oliveroimpianti.it\/es\/servicios\/renovacion\/","url":"https:\/\/oliveroimpianti.it\/es\/servicios\/renovacion\/","name":"Renovaci\u00f3n de instalaciones industriales, reducci\u00f3n costes de mantenimiento","isPartOf":{"@id":"https:\/\/oliveroimpianti.it\/#website"},"datePublished":"2022-05-25T14:28:51+00:00","dateModified":"2023-05-17T08:45:43+00:00","description":"Revamp, reacondicionamiento de maquinaria obsoleta para actualizaci\u00f3n con nuevas tecnolog\u00edas y mejora, normalizaci\u00f3n y certificaci\u00f3n de la planta.","breadcrumb":{"@id":"https:\/\/oliveroimpianti.it\/es\/servicios\/renovacion\/#breadcrumb"},"inLanguage":"es","potentialAction":[{"@type":"ReadAction","target":["https:\/\/oliveroimpianti.it\/es\/servicios\/renovacion\/"]}]},{"@type":"BreadcrumbList","@id":"https:\/\/oliveroimpianti.it\/es\/servicios\/renovacion\/#breadcrumb","itemListElement":[{"@type":"ListItem","position":1,"name":"Home","item":"https:\/\/oliveroimpianti.it\/es\/"},{"@type":"ListItem","position":2,"name":"Servicios","item":"https:\/\/oliveroimpianti.it\/es\/servicios\/"},{"@type":"ListItem","position":3,"name":"Renovaci\u00f3n"}]},{"@type":"WebSite","@id":"https:\/\/oliveroimpianti.it\/#website","url":"https:\/\/oliveroimpianti.it\/","name":"Olivero Impianti","description":"Automazioni industriali","publisher":{"@id":"https:\/\/oliveroimpianti.it\/#organization"},"potentialAction":[{"@type":"SearchAction","target":{"@type":"EntryPoint","urlTemplate":"https:\/\/oliveroimpianti.it\/?s={search_term_string}"},"query-input":"required name=search_term_string"}],"inLanguage":"es"},{"@type":"Organization","@id":"https:\/\/oliveroimpianti.it\/#organization","name":"Olivero Impianti","url":"https:\/\/oliveroimpianti.it\/","logo":{"@type":"ImageObject","inLanguage":"es","@id":"https:\/\/oliveroimpianti.it\/#\/schema\/logo\/image\/","url":"https:\/\/oliveroimpianti.it\/wp-content\/uploads\/2023\/11\/cropped-olivero-impianti-logo.png","contentUrl":"https:\/\/oliveroimpianti.it\/wp-content\/uploads\/2023\/11\/cropped-olivero-impianti-logo.png","width":1977,"height":449,"caption":"Olivero Impianti"},"image":{"@id":"https:\/\/oliveroimpianti.it\/#\/schema\/logo\/image\/"}}]}},"_links":{"self":[{"href":"https:\/\/oliveroimpianti.it\/es\/wp-json\/wp\/v2\/pages\/6639"}],"collection":[{"href":"https:\/\/oliveroimpianti.it\/es\/wp-json\/wp\/v2\/pages"}],"about":[{"href":"https:\/\/oliveroimpianti.it\/es\/wp-json\/wp\/v2\/types\/page"}],"author":[{"embeddable":true,"href":"https:\/\/oliveroimpianti.it\/es\/wp-json\/wp\/v2\/users\/1"}],"replies":[{"embeddable":true,"href":"https:\/\/oliveroimpianti.it\/es\/wp-json\/wp\/v2\/comments?post=6639"}],"version-history":[{"count":2,"href":"https:\/\/oliveroimpianti.it\/es\/wp-json\/wp\/v2\/pages\/6639\/revisions"}],"predecessor-version":[{"id":6908,"href":"https:\/\/oliveroimpianti.it\/es\/wp-json\/wp\/v2\/pages\/6639\/revisions\/6908"}],"up":[{"embeddable":true,"href":"https:\/\/oliveroimpianti.it\/es\/wp-json\/wp\/v2\/pages\/6636"}],"wp:featuredmedia":[{"embeddable":true,"href":"https:\/\/oliveroimpianti.it\/es\/wp-json\/wp\/v2\/media\/5754"}],"wp:attachment":[{"href":"https:\/\/oliveroimpianti.it\/es\/wp-json\/wp\/v2\/media?parent=6639"}],"curies":[{"name":"wp","href":"https:\/\/api.w.org\/{rel}","templated":true}]}}