{"id":6637,"date":"2022-05-25T14:29:45","date_gmt":"2022-05-25T14:29:45","guid":{"rendered":"https:\/\/oliveroimpianti.it\/servizi\/certificazione-o-ricertificazione-di-impianti\/"},"modified":"2023-05-17T09:07:22","modified_gmt":"2023-05-17T09:07:22","slug":"certificacion-o-nueva-certificacion-de-instalaciones","status":"publish","type":"page","link":"https:\/\/oliveroimpianti.it\/es\/servicios\/certificacion-o-nueva-certificacion-de-instalaciones\/","title":{"rendered":"Certificaci\u00f3n o nueva certificaci\u00f3n de instalaciones"},"content":{"rendered":"<div class=\"gb-container gb-container-7bfc5652 la-layout-text-image-driven-height la-pattern-text-and-image-with-shifted-background alignwide gb-container-animation-zoom-in-fade-in\"><div class=\"gb-inside-container\">\n\n<div class=\"gb-headline gb-headline-58df952e gb-headline-text la-component-sliding-text slide-from-left to-left-position la-sliding-text\">Certificaci\u00f3n de instalaciones<\/div>\n\n\n<div class=\"gb-grid-wrapper gb-grid-wrapper-bafbc3ca la-layout-text-image-driven-height-container\">\n<div class=\"gb-grid-column gb-grid-column-c667d299 gb-grid-column-animation-zoom-in-fade-in\"><div class=\"gb-container gb-container-c667d299 la-layout-text-wrapper la-text-wrapper gb-container-animation-zoom-in-fade-in\"><div class=\"gb-inside-container\">\n\n<div class=\"gb-headline gb-headline-d50c8023 gb-headline-text la-component-section-summary-tag\">Servicios para la industria <\/div>\n\n\n\n<h2 class=\"gb-headline gb-headline-ff10461e gb-headline-text la-component-section-title\">Certificaci\u00f3n de instalaciones<\/h2>\n\n\n\n<p>La marca CE es una obligaci\u00f3n fundamental para los fabricantes de productos (por ejemplo para las m\u00e1quinas industriales) destinados a pa\u00edses de la Uni\u00f3n Europea, ya que certifica la conformidad de las m\u00e1quinas con las directivas comunitarias aplicables.<\/p>\n\n\n\n<p>Debido a la importancia que significa para las empresas, Olivero ha formado dentro de nuestro equipo personal altamente cualificado que, luego de un estudio preliminar de la m\u00e1quina (llamado An\u00e1lisis de Riesgos) es capaz de garantizar al cliente la conformidad con la misma mediante dos soluciones: Nueva certificaci\u00f3n o Adaptaci\u00f3n de la m\u00e1quina a la normativa vigente.<\/p>\n\n<\/div><\/div><\/div>\n\n<div class=\"gb-grid-column gb-grid-column-85056616 gb-grid-column-animation-zoom-in-fade-in\"><div class=\"gb-container gb-container-85056616 la-layout-image-wrapper  la-image-container gb-container-animation-zoom-in-fade-in\"><div class=\"gb-inside-container\">\n<div class=\"gb-container gb-container-407cf67a la-image-background\"><div class=\"gb-inside-container\"><\/div><\/div>\n\n\n<figure class=\"wp-block-image size-large la-layout-image la-image-wrapper\"><img loading=\"lazy\" decoding=\"async\" width=\"1024\" height=\"683\" src=\"https:\/\/oliveroimpianti.it\/wp-content\/uploads\/2022\/11\/certificazione-1024x683.png\" alt=\"\" class=\"wp-image-4869\" srcset=\"https:\/\/oliveroimpianti.it\/wp-content\/uploads\/2022\/11\/certificazione-1024x683.png 1024w, https:\/\/oliveroimpianti.it\/wp-content\/uploads\/2022\/11\/certificazione-600x400.png 600w, https:\/\/oliveroimpianti.it\/wp-content\/uploads\/2022\/11\/certificazione-300x200.png 300w, https:\/\/oliveroimpianti.it\/wp-content\/uploads\/2022\/11\/certificazione-768x512.png 768w, https:\/\/oliveroimpianti.it\/wp-content\/uploads\/2022\/11\/certificazione-1536x1024.png 1536w, https:\/\/oliveroimpianti.it\/wp-content\/uploads\/2022\/11\/certificazione-500x333.png 500w, https:\/\/oliveroimpianti.it\/wp-content\/uploads\/2022\/11\/certificazione-800x534.png 800w, https:\/\/oliveroimpianti.it\/wp-content\/uploads\/2022\/11\/certificazione-1280x854.png 1280w, https:\/\/oliveroimpianti.it\/wp-content\/uploads\/2022\/11\/certificazione.png 1600w\" sizes=\"(max-width: 1024px) 100vw, 1024px\" \/><\/figure>\n\n<\/div><\/div><\/div>\n<\/div>\n<\/div><\/div>\n\n<div class=\"gb-container gb-container-c0b45941 la-pattern-overview-with-link\"><div class=\"gb-inside-container\">\n<div class=\"gb-container gb-container-fdb81756 alignwide gb-container-animation-zoom-in-fade-in\"><div class=\"gb-inside-container\">\n\n<h2 class=\"gb-headline gb-headline-87874c59 gb-headline-text la-component-section-title\">\u00bfNueva certificaci\u00f3n o adaptaci\u00f3n?<\/h2>\n\n\n<div class=\"gb-grid-wrapper gb-grid-wrapper-57921129\">\n<div class=\"gb-grid-column gb-grid-column-b05aa8b1\"><div class=\"gb-container gb-container-b05aa8b1\"><div class=\"gb-inside-container\">\n\n<p>En base a las necesidades del cliente y a las condiciones de la m\u00e1quina, somos capaces de suministrar ambos servicios: nueva certificaci\u00f3n y adaptaci\u00f3n.<\/p>\n\n\n\n<p>Para Olivero realizar una nueva certificaci\u00f3n de una m\u00e1quina significa preparar un nuevo marcaje CE, realizando el documento t\u00e9cnico completo y convertirse en responsable, si bien no es el fabricante original.<\/p>\n\n\n\n<p>Adaptar una m\u00e1quina a la normativa vigente implica el acompa\u00f1amiento del cliente en calidad de asesor, sugiriendo las intervenciones a realizar para adaptarla al Decreto 81\/2008 relativo a la seguridad en el trabajo. <\/p>\n\n\n\n<p>En este caso el cliente sigue siendo responsable de la m\u00e1quina, mientras que Olivero emite un informe que confirma la realizaci\u00f3n de los trabajos de adaptaci\u00f3n.<\/p>\n\n<\/div><\/div><\/div>\n\n<div class=\"gb-grid-column gb-grid-column-45096ee0\"><div class=\"gb-container gb-container-45096ee0\"><div class=\"gb-inside-container\">\n\n<p class=\"has-text-align-left la-component-section-content\"><strong>Instalaci\u00f3n por cuenta de terceros<\/strong><\/p>\n\n\n\n<p class=\"has-text-align-left\">El montaje de instalaciones por cuenta de terceros, es decir no de fabricaci\u00f3n propia sino que comprados a terceros, es otro servicio de relevancia que Olivero realiza para satisfacer las exigencias del cliente.<\/p>\n\n\n\n<p class=\"has-text-align-left\"><strong>\u00bfCu\u00e1les son las principales ventajas?<\/strong><\/p>\n\n\n\n<div class=\"wp-block-group la-component-list-item-wrapper is-layout-flow wp-block-group-is-layout-flow\"><div class=\"wp-block-group__inner-container\">\n<h3 class=\"gb-headline gb-headline-0f28717a la-component-list-item-title\"><span class=\"gb-icon\"><svg aria-hidden=\"true\" role=\"img\" height=\"1em\" width=\"1em\" viewBox=\"0 0 512 512\" xmlns=\"http:\/\/www.w3.org\/2000\/svg\"><path fill=\"currentColor\" d=\"M173.898 439.404l-166.4-166.4c-9.997-9.997-9.997-26.206 0-36.204l36.203-36.204c9.997-9.998 26.207-9.998 36.204 0L192 312.69 432.095 72.596c9.997-9.997 26.207-9.997 36.204 0l36.203 36.204c9.997 9.997 9.997 26.206 0 36.204l-294.4 294.401c-9.998 9.997-26.207 9.997-36.204-.001z\"><\/path><\/svg><\/span><span class=\"gb-headline-text\">Conocimiento de las instalaciones existentes en sus establecimientos de producci\u00f3n<\/span><\/h3>\n\n\n\n<h3 class=\"gb-headline gb-headline-e8b02633 la-component-list-item-title\"><span class=\"gb-icon\"><svg aria-hidden=\"true\" role=\"img\" height=\"1em\" width=\"1em\" viewBox=\"0 0 512 512\" xmlns=\"http:\/\/www.w3.org\/2000\/svg\"><path fill=\"currentColor\" d=\"M173.898 439.404l-166.4-166.4c-9.997-9.997-9.997-26.206 0-36.204l36.203-36.204c9.997-9.998 26.207-9.998 36.204 0L192 312.69 432.095 72.596c9.997-9.997 26.207-9.997 36.204 0l36.203 36.204c9.997 9.997 9.997 26.206 0 36.204l-294.4 294.401c-9.998 9.997-26.207 9.997-36.204-.001z\"><\/path><\/svg><\/span><span class=\"gb-headline-text\"> Intervenci\u00f3n con celeridad en caso de problemas de puesta en marcha <\/span><\/h3>\n\n\n\n<h3 class=\"gb-headline gb-headline-4dbb047e la-component-list-item-title\"><span class=\"gb-icon\"><svg aria-hidden=\"true\" role=\"img\" height=\"1em\" width=\"1em\" viewBox=\"0 0 512 512\" xmlns=\"http:\/\/www.w3.org\/2000\/svg\"><path fill=\"currentColor\" d=\"M173.898 439.404l-166.4-166.4c-9.997-9.997-9.997-26.206 0-36.204l36.203-36.204c9.997-9.998 26.207-9.998 36.204 0L192 312.69 432.095 72.596c9.997-9.997 26.207-9.997 36.204 0l36.203 36.204c9.997 9.997 9.997 26.206 0 36.204l-294.4 294.401c-9.998 9.997-26.207 9.997-36.204-.001z\"><\/path><\/svg><\/span><span class=\"gb-headline-text\">Equipamientos propios y de vanguardia que nos permiten ser competitivos en cuanto a costos y plazos establecidos<\/span><\/h3>\n<\/div><\/div>\n\n<\/div><\/div><\/div>\n<\/div>\n<\/div><\/div>\n<\/div><\/div>\n\n<div class=\"gb-container gb-container-b9a05e25 la-layout-text-image-driven-height la-pattern-text-and-overlapped-image accent-variation image-first alternate-position alignfull\"><div class=\"gb-inside-container\">\n<div class=\"gb-grid-wrapper gb-grid-wrapper-cc8e3ea5 la-layout-text-image-driven-height-container la-pattern-text-and-overlapped-image-container alternate-position\">\n<div class=\"gb-grid-column gb-grid-column-95ea4fa7 gb-grid-column-animation-zoom-in-fade-in\"><div class=\"gb-container gb-container-95ea4fa7 la-layout-image-wrapper la-image-wrapper  gb-container-animation-zoom-in-fade-in\"><div class=\"gb-inside-container\">\n\n<figure class=\"wp-block-image size-large la-layout-image\"><img loading=\"lazy\" decoding=\"async\" width=\"1024\" height=\"683\" src=\"https:\/\/oliveroimpianti.it\/wp-content\/uploads\/2022\/11\/certificazione-servizi-valore-aggiunto-1024x683.png\" alt=\"\" class=\"wp-image-4870\" srcset=\"https:\/\/oliveroimpianti.it\/wp-content\/uploads\/2022\/11\/certificazione-servizi-valore-aggiunto-1024x683.png 1024w, https:\/\/oliveroimpianti.it\/wp-content\/uploads\/2022\/11\/certificazione-servizi-valore-aggiunto-600x400.png 600w, https:\/\/oliveroimpianti.it\/wp-content\/uploads\/2022\/11\/certificazione-servizi-valore-aggiunto-300x200.png 300w, https:\/\/oliveroimpianti.it\/wp-content\/uploads\/2022\/11\/certificazione-servizi-valore-aggiunto-768x512.png 768w, https:\/\/oliveroimpianti.it\/wp-content\/uploads\/2022\/11\/certificazione-servizi-valore-aggiunto-1536x1024.png 1536w, https:\/\/oliveroimpianti.it\/wp-content\/uploads\/2022\/11\/certificazione-servizi-valore-aggiunto-500x333.png 500w, https:\/\/oliveroimpianti.it\/wp-content\/uploads\/2022\/11\/certificazione-servizi-valore-aggiunto-800x534.png 800w, https:\/\/oliveroimpianti.it\/wp-content\/uploads\/2022\/11\/certificazione-servizi-valore-aggiunto-1280x854.png 1280w, https:\/\/oliveroimpianti.it\/wp-content\/uploads\/2022\/11\/certificazione-servizi-valore-aggiunto.png 1600w\" sizes=\"(max-width: 1024px) 100vw, 1024px\" \/><\/figure>\n\n<\/div><\/div><\/div>\n\n<div class=\"gb-grid-column gb-grid-column-ec92ccc5 gb-grid-column-animation-zoom-in-fade-in\"><div class=\"gb-container gb-container-ec92ccc5 la-layout-text-wrapper la-text-wrapper gb-container-animation-zoom-in-fade-in\"><div class=\"gb-inside-container\">\n\n<div class=\"gb-headline gb-headline-8948aad3 gb-headline-text la-component-section-summary-tag accent-variation\">Al lado de la industria<\/div>\n\n\n\n<h2 class=\"gb-headline gb-headline-8858caa4 gb-headline-text la-component-section-title smaller\">Servicio con valor agregado<\/h2>\n\n\n\n<p class=\"has-base-3-color has-text-color\">Gracias a la experiencia en el mundo mec\u00e1nico y el\u00e9ctrico adquirida con a\u00f1os de realizaci\u00f3n de instalaciones industriales de diversos tipos, Olivero es hoy capaz de ofrecer al cliente una amplia gama de soluciones innovadoras y de alto valor adicional tanto en instalaciones construidas directamente como realizados por terceros.<\/p>\n\n\n<div class=\"gb-button-wrapper gb-button-wrapper-be9fc54d la-component-button-container la-button-link-container uppercase\">\n\n<a class=\"gb-button gb-button-a8141509 gb-button-text la-component-button\" href=\"https:\/\/oliveroimpianti.it\/es\/servicios\/integrador-de-sistemas\/\">Integraci\u00f3n de sistemas<\/a>\n\n\n\n<a class=\"gb-button gb-button-e45c204a gb-button-text la-component-button\" href=\"https:\/\/oliveroimpianti.it\/es\/servicios\/personalizacion-de-instalaciones-de-automatizacion\/\">Instalaciones a medida<\/a>\n\n<\/div>\n<\/div><\/div><\/div>\n<\/div>\n<\/div><\/div>\n\n<div class=\"gb-container gb-container-8378aad9 alignfull\"><div class=\"gb-inside-container\">\n\n<h2 class=\"gb-headline gb-headline-cbfad595 gb-headline-text la-component-section-title smaller\">Somos un integrador de sistemas capaz de proyectar y realizar soluciones de gran valor agregado<\/h2>\n\n\n<div class=\"gb-button-wrapper gb-button-wrapper-4ddb047f la-component-button-container uppercase centered\">\n\n<a class=\"gb-button gb-button-3d211ed6 gb-button-text la-component-button\" href=\"https:\/\/oliveroimpianti.it\/es\/contactos\/\">&nbsp;Contacta nuestro equipo<\/a>\n\n<\/div>\n<\/div><\/div>","protected":false},"excerpt":{"rendered":"<p>Certificaci\u00f3n de instalaciones \u00bfNueva certificaci\u00f3n o adaptaci\u00f3n? Somos un integrador de sistemas capaz de proyectar y realizar soluciones de gran valor agregado<\/p>\n","protected":false},"author":1,"featured_media":5919,"parent":6636,"menu_order":0,"comment_status":"closed","ping_status":"closed","template":"","meta":{"footnotes":""},"acf":[],"yoast_head":"<!-- This site is optimized with the Yoast SEO plugin v21.7 - https:\/\/yoast.com\/wordpress\/plugins\/seo\/ -->\n<title>Certificaci\u00f3n, recertificaci\u00f3n o adaptaci\u00f3n de instalaciones y maquinaria<\/title>\n<meta name=\"description\" content=\"Certificaci\u00f3n de m\u00e1quinas productivas para el marcado CE de los productos o adaptaci\u00f3n a las normativas vigentes, servicio de montaje instalaciones a cuenta de terceros.\" \/>\n<meta name=\"robots\" content=\"index, follow, max-snippet:-1, max-image-preview:large, max-video-preview:-1\" \/>\n<link rel=\"canonical\" href=\"https:\/\/oliveroimpianti.it\/es\/servicios\/certificacion-o-nueva-certificacion-de-instalaciones\/\" \/>\n<meta property=\"og:locale\" content=\"es_ES\" \/>\n<meta property=\"og:type\" content=\"article\" \/>\n<meta property=\"og:title\" content=\"Certificaci\u00f3n, recertificaci\u00f3n o adaptaci\u00f3n de instalaciones y maquinaria\" \/>\n<meta property=\"og:description\" content=\"Certificaci\u00f3n de m\u00e1quinas productivas para el marcado CE de los productos o adaptaci\u00f3n a las normativas vigentes, servicio de montaje instalaciones a cuenta de terceros.\" \/>\n<meta property=\"og:url\" content=\"https:\/\/oliveroimpianti.it\/es\/servicios\/certificacion-o-nueva-certificacion-de-instalaciones\/\" \/>\n<meta property=\"og:site_name\" content=\"Olivero Impianti\" \/>\n<meta property=\"article:modified_time\" content=\"2023-05-17T09:07:22+00:00\" \/>\n<meta property=\"og:image\" content=\"https:\/\/oliveroimpianti.it\/wp-content\/uploads\/2022\/10\/certificazione-impianti.jpg\" \/>\n\t<meta property=\"og:image:width\" content=\"2500\" \/>\n\t<meta property=\"og:image:height\" content=\"1178\" \/>\n\t<meta property=\"og:image:type\" content=\"image\/jpeg\" \/>\n<meta name=\"twitter:card\" content=\"summary_large_image\" \/>\n<meta name=\"twitter:label1\" content=\"Tiempo de lectura\" \/>\n\t<meta name=\"twitter:data1\" content=\"3 minutos\" \/>\n<script type=\"application\/ld+json\" class=\"yoast-schema-graph\">{\"@context\":\"https:\/\/schema.org\",\"@graph\":[{\"@type\":\"WebPage\",\"@id\":\"https:\/\/oliveroimpianti.it\/es\/servicios\/certificacion-o-nueva-certificacion-de-instalaciones\/\",\"url\":\"https:\/\/oliveroimpianti.it\/es\/servicios\/certificacion-o-nueva-certificacion-de-instalaciones\/\",\"name\":\"Certificaci\u00f3n, recertificaci\u00f3n o adaptaci\u00f3n de instalaciones y maquinaria\",\"isPartOf\":{\"@id\":\"https:\/\/oliveroimpianti.it\/#website\"},\"datePublished\":\"2022-05-25T14:29:45+00:00\",\"dateModified\":\"2023-05-17T09:07:22+00:00\",\"description\":\"Certificaci\u00f3n de m\u00e1quinas productivas para el marcado CE de los productos o adaptaci\u00f3n a las normativas vigentes, servicio de montaje instalaciones a cuenta de terceros.\",\"breadcrumb\":{\"@id\":\"https:\/\/oliveroimpianti.it\/es\/servicios\/certificacion-o-nueva-certificacion-de-instalaciones\/#breadcrumb\"},\"inLanguage\":\"es\",\"potentialAction\":[{\"@type\":\"ReadAction\",\"target\":[\"https:\/\/oliveroimpianti.it\/es\/servicios\/certificacion-o-nueva-certificacion-de-instalaciones\/\"]}]},{\"@type\":\"BreadcrumbList\",\"@id\":\"https:\/\/oliveroimpianti.it\/es\/servicios\/certificacion-o-nueva-certificacion-de-instalaciones\/#breadcrumb\",\"itemListElement\":[{\"@type\":\"ListItem\",\"position\":1,\"name\":\"Home\",\"item\":\"https:\/\/oliveroimpianti.it\/es\/\"},{\"@type\":\"ListItem\",\"position\":2,\"name\":\"Servicios\",\"item\":\"https:\/\/oliveroimpianti.it\/es\/servicios\/\"},{\"@type\":\"ListItem\",\"position\":3,\"name\":\"Certificaci\u00f3n o nueva certificaci\u00f3n de instalaciones\"}]},{\"@type\":\"WebSite\",\"@id\":\"https:\/\/oliveroimpianti.it\/#website\",\"url\":\"https:\/\/oliveroimpianti.it\/\",\"name\":\"Olivero Impianti\",\"description\":\"Automazioni industriali\",\"publisher\":{\"@id\":\"https:\/\/oliveroimpianti.it\/#organization\"},\"potentialAction\":[{\"@type\":\"SearchAction\",\"target\":{\"@type\":\"EntryPoint\",\"urlTemplate\":\"https:\/\/oliveroimpianti.it\/?s={search_term_string}\"},\"query-input\":\"required name=search_term_string\"}],\"inLanguage\":\"es\"},{\"@type\":\"Organization\",\"@id\":\"https:\/\/oliveroimpianti.it\/#organization\",\"name\":\"Olivero Impianti\",\"url\":\"https:\/\/oliveroimpianti.it\/\",\"logo\":{\"@type\":\"ImageObject\",\"inLanguage\":\"es\",\"@id\":\"https:\/\/oliveroimpianti.it\/#\/schema\/logo\/image\/\",\"url\":\"https:\/\/oliveroimpianti.it\/wp-content\/uploads\/2023\/11\/cropped-olivero-impianti-logo.png\",\"contentUrl\":\"https:\/\/oliveroimpianti.it\/wp-content\/uploads\/2023\/11\/cropped-olivero-impianti-logo.png\",\"width\":1977,\"height\":449,\"caption\":\"Olivero Impianti\"},\"image\":{\"@id\":\"https:\/\/oliveroimpianti.it\/#\/schema\/logo\/image\/\"}}]}<\/script>\n<!-- \/ Yoast SEO plugin. -->","yoast_head_json":{"title":"Certificaci\u00f3n, recertificaci\u00f3n o adaptaci\u00f3n de instalaciones y maquinaria","description":"Certificaci\u00f3n de m\u00e1quinas productivas para el marcado CE de los productos o adaptaci\u00f3n a las normativas vigentes, servicio de montaje instalaciones a cuenta de terceros.","robots":{"index":"index","follow":"follow","max-snippet":"max-snippet:-1","max-image-preview":"max-image-preview:large","max-video-preview":"max-video-preview:-1"},"canonical":"https:\/\/oliveroimpianti.it\/es\/servicios\/certificacion-o-nueva-certificacion-de-instalaciones\/","og_locale":"es_ES","og_type":"article","og_title":"Certificaci\u00f3n, recertificaci\u00f3n o adaptaci\u00f3n de instalaciones y maquinaria","og_description":"Certificaci\u00f3n de m\u00e1quinas productivas para el marcado CE de los productos o adaptaci\u00f3n a las normativas vigentes, servicio de montaje instalaciones a cuenta de terceros.","og_url":"https:\/\/oliveroimpianti.it\/es\/servicios\/certificacion-o-nueva-certificacion-de-instalaciones\/","og_site_name":"Olivero Impianti","article_modified_time":"2023-05-17T09:07:22+00:00","og_image":[{"width":2500,"height":1178,"url":"https:\/\/oliveroimpianti.it\/wp-content\/uploads\/2022\/10\/certificazione-impianti.jpg","type":"image\/jpeg"}],"twitter_card":"summary_large_image","twitter_misc":{"Tiempo de lectura":"3 minutos"},"schema":{"@context":"https:\/\/schema.org","@graph":[{"@type":"WebPage","@id":"https:\/\/oliveroimpianti.it\/es\/servicios\/certificacion-o-nueva-certificacion-de-instalaciones\/","url":"https:\/\/oliveroimpianti.it\/es\/servicios\/certificacion-o-nueva-certificacion-de-instalaciones\/","name":"Certificaci\u00f3n, recertificaci\u00f3n o adaptaci\u00f3n de instalaciones y maquinaria","isPartOf":{"@id":"https:\/\/oliveroimpianti.it\/#website"},"datePublished":"2022-05-25T14:29:45+00:00","dateModified":"2023-05-17T09:07:22+00:00","description":"Certificaci\u00f3n de m\u00e1quinas productivas para el marcado CE de los productos o adaptaci\u00f3n a las normativas vigentes, servicio de montaje instalaciones a cuenta de terceros.","breadcrumb":{"@id":"https:\/\/oliveroimpianti.it\/es\/servicios\/certificacion-o-nueva-certificacion-de-instalaciones\/#breadcrumb"},"inLanguage":"es","potentialAction":[{"@type":"ReadAction","target":["https:\/\/oliveroimpianti.it\/es\/servicios\/certificacion-o-nueva-certificacion-de-instalaciones\/"]}]},{"@type":"BreadcrumbList","@id":"https:\/\/oliveroimpianti.it\/es\/servicios\/certificacion-o-nueva-certificacion-de-instalaciones\/#breadcrumb","itemListElement":[{"@type":"ListItem","position":1,"name":"Home","item":"https:\/\/oliveroimpianti.it\/es\/"},{"@type":"ListItem","position":2,"name":"Servicios","item":"https:\/\/oliveroimpianti.it\/es\/servicios\/"},{"@type":"ListItem","position":3,"name":"Certificaci\u00f3n o nueva certificaci\u00f3n de instalaciones"}]},{"@type":"WebSite","@id":"https:\/\/oliveroimpianti.it\/#website","url":"https:\/\/oliveroimpianti.it\/","name":"Olivero Impianti","description":"Automazioni industriali","publisher":{"@id":"https:\/\/oliveroimpianti.it\/#organization"},"potentialAction":[{"@type":"SearchAction","target":{"@type":"EntryPoint","urlTemplate":"https:\/\/oliveroimpianti.it\/?s={search_term_string}"},"query-input":"required name=search_term_string"}],"inLanguage":"es"},{"@type":"Organization","@id":"https:\/\/oliveroimpianti.it\/#organization","name":"Olivero Impianti","url":"https:\/\/oliveroimpianti.it\/","logo":{"@type":"ImageObject","inLanguage":"es","@id":"https:\/\/oliveroimpianti.it\/#\/schema\/logo\/image\/","url":"https:\/\/oliveroimpianti.it\/wp-content\/uploads\/2023\/11\/cropped-olivero-impianti-logo.png","contentUrl":"https:\/\/oliveroimpianti.it\/wp-content\/uploads\/2023\/11\/cropped-olivero-impianti-logo.png","width":1977,"height":449,"caption":"Olivero Impianti"},"image":{"@id":"https:\/\/oliveroimpianti.it\/#\/schema\/logo\/image\/"}}]}},"_links":{"self":[{"href":"https:\/\/oliveroimpianti.it\/es\/wp-json\/wp\/v2\/pages\/6637"}],"collection":[{"href":"https:\/\/oliveroimpianti.it\/es\/wp-json\/wp\/v2\/pages"}],"about":[{"href":"https:\/\/oliveroimpianti.it\/es\/wp-json\/wp\/v2\/types\/page"}],"author":[{"embeddable":true,"href":"https:\/\/oliveroimpianti.it\/es\/wp-json\/wp\/v2\/users\/1"}],"replies":[{"embeddable":true,"href":"https:\/\/oliveroimpianti.it\/es\/wp-json\/wp\/v2\/comments?post=6637"}],"version-history":[{"count":3,"href":"https:\/\/oliveroimpianti.it\/es\/wp-json\/wp\/v2\/pages\/6637\/revisions"}],"predecessor-version":[{"id":6906,"href":"https:\/\/oliveroimpianti.it\/es\/wp-json\/wp\/v2\/pages\/6637\/revisions\/6906"}],"up":[{"embeddable":true,"href":"https:\/\/oliveroimpianti.it\/es\/wp-json\/wp\/v2\/pages\/6636"}],"wp:featuredmedia":[{"embeddable":true,"href":"https:\/\/oliveroimpianti.it\/es\/wp-json\/wp\/v2\/media\/5919"}],"wp:attachment":[{"href":"https:\/\/oliveroimpianti.it\/es\/wp-json\/wp\/v2\/media?parent=6637"}],"curies":[{"name":"wp","href":"https:\/\/api.w.org\/{rel}","templated":true}]}}