{"id":6631,"date":"2022-05-02T09:53:29","date_gmt":"2022-05-02T09:53:29","guid":{"rendered":"https:\/\/oliveroimpianti.it\/manutenzione-industriale\/"},"modified":"2023-05-17T09:02:07","modified_gmt":"2023-05-17T09:02:07","slug":"mantenimiento-industrial","status":"publish","type":"page","link":"https:\/\/oliveroimpianti.it\/es\/mantenimiento-industrial\/","title":{"rendered":"Mantenimiento industrial"},"content":{"rendered":"<div class=\"gb-container gb-container-7bfc5652 la-layout-text-image-driven-height la-pattern-text-and-image-with-shifted-background alignwide gb-container-animation-zoom-in-fade-in\"><div class=\"gb-inside-container\">\n\n<div class=\"gb-headline gb-headline-58df952e gb-headline-text la-component-sliding-text slide-from-left to-left-position la-sliding-text\">Mantenimiento industrial<\/div>\n\n\n<div class=\"gb-grid-wrapper gb-grid-wrapper-bafbc3ca la-layout-text-image-driven-height-container\">\n<div class=\"gb-grid-column gb-grid-column-c667d299 gb-grid-column-animation-zoom-in-fade-in\"><div class=\"gb-container gb-container-c667d299 la-layout-text-wrapper la-text-wrapper gb-container-animation-zoom-in-fade-in\"><div class=\"gb-inside-container\">\n\n<div class=\"gb-headline gb-headline-d50c8023 gb-headline-text la-component-section-summary-tag\">Especialistas en el mantenimiento de instalaciones<\/div>\n\n\n\n<h2 class=\"gb-headline gb-headline-ff10461e gb-headline-text la-component-section-title\">Mantenimiento de m\u00e1quinas e instalaciones industriales<\/h2>\n\n\n\n<p>Nuestro servicio para las empresas de producci\u00f3n es completo e incluye todas las actividades de montaje y mantenimiento. Un sector dentro del cual nuestro equipo demuestra un absoluto liderazgo, porque forma parte de los objetivos de la empresa desde sus comienzos.<\/p>\n\n\n\n<p>El montaje puede referirse tanto a una m\u00e1quina individual como a instalaciones completas en la planta del cliente, ya sea que \u00e9ste las suministre directamente o hayan sido proyectadas por nosotros. Somos capaces de realizar actividades de resposicionamiento de m\u00e1quinas o instalaciones completas con el desmontaje y posterior montaje en la misma planta del cliente o en otra sede, nacional o en el extranjero. Esto tambi\u00e9n gracias a nuestro parque de m\u00e1quinas, que permiten el desplazamiento de cargas de gran tama\u00f1o: Galizia G120 e Galizia F200 (el\u00e9ctricas); Valla 30E, 50E, 80R, 250E\/D (el\u00e9ctricas); Manitou MRT1850 (di\u00e9sel); Merlo Roto R50.16 MCSS (di\u00e9sel).<\/p>\n\n<\/div><\/div><\/div>\n\n<div class=\"gb-grid-column gb-grid-column-85056616 gb-grid-column-animation-zoom-in-fade-in\"><div class=\"gb-container gb-container-85056616 la-layout-image-wrapper  la-image-container gb-container-animation-zoom-in-fade-in\"><div class=\"gb-inside-container\">\n<div class=\"gb-container gb-container-407cf67a la-image-background\"><div class=\"gb-inside-container\"><\/div><\/div>\n\n\n<figure class=\"wp-block-image size-large la-layout-image la-image-wrapper\"><img loading=\"lazy\" decoding=\"async\" width=\"1024\" height=\"683\" src=\"https:\/\/oliveroimpianti.it\/wp-content\/uploads\/2022\/06\/manutenzione_per_macchine_e_impianti_industriali-1024x683.jpg\" alt=\"\" class=\"wp-image-4265\" srcset=\"https:\/\/oliveroimpianti.it\/wp-content\/uploads\/2022\/06\/manutenzione_per_macchine_e_impianti_industriali-1024x683.jpg 1024w, https:\/\/oliveroimpianti.it\/wp-content\/uploads\/2022\/06\/manutenzione_per_macchine_e_impianti_industriali-600x400.jpg 600w, https:\/\/oliveroimpianti.it\/wp-content\/uploads\/2022\/06\/manutenzione_per_macchine_e_impianti_industriali-300x200.jpg 300w, https:\/\/oliveroimpianti.it\/wp-content\/uploads\/2022\/06\/manutenzione_per_macchine_e_impianti_industriali-768x512.jpg 768w, https:\/\/oliveroimpianti.it\/wp-content\/uploads\/2022\/06\/manutenzione_per_macchine_e_impianti_industriali-1536x1024.jpg 1536w, https:\/\/oliveroimpianti.it\/wp-content\/uploads\/2022\/06\/manutenzione_per_macchine_e_impianti_industriali.jpg 1600w\" sizes=\"(max-width: 1024px) 100vw, 1024px\" \/><\/figure>\n\n<\/div><\/div><\/div>\n<\/div>\n<\/div><\/div>\n\n<div class=\"gb-container gb-container-c0b45941 la-pattern-overview-with-link\"><div class=\"gb-inside-container\">\n<div class=\"gb-container gb-container-fdb81756 alignwide gb-container-animation-zoom-in-fade-in\"><div class=\"gb-inside-container\">\n\n<h2 class=\"gb-headline gb-headline-87874c59 gb-headline-text la-component-section-title\">Servicio completo<\/h2>\n\n\n<div class=\"gb-grid-wrapper gb-grid-wrapper-57921129\">\n<div class=\"gb-grid-column gb-grid-column-b05aa8b1\"><div class=\"gb-container gb-container-b05aa8b1\"><div class=\"gb-inside-container\">\n\n<p>En base al tipo de actividad desempe\u00f1ada se entregar\u00e1 una \u00abdeclaraci\u00f3n de montaje preciso\u00bb o una \u00abdeclaraci\u00f3n de conformidad\u00bb respetando plenamente la normativa vigente.<\/p>\n\n\n\n<p>En caso de desmantelamiento de m\u00e1quinas o instalaciones, somos capaces de suministrar un servicio de desmantelamiento, encarg\u00e1ndonos tambi\u00e9n del servicio de eliminaci\u00f3n de todo el material en cumplimiento de la normativa vigente.<br><br>Gracias al personal cualificado y en constante actualizaci\u00f3n, Olivero se especializa en actividades de mantenimiento el\u00e9ctrico y mec\u00e1nico, suministrando la mano de obra y todos los recambios necesarios para restablecer el funcionamiento de las m\u00e1quinas o de las instalaciones. Los recambios pueden ser tanto comerciales como a medida, producidos en serie o por unidad.<\/p>\n\n<\/div><\/div><\/div>\n\n<div class=\"gb-grid-column gb-grid-column-45096ee0\"><div class=\"gb-container gb-container-45096ee0\"><div class=\"gb-inside-container\">\n\n<p class=\"has-text-align-left la-component-section-content\"><strong>Nuestro personal se forma constantemente para operar en todos los tipos de contextos empresariales, entre los cuales:<\/strong> <\/p>\n\n\n\n<div class=\"wp-block-group la-component-list-item-wrapper is-layout-flow wp-block-group-is-layout-flow\"><div class=\"wp-block-group__inner-container\">\n<h3 class=\"gb-headline gb-headline-0f28717a la-component-list-item-title\"><span class=\"gb-icon\"><svg aria-hidden=\"true\" role=\"img\" height=\"1em\" width=\"1em\" viewBox=\"0 0 512 512\" xmlns=\"http:\/\/www.w3.org\/2000\/svg\"><path fill=\"currentColor\" d=\"M173.898 439.404l-166.4-166.4c-9.997-9.997-9.997-26.206 0-36.204l36.203-36.204c9.997-9.998 26.207-9.998 36.204 0L192 312.69 432.095 72.596c9.997-9.997 26.207-9.997 36.204 0l36.203 36.204c9.997 9.997 9.997 26.206 0 36.204l-294.4 294.401c-9.998 9.997-26.207 9.997-36.204-.001z\"><\/path><\/svg><\/span><span class=\"gb-headline-text\">Trabajos en altura<\/span><\/h3>\n\n\n\n<h3 class=\"gb-headline gb-headline-e8b02633 la-component-list-item-title\"><span class=\"gb-icon\"><svg aria-hidden=\"true\" role=\"img\" height=\"1em\" width=\"1em\" viewBox=\"0 0 512 512\" xmlns=\"http:\/\/www.w3.org\/2000\/svg\"><path fill=\"currentColor\" d=\"M173.898 439.404l-166.4-166.4c-9.997-9.997-9.997-26.206 0-36.204l36.203-36.204c9.997-9.998 26.207-9.998 36.204 0L192 312.69 432.095 72.596c9.997-9.997 26.207-9.997 36.204 0l36.203 36.204c9.997 9.997 9.997 26.206 0 36.204l-294.4 294.401c-9.998 9.997-26.207 9.997-36.204-.001z\"><\/path><\/svg><\/span><span class=\"gb-headline-text\">Trabajos en espacios cerrados<\/span><\/h3>\n\n\n\n<h3 class=\"gb-headline gb-headline-4dbb047e la-component-list-item-title\"><span class=\"gb-icon\"><svg aria-hidden=\"true\" role=\"img\" height=\"1em\" width=\"1em\" viewBox=\"0 0 512 512\" xmlns=\"http:\/\/www.w3.org\/2000\/svg\"><path fill=\"currentColor\" d=\"M173.898 439.404l-166.4-166.4c-9.997-9.997-9.997-26.206 0-36.204l36.203-36.204c9.997-9.998 26.207-9.998 36.204 0L192 312.69 432.095 72.596c9.997-9.997 26.207-9.997 36.204 0l36.203 36.204c9.997 9.997 9.997 26.206 0 36.204l-294.4 294.401c-9.998 9.997-26.207 9.997-36.204-.001z\"><\/path><\/svg><\/span><span class=\"gb-headline-text\">Trabajos en ambientes atex<\/span><\/h3>\n\n\n\n<h3 class=\"gb-headline gb-headline-e4f789f4 la-component-list-item-title\"><span class=\"gb-icon\"><svg aria-hidden=\"true\" role=\"img\" height=\"1em\" width=\"1em\" viewBox=\"0 0 512 512\" xmlns=\"http:\/\/www.w3.org\/2000\/svg\"><path fill=\"currentColor\" d=\"M173.898 439.404l-166.4-166.4c-9.997-9.997-9.997-26.206 0-36.204l36.203-36.204c9.997-9.998 26.207-9.998 36.204 0L192 312.69 432.095 72.596c9.997-9.997 26.207-9.997 36.204 0l36.203 36.204c9.997 9.997 9.997 26.206 0 36.204l-294.4 294.401c-9.998 9.997-26.207 9.997-36.204-.001z\"><\/path><\/svg><\/span><span class=\"gb-headline-text\">Trabajos en ambientes expuestos a altas temperaturas<\/span><\/h3>\n<\/div><\/div>\n\n<\/div><\/div><\/div>\n<\/div>\n<\/div><\/div>\n<\/div><\/div>\n\n<div class=\"gb-container gb-container-b9a05e25 la-layout-text-image-driven-height la-pattern-text-and-overlapped-image accent-variation image-first alignfull\"><div class=\"gb-inside-container\">\n<div class=\"gb-grid-wrapper gb-grid-wrapper-cc8e3ea5 la-layout-text-image-driven-height-container la-pattern-text-and-overlapped-image-container alternate-position\">\n<div class=\"gb-grid-column gb-grid-column-95ea4fa7 gb-grid-column-animation-zoom-in-fade-in\"><div class=\"gb-container gb-container-95ea4fa7 la-layout-image-wrapper la-image-wrapper  gb-container-animation-zoom-in-fade-in\"><div class=\"gb-inside-container\">\n\n<figure class=\"wp-block-image size-large la-layout-image\"><img loading=\"lazy\" decoding=\"async\" width=\"1024\" height=\"682\" src=\"https:\/\/oliveroimpianti.it\/wp-content\/uploads\/2022\/06\/Uno_staff_di_tecnici_e_ingegneri_al_tuo_servizio-1024x682.jpg\" alt=\"\" class=\"wp-image-3428\" srcset=\"https:\/\/oliveroimpianti.it\/wp-content\/uploads\/2022\/06\/Uno_staff_di_tecnici_e_ingegneri_al_tuo_servizio-1024x682.jpg 1024w, https:\/\/oliveroimpianti.it\/wp-content\/uploads\/2022\/06\/Uno_staff_di_tecnici_e_ingegneri_al_tuo_servizio-600x400.jpg 600w, https:\/\/oliveroimpianti.it\/wp-content\/uploads\/2022\/06\/Uno_staff_di_tecnici_e_ingegneri_al_tuo_servizio-300x200.jpg 300w, https:\/\/oliveroimpianti.it\/wp-content\/uploads\/2022\/06\/Uno_staff_di_tecnici_e_ingegneri_al_tuo_servizio-768x512.jpg 768w, https:\/\/oliveroimpianti.it\/wp-content\/uploads\/2022\/06\/Uno_staff_di_tecnici_e_ingegneri_al_tuo_servizio-1600x1066.jpg 1600w, https:\/\/oliveroimpianti.it\/wp-content\/uploads\/2022\/06\/Uno_staff_di_tecnici_e_ingegneri_al_tuo_servizio-1536x1024.jpg 1536w, https:\/\/oliveroimpianti.it\/wp-content\/uploads\/2022\/06\/Uno_staff_di_tecnici_e_ingegneri_al_tuo_servizio.jpg 1700w\" sizes=\"(max-width: 1024px) 100vw, 1024px\" \/><\/figure>\n\n<\/div><\/div><\/div>\n\n<div class=\"gb-grid-column gb-grid-column-ec92ccc5 gb-grid-column-animation-zoom-in-fade-in\"><div class=\"gb-container gb-container-ec92ccc5 la-layout-text-wrapper la-text-wrapper gb-container-animation-zoom-in-fade-in\"><div class=\"gb-inside-container\">\n\n<div class=\"gb-headline gb-headline-8948aad3 gb-headline-text la-component-section-summary-tag accent-variation\">Listos para intervenir<\/div>\n\n\n\n<h2 class=\"gb-headline gb-headline-59cd1ef6 gb-headline-text la-component-section-title smaller\">Intervenciones de mantenimiento r\u00e1pidas y precisas<\/h2>\n\n\n\n<p class=\"la-component-section-content\">Para garantizar rapidez en las intervenciones hemos elegido desarrollar dentro de nuestra empresa un departamento de producci\u00f3n carpinter\u00eda y un departamento de elaboraciones mec\u00e1nicas de precisi\u00f3n, que realizan cualquier pieza no presente en el mercado en plazos muy reducidos y con la m\u00e1xima precisi\u00f3n. <\/p>\n\n\n<div class=\"gb-button-wrapper gb-button-wrapper-be9fc54d la-component-button-container la-button-link-container uppercase\">\n\n<a class=\"gb-button gb-button-a8141509 gb-button-text la-component-button\" href=\"https:\/\/oliveroimpianti.it\/es\/contactos\/\">Cont\u00e1ctanos y descubre mucho m\u00e1s<\/a>\n\n<\/div>\n<\/div><\/div><\/div>\n<\/div>\n<\/div><\/div>\n\n<div class=\"gb-container gb-container-1f033606 la-layout-text-image-driven-height la-pattern-image-and-text alignwide\"><div class=\"gb-inside-container\">\n<div class=\"gb-grid-wrapper gb-grid-wrapper-55d79d49 la-layout-text-image-driven-height-container la-pattern-image-and-text-container\">\n<div class=\"gb-grid-column gb-grid-column-9fbcff3d gb-grid-column-animation-zoom-in-fade-in\"><div class=\"gb-container gb-container-9fbcff3d la-layout-image-wrapper  gb-container-animation-zoom-in-fade-in\"><div class=\"gb-inside-container\">\n\n<figure class=\"wp-block-image size-large la-layout-image la-image-wrapper\"><img loading=\"lazy\" decoding=\"async\" width=\"1024\" height=\"682\" src=\"https:\/\/oliveroimpianti.it\/wp-content\/uploads\/2022\/06\/Programmazione_software_e_robot-1024x682.jpg\" alt=\"\" class=\"wp-image-3305\" srcset=\"https:\/\/oliveroimpianti.it\/wp-content\/uploads\/2022\/06\/Programmazione_software_e_robot-1024x682.jpg 1024w, https:\/\/oliveroimpianti.it\/wp-content\/uploads\/2022\/06\/Programmazione_software_e_robot-600x400.jpg 600w, https:\/\/oliveroimpianti.it\/wp-content\/uploads\/2022\/06\/Programmazione_software_e_robot-300x200.jpg 300w, https:\/\/oliveroimpianti.it\/wp-content\/uploads\/2022\/06\/Programmazione_software_e_robot-768x512.jpg 768w, https:\/\/oliveroimpianti.it\/wp-content\/uploads\/2022\/06\/Programmazione_software_e_robot-1600x1066.jpg 1600w, https:\/\/oliveroimpianti.it\/wp-content\/uploads\/2022\/06\/Programmazione_software_e_robot-1536x1024.jpg 1536w, https:\/\/oliveroimpianti.it\/wp-content\/uploads\/2022\/06\/Programmazione_software_e_robot.jpg 1700w\" sizes=\"(max-width: 1024px) 100vw, 1024px\" \/><\/figure>\n\n<\/div><\/div><\/div>\n\n<div class=\"gb-grid-column gb-grid-column-40747efc gb-grid-column-animation-zoom-in-fade-in\"><div class=\"gb-container gb-container-40747efc la-layout-text-wrapper la-text-wrapper gb-container-animation-zoom-in-fade-in\"><div class=\"gb-inside-container\">\n\n<h2 class=\"gb-headline gb-headline-ed54404c gb-headline-text la-component-section-title smaller\">Servicio de renovaci\u00f3n<\/h2>\n\n\n\n<p>A veces la actualizaci\u00f3n de la m\u00e1quina y de sus componentes permite reducir los costos y la frecuencia del mantenimiento. <\/p>\n\n\n\n<p>Es por ello que nuestro servicio integral incluye la renovaci\u00f3n industrial y, especialmente, el asesoramiento espec\u00edfico sobre las oportunidades de potenciaci\u00f3n de la m\u00e1quina o de la instalaci\u00f3n por parte del personal encargado.<\/p>\n\n\n<div class=\"gb-button-wrapper gb-button-wrapper-33832fb0\">\n\n<a class=\"gb-button gb-button-476c360e gb-button-text gb-button-underlined-link\" href=\"https:\/\/oliveroimpianti.it\/es\/servicios\/renovacion\/\">Descubre el servicio<\/a>\n\n<\/div>\n<\/div><\/div><\/div>\n<\/div>\n<\/div><\/div>\n\n<div class=\"gb-container gb-container-8378aad9 alignfull\"><div class=\"gb-inside-container\">\n\n<h2 class=\"gb-headline gb-headline-cbfad595 gb-headline-text la-component-section-title smaller\">Desde 1987 somos el punto de referencia dedicado al mantenimiento industrial<\/h2>\n\n\n<div class=\"gb-button-wrapper gb-button-wrapper-4ddb047f la-component-button-container uppercase centered\">\n\n<a class=\"gb-button gb-button-3d211ed6 gb-button-text la-component-button\" href=\"https:\/\/oliveroimpianti.it\/es\/contactos\/\">Cont\u00e1ctanos para una consulta<\/a>\n\n<\/div>\n<\/div><\/div>","protected":false},"excerpt":{"rendered":"<p>Mantenimiento industrial Servicio completo Desde 1987 somos el punto de referencia dedicado al mantenimiento industrial<\/p>\n","protected":false},"author":1,"featured_media":5631,"parent":0,"menu_order":0,"comment_status":"closed","ping_status":"closed","template":"","meta":{"footnotes":""},"acf":[],"yoast_head":"<!-- This site is optimized with the Yoast SEO plugin v21.7 - https:\/\/yoast.com\/wordpress\/plugins\/seo\/ -->\n<title>Montaje y mantenimiento r\u00e1pido de m\u00e1quinas e instalaciones industriales<\/title>\n<meta name=\"description\" content=\"Producci\u00f3n de piezas de repuesto, reubicaci\u00f3n de la maquinaria en otro lugar o ubicaci\u00f3n de la empresa, desmantelamiento de equipos obsoletos.\" \/>\n<meta name=\"robots\" content=\"index, follow, max-snippet:-1, max-image-preview:large, max-video-preview:-1\" \/>\n<link rel=\"canonical\" href=\"https:\/\/oliveroimpianti.it\/es\/mantenimiento-industrial\/\" \/>\n<meta property=\"og:locale\" content=\"es_ES\" \/>\n<meta property=\"og:type\" content=\"article\" \/>\n<meta property=\"og:title\" content=\"Montaje y mantenimiento r\u00e1pido de m\u00e1quinas e instalaciones industriales\" \/>\n<meta property=\"og:description\" content=\"Producci\u00f3n de piezas de repuesto, reubicaci\u00f3n de la maquinaria en otro lugar o ubicaci\u00f3n de la empresa, desmantelamiento de equipos obsoletos.\" \/>\n<meta property=\"og:url\" content=\"https:\/\/oliveroimpianti.it\/es\/mantenimiento-industrial\/\" \/>\n<meta property=\"og:site_name\" content=\"Olivero Impianti\" \/>\n<meta property=\"article:modified_time\" content=\"2023-05-17T09:02:07+00:00\" \/>\n<meta property=\"og:image\" content=\"https:\/\/oliveroimpianti.it\/wp-content\/uploads\/2022\/06\/Header_manutenzione_industriale.jpg\" \/>\n\t<meta property=\"og:image:width\" content=\"2000\" \/>\n\t<meta property=\"og:image:height\" content=\"1049\" \/>\n\t<meta property=\"og:image:type\" content=\"image\/jpeg\" \/>\n<meta name=\"twitter:card\" content=\"summary_large_image\" \/>\n<meta name=\"twitter:label1\" content=\"Tiempo de lectura\" \/>\n\t<meta name=\"twitter:data1\" content=\"3 minutos\" \/>\n<script type=\"application\/ld+json\" class=\"yoast-schema-graph\">{\"@context\":\"https:\/\/schema.org\",\"@graph\":[{\"@type\":\"WebPage\",\"@id\":\"https:\/\/oliveroimpianti.it\/es\/mantenimiento-industrial\/\",\"url\":\"https:\/\/oliveroimpianti.it\/es\/mantenimiento-industrial\/\",\"name\":\"Montaje y mantenimiento r\u00e1pido de m\u00e1quinas e instalaciones industriales\",\"isPartOf\":{\"@id\":\"https:\/\/oliveroimpianti.it\/#website\"},\"datePublished\":\"2022-05-02T09:53:29+00:00\",\"dateModified\":\"2023-05-17T09:02:07+00:00\",\"description\":\"Producci\u00f3n de piezas de repuesto, reubicaci\u00f3n de la maquinaria en otro lugar o ubicaci\u00f3n de la empresa, desmantelamiento de equipos obsoletos.\",\"breadcrumb\":{\"@id\":\"https:\/\/oliveroimpianti.it\/es\/mantenimiento-industrial\/#breadcrumb\"},\"inLanguage\":\"es\",\"potentialAction\":[{\"@type\":\"ReadAction\",\"target\":[\"https:\/\/oliveroimpianti.it\/es\/mantenimiento-industrial\/\"]}]},{\"@type\":\"BreadcrumbList\",\"@id\":\"https:\/\/oliveroimpianti.it\/es\/mantenimiento-industrial\/#breadcrumb\",\"itemListElement\":[{\"@type\":\"ListItem\",\"position\":1,\"name\":\"Home\",\"item\":\"https:\/\/oliveroimpianti.it\/es\/\"},{\"@type\":\"ListItem\",\"position\":2,\"name\":\"Mantenimiento industrial\"}]},{\"@type\":\"WebSite\",\"@id\":\"https:\/\/oliveroimpianti.it\/#website\",\"url\":\"https:\/\/oliveroimpianti.it\/\",\"name\":\"Olivero Impianti\",\"description\":\"Automazioni industriali\",\"publisher\":{\"@id\":\"https:\/\/oliveroimpianti.it\/#organization\"},\"potentialAction\":[{\"@type\":\"SearchAction\",\"target\":{\"@type\":\"EntryPoint\",\"urlTemplate\":\"https:\/\/oliveroimpianti.it\/?s={search_term_string}\"},\"query-input\":\"required name=search_term_string\"}],\"inLanguage\":\"es\"},{\"@type\":\"Organization\",\"@id\":\"https:\/\/oliveroimpianti.it\/#organization\",\"name\":\"Olivero Impianti\",\"url\":\"https:\/\/oliveroimpianti.it\/\",\"logo\":{\"@type\":\"ImageObject\",\"inLanguage\":\"es\",\"@id\":\"https:\/\/oliveroimpianti.it\/#\/schema\/logo\/image\/\",\"url\":\"https:\/\/oliveroimpianti.it\/wp-content\/uploads\/2023\/11\/cropped-olivero-impianti-logo.png\",\"contentUrl\":\"https:\/\/oliveroimpianti.it\/wp-content\/uploads\/2023\/11\/cropped-olivero-impianti-logo.png\",\"width\":1977,\"height\":449,\"caption\":\"Olivero Impianti\"},\"image\":{\"@id\":\"https:\/\/oliveroimpianti.it\/#\/schema\/logo\/image\/\"}}]}<\/script>\n<!-- \/ Yoast SEO plugin. -->","yoast_head_json":{"title":"Montaje y mantenimiento r\u00e1pido de m\u00e1quinas e instalaciones industriales","description":"Producci\u00f3n de piezas de repuesto, reubicaci\u00f3n de la maquinaria en otro lugar o ubicaci\u00f3n de la empresa, desmantelamiento de equipos obsoletos.","robots":{"index":"index","follow":"follow","max-snippet":"max-snippet:-1","max-image-preview":"max-image-preview:large","max-video-preview":"max-video-preview:-1"},"canonical":"https:\/\/oliveroimpianti.it\/es\/mantenimiento-industrial\/","og_locale":"es_ES","og_type":"article","og_title":"Montaje y mantenimiento r\u00e1pido de m\u00e1quinas e instalaciones industriales","og_description":"Producci\u00f3n de piezas de repuesto, reubicaci\u00f3n de la maquinaria en otro lugar o ubicaci\u00f3n de la empresa, desmantelamiento de equipos obsoletos.","og_url":"https:\/\/oliveroimpianti.it\/es\/mantenimiento-industrial\/","og_site_name":"Olivero Impianti","article_modified_time":"2023-05-17T09:02:07+00:00","og_image":[{"width":2000,"height":1049,"url":"https:\/\/oliveroimpianti.it\/wp-content\/uploads\/2022\/06\/Header_manutenzione_industriale.jpg","type":"image\/jpeg"}],"twitter_card":"summary_large_image","twitter_misc":{"Tiempo de lectura":"3 minutos"},"schema":{"@context":"https:\/\/schema.org","@graph":[{"@type":"WebPage","@id":"https:\/\/oliveroimpianti.it\/es\/mantenimiento-industrial\/","url":"https:\/\/oliveroimpianti.it\/es\/mantenimiento-industrial\/","name":"Montaje y mantenimiento r\u00e1pido de m\u00e1quinas e instalaciones industriales","isPartOf":{"@id":"https:\/\/oliveroimpianti.it\/#website"},"datePublished":"2022-05-02T09:53:29+00:00","dateModified":"2023-05-17T09:02:07+00:00","description":"Producci\u00f3n de piezas de repuesto, reubicaci\u00f3n de la maquinaria en otro lugar o ubicaci\u00f3n de la empresa, desmantelamiento de equipos obsoletos.","breadcrumb":{"@id":"https:\/\/oliveroimpianti.it\/es\/mantenimiento-industrial\/#breadcrumb"},"inLanguage":"es","potentialAction":[{"@type":"ReadAction","target":["https:\/\/oliveroimpianti.it\/es\/mantenimiento-industrial\/"]}]},{"@type":"BreadcrumbList","@id":"https:\/\/oliveroimpianti.it\/es\/mantenimiento-industrial\/#breadcrumb","itemListElement":[{"@type":"ListItem","position":1,"name":"Home","item":"https:\/\/oliveroimpianti.it\/es\/"},{"@type":"ListItem","position":2,"name":"Mantenimiento industrial"}]},{"@type":"WebSite","@id":"https:\/\/oliveroimpianti.it\/#website","url":"https:\/\/oliveroimpianti.it\/","name":"Olivero Impianti","description":"Automazioni industriali","publisher":{"@id":"https:\/\/oliveroimpianti.it\/#organization"},"potentialAction":[{"@type":"SearchAction","target":{"@type":"EntryPoint","urlTemplate":"https:\/\/oliveroimpianti.it\/?s={search_term_string}"},"query-input":"required name=search_term_string"}],"inLanguage":"es"},{"@type":"Organization","@id":"https:\/\/oliveroimpianti.it\/#organization","name":"Olivero Impianti","url":"https:\/\/oliveroimpianti.it\/","logo":{"@type":"ImageObject","inLanguage":"es","@id":"https:\/\/oliveroimpianti.it\/#\/schema\/logo\/image\/","url":"https:\/\/oliveroimpianti.it\/wp-content\/uploads\/2023\/11\/cropped-olivero-impianti-logo.png","contentUrl":"https:\/\/oliveroimpianti.it\/wp-content\/uploads\/2023\/11\/cropped-olivero-impianti-logo.png","width":1977,"height":449,"caption":"Olivero Impianti"},"image":{"@id":"https:\/\/oliveroimpianti.it\/#\/schema\/logo\/image\/"}}]}},"_links":{"self":[{"href":"https:\/\/oliveroimpianti.it\/es\/wp-json\/wp\/v2\/pages\/6631"}],"collection":[{"href":"https:\/\/oliveroimpianti.it\/es\/wp-json\/wp\/v2\/pages"}],"about":[{"href":"https:\/\/oliveroimpianti.it\/es\/wp-json\/wp\/v2\/types\/page"}],"author":[{"embeddable":true,"href":"https:\/\/oliveroimpianti.it\/es\/wp-json\/wp\/v2\/users\/1"}],"replies":[{"embeddable":true,"href":"https:\/\/oliveroimpianti.it\/es\/wp-json\/wp\/v2\/comments?post=6631"}],"version-history":[{"count":2,"href":"https:\/\/oliveroimpianti.it\/es\/wp-json\/wp\/v2\/pages\/6631\/revisions"}],"predecessor-version":[{"id":6903,"href":"https:\/\/oliveroimpianti.it\/es\/wp-json\/wp\/v2\/pages\/6631\/revisions\/6903"}],"wp:featuredmedia":[{"embeddable":true,"href":"https:\/\/oliveroimpianti.it\/es\/wp-json\/wp\/v2\/media\/5631"}],"wp:attachment":[{"href":"https:\/\/oliveroimpianti.it\/es\/wp-json\/wp\/v2\/media?parent=6631"}],"curies":[{"name":"wp","href":"https:\/\/api.w.org\/{rel}","templated":true}]}}