{"id":6624,"date":"2022-05-27T12:05:16","date_gmt":"2022-05-27T12:05:16","guid":{"rendered":"https:\/\/oliveroimpianti.it\/automazione-industriale-e-robot\/impianti-industriali\/impianti-oleodinamici\/"},"modified":"2023-05-17T08:19:41","modified_gmt":"2023-05-17T08:19:41","slug":"instalaciones-oleodinamicas","status":"publish","type":"page","link":"https:\/\/oliveroimpianti.it\/es\/automatizacion-industrial-y-robot\/instalaciones-industriales\/instalaciones-oleodinamicas\/","title":{"rendered":"Instalaciones oleodin\u00e1micas"},"content":{"rendered":"<div class=\"gb-container gb-container-c0b45941 la-pattern-overview\"><div class=\"gb-inside-container\">\n<div class=\"gb-container gb-container-fdb81756 la-pattern-overview-container alignwide gb-container-animation-zoom-in-fade-in\"><div class=\"gb-inside-container\">\n\n<p><\/p>\n\n\n\n<h2 class=\"gb-headline gb-headline-ed727b6e gb-headline-text la-component-section-title\">Dise\u00f1o y producci\u00f3n de instalaciones oleodin\u00e1micas <\/h2>\n\n\n\n<p>Cuando la instalaci\u00f3n se utiliza en sectores donde los procesos requieren pesos macizos, generalmente es de tipo oleodin\u00e1mico. Teniendo como objetivo el de enviar un fluido a una determinada presi\u00f3n, una instalaci\u00f3n oleodin\u00e1mica se encarga de alimentar cilindros y motores hidr\u00e1ulicos. Olivero trabaja desde hace a\u00f1os al lado de sus clientes en el dise\u00f1o de instalaciones oleodin\u00e1micas ex novo, sugiriendo cuando se solicita, una soluci\u00f3n m\u00e1s eficiente para las exigencias espec\u00edficas y para el mejoramiento o conversi\u00f3n de instalaciones ya en funcionamiento.<\/p>\n\n<\/div><\/div>\n<\/div><\/div>\n\n<div class=\"gb-container gb-container-7bfc5652 la-layout-text-image-driven-height la-pattern-text-and-image-with-shifted-background alignwide gb-container-animation-zoom-in-fade-in\"><div class=\"gb-inside-container\">\n\n<div class=\"gb-headline gb-headline-58df952e gb-headline-text la-component-sliding-text slide-from-left to-left-position la-sliding-text\">Sliding text<\/div>\n\n\n<div class=\"gb-grid-wrapper gb-grid-wrapper-bafbc3ca la-layout-text-image-driven-height-container\">\n<div class=\"gb-grid-column gb-grid-column-c667d299 gb-grid-column-animation-zoom-in-fade-in\"><div class=\"gb-container gb-container-c667d299 la-layout-text-wrapper la-text-wrapper gb-container-animation-zoom-in-fade-in\"><div class=\"gb-inside-container\">\n\n<h2 class=\"gb-headline gb-headline-ff10461e gb-headline-text la-component-section-title\">Servicios a instalaciones oleodin\u00e1micas<\/h2>\n\n\n\n<p>Proyectamos, integramos e implementamos instalaciones oleodin\u00e1micas para clientes en todo tipo de industria. Un apoyo operativo y de asesoramiento completo, que incluye verificaciones en instalaciones oleodin\u00e1micas, eventualmente adapt\u00e1ndolos a la nueva realizaci\u00f3n, la realizaci\u00f3n nueva de la instalaci\u00f3n en base a especificaciones sugeridas por el cliente o elaboradas por nuestra oficina t\u00e9cnica, variando dimensiones y capacidad de la instalaci\u00f3n, desarrollo de los subgrupos y subcuadros.<br><br>Todo ello en instalaciones nuevas y en aquellas ya existentes, ocup\u00e1ndonos tambi\u00e9n de la renovaci\u00f3n y de la transformaci\u00f3n acorde con las nuevas normativas.<\/p>\n\n\n<div class=\"gb-grid-wrapper gb-grid-wrapper-20431ad8 la-layout-features-list la-feature-list-wrapper\">\n<div class=\"gb-grid-column gb-grid-column-7b2d99e7 gb-grid-column-animation-zoom-in-fade-in\"><div class=\"gb-container gb-container-7b2d99e7 la-layout-features-list-column gb-container-animation-zoom-in-fade-in\"><div class=\"gb-inside-container\">\n\n<div class=\"wp-block-group la-component-list-item-wrapper is-layout-flow wp-block-group-is-layout-flow\"><div class=\"wp-block-group__inner-container\">\n<h3 class=\"gb-headline gb-headline-eb5bd0ee la-component-list-item-title\"><span class=\"gb-icon\"><svg aria-hidden=\"true\" role=\"img\" height=\"1em\" width=\"1em\" viewBox=\"0 0 512 512\" xmlns=\"http:\/\/www.w3.org\/2000\/svg\"><path fill=\"currentColor\" d=\"M173.898 439.404l-166.4-166.4c-9.997-9.997-9.997-26.206 0-36.204l36.203-36.204c9.997-9.998 26.207-9.998 36.204 0L192 312.69 432.095 72.596c9.997-9.997 26.207-9.997 36.204 0l36.203 36.204c9.997 9.997 9.997 26.206 0 36.204l-294.4 294.401c-9.998 9.997-26.207 9.997-36.204-.001z\"><\/path><\/svg><\/span><span class=\"gb-headline-text\">Dise\u00f1o y realizaci\u00f3n de instalaciones oleodin\u00e1micas<\/span><\/h3>\n<\/div><\/div>\n\n\n\n<div class=\"wp-block-group la-component-list-item-wrapper is-layout-flow wp-block-group-is-layout-flow\"><div class=\"wp-block-group__inner-container\">\n<h3 class=\"gb-headline gb-headline-a05a3fb1 la-component-list-item-title\"><span class=\"gb-icon\"><svg aria-hidden=\"true\" role=\"img\" height=\"1em\" width=\"1em\" viewBox=\"0 0 512 512\" xmlns=\"http:\/\/www.w3.org\/2000\/svg\"><path fill=\"currentColor\" d=\"M173.898 439.404l-166.4-166.4c-9.997-9.997-9.997-26.206 0-36.204l36.203-36.204c9.997-9.998 26.207-9.998 36.204 0L192 312.69 432.095 72.596c9.997-9.997 26.207-9.997 36.204 0l36.203 36.204c9.997 9.997 9.997 26.206 0 36.204l-294.4 294.401c-9.998 9.997-26.207 9.997-36.204-.001z\"><\/path><\/svg><\/span><span class=\"gb-headline-text\">Cambio de dimensiones y elecci\u00f3n de los componentes y de la interfaz de la instalaci\u00f3n<\/span><\/h3>\n<\/div><\/div>\n\n\n\n<div class=\"wp-block-group la-component-list-item-wrapper is-layout-flow wp-block-group-is-layout-flow\"><div class=\"wp-block-group__inner-container\">\n<h3 class=\"gb-headline gb-headline-9dc5f378 la-component-list-item-title\"><span class=\"gb-icon\"><svg aria-hidden=\"true\" role=\"img\" height=\"1em\" width=\"1em\" viewBox=\"0 0 512 512\" xmlns=\"http:\/\/www.w3.org\/2000\/svg\"><path fill=\"currentColor\" d=\"M173.898 439.404l-166.4-166.4c-9.997-9.997-9.997-26.206 0-36.204l36.203-36.204c9.997-9.998 26.207-9.998 36.204 0L192 312.69 432.095 72.596c9.997-9.997 26.207-9.997 36.204 0l36.203 36.204c9.997 9.997 9.997 26.206 0 36.204l-294.4 294.401c-9.998 9.997-26.207 9.997-36.204-.001z\"><\/path><\/svg><\/span><span class=\"gb-headline-text\">Estudio de factibilidad, dossier de proyecto, relevaciones, estudios layout<\/span><\/h3>\n<\/div><\/div>\n\n\n\n<div class=\"wp-block-group la-component-list-item-wrapper is-layout-flow wp-block-group-is-layout-flow\"><div class=\"wp-block-group__inner-container\">\n<h3 class=\"gb-headline gb-headline-11cd8e03 la-component-list-item-title\"><span class=\"gb-icon\"><svg aria-hidden=\"true\" role=\"img\" height=\"1em\" width=\"1em\" viewBox=\"0 0 512 512\" xmlns=\"http:\/\/www.w3.org\/2000\/svg\"><path fill=\"currentColor\" d=\"M173.898 439.404l-166.4-166.4c-9.997-9.997-9.997-26.206 0-36.204l36.203-36.204c9.997-9.998 26.207-9.998 36.204 0L192 312.69 432.095 72.596c9.997-9.997 26.207-9.997 36.204 0l36.203 36.204c9.997 9.997 9.997 26.206 0 36.204l-294.4 294.401c-9.998 9.997-26.207 9.997-36.204-.001z\"><\/path><\/svg><\/span><span class=\"gb-headline-text\">Certificaciones y nuevas certificaciones (fasc\u00edculos t\u00e9cnicos, an\u00e1lisis de riesgos, etc.)<\/span><\/h3>\n<\/div><\/div>\n\n<\/div><\/div><\/div>\n\n<div class=\"gb-grid-column gb-grid-column-d7252e40 gb-grid-column-animation-zoom-in-fade-in\"><div class=\"gb-container gb-container-d7252e40 la-layout-features-list-column gb-container-animation-zoom-in-fade-in\"><div class=\"gb-inside-container\">\n\n<div class=\"wp-block-group la-component-list-item-wrapper is-layout-flow wp-block-group-is-layout-flow\"><div class=\"wp-block-group__inner-container\">\n<h3 class=\"gb-headline gb-headline-a774da01 la-component-list-item-title\"><span class=\"gb-icon\"><svg aria-hidden=\"true\" role=\"img\" height=\"1em\" width=\"1em\" viewBox=\"0 0 512 512\" xmlns=\"http:\/\/www.w3.org\/2000\/svg\"><path fill=\"currentColor\" d=\"M173.898 439.404l-166.4-166.4c-9.997-9.997-9.997-26.206 0-36.204l36.203-36.204c9.997-9.998 26.207-9.998 36.204 0L192 312.69 432.095 72.596c9.997-9.997 26.207-9.997 36.204 0l36.203 36.204c9.997 9.997 9.997 26.206 0 36.204l-294.4 294.401c-9.998 9.997-26.207 9.997-36.204-.001z\"><\/path><\/svg><\/span><span class=\"gb-headline-text\">Conversi\u00f3n de las instalaciones viejas a las nuevas tecnolog\u00edas<\/span><\/h3>\n\n\n\n<h3 class=\"gb-headline gb-headline-9cc68285 la-component-list-item-title\"><span class=\"gb-icon\"><svg aria-hidden=\"true\" role=\"img\" height=\"1em\" width=\"1em\" viewBox=\"0 0 512 512\" xmlns=\"http:\/\/www.w3.org\/2000\/svg\"><path fill=\"currentColor\" d=\"M173.898 439.404l-166.4-166.4c-9.997-9.997-9.997-26.206 0-36.204l36.203-36.204c9.997-9.998 26.207-9.998 36.204 0L192 312.69 432.095 72.596c9.997-9.997 26.207-9.997 36.204 0l36.203 36.204c9.997 9.997 9.997 26.206 0 36.204l-294.4 294.401c-9.998 9.997-26.207 9.997-36.204-.001z\"><\/path><\/svg><\/span><span class=\"gb-headline-text\">Cambio de dimensiones y elecci\u00f3n de los componentes y de la interfaz de la instalaci\u00f3n<\/span><\/h3>\n<\/div><\/div>\n\n\n\n<div class=\"wp-block-group la-component-list-item-wrapper is-layout-flow wp-block-group-is-layout-flow\"><div class=\"wp-block-group__inner-container\">\n<h3 class=\"gb-headline gb-headline-b0a0aee2 la-component-list-item-title\"><span class=\"gb-icon\"><svg aria-hidden=\"true\" role=\"img\" height=\"1em\" width=\"1em\" viewBox=\"0 0 512 512\" xmlns=\"http:\/\/www.w3.org\/2000\/svg\"><path fill=\"currentColor\" d=\"M173.898 439.404l-166.4-166.4c-9.997-9.997-9.997-26.206 0-36.204l36.203-36.204c9.997-9.998 26.207-9.998 36.204 0L192 312.69 432.095 72.596c9.997-9.997 26.207-9.997 36.204 0l36.203 36.204c9.997 9.997 9.997 26.206 0 36.204l-294.4 294.401c-9.998 9.997-26.207 9.997-36.204-.001z\"><\/path><\/svg><\/span><span class=\"gb-headline-text\">Montaje e instalaci\u00f3n<\/span><\/h3>\n<\/div><\/div>\n\n\n\n<div class=\"wp-block-group la-component-list-item-wrapper is-layout-flow wp-block-group-is-layout-flow\"><div class=\"wp-block-group__inner-container\">\n<h3 class=\"gb-headline gb-headline-feed879d la-component-list-item-title\"><span class=\"gb-icon\"><svg aria-hidden=\"true\" role=\"img\" height=\"1em\" width=\"1em\" viewBox=\"0 0 512 512\" xmlns=\"http:\/\/www.w3.org\/2000\/svg\"><path fill=\"currentColor\" d=\"M173.898 439.404l-166.4-166.4c-9.997-9.997-9.997-26.206 0-36.204l36.203-36.204c9.997-9.998 26.207-9.998 36.204 0L192 312.69 432.095 72.596c9.997-9.997 26.207-9.997 36.204 0l36.203 36.204c9.997 9.997 9.997 26.206 0 36.204l-294.4 294.401c-9.998 9.997-26.207 9.997-36.204-.001z\"><\/path><\/svg><\/span><span class=\"gb-headline-text\">Implementaci\u00f3n, pruebas puesta en marcha<\/span><\/h3>\n<\/div><\/div>\n\n<\/div><\/div><\/div>\n<\/div>\n<\/div><\/div><\/div>\n\n<div class=\"gb-grid-column gb-grid-column-85056616 gb-grid-column-animation-zoom-in-fade-in\"><div class=\"gb-container gb-container-85056616 la-layout-image-wrapper  la-image-container gb-container-animation-zoom-in-fade-in\"><div class=\"gb-inside-container\">\n<div class=\"gb-container gb-container-407cf67a la-image-background\"><div class=\"gb-inside-container\"><\/div><\/div>\n\n\n<figure class=\"wp-block-image size-large la-layout-image la-image-wrapper\"><img loading=\"lazy\" decoding=\"async\" width=\"1024\" height=\"684\" src=\"https:\/\/oliveroimpianti.it\/wp-content\/uploads\/2022\/06\/servizi_per_impianti_oleodinamici-1024x684.jpg\" alt=\"\" class=\"wp-image-3685\" srcset=\"https:\/\/oliveroimpianti.it\/wp-content\/uploads\/2022\/06\/servizi_per_impianti_oleodinamici-1024x684.jpg 1024w, https:\/\/oliveroimpianti.it\/wp-content\/uploads\/2022\/06\/servizi_per_impianti_oleodinamici-600x401.jpg 600w, https:\/\/oliveroimpianti.it\/wp-content\/uploads\/2022\/06\/servizi_per_impianti_oleodinamici-300x200.jpg 300w, https:\/\/oliveroimpianti.it\/wp-content\/uploads\/2022\/06\/servizi_per_impianti_oleodinamici-768x513.jpg 768w, https:\/\/oliveroimpianti.it\/wp-content\/uploads\/2022\/06\/servizi_per_impianti_oleodinamici.jpg 1500w\" sizes=\"(max-width: 1024px) 100vw, 1024px\" \/><\/figure>\n\n<\/div><\/div><\/div>\n<\/div>\n<\/div><\/div>\n\n<div class=\"gb-container gb-container-b9a05e25 la-layout-text-image-driven-height la-pattern-text-and-overlapped-image accent-variation image-first alignfull\"><div class=\"gb-inside-container\">\n<div class=\"gb-grid-wrapper gb-grid-wrapper-cc8e3ea5 la-layout-text-image-driven-height-container la-pattern-text-and-overlapped-image-container\">\n<div class=\"gb-grid-column gb-grid-column-95ea4fa7 gb-grid-column-animation-zoom-in-fade-in\"><div class=\"gb-container gb-container-95ea4fa7 la-layout-image-wrapper la-image-wrapper  gb-container-animation-zoom-in-fade-in\"><div class=\"gb-inside-container\">\n\n<figure class=\"wp-block-image size-large la-layout-image\"><img loading=\"lazy\" decoding=\"async\" width=\"1024\" height=\"682\" src=\"https:\/\/oliveroimpianti.it\/wp-content\/uploads\/2022\/06\/servizi_per_impianti_oleodinamici_v2-1024x682.jpg\" alt=\"\" class=\"wp-image-3695\" srcset=\"https:\/\/oliveroimpianti.it\/wp-content\/uploads\/2022\/06\/servizi_per_impianti_oleodinamici_v2-1024x682.jpg 1024w, https:\/\/oliveroimpianti.it\/wp-content\/uploads\/2022\/06\/servizi_per_impianti_oleodinamici_v2-600x400.jpg 600w, https:\/\/oliveroimpianti.it\/wp-content\/uploads\/2022\/06\/servizi_per_impianti_oleodinamici_v2-300x200.jpg 300w, https:\/\/oliveroimpianti.it\/wp-content\/uploads\/2022\/06\/servizi_per_impianti_oleodinamici_v2-768x512.jpg 768w, https:\/\/oliveroimpianti.it\/wp-content\/uploads\/2022\/06\/servizi_per_impianti_oleodinamici_v2-1600x1066.jpg 1600w, https:\/\/oliveroimpianti.it\/wp-content\/uploads\/2022\/06\/servizi_per_impianti_oleodinamici_v2-1536x1024.jpg 1536w, https:\/\/oliveroimpianti.it\/wp-content\/uploads\/2022\/06\/servizi_per_impianti_oleodinamici_v2.jpg 1700w\" sizes=\"(max-width: 1024px) 100vw, 1024px\" \/><\/figure>\n\n<\/div><\/div><\/div>\n\n<div class=\"gb-grid-column gb-grid-column-ec92ccc5 gb-grid-column-animation-zoom-in-fade-in\"><div class=\"gb-container gb-container-ec92ccc5 la-layout-text-wrapper la-text-wrapper gb-container-animation-zoom-in-fade-in\"><div class=\"gb-inside-container\">\n\n<div class=\"gb-headline gb-headline-8948aad3 gb-headline-text la-component-section-summary-tag accent-variation\">Experiencia integral<\/div>\n\n\n\n<h2 class=\"gb-headline gb-headline-8858caa4 gb-headline-text la-component-section-title smaller\">Un socio \u00fanico para el dise\u00f1o de tu instalaci\u00f3n oleodin\u00e1mica<\/h2>\n\n\n\n<p class=\"la-component-section-content\">Lo que vuelve \u00fanica a Olivero es la gran experiencia vertical desarrollada en \u00e1mbitos actualmente complementarios. Desde el \u00e1rea mec\u00e1nica y de carpinter\u00eda hasta la parte de control, desde el \u00e1rea el\u00e9ctrica hasta la programaci\u00f3n software para automatizar las acciones y los procesos de la instalaci\u00f3n oleodin\u00e1mica, somos para nuestros socios y clientes un punto de referencia integral que responde a todo tipo de exigencia.<\/p>\n\n\n<div class=\"gb-button-wrapper gb-button-wrapper-be9fc54d la-component-button-container la-button-link-container uppercase\">\n\n<a class=\"gb-button gb-button-a8141509 gb-button-text la-component-button\" href=\"https:\/\/oliveroimpianti.it\/es\/automazione-industriale-e-robot\/progettazione-impianti-elettrici\/\">El\u00e9ctrica<\/a>\n\n\n\n<a class=\"gb-button gb-button-badfd7d0 gb-button-text la-component-button\" href=\"https:\/\/oliveroimpianti.it\/es\/automazione-industriale-e-robot\/progettazione-meccanica\/\">Mec\u00e1nica<\/a>\n\n\n\n<a class=\"gb-button gb-button-a620a957 gb-button-text la-component-button\" href=\"https:\/\/oliveroimpianti.it\/es\/automazione-industriale-e-robot\/programmazione-software-e-robotica\/\">Software<\/a>\n\n<\/div>\n<\/div><\/div><\/div>\n<\/div>\n<\/div><\/div>\n\n<div class=\"gb-container gb-container-8378aad9 alignfull\"><div class=\"gb-inside-container\">\n\n<h2 class=\"gb-headline gb-headline-cbfad595 gb-headline-text la-component-section-title smaller\">\u00bfTienes que renovar o desarrollar una instalaci\u00f3n industrial oleodin\u00e1mica?<\/h2>\n\n\n<div class=\"gb-button-wrapper gb-button-wrapper-6ff2a927 la-component-button-container uppercase centered\">\n\n<a class=\"gb-button gb-button-de8a3474 gb-button-text la-component-button\" href=\"https:\/\/oliveroimpianti.it\/es\/contatti\/\">Cont\u00e1ctanos para una consulta<\/a>\n\n<\/div>\n<\/div><\/div>","protected":false},"excerpt":{"rendered":"<p>Dise\u00f1o y producci\u00f3n de instalaciones oleodin\u00e1micas Cuando la instalaci\u00f3n se utiliza en sectores donde los procesos requieren pesos macizos, generalmente es de tipo oleodin\u00e1mico. Teniendo como objetivo el de enviar un fluido a una determinada&#8230;<\/p>\n","protected":false},"author":1,"featured_media":5769,"parent":6622,"menu_order":0,"comment_status":"closed","ping_status":"closed","template":"","meta":{"footnotes":""},"acf":[],"yoast_head":"<!-- This site is optimized with the Yoast SEO plugin v21.7 - https:\/\/yoast.com\/wordpress\/plugins\/seo\/ -->\n<title>Planificaci\u00f3n y producci\u00f3n de plantas hidr\u00e1ulicas, apoyo operativo Olivero<\/title>\n<meta name=\"description\" content=\"Consultas y verificaciones mec\u00e1nicas y el\u00e9ctricas sobre sistemas hidr\u00e1ulicos para dimensionar y transformar instalaciones obsoletas o rehacer de nuevo.\" \/>\n<meta name=\"robots\" content=\"index, follow, max-snippet:-1, max-image-preview:large, max-video-preview:-1\" \/>\n<link rel=\"canonical\" href=\"https:\/\/oliveroimpianti.it\/es\/automatizacion-industrial-y-robot\/instalaciones-industriales\/instalaciones-oleodinamicas\/\" \/>\n<meta property=\"og:locale\" content=\"es_ES\" \/>\n<meta property=\"og:type\" content=\"article\" \/>\n<meta property=\"og:title\" content=\"Planificaci\u00f3n y producci\u00f3n de plantas hidr\u00e1ulicas, apoyo operativo Olivero\" \/>\n<meta property=\"og:description\" content=\"Consultas y verificaciones mec\u00e1nicas y el\u00e9ctricas sobre sistemas hidr\u00e1ulicos para dimensionar y transformar instalaciones obsoletas o rehacer de nuevo.\" \/>\n<meta property=\"og:url\" content=\"https:\/\/oliveroimpianti.it\/es\/automatizacion-industrial-y-robot\/instalaciones-industriales\/instalaciones-oleodinamicas\/\" \/>\n<meta property=\"og:site_name\" content=\"Olivero Impianti\" \/>\n<meta property=\"article:modified_time\" content=\"2023-05-17T08:19:41+00:00\" \/>\n<meta property=\"og:image\" content=\"https:\/\/oliveroimpianti.it\/wp-content\/uploads\/2022\/06\/header_impianti_oleodinamici.jpg\" \/>\n\t<meta property=\"og:image:width\" content=\"2000\" \/>\n\t<meta property=\"og:image:height\" content=\"921\" \/>\n\t<meta property=\"og:image:type\" content=\"image\/jpeg\" \/>\n<meta name=\"twitter:card\" content=\"summary_large_image\" \/>\n<meta name=\"twitter:label1\" content=\"Tiempo de lectura\" \/>\n\t<meta name=\"twitter:data1\" content=\"3 minutos\" \/>\n<script type=\"application\/ld+json\" class=\"yoast-schema-graph\">{\"@context\":\"https:\/\/schema.org\",\"@graph\":[{\"@type\":\"WebPage\",\"@id\":\"https:\/\/oliveroimpianti.it\/es\/automatizacion-industrial-y-robot\/instalaciones-industriales\/instalaciones-oleodinamicas\/\",\"url\":\"https:\/\/oliveroimpianti.it\/es\/automatizacion-industrial-y-robot\/instalaciones-industriales\/instalaciones-oleodinamicas\/\",\"name\":\"Planificaci\u00f3n y producci\u00f3n de plantas hidr\u00e1ulicas, apoyo operativo Olivero\",\"isPartOf\":{\"@id\":\"https:\/\/oliveroimpianti.it\/#website\"},\"datePublished\":\"2022-05-27T12:05:16+00:00\",\"dateModified\":\"2023-05-17T08:19:41+00:00\",\"description\":\"Consultas y verificaciones mec\u00e1nicas y el\u00e9ctricas sobre sistemas hidr\u00e1ulicos para dimensionar y transformar instalaciones obsoletas o rehacer de nuevo.\",\"breadcrumb\":{\"@id\":\"https:\/\/oliveroimpianti.it\/es\/automatizacion-industrial-y-robot\/instalaciones-industriales\/instalaciones-oleodinamicas\/#breadcrumb\"},\"inLanguage\":\"es\",\"potentialAction\":[{\"@type\":\"ReadAction\",\"target\":[\"https:\/\/oliveroimpianti.it\/es\/automatizacion-industrial-y-robot\/instalaciones-industriales\/instalaciones-oleodinamicas\/\"]}]},{\"@type\":\"BreadcrumbList\",\"@id\":\"https:\/\/oliveroimpianti.it\/es\/automatizacion-industrial-y-robot\/instalaciones-industriales\/instalaciones-oleodinamicas\/#breadcrumb\",\"itemListElement\":[{\"@type\":\"ListItem\",\"position\":1,\"name\":\"Home\",\"item\":\"https:\/\/oliveroimpianti.it\/es\/\"},{\"@type\":\"ListItem\",\"position\":2,\"name\":\"Automatizaci\u00f3n industrial y robot\",\"item\":\"https:\/\/oliveroimpianti.it\/es\/automatizacion-industrial-y-robot\/\"},{\"@type\":\"ListItem\",\"position\":3,\"name\":\"Realizaci\u00f3n de instalaciones industriales\",\"item\":\"https:\/\/oliveroimpianti.it\/es\/automatizacion-industrial-y-robot\/instalaciones-industriales\/\"},{\"@type\":\"ListItem\",\"position\":4,\"name\":\"Instalaciones oleodin\u00e1micas\"}]},{\"@type\":\"WebSite\",\"@id\":\"https:\/\/oliveroimpianti.it\/#website\",\"url\":\"https:\/\/oliveroimpianti.it\/\",\"name\":\"Olivero Impianti\",\"description\":\"Automazioni industriali\",\"publisher\":{\"@id\":\"https:\/\/oliveroimpianti.it\/#organization\"},\"potentialAction\":[{\"@type\":\"SearchAction\",\"target\":{\"@type\":\"EntryPoint\",\"urlTemplate\":\"https:\/\/oliveroimpianti.it\/?s={search_term_string}\"},\"query-input\":\"required name=search_term_string\"}],\"inLanguage\":\"es\"},{\"@type\":\"Organization\",\"@id\":\"https:\/\/oliveroimpianti.it\/#organization\",\"name\":\"Olivero Impianti\",\"url\":\"https:\/\/oliveroimpianti.it\/\",\"logo\":{\"@type\":\"ImageObject\",\"inLanguage\":\"es\",\"@id\":\"https:\/\/oliveroimpianti.it\/#\/schema\/logo\/image\/\",\"url\":\"https:\/\/oliveroimpianti.it\/wp-content\/uploads\/2023\/11\/cropped-olivero-impianti-logo.png\",\"contentUrl\":\"https:\/\/oliveroimpianti.it\/wp-content\/uploads\/2023\/11\/cropped-olivero-impianti-logo.png\",\"width\":1977,\"height\":449,\"caption\":\"Olivero Impianti\"},\"image\":{\"@id\":\"https:\/\/oliveroimpianti.it\/#\/schema\/logo\/image\/\"}}]}<\/script>\n<!-- \/ Yoast SEO plugin. -->","yoast_head_json":{"title":"Planificaci\u00f3n y producci\u00f3n de plantas hidr\u00e1ulicas, apoyo operativo Olivero","description":"Consultas y verificaciones mec\u00e1nicas y el\u00e9ctricas sobre sistemas hidr\u00e1ulicos para dimensionar y transformar instalaciones obsoletas o rehacer de nuevo.","robots":{"index":"index","follow":"follow","max-snippet":"max-snippet:-1","max-image-preview":"max-image-preview:large","max-video-preview":"max-video-preview:-1"},"canonical":"https:\/\/oliveroimpianti.it\/es\/automatizacion-industrial-y-robot\/instalaciones-industriales\/instalaciones-oleodinamicas\/","og_locale":"es_ES","og_type":"article","og_title":"Planificaci\u00f3n y producci\u00f3n de plantas hidr\u00e1ulicas, apoyo operativo Olivero","og_description":"Consultas y verificaciones mec\u00e1nicas y el\u00e9ctricas sobre sistemas hidr\u00e1ulicos para dimensionar y transformar instalaciones obsoletas o rehacer de nuevo.","og_url":"https:\/\/oliveroimpianti.it\/es\/automatizacion-industrial-y-robot\/instalaciones-industriales\/instalaciones-oleodinamicas\/","og_site_name":"Olivero Impianti","article_modified_time":"2023-05-17T08:19:41+00:00","og_image":[{"width":2000,"height":921,"url":"https:\/\/oliveroimpianti.it\/wp-content\/uploads\/2022\/06\/header_impianti_oleodinamici.jpg","type":"image\/jpeg"}],"twitter_card":"summary_large_image","twitter_misc":{"Tiempo de lectura":"3 minutos"},"schema":{"@context":"https:\/\/schema.org","@graph":[{"@type":"WebPage","@id":"https:\/\/oliveroimpianti.it\/es\/automatizacion-industrial-y-robot\/instalaciones-industriales\/instalaciones-oleodinamicas\/","url":"https:\/\/oliveroimpianti.it\/es\/automatizacion-industrial-y-robot\/instalaciones-industriales\/instalaciones-oleodinamicas\/","name":"Planificaci\u00f3n y producci\u00f3n de plantas hidr\u00e1ulicas, apoyo operativo Olivero","isPartOf":{"@id":"https:\/\/oliveroimpianti.it\/#website"},"datePublished":"2022-05-27T12:05:16+00:00","dateModified":"2023-05-17T08:19:41+00:00","description":"Consultas y verificaciones mec\u00e1nicas y el\u00e9ctricas sobre sistemas hidr\u00e1ulicos para dimensionar y transformar instalaciones obsoletas o rehacer de nuevo.","breadcrumb":{"@id":"https:\/\/oliveroimpianti.it\/es\/automatizacion-industrial-y-robot\/instalaciones-industriales\/instalaciones-oleodinamicas\/#breadcrumb"},"inLanguage":"es","potentialAction":[{"@type":"ReadAction","target":["https:\/\/oliveroimpianti.it\/es\/automatizacion-industrial-y-robot\/instalaciones-industriales\/instalaciones-oleodinamicas\/"]}]},{"@type":"BreadcrumbList","@id":"https:\/\/oliveroimpianti.it\/es\/automatizacion-industrial-y-robot\/instalaciones-industriales\/instalaciones-oleodinamicas\/#breadcrumb","itemListElement":[{"@type":"ListItem","position":1,"name":"Home","item":"https:\/\/oliveroimpianti.it\/es\/"},{"@type":"ListItem","position":2,"name":"Automatizaci\u00f3n industrial y robot","item":"https:\/\/oliveroimpianti.it\/es\/automatizacion-industrial-y-robot\/"},{"@type":"ListItem","position":3,"name":"Realizaci\u00f3n de instalaciones industriales","item":"https:\/\/oliveroimpianti.it\/es\/automatizacion-industrial-y-robot\/instalaciones-industriales\/"},{"@type":"ListItem","position":4,"name":"Instalaciones oleodin\u00e1micas"}]},{"@type":"WebSite","@id":"https:\/\/oliveroimpianti.it\/#website","url":"https:\/\/oliveroimpianti.it\/","name":"Olivero Impianti","description":"Automazioni industriali","publisher":{"@id":"https:\/\/oliveroimpianti.it\/#organization"},"potentialAction":[{"@type":"SearchAction","target":{"@type":"EntryPoint","urlTemplate":"https:\/\/oliveroimpianti.it\/?s={search_term_string}"},"query-input":"required name=search_term_string"}],"inLanguage":"es"},{"@type":"Organization","@id":"https:\/\/oliveroimpianti.it\/#organization","name":"Olivero Impianti","url":"https:\/\/oliveroimpianti.it\/","logo":{"@type":"ImageObject","inLanguage":"es","@id":"https:\/\/oliveroimpianti.it\/#\/schema\/logo\/image\/","url":"https:\/\/oliveroimpianti.it\/wp-content\/uploads\/2023\/11\/cropped-olivero-impianti-logo.png","contentUrl":"https:\/\/oliveroimpianti.it\/wp-content\/uploads\/2023\/11\/cropped-olivero-impianti-logo.png","width":1977,"height":449,"caption":"Olivero Impianti"},"image":{"@id":"https:\/\/oliveroimpianti.it\/#\/schema\/logo\/image\/"}}]}},"_links":{"self":[{"href":"https:\/\/oliveroimpianti.it\/es\/wp-json\/wp\/v2\/pages\/6624"}],"collection":[{"href":"https:\/\/oliveroimpianti.it\/es\/wp-json\/wp\/v2\/pages"}],"about":[{"href":"https:\/\/oliveroimpianti.it\/es\/wp-json\/wp\/v2\/types\/page"}],"author":[{"embeddable":true,"href":"https:\/\/oliveroimpianti.it\/es\/wp-json\/wp\/v2\/users\/1"}],"replies":[{"embeddable":true,"href":"https:\/\/oliveroimpianti.it\/es\/wp-json\/wp\/v2\/comments?post=6624"}],"version-history":[{"count":1,"href":"https:\/\/oliveroimpianti.it\/es\/wp-json\/wp\/v2\/pages\/6624\/revisions"}],"predecessor-version":[{"id":6697,"href":"https:\/\/oliveroimpianti.it\/es\/wp-json\/wp\/v2\/pages\/6624\/revisions\/6697"}],"up":[{"embeddable":true,"href":"https:\/\/oliveroimpianti.it\/es\/wp-json\/wp\/v2\/pages\/6622"}],"wp:featuredmedia":[{"embeddable":true,"href":"https:\/\/oliveroimpianti.it\/es\/wp-json\/wp\/v2\/media\/5769"}],"wp:attachment":[{"href":"https:\/\/oliveroimpianti.it\/es\/wp-json\/wp\/v2\/media?parent=6624"}],"curies":[{"name":"wp","href":"https:\/\/api.w.org\/{rel}","templated":true}]}}