{"id":6618,"date":"2022-05-25T14:11:20","date_gmt":"2022-05-25T14:11:20","guid":{"rendered":"https:\/\/oliveroimpianti.it\/automazione-industriale-e-robot\/progettazione-impianti-elettrici\/"},"modified":"2023-05-17T08:35:10","modified_gmt":"2023-05-17T08:35:10","slug":"diseno-instalaciones-electricas","status":"publish","type":"page","link":"https:\/\/oliveroimpianti.it\/es\/automatizacion-industrial-y-robot\/diseno-instalaciones-electricas\/","title":{"rendered":"Dise\u00f1o instalaciones el\u00e9ctricas"},"content":{"rendered":"<div class=\"gb-container gb-container-7bfc5652 la-layout-text-image-driven-height la-pattern-text-and-image-with-shifted-background alignwide gb-container-animation-zoom-in-fade-in\"><div class=\"gb-inside-container\">\n\n<div class=\"gb-headline gb-headline-58df952e gb-headline-text la-component-sliding-text slide-from-left to-left-position la-sliding-text\">Instalaciones el\u00e9ctricas<\/div>\n\n\n<div class=\"gb-grid-wrapper gb-grid-wrapper-bafbc3ca la-layout-text-image-driven-height-container\">\n<div class=\"gb-grid-column gb-grid-column-c667d299 gb-grid-column-animation-zoom-in-fade-in\"><div class=\"gb-container gb-container-c667d299 la-layout-text-wrapper la-text-wrapper gb-container-animation-zoom-in-fade-in\"><div class=\"gb-inside-container\">\n\n<div class=\"gb-headline gb-headline-d50c8023 gb-headline-text la-component-section-summary-tag\">Dise\u00f1o y realizaci\u00f3n de instalaciones el\u00e9ctricas<\/div>\n\n\n\n<h2 class=\"gb-headline gb-headline-ff10461e gb-headline-text la-component-section-title\">Instalaciones el\u00e9ctricas de potencia y para la automatizaci\u00f3n<\/h2>\n\n\n\n<p>Gracias a la experiencia adquirida con los a\u00f1os y el personal t\u00e9cnico cualificado y constantemente actualizado, Olivero es capaz de ofrecer a sus clientes un servicio completo de dise\u00f1o y realizaci\u00f3n de instalaciones el\u00e9ctricas de potencia de baja y mediana intensidad y de instalaciones el\u00e9ctricas para la automatizaci\u00f3n industrial.<\/p>\n\n\n\n<p>La alimentaci\u00f3n de edificios y plantas de producci\u00f3n requiere instalaciones el\u00e9ctricas de potencia que sean eficientes, seguras y est\u00e9n certificadas. El equipo de Olivero se encarga de la realizaci\u00f3n del proyecto, de la elecci\u00f3n y de la compra del material, de la colocaci\u00f3n y de la certificaci\u00f3n.<\/p>\n\n\n\n<p>La experiencia en el campo de la automatizaci\u00f3n industrial de nuestro equipo se completa con el desarrollo, el cableado de cuadros el\u00e9ctricos, el cableado a bordo de la m\u00e1quina, la instalaci\u00f3n y la prueba de instalaciones el\u00e9ctricas para la automatizaci\u00f3n de proceso, adem\u00e1s de la certificaci\u00f3n del cuadro el\u00e9ctrico o de la instalaci\u00f3n<\/p>\n\n\n<div class=\"gb-grid-wrapper gb-grid-wrapper-20431ad8 la-layout-features-list la-feature-list-wrapper\">\n<div class=\"gb-grid-column gb-grid-column-7b2d99e7 gb-grid-column-animation-zoom-in-fade-in\"><div class=\"gb-container gb-container-7b2d99e7 la-layout-features-list-column gb-container-animation-zoom-in-fade-in\"><div class=\"gb-inside-container\">\n\n<div class=\"wp-block-group la-component-list-item-wrapper is-layout-flow wp-block-group-is-layout-flow\"><div class=\"wp-block-group__inner-container\">\n<h3 class=\"gb-headline gb-headline-eb5bd0ee la-component-list-item-title\"><span class=\"gb-icon\"><svg aria-hidden=\"true\" role=\"img\" height=\"1em\" width=\"1em\" viewBox=\"0 0 512 512\" xmlns=\"http:\/\/www.w3.org\/2000\/svg\"><path fill=\"currentColor\" d=\"M173.898 439.404l-166.4-166.4c-9.997-9.997-9.997-26.206 0-36.204l36.203-36.204c9.997-9.998 26.207-9.998 36.204 0L192 312.69 432.095 72.596c9.997-9.997 26.207-9.997 36.204 0l36.203 36.204c9.997 9.997 9.997 26.206 0 36.204l-294.4 294.401c-9.998 9.997-26.207 9.997-36.204-.001z\"><\/path><\/svg><\/span><span class=\"gb-headline-text\">Dise\u00f1o de cuadros el\u00e9ctricos y de instalaciones a bordo m\u00e1quina<\/span><\/h3>\n<\/div><\/div>\n\n\n\n<div class=\"wp-block-group la-component-list-item-wrapper is-layout-flow wp-block-group-is-layout-flow\"><div class=\"wp-block-group__inner-container\">\n<h3 class=\"gb-headline gb-headline-a05a3fb1 la-component-list-item-title\"><span class=\"gb-icon\"><svg aria-hidden=\"true\" role=\"img\" height=\"1em\" width=\"1em\" viewBox=\"0 0 512 512\" xmlns=\"http:\/\/www.w3.org\/2000\/svg\"><path fill=\"currentColor\" d=\"M173.898 439.404l-166.4-166.4c-9.997-9.997-9.997-26.206 0-36.204l36.203-36.204c9.997-9.998 26.207-9.998 36.204 0L192 312.69 432.095 72.596c9.997-9.997 26.207-9.997 36.204 0l36.203 36.204c9.997 9.997 9.997 26.206 0 36.204l-294.4 294.401c-9.998 9.997-26.207 9.997-36.204-.001z\"><\/path><\/svg><\/span><span class=\"gb-headline-text\">Dise\u00f1o de instalaciones de iluminaci\u00f3n industrial y vial<\/span><\/h3>\n<\/div><\/div>\n\n\n\n<div class=\"wp-block-group la-component-list-item-wrapper is-layout-flow wp-block-group-is-layout-flow\"><div class=\"wp-block-group__inner-container\">\n<h3 class=\"gb-headline gb-headline-9dc5f378 la-component-list-item-title\"><span class=\"gb-icon\"><svg aria-hidden=\"true\" role=\"img\" height=\"1em\" width=\"1em\" viewBox=\"0 0 512 512\" xmlns=\"http:\/\/www.w3.org\/2000\/svg\"><path fill=\"currentColor\" d=\"M173.898 439.404l-166.4-166.4c-9.997-9.997-9.997-26.206 0-36.204l36.203-36.204c9.997-9.998 26.207-9.998 36.204 0L192 312.69 432.095 72.596c9.997-9.997 26.207-9.997 36.204 0l36.203 36.204c9.997 9.997 9.997 26.206 0 36.204l-294.4 294.401c-9.998 9.997-26.207 9.997-36.204-.001z\"><\/path><\/svg><\/span><span class=\"gb-headline-text\">Selecci\u00f3n y compra del material para instalaciones el\u00e9ctricas<\/span><\/h3>\n<\/div><\/div>\n\n<\/div><\/div><\/div>\n\n<div class=\"gb-grid-column gb-grid-column-d7252e40 gb-grid-column-animation-zoom-in-fade-in\"><div class=\"gb-container gb-container-d7252e40 la-layout-features-list-column gb-container-animation-zoom-in-fade-in\"><div class=\"gb-inside-container\">\n\n<div class=\"wp-block-group la-component-list-item-wrapper is-layout-flow wp-block-group-is-layout-flow\"><div class=\"wp-block-group__inner-container\">\n<h3 class=\"gb-headline gb-headline-a774da01 la-component-list-item-title\"><span class=\"gb-icon\"><svg aria-hidden=\"true\" role=\"img\" height=\"1em\" width=\"1em\" viewBox=\"0 0 512 512\" xmlns=\"http:\/\/www.w3.org\/2000\/svg\"><path fill=\"currentColor\" d=\"M173.898 439.404l-166.4-166.4c-9.997-9.997-9.997-26.206 0-36.204l36.203-36.204c9.997-9.998 26.207-9.998 36.204 0L192 312.69 432.095 72.596c9.997-9.997 26.207-9.997 36.204 0l36.203 36.204c9.997 9.997 9.997 26.206 0 36.204l-294.4 294.401c-9.998 9.997-26.207 9.997-36.204-.001z\"><\/path><\/svg><\/span><span class=\"gb-headline-text\">Dise\u00f1o de instalaciones el\u00e9ctricas civiles e industriales<\/span><\/h3>\n<\/div><\/div>\n\n\n\n<div class=\"wp-block-group la-component-list-item-wrapper is-layout-flow wp-block-group-is-layout-flow\"><div class=\"wp-block-group__inner-container\">\n<h3 class=\"gb-headline gb-headline-b0a0aee2 la-component-list-item-title\"><span class=\"gb-icon\"><svg aria-hidden=\"true\" role=\"img\" height=\"1em\" width=\"1em\" viewBox=\"0 0 512 512\" xmlns=\"http:\/\/www.w3.org\/2000\/svg\"><path fill=\"currentColor\" d=\"M173.898 439.404l-166.4-166.4c-9.997-9.997-9.997-26.206 0-36.204l36.203-36.204c9.997-9.998 26.207-9.998 36.204 0L192 312.69 432.095 72.596c9.997-9.997 26.207-9.997 36.204 0l36.203 36.204c9.997 9.997 9.997 26.206 0 36.204l-294.4 294.401c-9.998 9.997-26.207 9.997-36.204-.001z\"><\/path><\/svg><\/span><span class=\"gb-headline-text\">Cableados de cuadros el\u00e9ctricos y a bordo de la m\u00e1quina<\/span><\/h3>\n<\/div><\/div>\n\n\n\n<div class=\"wp-block-group la-component-list-item-wrapper is-layout-flow wp-block-group-is-layout-flow\"><div class=\"wp-block-group__inner-container\">\n<h3 class=\"gb-headline gb-headline-3a7c2f52 la-component-list-item-title\"><span class=\"gb-icon\"><svg aria-hidden=\"true\" role=\"img\" height=\"1em\" width=\"1em\" viewBox=\"0 0 512 512\" xmlns=\"http:\/\/www.w3.org\/2000\/svg\"><path fill=\"currentColor\" d=\"M173.898 439.404l-166.4-166.4c-9.997-9.997-9.997-26.206 0-36.204l36.203-36.204c9.997-9.998 26.207-9.998 36.204 0L192 312.69 432.095 72.596c9.997-9.997 26.207-9.997 36.204 0l36.203 36.204c9.997 9.997 9.997 26.206 0 36.204l-294.4 294.401c-9.998 9.997-26.207 9.997-36.204-.001z\"><\/path><\/svg><\/span><span class=\"gb-headline-text\">Prueba y certificaci\u00f3n de instalaciones el\u00e9ctricas en base a las normativas<\/span><\/h3>\n<\/div><\/div>\n\n<\/div><\/div><\/div>\n<\/div>\n<\/div><\/div><\/div>\n\n<div class=\"gb-grid-column gb-grid-column-85056616 gb-grid-column-animation-zoom-in-fade-in\"><div class=\"gb-container gb-container-85056616 la-layout-image-wrapper  la-image-container gb-container-animation-zoom-in-fade-in\"><div class=\"gb-inside-container\">\n<div class=\"gb-container gb-container-407cf67a la-image-background\"><div class=\"gb-inside-container\"><\/div><\/div>\n\n\n<figure class=\"wp-block-image size-large la-layout-image la-image-wrapper\"><img loading=\"lazy\" decoding=\"async\" width=\"683\" height=\"1024\" src=\"https:\/\/oliveroimpianti.it\/wp-content\/uploads\/2022\/06\/impianti_elettrici_di_potenza_e_per_lautomazione_2-683x1024.jpg\" alt=\"\" class=\"wp-image-3756\" srcset=\"https:\/\/oliveroimpianti.it\/wp-content\/uploads\/2022\/06\/impianti_elettrici_di_potenza_e_per_lautomazione_2-683x1024.jpg 683w, https:\/\/oliveroimpianti.it\/wp-content\/uploads\/2022\/06\/impianti_elettrici_di_potenza_e_per_lautomazione_2-600x900.jpg 600w, https:\/\/oliveroimpianti.it\/wp-content\/uploads\/2022\/06\/impianti_elettrici_di_potenza_e_per_lautomazione_2-200x300.jpg 200w, https:\/\/oliveroimpianti.it\/wp-content\/uploads\/2022\/06\/impianti_elettrici_di_potenza_e_per_lautomazione_2-768x1152.jpg 768w, https:\/\/oliveroimpianti.it\/wp-content\/uploads\/2022\/06\/impianti_elettrici_di_potenza_e_per_lautomazione_2-1024x1536.jpg 1024w, https:\/\/oliveroimpianti.it\/wp-content\/uploads\/2022\/06\/impianti_elettrici_di_potenza_e_per_lautomazione_2.jpg 1067w\" sizes=\"(max-width: 683px) 100vw, 683px\" \/><\/figure>\n\n<\/div><\/div><\/div>\n<\/div>\n<\/div><\/div>\n\n<div class=\"gb-container gb-container-b9a05e25 la-layout-text-image-driven-height la-pattern-text-and-overlapped-image accent-variation image-first alignfull\"><div class=\"gb-inside-container\">\n<div class=\"gb-grid-wrapper gb-grid-wrapper-cc8e3ea5 la-layout-text-image-driven-height-container la-pattern-text-and-overlapped-image-container\">\n<div class=\"gb-grid-column gb-grid-column-95ea4fa7 gb-grid-column-animation-zoom-in-fade-in\"><div class=\"gb-container gb-container-95ea4fa7 la-layout-image-wrapper la-image-wrapper  gb-container-animation-zoom-in-fade-in\"><div class=\"gb-inside-container\">\n\n<figure class=\"wp-block-image size-large la-layout-image\"><img loading=\"lazy\" decoding=\"async\" width=\"1024\" height=\"725\" src=\"https:\/\/oliveroimpianti.it\/wp-content\/uploads\/2022\/06\/progettazione_elettrica_e_meccanica_3-1024x725.jpg\" alt=\"\" class=\"wp-image-3726\" srcset=\"https:\/\/oliveroimpianti.it\/wp-content\/uploads\/2022\/06\/progettazione_elettrica_e_meccanica_3-1024x725.jpg 1024w, https:\/\/oliveroimpianti.it\/wp-content\/uploads\/2022\/06\/progettazione_elettrica_e_meccanica_3-600x425.jpg 600w, https:\/\/oliveroimpianti.it\/wp-content\/uploads\/2022\/06\/progettazione_elettrica_e_meccanica_3-300x212.jpg 300w, https:\/\/oliveroimpianti.it\/wp-content\/uploads\/2022\/06\/progettazione_elettrica_e_meccanica_3-768x544.jpg 768w, https:\/\/oliveroimpianti.it\/wp-content\/uploads\/2022\/06\/progettazione_elettrica_e_meccanica_3.jpg 1500w\" sizes=\"(max-width: 1024px) 100vw, 1024px\" \/><\/figure>\n\n<\/div><\/div><\/div>\n\n<div class=\"gb-grid-column gb-grid-column-ec92ccc5 gb-grid-column-animation-zoom-in-fade-in\"><div class=\"gb-container gb-container-ec92ccc5 la-layout-text-wrapper la-text-wrapper gb-container-animation-zoom-in-fade-in\"><div class=\"gb-inside-container\">\n\n<div class=\"gb-headline gb-headline-8948aad3 gb-headline-text la-component-section-summary-tag accent-variation\">Socios en todos los sectores<\/div>\n\n\n\n<h2 class=\"gb-headline gb-headline-8858caa4 gb-headline-text la-component-section-title smaller\">Dise\u00f1o el\u00e9ctrico y mec\u00e1nico<\/h2>\n\n\n\n<p class=\"la-component-section-content\">Olivero es un Integrador de sistemas completo, que se destaca en el mercado propio por ofrecer un servicio completo a sus clientes. Adem\u00e1s del \u00e1rea el\u00e9ctrica, nuestro equipo se enorgullece de una experiencia de a\u00f1os en el dise\u00f1o mec\u00e1nico de instalaciones.<\/p>\n\n\n<div class=\"gb-button-wrapper gb-button-wrapper-be9fc54d la-component-button-container la-button-link-container uppercase\">\n\n<a class=\"gb-button gb-button-a8141509 gb-button-text la-component-button\" href=\"https:\/\/oliveroimpianti.it\/es\/automatizacion-industrial-y-robot\/diseno-mecanico\/\">Dise\u00f1o mec\u00e1nico<\/a>\n\n<\/div>\n<\/div><\/div><\/div>\n<\/div>\n<\/div><\/div>\n\n<div class=\"gb-container gb-container-8378aad9 la-pattern-cta alignwide\"><div class=\"gb-inside-container\">\n\n<h2 class=\"gb-headline gb-headline-cbfad595 gb-headline-text la-component-section-title smaller\">\u00bfNecesitas desarrollar una instalaci\u00f3n el\u00e9ctrica para tu empresa?<\/h2>\n\n\n<div class=\"gb-button-wrapper gb-button-wrapper-4ddb047f la-component-button-container uppercase centered\">\n\n<a class=\"gb-button gb-button-3d211ed6 gb-button-text la-component-button\" href=\"https:\/\/oliveroimpianti.it\/es\/contactos\/\">Contacta nuestro equipo<\/a>\n\n<\/div>\n<\/div><\/div>\n\n\n<p><\/p>\n","protected":false},"excerpt":{"rendered":"<p>Instalaciones el\u00e9ctricas \u00bfNecesitas desarrollar una instalaci\u00f3n el\u00e9ctrica para tu empresa?<\/p>\n","protected":false},"author":1,"featured_media":5772,"parent":6610,"menu_order":0,"comment_status":"closed","ping_status":"closed","template":"","meta":{"footnotes":""},"acf":[],"yoast_head":"<!-- This site is optimized with the Yoast SEO plugin v21.7 - https:\/\/yoast.com\/wordpress\/plugins\/seo\/ -->\n<title>Dise\u00f1o de sistemas el\u00e9ctricos de potencia y automatizaci\u00f3n industrial<\/title>\n<meta name=\"description\" content=\"Realizaci\u00f3n de instalaciones el\u00e9ctricas de baja y media intensidad y para la automatizaci\u00f3n, desde el cableado de los cuadros hasta la instalaci\u00f3n y prueba\" \/>\n<meta name=\"robots\" content=\"index, follow, max-snippet:-1, max-image-preview:large, max-video-preview:-1\" \/>\n<link rel=\"canonical\" href=\"https:\/\/oliveroimpianti.it\/es\/automatizacion-industrial-y-robot\/diseno-instalaciones-electricas\/\" \/>\n<meta property=\"og:locale\" content=\"es_ES\" \/>\n<meta property=\"og:type\" content=\"article\" \/>\n<meta property=\"og:title\" content=\"Dise\u00f1o de sistemas el\u00e9ctricos de potencia y automatizaci\u00f3n industrial\" \/>\n<meta property=\"og:description\" content=\"Realizaci\u00f3n de instalaciones el\u00e9ctricas de baja y media intensidad y para la automatizaci\u00f3n, desde el cableado de los cuadros hasta la instalaci\u00f3n y prueba\" \/>\n<meta property=\"og:url\" content=\"https:\/\/oliveroimpianti.it\/es\/automatizacion-industrial-y-robot\/diseno-instalaciones-electricas\/\" \/>\n<meta property=\"og:site_name\" content=\"Olivero Impianti\" \/>\n<meta property=\"article:modified_time\" content=\"2023-05-17T08:35:10+00:00\" \/>\n<meta property=\"og:image\" content=\"https:\/\/oliveroimpianti.it\/wp-content\/uploads\/2022\/06\/Header_progettazione_impianti_elettrici.jpg\" \/>\n\t<meta property=\"og:image:width\" content=\"2000\" \/>\n\t<meta property=\"og:image:height\" content=\"1018\" \/>\n\t<meta property=\"og:image:type\" content=\"image\/jpeg\" \/>\n<meta name=\"twitter:card\" content=\"summary_large_image\" \/>\n<meta name=\"twitter:label1\" content=\"Tiempo de lectura\" \/>\n\t<meta name=\"twitter:data1\" content=\"2 minutos\" \/>\n<script type=\"application\/ld+json\" class=\"yoast-schema-graph\">{\"@context\":\"https:\/\/schema.org\",\"@graph\":[{\"@type\":\"WebPage\",\"@id\":\"https:\/\/oliveroimpianti.it\/es\/automatizacion-industrial-y-robot\/diseno-instalaciones-electricas\/\",\"url\":\"https:\/\/oliveroimpianti.it\/es\/automatizacion-industrial-y-robot\/diseno-instalaciones-electricas\/\",\"name\":\"Dise\u00f1o de sistemas el\u00e9ctricos de potencia y automatizaci\u00f3n industrial\",\"isPartOf\":{\"@id\":\"https:\/\/oliveroimpianti.it\/#website\"},\"datePublished\":\"2022-05-25T14:11:20+00:00\",\"dateModified\":\"2023-05-17T08:35:10+00:00\",\"description\":\"Realizaci\u00f3n de instalaciones el\u00e9ctricas de baja y media intensidad y para la automatizaci\u00f3n, desde el cableado de los cuadros hasta la instalaci\u00f3n y prueba\",\"breadcrumb\":{\"@id\":\"https:\/\/oliveroimpianti.it\/es\/automatizacion-industrial-y-robot\/diseno-instalaciones-electricas\/#breadcrumb\"},\"inLanguage\":\"es\",\"potentialAction\":[{\"@type\":\"ReadAction\",\"target\":[\"https:\/\/oliveroimpianti.it\/es\/automatizacion-industrial-y-robot\/diseno-instalaciones-electricas\/\"]}]},{\"@type\":\"BreadcrumbList\",\"@id\":\"https:\/\/oliveroimpianti.it\/es\/automatizacion-industrial-y-robot\/diseno-instalaciones-electricas\/#breadcrumb\",\"itemListElement\":[{\"@type\":\"ListItem\",\"position\":1,\"name\":\"Home\",\"item\":\"https:\/\/oliveroimpianti.it\/es\/\"},{\"@type\":\"ListItem\",\"position\":2,\"name\":\"Automatizaci\u00f3n industrial y robot\",\"item\":\"https:\/\/oliveroimpianti.it\/es\/automatizacion-industrial-y-robot\/\"},{\"@type\":\"ListItem\",\"position\":3,\"name\":\"Dise\u00f1o instalaciones el\u00e9ctricas\"}]},{\"@type\":\"WebSite\",\"@id\":\"https:\/\/oliveroimpianti.it\/#website\",\"url\":\"https:\/\/oliveroimpianti.it\/\",\"name\":\"Olivero Impianti\",\"description\":\"Automazioni industriali\",\"publisher\":{\"@id\":\"https:\/\/oliveroimpianti.it\/#organization\"},\"potentialAction\":[{\"@type\":\"SearchAction\",\"target\":{\"@type\":\"EntryPoint\",\"urlTemplate\":\"https:\/\/oliveroimpianti.it\/?s={search_term_string}\"},\"query-input\":\"required name=search_term_string\"}],\"inLanguage\":\"es\"},{\"@type\":\"Organization\",\"@id\":\"https:\/\/oliveroimpianti.it\/#organization\",\"name\":\"Olivero Impianti\",\"url\":\"https:\/\/oliveroimpianti.it\/\",\"logo\":{\"@type\":\"ImageObject\",\"inLanguage\":\"es\",\"@id\":\"https:\/\/oliveroimpianti.it\/#\/schema\/logo\/image\/\",\"url\":\"https:\/\/oliveroimpianti.it\/wp-content\/uploads\/2023\/11\/cropped-olivero-impianti-logo.png\",\"contentUrl\":\"https:\/\/oliveroimpianti.it\/wp-content\/uploads\/2023\/11\/cropped-olivero-impianti-logo.png\",\"width\":1977,\"height\":449,\"caption\":\"Olivero Impianti\"},\"image\":{\"@id\":\"https:\/\/oliveroimpianti.it\/#\/schema\/logo\/image\/\"}}]}<\/script>\n<!-- \/ Yoast SEO plugin. -->","yoast_head_json":{"title":"Dise\u00f1o de sistemas el\u00e9ctricos de potencia y automatizaci\u00f3n industrial","description":"Realizaci\u00f3n de instalaciones el\u00e9ctricas de baja y media intensidad y para la automatizaci\u00f3n, desde el cableado de los cuadros hasta la instalaci\u00f3n y prueba","robots":{"index":"index","follow":"follow","max-snippet":"max-snippet:-1","max-image-preview":"max-image-preview:large","max-video-preview":"max-video-preview:-1"},"canonical":"https:\/\/oliveroimpianti.it\/es\/automatizacion-industrial-y-robot\/diseno-instalaciones-electricas\/","og_locale":"es_ES","og_type":"article","og_title":"Dise\u00f1o de sistemas el\u00e9ctricos de potencia y automatizaci\u00f3n industrial","og_description":"Realizaci\u00f3n de instalaciones el\u00e9ctricas de baja y media intensidad y para la automatizaci\u00f3n, desde el cableado de los cuadros hasta la instalaci\u00f3n y prueba","og_url":"https:\/\/oliveroimpianti.it\/es\/automatizacion-industrial-y-robot\/diseno-instalaciones-electricas\/","og_site_name":"Olivero Impianti","article_modified_time":"2023-05-17T08:35:10+00:00","og_image":[{"width":2000,"height":1018,"url":"https:\/\/oliveroimpianti.it\/wp-content\/uploads\/2022\/06\/Header_progettazione_impianti_elettrici.jpg","type":"image\/jpeg"}],"twitter_card":"summary_large_image","twitter_misc":{"Tiempo de lectura":"2 minutos"},"schema":{"@context":"https:\/\/schema.org","@graph":[{"@type":"WebPage","@id":"https:\/\/oliveroimpianti.it\/es\/automatizacion-industrial-y-robot\/diseno-instalaciones-electricas\/","url":"https:\/\/oliveroimpianti.it\/es\/automatizacion-industrial-y-robot\/diseno-instalaciones-electricas\/","name":"Dise\u00f1o de sistemas el\u00e9ctricos de potencia y automatizaci\u00f3n industrial","isPartOf":{"@id":"https:\/\/oliveroimpianti.it\/#website"},"datePublished":"2022-05-25T14:11:20+00:00","dateModified":"2023-05-17T08:35:10+00:00","description":"Realizaci\u00f3n de instalaciones el\u00e9ctricas de baja y media intensidad y para la automatizaci\u00f3n, desde el cableado de los cuadros hasta la instalaci\u00f3n y prueba","breadcrumb":{"@id":"https:\/\/oliveroimpianti.it\/es\/automatizacion-industrial-y-robot\/diseno-instalaciones-electricas\/#breadcrumb"},"inLanguage":"es","potentialAction":[{"@type":"ReadAction","target":["https:\/\/oliveroimpianti.it\/es\/automatizacion-industrial-y-robot\/diseno-instalaciones-electricas\/"]}]},{"@type":"BreadcrumbList","@id":"https:\/\/oliveroimpianti.it\/es\/automatizacion-industrial-y-robot\/diseno-instalaciones-electricas\/#breadcrumb","itemListElement":[{"@type":"ListItem","position":1,"name":"Home","item":"https:\/\/oliveroimpianti.it\/es\/"},{"@type":"ListItem","position":2,"name":"Automatizaci\u00f3n industrial y robot","item":"https:\/\/oliveroimpianti.it\/es\/automatizacion-industrial-y-robot\/"},{"@type":"ListItem","position":3,"name":"Dise\u00f1o instalaciones el\u00e9ctricas"}]},{"@type":"WebSite","@id":"https:\/\/oliveroimpianti.it\/#website","url":"https:\/\/oliveroimpianti.it\/","name":"Olivero Impianti","description":"Automazioni industriali","publisher":{"@id":"https:\/\/oliveroimpianti.it\/#organization"},"potentialAction":[{"@type":"SearchAction","target":{"@type":"EntryPoint","urlTemplate":"https:\/\/oliveroimpianti.it\/?s={search_term_string}"},"query-input":"required name=search_term_string"}],"inLanguage":"es"},{"@type":"Organization","@id":"https:\/\/oliveroimpianti.it\/#organization","name":"Olivero Impianti","url":"https:\/\/oliveroimpianti.it\/","logo":{"@type":"ImageObject","inLanguage":"es","@id":"https:\/\/oliveroimpianti.it\/#\/schema\/logo\/image\/","url":"https:\/\/oliveroimpianti.it\/wp-content\/uploads\/2023\/11\/cropped-olivero-impianti-logo.png","contentUrl":"https:\/\/oliveroimpianti.it\/wp-content\/uploads\/2023\/11\/cropped-olivero-impianti-logo.png","width":1977,"height":449,"caption":"Olivero Impianti"},"image":{"@id":"https:\/\/oliveroimpianti.it\/#\/schema\/logo\/image\/"}}]}},"_links":{"self":[{"href":"https:\/\/oliveroimpianti.it\/es\/wp-json\/wp\/v2\/pages\/6618"}],"collection":[{"href":"https:\/\/oliveroimpianti.it\/es\/wp-json\/wp\/v2\/pages"}],"about":[{"href":"https:\/\/oliveroimpianti.it\/es\/wp-json\/wp\/v2\/types\/page"}],"author":[{"embeddable":true,"href":"https:\/\/oliveroimpianti.it\/es\/wp-json\/wp\/v2\/users\/1"}],"replies":[{"embeddable":true,"href":"https:\/\/oliveroimpianti.it\/es\/wp-json\/wp\/v2\/comments?post=6618"}],"version-history":[{"count":3,"href":"https:\/\/oliveroimpianti.it\/es\/wp-json\/wp\/v2\/pages\/6618\/revisions"}],"predecessor-version":[{"id":6898,"href":"https:\/\/oliveroimpianti.it\/es\/wp-json\/wp\/v2\/pages\/6618\/revisions\/6898"}],"up":[{"embeddable":true,"href":"https:\/\/oliveroimpianti.it\/es\/wp-json\/wp\/v2\/pages\/6610"}],"wp:featuredmedia":[{"embeddable":true,"href":"https:\/\/oliveroimpianti.it\/es\/wp-json\/wp\/v2\/media\/5772"}],"wp:attachment":[{"href":"https:\/\/oliveroimpianti.it\/es\/wp-json\/wp\/v2\/media?parent=6618"}],"curies":[{"name":"wp","href":"https:\/\/api.w.org\/{rel}","templated":true}]}}