{"id":6616,"date":"2022-05-25T14:19:21","date_gmt":"2022-05-25T14:19:21","guid":{"rendered":"https:\/\/oliveroimpianti.it\/automazione-industriale-e-robot\/logistica-industriale\/trasportatori\/"},"modified":"2023-05-17T08:03:24","modified_gmt":"2023-05-17T08:03:24","slug":"transportadores","status":"publish","type":"page","link":"https:\/\/oliveroimpianti.it\/es\/automatizacion-industrial-y-robot\/logistica-industrial-e-intralogistica\/transportadores\/","title":{"rendered":"Transportadores"},"content":{"rendered":"<div class=\"gb-container gb-container-c0b45941 la-pattern-overview\"><div class=\"gb-inside-container\">\n<div class=\"gb-container gb-container-fdb81756 la-pattern-overview-container alignwide gb-container-animation-zoom-in-fade-in\"><div class=\"gb-inside-container\">\n\n<h2 class=\"gb-headline gb-headline-ed727b6e gb-headline-text la-component-section-title\">Section title<\/h2>\n\n\n\n<p>Sed ut perspiciatis unde omnis iste natus error sit voluptatem accusantium doloremque laudantium, totam rem aperiam, eaque ipsa quae ab illo inventore veritatis et quasi architecto beatae vitae dicta sunt explicabo. Nemo enim ipsam voluptatem quia voluptas sit aspernatur aut odit aut fugit, sed quia consequuntur magni dolores eos qui ratione voluptatem sequi nesciunt. Neque porro quisquam est, qui dolorem ipsum quia dolor sit amet, consectetur, adipisci velit, sed quia non numquam eius modi tempora incidunt ut labore et dolore magnam aliquam quaerat v<\/p>\n\n<\/div><\/div>\n<\/div><\/div>\n\n<div class=\"gb-container gb-container-7bfc5652 la-layout-text-image-driven-height la-pattern-text-and-image-with-shifted-background alignwide gb-container-animation-zoom-in-fade-in\"><div class=\"gb-inside-container\">\n\n<div class=\"gb-headline gb-headline-58df952e gb-headline-text la-component-sliding-text slide-from-left to-left-position la-sliding-text\">L\u00edneas de transporte<\/div>\n\n\n<div class=\"gb-grid-wrapper gb-grid-wrapper-bafbc3ca la-layout-text-image-driven-height-container\">\n<div class=\"gb-grid-column gb-grid-column-c667d299 gb-grid-column-animation-zoom-in-fade-in\"><div class=\"gb-container gb-container-c667d299 la-layout-text-wrapper la-text-wrapper gb-container-animation-zoom-in-fade-in\"><div class=\"gb-inside-container\">\n\n<div class=\"gb-headline gb-headline-d50c8023 gb-headline-text la-component-section-summary-tag\">Transporte automatizado<\/div>\n\n\n\n<h2 class=\"gb-headline gb-headline-92949d63 gb-headline-text la-component-section-title\">L\u00edneas de transporte que se adaptan a las exigencias de tu empresa<\/h2>\n\n\n\n<p>Contamos con m\u00e1s de 35 a\u00f1os de experiencia en el sector del desplazamiento de mercanc\u00eda dentro de la empresa y colaboramos con socios de calidad especialmente elegidos. Es por eso que somos capaces de ofrecer soluciones que se adaptan a todos los tipos de productos a transportar y a las m\u00e1s espec\u00edficas exigencias en t\u00e9rminos de intralog\u00edstica y log\u00edstica industrial, integrando cuando sea necesario m\u00e1quinas y l\u00edneas existentes.<\/p>\n\n\n<div class=\"gb-grid-wrapper gb-grid-wrapper-20431ad8 la-layout-features-list la-feature-list-wrapper\">\n<div class=\"gb-grid-column gb-grid-column-7b2d99e7 gb-grid-column-animation-zoom-in-fade-in\"><div class=\"gb-container gb-container-7b2d99e7 la-layout-features-list-column gb-container-animation-zoom-in-fade-in\"><div class=\"gb-inside-container\">\n\n<div class=\"wp-block-group la-component-list-item-wrapper is-layout-flow wp-block-group-is-layout-flow\"><div class=\"wp-block-group__inner-container\">\n<h3 class=\"gb-headline gb-headline-eb5bd0ee la-component-list-item-title\"><span class=\"gb-icon\"><svg aria-hidden=\"true\" role=\"img\" height=\"1em\" width=\"1em\" viewBox=\"0 0 512 512\" xmlns=\"http:\/\/www.w3.org\/2000\/svg\"><path fill=\"currentColor\" d=\"M173.898 439.404l-166.4-166.4c-9.997-9.997-9.997-26.206 0-36.204l36.203-36.204c9.997-9.998 26.207-9.998 36.204 0L192 312.69 432.095 72.596c9.997-9.997 26.207-9.997 36.204 0l36.203 36.204c9.997 9.997 9.997 26.206 0 36.204l-294.4 294.401c-9.998 9.997-26.207 9.997-36.204-.001z\"><\/path><\/svg><\/span><span class=\"gb-headline-text\">Mesas desviadoras<\/span><\/h3>\n<\/div><\/div>\n\n\n\n<div class=\"wp-block-group la-component-list-item-wrapper is-layout-flow wp-block-group-is-layout-flow\"><div class=\"wp-block-group__inner-container\">\n<h3 class=\"gb-headline gb-headline-a05a3fb1 la-component-list-item-title\"><span class=\"gb-icon\"><svg aria-hidden=\"true\" role=\"img\" height=\"1em\" width=\"1em\" viewBox=\"0 0 512 512\" xmlns=\"http:\/\/www.w3.org\/2000\/svg\"><path fill=\"currentColor\" d=\"M173.898 439.404l-166.4-166.4c-9.997-9.997-9.997-26.206 0-36.204l36.203-36.204c9.997-9.998 26.207-9.998 36.204 0L192 312.69 432.095 72.596c9.997-9.997 26.207-9.997 36.204 0l36.203 36.204c9.997 9.997 9.997 26.206 0 36.204l-294.4 294.401c-9.998 9.997-26.207 9.997-36.204-.001z\"><\/path><\/svg><\/span><span class=\"gb-headline-text\">Transportadores de cadena<\/span><\/h3>\n<\/div><\/div>\n\n\n\n<div class=\"wp-block-group la-component-list-item-wrapper is-layout-flow wp-block-group-is-layout-flow\"><div class=\"wp-block-group__inner-container\">\n<h3 class=\"gb-headline gb-headline-9dc5f378 la-component-list-item-title\"><span class=\"gb-icon\"><svg aria-hidden=\"true\" role=\"img\" height=\"1em\" width=\"1em\" viewBox=\"0 0 512 512\" xmlns=\"http:\/\/www.w3.org\/2000\/svg\"><path fill=\"currentColor\" d=\"M173.898 439.404l-166.4-166.4c-9.997-9.997-9.997-26.206 0-36.204l36.203-36.204c9.997-9.998 26.207-9.998 36.204 0L192 312.69 432.095 72.596c9.997-9.997 26.207-9.997 36.204 0l36.203 36.204c9.997 9.997 9.997 26.206 0 36.204l-294.4 294.401c-9.998 9.997-26.207 9.997-36.204-.001z\"><\/path><\/svg><\/span><span class=\"gb-headline-text\">Transportadores de gravedad<\/span><\/h3>\n<\/div><\/div>\n\n\n\n<div class=\"wp-block-group la-component-list-item-wrapper is-layout-flow wp-block-group-is-layout-flow\"><div class=\"wp-block-group__inner-container\">\n<h3 class=\"gb-headline gb-headline-fa6a4a60 la-component-list-item-title\"><span class=\"gb-icon\"><svg aria-hidden=\"true\" role=\"img\" height=\"1em\" width=\"1em\" viewBox=\"0 0 512 512\" xmlns=\"http:\/\/www.w3.org\/2000\/svg\"><path fill=\"currentColor\" d=\"M173.898 439.404l-166.4-166.4c-9.997-9.997-9.997-26.206 0-36.204l36.203-36.204c9.997-9.998 26.207-9.998 36.204 0L192 312.69 432.095 72.596c9.997-9.997 26.207-9.997 36.204 0l36.203 36.204c9.997 9.997 9.997 26.206 0 36.204l-294.4 294.401c-9.998 9.997-26.207 9.997-36.204-.001z\"><\/path><\/svg><\/span><span class=\"gb-headline-text\">Elevadores\/descendedores<\/span><\/h3>\n<\/div><\/div>\n\n<\/div><\/div><\/div>\n\n<div class=\"gb-grid-column gb-grid-column-d7252e40 gb-grid-column-animation-zoom-in-fade-in\"><div class=\"gb-container gb-container-d7252e40 la-layout-features-list-column gb-container-animation-zoom-in-fade-in\"><div class=\"gb-inside-container\">\n\n<div class=\"wp-block-group la-component-list-item-wrapper is-layout-flow wp-block-group-is-layout-flow\"><div class=\"wp-block-group__inner-container\">\n<h3 class=\"gb-headline gb-headline-a774da01 la-component-list-item-title\"><span class=\"gb-icon\"><svg aria-hidden=\"true\" role=\"img\" height=\"1em\" width=\"1em\" viewBox=\"0 0 512 512\" xmlns=\"http:\/\/www.w3.org\/2000\/svg\"><path fill=\"currentColor\" d=\"M173.898 439.404l-166.4-166.4c-9.997-9.997-9.997-26.206 0-36.204l36.203-36.204c9.997-9.998 26.207-9.998 36.204 0L192 312.69 432.095 72.596c9.997-9.997 26.207-9.997 36.204 0l36.203 36.204c9.997 9.997 9.997 26.206 0 36.204l-294.4 294.401c-9.998 9.997-26.207 9.997-36.204-.001z\"><\/path><\/svg><\/span><span class=\"gb-headline-text\">Transportadores de rodillos<\/span><\/h3>\n\n\n\n<h3 class=\"gb-headline gb-headline-b0a0aee2 la-component-list-item-title\"><span class=\"gb-icon\"><svg aria-hidden=\"true\" role=\"img\" height=\"1em\" width=\"1em\" viewBox=\"0 0 512 512\" xmlns=\"http:\/\/www.w3.org\/2000\/svg\"><path fill=\"currentColor\" d=\"M173.898 439.404l-166.4-166.4c-9.997-9.997-9.997-26.206 0-36.204l36.203-36.204c9.997-9.998 26.207-9.998 36.204 0L192 312.69 432.095 72.596c9.997-9.997 26.207-9.997 36.204 0l36.203 36.204c9.997 9.997 9.997 26.206 0 36.204l-294.4 294.401c-9.998 9.997-26.207 9.997-36.204-.001z\"><\/path><\/svg><\/span><span class=\"gb-headline-text\">Transelevadores<\/span><\/h3>\n\n\n\n<h3 class=\"gb-headline gb-headline-146d747a la-component-list-item-title\"><span class=\"gb-icon\"><svg aria-hidden=\"true\" role=\"img\" height=\"1em\" width=\"1em\" viewBox=\"0 0 512 512\" xmlns=\"http:\/\/www.w3.org\/2000\/svg\"><path fill=\"currentColor\" d=\"M173.898 439.404l-166.4-166.4c-9.997-9.997-9.997-26.206 0-36.204l36.203-36.204c9.997-9.998 26.207-9.998 36.204 0L192 312.69 432.095 72.596c9.997-9.997 26.207-9.997 36.204 0l36.203 36.204c9.997 9.997 9.997 26.206 0 36.204l-294.4 294.401c-9.998 9.997-26.207 9.997-36.204-.001z\"><\/path><\/svg><\/span><span class=\"gb-headline-text\">Transportadores de correa<\/span><\/h3>\n<\/div><\/div>\n\n\n\n<div class=\"wp-block-group la-component-list-item-wrapper is-layout-flow wp-block-group-is-layout-flow\"><div class=\"wp-block-group__inner-container\">\n<h3 class=\"gb-headline gb-headline-11cd8e03 la-component-list-item-title\"><span class=\"gb-icon\"><svg aria-hidden=\"true\" role=\"img\" height=\"1em\" width=\"1em\" viewBox=\"0 0 512 512\" xmlns=\"http:\/\/www.w3.org\/2000\/svg\"><path fill=\"currentColor\" d=\"M173.898 439.404l-166.4-166.4c-9.997-9.997-9.997-26.206 0-36.204l36.203-36.204c9.997-9.998 26.207-9.998 36.204 0L192 312.69 432.095 72.596c9.997-9.997 26.207-9.997 36.204 0l36.203 36.204c9.997 9.997 9.997 26.206 0 36.204l-294.4 294.401c-9.998 9.997-26.207 9.997-36.204-.001z\"><\/path><\/svg><\/span><span class=\"gb-headline-text\">Curvas motorizadas<\/span><\/h3>\n<\/div><\/div>\n\n<\/div><\/div><\/div>\n<\/div>\n<\/div><\/div><\/div>\n\n<div class=\"gb-grid-column gb-grid-column-85056616 gb-grid-column-animation-zoom-in-fade-in\"><div class=\"gb-container gb-container-85056616 la-layout-image-wrapper  la-image-container gb-container-animation-zoom-in-fade-in\"><div class=\"gb-inside-container\">\n<div class=\"gb-container gb-container-407cf67a la-image-background\"><div class=\"gb-inside-container\"><\/div><\/div>\n\n\n<figure class=\"wp-block-image size-large la-layout-image la-image-wrapper\"><img loading=\"lazy\" decoding=\"async\" width=\"1024\" height=\"576\" src=\"https:\/\/oliveroimpianti.it\/wp-content\/uploads\/2022\/06\/Linee_di_trasporto_che_si_adattano_alle_esigenze_della_tua_azienda-1024x576.jpg\" alt=\"\" class=\"wp-image-3570\" srcset=\"https:\/\/oliveroimpianti.it\/wp-content\/uploads\/2022\/06\/Linee_di_trasporto_che_si_adattano_alle_esigenze_della_tua_azienda-1024x576.jpg 1024w, https:\/\/oliveroimpianti.it\/wp-content\/uploads\/2022\/06\/Linee_di_trasporto_che_si_adattano_alle_esigenze_della_tua_azienda-600x338.jpg 600w, https:\/\/oliveroimpianti.it\/wp-content\/uploads\/2022\/06\/Linee_di_trasporto_che_si_adattano_alle_esigenze_della_tua_azienda-300x169.jpg 300w, https:\/\/oliveroimpianti.it\/wp-content\/uploads\/2022\/06\/Linee_di_trasporto_che_si_adattano_alle_esigenze_della_tua_azienda-768x432.jpg 768w, https:\/\/oliveroimpianti.it\/wp-content\/uploads\/2022\/06\/Linee_di_trasporto_che_si_adattano_alle_esigenze_della_tua_azienda-1600x900.jpg 1600w, https:\/\/oliveroimpianti.it\/wp-content\/uploads\/2022\/06\/Linee_di_trasporto_che_si_adattano_alle_esigenze_della_tua_azienda-1536x864.jpg 1536w, https:\/\/oliveroimpianti.it\/wp-content\/uploads\/2022\/06\/Linee_di_trasporto_che_si_adattano_alle_esigenze_della_tua_azienda.jpg 1800w\" sizes=\"(max-width: 1024px) 100vw, 1024px\" \/><\/figure>\n\n<\/div><\/div><\/div>\n<\/div>\n<\/div><\/div>\n\n<div class=\"gb-container gb-container-b9a05e25 la-layout-text-image-driven-height la-pattern-text-and-shifted-image image-first alignfull\"><div class=\"gb-inside-container\">\n<div class=\"gb-grid-wrapper gb-grid-wrapper-cc8e3ea5 la-layout-text-image-driven-height-container la-pattern-text-and-shifted-image-container\">\n<div class=\"gb-grid-column gb-grid-column-95ea4fa7 gb-grid-column-animation-zoom-in-fade-in\"><div class=\"gb-container gb-container-95ea4fa7 la-layout-image-wrapper la-image-wrapper  gb-container-animation-zoom-in-fade-in\"><div class=\"gb-inside-container\">\n\n<figure class=\"wp-block-image size-large la-layout-image\"><img loading=\"lazy\" decoding=\"async\" width=\"1024\" height=\"629\" src=\"https:\/\/oliveroimpianti.it\/wp-content\/uploads\/2022\/06\/AGV_Olly100-1024x629.jpg\" alt=\"\" class=\"wp-image-3642\" srcset=\"https:\/\/oliveroimpianti.it\/wp-content\/uploads\/2022\/06\/AGV_Olly100-1024x629.jpg 1024w, https:\/\/oliveroimpianti.it\/wp-content\/uploads\/2022\/06\/AGV_Olly100-600x369.jpg 600w, https:\/\/oliveroimpianti.it\/wp-content\/uploads\/2022\/06\/AGV_Olly100-300x184.jpg 300w, https:\/\/oliveroimpianti.it\/wp-content\/uploads\/2022\/06\/AGV_Olly100-768x472.jpg 768w, https:\/\/oliveroimpianti.it\/wp-content\/uploads\/2022\/06\/AGV_Olly100.jpg 1500w\" sizes=\"(max-width: 1024px) 100vw, 1024px\" \/><\/figure>\n\n<\/div><\/div><\/div>\n\n<div class=\"gb-grid-column gb-grid-column-ec92ccc5 gb-grid-column-animation-zoom-in-fade-in\"><div class=\"gb-container gb-container-ec92ccc5 la-layout-text-wrapper la-text-wrapper gb-container-animation-zoom-in-fade-in\"><div class=\"gb-inside-container\">\n\n<div class=\"gb-headline gb-headline-8948aad3 gb-headline-text la-component-section-summary-tag\">Trasporto a guida automatica<\/div>\n\n\n\n<h2 class=\"gb-headline gb-headline-8858caa4 gb-headline-text la-component-section-title\">AGV Olly100<\/h2>\n\n\n\n<p>A completamento del nostro sviluppo nell\u2019ambito della logistica e intralogistica per magazzini e stabilimenti, Olivero propone Olly100, il modello AGV (Automated Guided Vehicle) customizzabile e basato su piattaforma industriale.<br><br>Realizzato in collaborazione con aziende leader nel settore dell\u2019automazione e robotica, questo AGV di nuova concezione nasce dalla profonda esperienza di Olivero nel campo del trasporto automatizzato ed \u00e8 dotato di un sistema di guida autonoma e robot.<\/p>\n\n<\/div><\/div><\/div>\n<\/div>\n<\/div><\/div>\n\n<div class=\"gb-container gb-container-cb23b6a4 alignfull\"><div class=\"gb-inside-container\">\n<div class=\"gb-grid-wrapper gb-grid-wrapper-568b0cef\">\n<div class=\"gb-grid-column gb-grid-column-96c1fbb8\"><div class=\"gb-container gb-container-96c1fbb8\"><div class=\"gb-inside-container\">\n\n<figure class=\"wp-block-embed is-type-video is-provider-youtube wp-block-embed-youtube wp-embed-aspect-16-9 wp-has-aspect-ratio\"><div class=\"wp-block-embed__wrapper\">\n<iframe loading=\"lazy\" title=\"AGV\" width=\"1200\" height=\"675\" src=\"https:\/\/www.youtube.com\/embed\/Yq-Ve4660CU?feature=oembed\" frameborder=\"0\" allow=\"accelerometer; autoplay; clipboard-write; encrypted-media; gyroscope; picture-in-picture; web-share\" allowfullscreen><\/iframe>\n<\/div><\/figure>\n\n<\/div><\/div><\/div>\n\n<div class=\"gb-grid-column gb-grid-column-82c00ae0\"><div class=\"gb-container gb-container-82c00ae0\"><div class=\"gb-inside-container\">\n\n<div class=\"gb-headline gb-headline-2143fc83 gb-headline-text la-component-section-summary-tag\">Transporte de gu\u00eda autom\u00e1tica<\/div>\n\n\n\n<h2 class=\"gb-headline gb-headline-25870ddf gb-headline-text la-component-section-title\">AGV Olly100<\/h2>\n\n\n\n<p>Para completar nuestro desarrollo dentro del \u00e1mbito de la log\u00edstica y la intralog\u00edstica de almacenes y plantas, Olivero propone Olly100, el modelo AGV (Automated Guided Vehicle) personalizable y basado en plataforma industrial.<br>Realizado en colaboraci\u00f3n con empresas l\u00edderes del sector de la automatizaci\u00f3n y la rob\u00f3tica, este AGV de nueva concepci\u00f3n nace de la gran experiencia de Olivero en el campo del transporte automatizado y cuenta con un sistema de gu\u00eda aut\u00f3noma y robot.<\/p>\n\n<\/div><\/div><\/div>\n<\/div>\n<\/div><\/div>\n\n<div class=\"gb-container gb-container-8378aad9 alignwide\"><div class=\"gb-inside-container\">\n\n<h2 class=\"gb-headline gb-headline-cbfad595 gb-headline-text la-component-section-title smaller\">Nuestro m\u00e9todo comienza con un profundo an\u00e1lisis preliminar. Cont\u00e1ctanos y comienza desde aqu\u00ed<\/h2>\n\n\n<div class=\"gb-button-wrapper gb-button-wrapper-4ddb047f la-component-button-container uppercase centered\">\n\n<a class=\"gb-button gb-button-3d211ed6 gb-button-text la-component-button\" href=\"https:\/\/oliveroimpianti.it\/es\/contactos\/\">Cont\u00e1ctanos para una consulta<\/a>\n\n<\/div>\n<\/div><\/div>","protected":false},"excerpt":{"rendered":"<p>Section title Sed ut perspiciatis unde omnis iste natus error sit voluptatem accusantium doloremque laudantium, totam rem aperiam, eaque ipsa quae ab illo inventore veritatis et quasi architecto beatae vitae dicta sunt explicabo. Nemo enim&#8230;<\/p>\n","protected":false},"author":1,"featured_media":5634,"parent":6612,"menu_order":0,"comment_status":"closed","ping_status":"closed","template":"","meta":{"footnotes":""},"acf":[],"yoast_head":"<!-- This site is optimized with the Yoast SEO plugin v21.7 - https:\/\/yoast.com\/wordpress\/plugins\/seo\/ -->\n<title>L\u00edneas de transporte para la manipulaci\u00f3n de mercanc\u00edas en la empresa<\/title>\n<meta name=\"description\" content=\"Robots AGV, cintas y rodillos transportadores, con carros automotores, transelevadores y descensores, mesas desviadoras para log\u00edstica industrial e intralog\u00edstica\" \/>\n<meta name=\"robots\" content=\"index, follow, max-snippet:-1, max-image-preview:large, max-video-preview:-1\" \/>\n<link rel=\"canonical\" href=\"https:\/\/oliveroimpianti.it\/es\/automatizacion-industrial-y-robot\/logistica-industrial-e-intralogistica\/transportadores\/\" \/>\n<meta property=\"og:locale\" content=\"es_ES\" \/>\n<meta property=\"og:type\" content=\"article\" \/>\n<meta property=\"og:title\" content=\"L\u00edneas de transporte para la manipulaci\u00f3n de mercanc\u00edas en la empresa\" \/>\n<meta property=\"og:description\" content=\"Robots AGV, cintas y rodillos transportadores, con carros automotores, transelevadores y descensores, mesas desviadoras para log\u00edstica industrial e intralog\u00edstica\" \/>\n<meta property=\"og:url\" content=\"https:\/\/oliveroimpianti.it\/es\/automatizacion-industrial-y-robot\/logistica-industrial-e-intralogistica\/transportadores\/\" \/>\n<meta property=\"og:site_name\" content=\"Olivero Impianti\" \/>\n<meta property=\"article:modified_time\" content=\"2023-05-17T08:03:24+00:00\" \/>\n<meta property=\"og:image\" content=\"https:\/\/oliveroimpianti.it\/wp-content\/uploads\/2022\/06\/Soluzioni_personalizzate.jpg\" \/>\n\t<meta property=\"og:image:width\" content=\"1200\" \/>\n\t<meta property=\"og:image:height\" content=\"521\" \/>\n\t<meta property=\"og:image:type\" content=\"image\/jpeg\" \/>\n<meta name=\"twitter:card\" content=\"summary_large_image\" \/>\n<meta name=\"twitter:label1\" content=\"Tiempo de lectura\" \/>\n\t<meta name=\"twitter:data1\" content=\"3 minutos\" \/>\n<script type=\"application\/ld+json\" class=\"yoast-schema-graph\">{\"@context\":\"https:\/\/schema.org\",\"@graph\":[{\"@type\":\"WebPage\",\"@id\":\"https:\/\/oliveroimpianti.it\/es\/automatizacion-industrial-y-robot\/logistica-industrial-e-intralogistica\/transportadores\/\",\"url\":\"https:\/\/oliveroimpianti.it\/es\/automatizacion-industrial-y-robot\/logistica-industrial-e-intralogistica\/transportadores\/\",\"name\":\"L\u00edneas de transporte para la manipulaci\u00f3n de mercanc\u00edas en la empresa\",\"isPartOf\":{\"@id\":\"https:\/\/oliveroimpianti.it\/#website\"},\"datePublished\":\"2022-05-25T14:19:21+00:00\",\"dateModified\":\"2023-05-17T08:03:24+00:00\",\"description\":\"Robots AGV, cintas y rodillos transportadores, con carros automotores, transelevadores y descensores, mesas desviadoras para log\u00edstica industrial e intralog\u00edstica\",\"breadcrumb\":{\"@id\":\"https:\/\/oliveroimpianti.it\/es\/automatizacion-industrial-y-robot\/logistica-industrial-e-intralogistica\/transportadores\/#breadcrumb\"},\"inLanguage\":\"es\",\"potentialAction\":[{\"@type\":\"ReadAction\",\"target\":[\"https:\/\/oliveroimpianti.it\/es\/automatizacion-industrial-y-robot\/logistica-industrial-e-intralogistica\/transportadores\/\"]}]},{\"@type\":\"BreadcrumbList\",\"@id\":\"https:\/\/oliveroimpianti.it\/es\/automatizacion-industrial-y-robot\/logistica-industrial-e-intralogistica\/transportadores\/#breadcrumb\",\"itemListElement\":[{\"@type\":\"ListItem\",\"position\":1,\"name\":\"Home\",\"item\":\"https:\/\/oliveroimpianti.it\/es\/\"},{\"@type\":\"ListItem\",\"position\":2,\"name\":\"Automatizaci\u00f3n industrial y robot\",\"item\":\"https:\/\/oliveroimpianti.it\/es\/automatizacion-industrial-y-robot\/\"},{\"@type\":\"ListItem\",\"position\":3,\"name\":\"Log\u00edstica industrial e intralog\u00edstica\",\"item\":\"https:\/\/oliveroimpianti.it\/es\/automatizacion-industrial-y-robot\/logistica-industrial-e-intralogistica\/\"},{\"@type\":\"ListItem\",\"position\":4,\"name\":\"Transportadores\"}]},{\"@type\":\"WebSite\",\"@id\":\"https:\/\/oliveroimpianti.it\/#website\",\"url\":\"https:\/\/oliveroimpianti.it\/\",\"name\":\"Olivero Impianti\",\"description\":\"Automazioni industriali\",\"publisher\":{\"@id\":\"https:\/\/oliveroimpianti.it\/#organization\"},\"potentialAction\":[{\"@type\":\"SearchAction\",\"target\":{\"@type\":\"EntryPoint\",\"urlTemplate\":\"https:\/\/oliveroimpianti.it\/?s={search_term_string}\"},\"query-input\":\"required name=search_term_string\"}],\"inLanguage\":\"es\"},{\"@type\":\"Organization\",\"@id\":\"https:\/\/oliveroimpianti.it\/#organization\",\"name\":\"Olivero Impianti\",\"url\":\"https:\/\/oliveroimpianti.it\/\",\"logo\":{\"@type\":\"ImageObject\",\"inLanguage\":\"es\",\"@id\":\"https:\/\/oliveroimpianti.it\/#\/schema\/logo\/image\/\",\"url\":\"https:\/\/oliveroimpianti.it\/wp-content\/uploads\/2023\/11\/cropped-olivero-impianti-logo.png\",\"contentUrl\":\"https:\/\/oliveroimpianti.it\/wp-content\/uploads\/2023\/11\/cropped-olivero-impianti-logo.png\",\"width\":1977,\"height\":449,\"caption\":\"Olivero Impianti\"},\"image\":{\"@id\":\"https:\/\/oliveroimpianti.it\/#\/schema\/logo\/image\/\"}}]}<\/script>\n<!-- \/ Yoast SEO plugin. -->","yoast_head_json":{"title":"L\u00edneas de transporte para la manipulaci\u00f3n de mercanc\u00edas en la empresa","description":"Robots AGV, cintas y rodillos transportadores, con carros automotores, transelevadores y descensores, mesas desviadoras para log\u00edstica industrial e intralog\u00edstica","robots":{"index":"index","follow":"follow","max-snippet":"max-snippet:-1","max-image-preview":"max-image-preview:large","max-video-preview":"max-video-preview:-1"},"canonical":"https:\/\/oliveroimpianti.it\/es\/automatizacion-industrial-y-robot\/logistica-industrial-e-intralogistica\/transportadores\/","og_locale":"es_ES","og_type":"article","og_title":"L\u00edneas de transporte para la manipulaci\u00f3n de mercanc\u00edas en la empresa","og_description":"Robots AGV, cintas y rodillos transportadores, con carros automotores, transelevadores y descensores, mesas desviadoras para log\u00edstica industrial e intralog\u00edstica","og_url":"https:\/\/oliveroimpianti.it\/es\/automatizacion-industrial-y-robot\/logistica-industrial-e-intralogistica\/transportadores\/","og_site_name":"Olivero Impianti","article_modified_time":"2023-05-17T08:03:24+00:00","og_image":[{"width":1200,"height":521,"url":"https:\/\/oliveroimpianti.it\/wp-content\/uploads\/2022\/06\/Soluzioni_personalizzate.jpg","type":"image\/jpeg"}],"twitter_card":"summary_large_image","twitter_misc":{"Tiempo de lectura":"3 minutos"},"schema":{"@context":"https:\/\/schema.org","@graph":[{"@type":"WebPage","@id":"https:\/\/oliveroimpianti.it\/es\/automatizacion-industrial-y-robot\/logistica-industrial-e-intralogistica\/transportadores\/","url":"https:\/\/oliveroimpianti.it\/es\/automatizacion-industrial-y-robot\/logistica-industrial-e-intralogistica\/transportadores\/","name":"L\u00edneas de transporte para la manipulaci\u00f3n de mercanc\u00edas en la empresa","isPartOf":{"@id":"https:\/\/oliveroimpianti.it\/#website"},"datePublished":"2022-05-25T14:19:21+00:00","dateModified":"2023-05-17T08:03:24+00:00","description":"Robots AGV, cintas y rodillos transportadores, con carros automotores, transelevadores y descensores, mesas desviadoras para log\u00edstica industrial e intralog\u00edstica","breadcrumb":{"@id":"https:\/\/oliveroimpianti.it\/es\/automatizacion-industrial-y-robot\/logistica-industrial-e-intralogistica\/transportadores\/#breadcrumb"},"inLanguage":"es","potentialAction":[{"@type":"ReadAction","target":["https:\/\/oliveroimpianti.it\/es\/automatizacion-industrial-y-robot\/logistica-industrial-e-intralogistica\/transportadores\/"]}]},{"@type":"BreadcrumbList","@id":"https:\/\/oliveroimpianti.it\/es\/automatizacion-industrial-y-robot\/logistica-industrial-e-intralogistica\/transportadores\/#breadcrumb","itemListElement":[{"@type":"ListItem","position":1,"name":"Home","item":"https:\/\/oliveroimpianti.it\/es\/"},{"@type":"ListItem","position":2,"name":"Automatizaci\u00f3n industrial y robot","item":"https:\/\/oliveroimpianti.it\/es\/automatizacion-industrial-y-robot\/"},{"@type":"ListItem","position":3,"name":"Log\u00edstica industrial e intralog\u00edstica","item":"https:\/\/oliveroimpianti.it\/es\/automatizacion-industrial-y-robot\/logistica-industrial-e-intralogistica\/"},{"@type":"ListItem","position":4,"name":"Transportadores"}]},{"@type":"WebSite","@id":"https:\/\/oliveroimpianti.it\/#website","url":"https:\/\/oliveroimpianti.it\/","name":"Olivero Impianti","description":"Automazioni industriali","publisher":{"@id":"https:\/\/oliveroimpianti.it\/#organization"},"potentialAction":[{"@type":"SearchAction","target":{"@type":"EntryPoint","urlTemplate":"https:\/\/oliveroimpianti.it\/?s={search_term_string}"},"query-input":"required name=search_term_string"}],"inLanguage":"es"},{"@type":"Organization","@id":"https:\/\/oliveroimpianti.it\/#organization","name":"Olivero Impianti","url":"https:\/\/oliveroimpianti.it\/","logo":{"@type":"ImageObject","inLanguage":"es","@id":"https:\/\/oliveroimpianti.it\/#\/schema\/logo\/image\/","url":"https:\/\/oliveroimpianti.it\/wp-content\/uploads\/2023\/11\/cropped-olivero-impianti-logo.png","contentUrl":"https:\/\/oliveroimpianti.it\/wp-content\/uploads\/2023\/11\/cropped-olivero-impianti-logo.png","width":1977,"height":449,"caption":"Olivero Impianti"},"image":{"@id":"https:\/\/oliveroimpianti.it\/#\/schema\/logo\/image\/"}}]}},"_links":{"self":[{"href":"https:\/\/oliveroimpianti.it\/es\/wp-json\/wp\/v2\/pages\/6616"}],"collection":[{"href":"https:\/\/oliveroimpianti.it\/es\/wp-json\/wp\/v2\/pages"}],"about":[{"href":"https:\/\/oliveroimpianti.it\/es\/wp-json\/wp\/v2\/types\/page"}],"author":[{"embeddable":true,"href":"https:\/\/oliveroimpianti.it\/es\/wp-json\/wp\/v2\/users\/1"}],"replies":[{"embeddable":true,"href":"https:\/\/oliveroimpianti.it\/es\/wp-json\/wp\/v2\/comments?post=6616"}],"version-history":[{"count":8,"href":"https:\/\/oliveroimpianti.it\/es\/wp-json\/wp\/v2\/pages\/6616\/revisions"}],"predecessor-version":[{"id":6890,"href":"https:\/\/oliveroimpianti.it\/es\/wp-json\/wp\/v2\/pages\/6616\/revisions\/6890"}],"up":[{"embeddable":true,"href":"https:\/\/oliveroimpianti.it\/es\/wp-json\/wp\/v2\/pages\/6612"}],"wp:featuredmedia":[{"embeddable":true,"href":"https:\/\/oliveroimpianti.it\/es\/wp-json\/wp\/v2\/media\/5634"}],"wp:attachment":[{"href":"https:\/\/oliveroimpianti.it\/es\/wp-json\/wp\/v2\/media?parent=6616"}],"curies":[{"name":"wp","href":"https:\/\/api.w.org\/{rel}","templated":true}]}}