{"id":6615,"date":"2022-05-25T14:19:31","date_gmt":"2022-05-25T14:19:31","guid":{"rendered":"https:\/\/oliveroimpianti.it\/automazione-industriale-e-robot\/logistica-industriale\/altre-soluzioni\/"},"modified":"2023-05-17T08:07:20","modified_gmt":"2023-05-17T08:07:20","slug":"soluciones-personalizadas","status":"publish","type":"page","link":"https:\/\/oliveroimpianti.it\/es\/automatizacion-industrial-y-robot\/logistica-industrial-e-intralogistica\/soluciones-personalizadas\/","title":{"rendered":"Log\u00edstica industrial a medida"},"content":{"rendered":"<div class=\"gb-container gb-container-7bfc5652 la-layout-text-image-driven-height la-pattern-text-and-image-with-shifted-background alignwide gb-container-animation-zoom-in-fade-in\"><div class=\"gb-inside-container\">\n\n<div class=\"gb-headline gb-headline-58df952e gb-headline-text la-component-sliding-text slide-from-left to-left-position la-sliding-text\">Soluciones personalizadas<\/div>\n\n\n<div class=\"gb-grid-wrapper gb-grid-wrapper-bafbc3ca la-layout-text-image-driven-height-container\">\n<div class=\"gb-grid-column gb-grid-column-c667d299 gb-grid-column-animation-zoom-in-fade-in\"><div class=\"gb-container gb-container-c667d299 la-layout-text-wrapper la-text-wrapper gb-container-animation-zoom-in-fade-in\"><div class=\"gb-inside-container\">\n\n<h2 class=\"gb-headline gb-headline-ff10461e gb-headline-text la-component-section-title\">Soluciones que evolucionan junto con tu empresa<\/h2>\n\n\n\n<p>La intralog\u00edstica y la log\u00edstica son actualmente elementos fundamentales para la competitividad de cada empresa.<br>Gracias a la experiencia vertical de este sector, Olivero es capaz de desarrollar soluciones de desplazamiento, almacenamiento y final de l\u00ednea 100% a medida y personalizables, con un caracter\u00edstico criterio llave en mano. Las soluciones propuestas nacen de un an\u00e1lisis puntual y del desarrollo de un proyecto integrado, pensado para ser, no solo eficiente sino tambi\u00e9n flexible, sostenible y duradero.<\/p>\n\n\n\n<p>El objetivo es ofrecer al cliente un asesoramiento de valor relativo a la optimizaci\u00f3n de los procesos y de los flujos de material dentro de la empresa, disminuyendo los costos y aumentando la velocidad y la productividad.<\/p>\n\n\n<div class=\"gb-button-wrapper gb-button-wrapper-2257135e la-component-button-container uppercase\">\n\n<a class=\"gb-button gb-button-4728d8fd gb-button-text la-component-button\" href=\"https:\/\/oliveroimpianti.it\/es\/automazione-industriale-e-robot\/logistica-industriale\/automatizzazione-di-magazzino\/\">Automatizaci\u00f3n de almac\u00e9n<\/a>\n\n\n\n<a class=\"gb-button gb-button-e888552b gb-button-text la-component-button\" href=\"https:\/\/oliveroimpianti.it\/es\/automatizacion-industrial-y-robot\/logistica-industrial-e-intralogistica\/transportadores\/\">Transportadores<\/a>\n\n<\/div>\n<\/div><\/div><\/div>\n\n<div class=\"gb-grid-column gb-grid-column-85056616 gb-grid-column-animation-zoom-in-fade-in\"><div class=\"gb-container gb-container-85056616 la-layout-image-wrapper  la-image-container gb-container-animation-zoom-in-fade-in\"><div class=\"gb-inside-container\">\n<div class=\"gb-container gb-container-407cf67a la-image-background\"><div class=\"gb-inside-container\"><\/div><\/div>\n\n\n<figure class=\"wp-block-image size-large la-layout-image la-image-wrapper\"><img loading=\"lazy\" decoding=\"async\" width=\"1024\" height=\"684\" src=\"https:\/\/oliveroimpianti.it\/wp-content\/uploads\/2022\/06\/Soluzioni_che_si_evolvono_insieme_alla_tua_azienda-1024x684.jpg\" alt=\"\" class=\"wp-image-3666\" srcset=\"https:\/\/oliveroimpianti.it\/wp-content\/uploads\/2022\/06\/Soluzioni_che_si_evolvono_insieme_alla_tua_azienda-1024x684.jpg 1024w, https:\/\/oliveroimpianti.it\/wp-content\/uploads\/2022\/06\/Soluzioni_che_si_evolvono_insieme_alla_tua_azienda-600x401.jpg 600w, https:\/\/oliveroimpianti.it\/wp-content\/uploads\/2022\/06\/Soluzioni_che_si_evolvono_insieme_alla_tua_azienda-300x200.jpg 300w, https:\/\/oliveroimpianti.it\/wp-content\/uploads\/2022\/06\/Soluzioni_che_si_evolvono_insieme_alla_tua_azienda-768x513.jpg 768w, https:\/\/oliveroimpianti.it\/wp-content\/uploads\/2022\/06\/Soluzioni_che_si_evolvono_insieme_alla_tua_azienda.jpg 1500w\" sizes=\"(max-width: 1024px) 100vw, 1024px\" \/><\/figure>\n\n<\/div><\/div><\/div>\n<\/div>\n<\/div><\/div>\n\n<div class=\"gb-container gb-container-b9a05e25 la-layout-text-image-driven-height la-pattern-text-and-shifted-image image-first alignfull\"><div class=\"gb-inside-container\">\n<div class=\"gb-grid-wrapper gb-grid-wrapper-cc8e3ea5 la-layout-text-image-driven-height-container la-pattern-text-and-shifted-image-container\">\n<div class=\"gb-grid-column gb-grid-column-95ea4fa7 gb-grid-column-animation-zoom-in-fade-in\"><div class=\"gb-container gb-container-95ea4fa7 la-layout-image-wrapper la-image-wrapper  gb-container-animation-zoom-in-fade-in\"><div class=\"gb-inside-container\">\n\n<figure class=\"wp-block-image size-large la-layout-image\"><img loading=\"lazy\" decoding=\"async\" width=\"1024\" height=\"698\" src=\"https:\/\/oliveroimpianti.it\/wp-content\/uploads\/2022\/06\/Trasporto_e_movimentazione_di_msaterie_prime-1024x698.jpg\" alt=\"\" class=\"wp-image-3662\" srcset=\"https:\/\/oliveroimpianti.it\/wp-content\/uploads\/2022\/06\/Trasporto_e_movimentazione_di_msaterie_prime-1024x698.jpg 1024w, https:\/\/oliveroimpianti.it\/wp-content\/uploads\/2022\/06\/Trasporto_e_movimentazione_di_msaterie_prime-600x409.jpg 600w, https:\/\/oliveroimpianti.it\/wp-content\/uploads\/2022\/06\/Trasporto_e_movimentazione_di_msaterie_prime-300x204.jpg 300w, https:\/\/oliveroimpianti.it\/wp-content\/uploads\/2022\/06\/Trasporto_e_movimentazione_di_msaterie_prime-768x523.jpg 768w, https:\/\/oliveroimpianti.it\/wp-content\/uploads\/2022\/06\/Trasporto_e_movimentazione_di_msaterie_prime-1600x1090.jpg 1600w, https:\/\/oliveroimpianti.it\/wp-content\/uploads\/2022\/06\/Trasporto_e_movimentazione_di_msaterie_prime-1536x1046.jpg 1536w, https:\/\/oliveroimpianti.it\/wp-content\/uploads\/2022\/06\/Trasporto_e_movimentazione_di_msaterie_prime.jpg 1700w\" sizes=\"(max-width: 1024px) 100vw, 1024px\" \/><\/figure>\n\n<\/div><\/div><\/div>\n\n<div class=\"gb-grid-column gb-grid-column-ec92ccc5 gb-grid-column-animation-zoom-in-fade-in\"><div class=\"gb-container gb-container-ec92ccc5 la-layout-text-wrapper la-text-wrapper gb-container-animation-zoom-in-fade-in\"><div class=\"gb-inside-container\">\n\n<div class=\"gb-headline gb-headline-8948aad3 gb-headline-text la-component-section-summary-tag\">Soluciones especiales de intralog\u00edstica<\/div>\n\n\n\n<h2 class=\"gb-headline gb-headline-8858caa4 gb-headline-text la-component-section-title\">transporte y desplazamiento de materias primas y de material suelto<\/h2>\n\n\n\n<p class=\"la-component-section-content\">Dentro del \u00e1mbito del transporte de mercanc\u00edas existen productos, mercanc\u00edas y materiales que por sus caracter\u00edsticas, peso o exigencias de almacenamiento requieren soluciones ad hoc, como por ejemplo el material suelto o los elaborados y semi-elaborados de peque\u00f1as dimensiones.<\/p>\n\n\n\n<p>Olivero proyecta y realiza sistemas de transporte tambi\u00e9n para este tipo de materiales y productos, mediante transportadores de rosca de Arqu\u00edmedes, arrastradores, elevadores de cangilones, cintas transportadoras.<\/p>\n\n<\/div><\/div><\/div>\n<\/div>\n<\/div><\/div>\n\n<div class=\"gb-container gb-container-8378aad9 alignfull\"><div class=\"gb-inside-container\">\n\n<h2 class=\"gb-headline gb-headline-cbfad595 gb-headline-text la-component-section-title smaller\">nuestro m\u00e9todo comienza con un profundo an\u00e1lisis preliminar. Cont\u00e1ctanos y comienza desde aqu\u00ed<\/h2>\n\n\n<div class=\"gb-button-wrapper gb-button-wrapper-4ddb047f la-component-button-container uppercase centered\">\n\n<a class=\"gb-button gb-button-3d211ed6 gb-button-text la-component-button\" href=\"https:\/\/oliveroimpianti.it\/es\/contactos\/\">Encuentra tu soluci\u00f3n personalizada<\/a>\n\n<\/div>\n<\/div><\/div>\n\n\n<p><\/p>\n","protected":false},"excerpt":{"rendered":"<p>Soluciones personalizadas nuestro m\u00e9todo comienza con un profundo an\u00e1lisis preliminar. Cont\u00e1ctanos y comienza desde aqu\u00ed<\/p>\n","protected":false},"author":1,"featured_media":5766,"parent":6612,"menu_order":0,"comment_status":"closed","ping_status":"closed","template":"","meta":{"footnotes":""},"acf":[],"yoast_head":"<!-- This site is optimized with the Yoast SEO plugin v21.7 - https:\/\/yoast.com\/wordpress\/plugins\/seo\/ -->\n<title>Sistemas de log\u00edstica interna automatizada para plantas de producci\u00f3n<\/title>\n<meta name=\"description\" content=\"Soluciones autom\u00e1ticas y personalizables de manipulaci\u00f3n de materias primas y material a granel, almacenamiento y final de l\u00ednea de productos seg\u00fan necesidades espec\u00edficas.\" \/>\n<meta name=\"robots\" content=\"index, follow, max-snippet:-1, max-image-preview:large, max-video-preview:-1\" \/>\n<link rel=\"canonical\" href=\"https:\/\/oliveroimpianti.it\/es\/automatizacion-industrial-y-robot\/logistica-industrial-e-intralogistica\/soluciones-personalizadas\/\" \/>\n<meta property=\"og:locale\" content=\"es_ES\" \/>\n<meta property=\"og:type\" content=\"article\" \/>\n<meta property=\"og:title\" content=\"Sistemas de log\u00edstica interna automatizada para plantas de producci\u00f3n\" \/>\n<meta property=\"og:description\" content=\"Soluciones autom\u00e1ticas y personalizables de manipulaci\u00f3n de materias primas y material a granel, almacenamiento y final de l\u00ednea de productos seg\u00fan necesidades espec\u00edficas.\" \/>\n<meta property=\"og:url\" content=\"https:\/\/oliveroimpianti.it\/es\/automatizacion-industrial-y-robot\/logistica-industrial-e-intralogistica\/soluciones-personalizadas\/\" \/>\n<meta property=\"og:site_name\" content=\"Olivero Impianti\" \/>\n<meta property=\"article:modified_time\" content=\"2023-05-17T08:07:20+00:00\" \/>\n<meta property=\"og:image\" content=\"https:\/\/oliveroimpianti.it\/wp-content\/uploads\/2022\/06\/header_logistica_industriale_taylor_made.jpg\" \/>\n\t<meta property=\"og:image:width\" content=\"1953\" \/>\n\t<meta property=\"og:image:height\" content=\"731\" \/>\n\t<meta property=\"og:image:type\" content=\"image\/jpeg\" \/>\n<meta name=\"twitter:card\" content=\"summary_large_image\" \/>\n<meta name=\"twitter:label1\" content=\"Tiempo de lectura\" \/>\n\t<meta name=\"twitter:data1\" content=\"2 minutos\" \/>\n<script type=\"application\/ld+json\" class=\"yoast-schema-graph\">{\"@context\":\"https:\/\/schema.org\",\"@graph\":[{\"@type\":\"WebPage\",\"@id\":\"https:\/\/oliveroimpianti.it\/es\/automatizacion-industrial-y-robot\/logistica-industrial-e-intralogistica\/soluciones-personalizadas\/\",\"url\":\"https:\/\/oliveroimpianti.it\/es\/automatizacion-industrial-y-robot\/logistica-industrial-e-intralogistica\/soluciones-personalizadas\/\",\"name\":\"Sistemas de log\u00edstica interna automatizada para plantas de producci\u00f3n\",\"isPartOf\":{\"@id\":\"https:\/\/oliveroimpianti.it\/#website\"},\"datePublished\":\"2022-05-25T14:19:31+00:00\",\"dateModified\":\"2023-05-17T08:07:20+00:00\",\"description\":\"Soluciones autom\u00e1ticas y personalizables de manipulaci\u00f3n de materias primas y material a granel, almacenamiento y final de l\u00ednea de productos seg\u00fan necesidades espec\u00edficas.\",\"breadcrumb\":{\"@id\":\"https:\/\/oliveroimpianti.it\/es\/automatizacion-industrial-y-robot\/logistica-industrial-e-intralogistica\/soluciones-personalizadas\/#breadcrumb\"},\"inLanguage\":\"es\",\"potentialAction\":[{\"@type\":\"ReadAction\",\"target\":[\"https:\/\/oliveroimpianti.it\/es\/automatizacion-industrial-y-robot\/logistica-industrial-e-intralogistica\/soluciones-personalizadas\/\"]}]},{\"@type\":\"BreadcrumbList\",\"@id\":\"https:\/\/oliveroimpianti.it\/es\/automatizacion-industrial-y-robot\/logistica-industrial-e-intralogistica\/soluciones-personalizadas\/#breadcrumb\",\"itemListElement\":[{\"@type\":\"ListItem\",\"position\":1,\"name\":\"Home\",\"item\":\"https:\/\/oliveroimpianti.it\/es\/\"},{\"@type\":\"ListItem\",\"position\":2,\"name\":\"Automatizaci\u00f3n industrial y robot\",\"item\":\"https:\/\/oliveroimpianti.it\/es\/automatizacion-industrial-y-robot\/\"},{\"@type\":\"ListItem\",\"position\":3,\"name\":\"Log\u00edstica industrial e intralog\u00edstica\",\"item\":\"https:\/\/oliveroimpianti.it\/es\/automatizacion-industrial-y-robot\/logistica-industrial-e-intralogistica\/\"},{\"@type\":\"ListItem\",\"position\":4,\"name\":\"Log\u00edstica industrial a medida\"}]},{\"@type\":\"WebSite\",\"@id\":\"https:\/\/oliveroimpianti.it\/#website\",\"url\":\"https:\/\/oliveroimpianti.it\/\",\"name\":\"Olivero Impianti\",\"description\":\"Automazioni industriali\",\"publisher\":{\"@id\":\"https:\/\/oliveroimpianti.it\/#organization\"},\"potentialAction\":[{\"@type\":\"SearchAction\",\"target\":{\"@type\":\"EntryPoint\",\"urlTemplate\":\"https:\/\/oliveroimpianti.it\/?s={search_term_string}\"},\"query-input\":\"required name=search_term_string\"}],\"inLanguage\":\"es\"},{\"@type\":\"Organization\",\"@id\":\"https:\/\/oliveroimpianti.it\/#organization\",\"name\":\"Olivero Impianti\",\"url\":\"https:\/\/oliveroimpianti.it\/\",\"logo\":{\"@type\":\"ImageObject\",\"inLanguage\":\"es\",\"@id\":\"https:\/\/oliveroimpianti.it\/#\/schema\/logo\/image\/\",\"url\":\"https:\/\/oliveroimpianti.it\/wp-content\/uploads\/2023\/11\/cropped-olivero-impianti-logo.png\",\"contentUrl\":\"https:\/\/oliveroimpianti.it\/wp-content\/uploads\/2023\/11\/cropped-olivero-impianti-logo.png\",\"width\":1977,\"height\":449,\"caption\":\"Olivero Impianti\"},\"image\":{\"@id\":\"https:\/\/oliveroimpianti.it\/#\/schema\/logo\/image\/\"}}]}<\/script>\n<!-- \/ Yoast SEO plugin. -->","yoast_head_json":{"title":"Sistemas de log\u00edstica interna automatizada para plantas de producci\u00f3n","description":"Soluciones autom\u00e1ticas y personalizables de manipulaci\u00f3n de materias primas y material a granel, almacenamiento y final de l\u00ednea de productos seg\u00fan necesidades espec\u00edficas.","robots":{"index":"index","follow":"follow","max-snippet":"max-snippet:-1","max-image-preview":"max-image-preview:large","max-video-preview":"max-video-preview:-1"},"canonical":"https:\/\/oliveroimpianti.it\/es\/automatizacion-industrial-y-robot\/logistica-industrial-e-intralogistica\/soluciones-personalizadas\/","og_locale":"es_ES","og_type":"article","og_title":"Sistemas de log\u00edstica interna automatizada para plantas de producci\u00f3n","og_description":"Soluciones autom\u00e1ticas y personalizables de manipulaci\u00f3n de materias primas y material a granel, almacenamiento y final de l\u00ednea de productos seg\u00fan necesidades espec\u00edficas.","og_url":"https:\/\/oliveroimpianti.it\/es\/automatizacion-industrial-y-robot\/logistica-industrial-e-intralogistica\/soluciones-personalizadas\/","og_site_name":"Olivero Impianti","article_modified_time":"2023-05-17T08:07:20+00:00","og_image":[{"width":1953,"height":731,"url":"https:\/\/oliveroimpianti.it\/wp-content\/uploads\/2022\/06\/header_logistica_industriale_taylor_made.jpg","type":"image\/jpeg"}],"twitter_card":"summary_large_image","twitter_misc":{"Tiempo de lectura":"2 minutos"},"schema":{"@context":"https:\/\/schema.org","@graph":[{"@type":"WebPage","@id":"https:\/\/oliveroimpianti.it\/es\/automatizacion-industrial-y-robot\/logistica-industrial-e-intralogistica\/soluciones-personalizadas\/","url":"https:\/\/oliveroimpianti.it\/es\/automatizacion-industrial-y-robot\/logistica-industrial-e-intralogistica\/soluciones-personalizadas\/","name":"Sistemas de log\u00edstica interna automatizada para plantas de producci\u00f3n","isPartOf":{"@id":"https:\/\/oliveroimpianti.it\/#website"},"datePublished":"2022-05-25T14:19:31+00:00","dateModified":"2023-05-17T08:07:20+00:00","description":"Soluciones autom\u00e1ticas y personalizables de manipulaci\u00f3n de materias primas y material a granel, almacenamiento y final de l\u00ednea de productos seg\u00fan necesidades espec\u00edficas.","breadcrumb":{"@id":"https:\/\/oliveroimpianti.it\/es\/automatizacion-industrial-y-robot\/logistica-industrial-e-intralogistica\/soluciones-personalizadas\/#breadcrumb"},"inLanguage":"es","potentialAction":[{"@type":"ReadAction","target":["https:\/\/oliveroimpianti.it\/es\/automatizacion-industrial-y-robot\/logistica-industrial-e-intralogistica\/soluciones-personalizadas\/"]}]},{"@type":"BreadcrumbList","@id":"https:\/\/oliveroimpianti.it\/es\/automatizacion-industrial-y-robot\/logistica-industrial-e-intralogistica\/soluciones-personalizadas\/#breadcrumb","itemListElement":[{"@type":"ListItem","position":1,"name":"Home","item":"https:\/\/oliveroimpianti.it\/es\/"},{"@type":"ListItem","position":2,"name":"Automatizaci\u00f3n industrial y robot","item":"https:\/\/oliveroimpianti.it\/es\/automatizacion-industrial-y-robot\/"},{"@type":"ListItem","position":3,"name":"Log\u00edstica industrial e intralog\u00edstica","item":"https:\/\/oliveroimpianti.it\/es\/automatizacion-industrial-y-robot\/logistica-industrial-e-intralogistica\/"},{"@type":"ListItem","position":4,"name":"Log\u00edstica industrial a medida"}]},{"@type":"WebSite","@id":"https:\/\/oliveroimpianti.it\/#website","url":"https:\/\/oliveroimpianti.it\/","name":"Olivero Impianti","description":"Automazioni industriali","publisher":{"@id":"https:\/\/oliveroimpianti.it\/#organization"},"potentialAction":[{"@type":"SearchAction","target":{"@type":"EntryPoint","urlTemplate":"https:\/\/oliveroimpianti.it\/?s={search_term_string}"},"query-input":"required name=search_term_string"}],"inLanguage":"es"},{"@type":"Organization","@id":"https:\/\/oliveroimpianti.it\/#organization","name":"Olivero Impianti","url":"https:\/\/oliveroimpianti.it\/","logo":{"@type":"ImageObject","inLanguage":"es","@id":"https:\/\/oliveroimpianti.it\/#\/schema\/logo\/image\/","url":"https:\/\/oliveroimpianti.it\/wp-content\/uploads\/2023\/11\/cropped-olivero-impianti-logo.png","contentUrl":"https:\/\/oliveroimpianti.it\/wp-content\/uploads\/2023\/11\/cropped-olivero-impianti-logo.png","width":1977,"height":449,"caption":"Olivero Impianti"},"image":{"@id":"https:\/\/oliveroimpianti.it\/#\/schema\/logo\/image\/"}}]}},"_links":{"self":[{"href":"https:\/\/oliveroimpianti.it\/es\/wp-json\/wp\/v2\/pages\/6615"}],"collection":[{"href":"https:\/\/oliveroimpianti.it\/es\/wp-json\/wp\/v2\/pages"}],"about":[{"href":"https:\/\/oliveroimpianti.it\/es\/wp-json\/wp\/v2\/types\/page"}],"author":[{"embeddable":true,"href":"https:\/\/oliveroimpianti.it\/es\/wp-json\/wp\/v2\/users\/1"}],"replies":[{"embeddable":true,"href":"https:\/\/oliveroimpianti.it\/es\/wp-json\/wp\/v2\/comments?post=6615"}],"version-history":[{"count":2,"href":"https:\/\/oliveroimpianti.it\/es\/wp-json\/wp\/v2\/pages\/6615\/revisions"}],"predecessor-version":[{"id":6892,"href":"https:\/\/oliveroimpianti.it\/es\/wp-json\/wp\/v2\/pages\/6615\/revisions\/6892"}],"up":[{"embeddable":true,"href":"https:\/\/oliveroimpianti.it\/es\/wp-json\/wp\/v2\/pages\/6612"}],"wp:featuredmedia":[{"embeddable":true,"href":"https:\/\/oliveroimpianti.it\/es\/wp-json\/wp\/v2\/media\/5766"}],"wp:attachment":[{"href":"https:\/\/oliveroimpianti.it\/es\/wp-json\/wp\/v2\/media?parent=6615"}],"curies":[{"name":"wp","href":"https:\/\/api.w.org\/{rel}","templated":true}]}}