{"id":6613,"date":"2022-05-25T14:18:48","date_gmt":"2022-05-25T14:18:48","guid":{"rendered":"https:\/\/oliveroimpianti.it\/automazione-industriale-e-robot\/logistica-industriale\/automatizzazione-di-magazzino\/"},"modified":"2023-05-17T07:58:32","modified_gmt":"2023-05-17T07:58:32","slug":"automatizacion-de-almacen","status":"publish","type":"page","link":"https:\/\/oliveroimpianti.it\/es\/automatizacion-industrial-y-robot\/logistica-industrial-e-intralogistica\/automatizacion-de-almacen\/","title":{"rendered":"Automatizaci\u00f3n de almac\u00e9n"},"content":{"rendered":"<div class=\"gb-container gb-container-c0b45941 la-pattern-overview\"><div class=\"gb-inside-container\">\n<div class=\"gb-container gb-container-fdb81756 la-pattern-overview-container alignwide gb-container-animation-zoom-in-fade-in\"><div class=\"gb-inside-container\">\n\n<h2 class=\"gb-headline gb-headline-ed727b6e gb-headline-text la-component-section-title\">Section title<\/h2>\n\n\n\n<p>Sed ut perspiciatis unde omnis iste natus error sit voluptatem accusantium doloremque laudantium, totam rem aperiam, eaque ipsa quae ab illo inventore veritatis et quasi architecto beatae vitae dicta sunt explicabo. Nemo enim ipsam voluptatem quia voluptas sit aspernatur aut odit aut fugit, sed quia consequuntur magni dolores eos qui ratione voluptatem sequi nesciunt. Neque porro quisquam est, qui dolorem ipsum quia dolor sit amet, consectetur, adipisci velit, sed quia non numquam eius modi tempora incidunt ut labore et dolore magnam aliquam quaerat v<\/p>\n\n<\/div><\/div>\n<\/div><\/div>\n\n\n<p><\/p>\n\n\n<div class=\"gb-container gb-container-b9a05e25 la-layout-text-image-driven-height la-pattern-text-and-shifted-image image-first alignfull\"><div class=\"gb-inside-container\">\n<div class=\"gb-grid-wrapper gb-grid-wrapper-cc8e3ea5 la-layout-text-image-driven-height-container la-pattern-text-and-shifted-image-container\">\n<div class=\"gb-grid-column gb-grid-column-95ea4fa7 gb-grid-column-animation-zoom-in-fade-in\"><div class=\"gb-container gb-container-95ea4fa7 la-layout-image-wrapper la-image-wrapper  gb-container-animation-zoom-in-fade-in\"><div class=\"gb-inside-container\">\n\n<figure class=\"wp-block-image size-large la-layout-image\"><img loading=\"lazy\" decoding=\"async\" width=\"1024\" height=\"576\" src=\"https:\/\/oliveroimpianti.it\/wp-content\/uploads\/2022\/06\/Lefficienza_dellautomazione_al_servizio_del_tuo_magazzino_2-1024x576.jpg\" alt=\"\" class=\"wp-image-3618\" srcset=\"https:\/\/oliveroimpianti.it\/wp-content\/uploads\/2022\/06\/Lefficienza_dellautomazione_al_servizio_del_tuo_magazzino_2-1024x576.jpg 1024w, https:\/\/oliveroimpianti.it\/wp-content\/uploads\/2022\/06\/Lefficienza_dellautomazione_al_servizio_del_tuo_magazzino_2-600x338.jpg 600w, https:\/\/oliveroimpianti.it\/wp-content\/uploads\/2022\/06\/Lefficienza_dellautomazione_al_servizio_del_tuo_magazzino_2-300x169.jpg 300w, https:\/\/oliveroimpianti.it\/wp-content\/uploads\/2022\/06\/Lefficienza_dellautomazione_al_servizio_del_tuo_magazzino_2-768x432.jpg 768w, https:\/\/oliveroimpianti.it\/wp-content\/uploads\/2022\/06\/Lefficienza_dellautomazione_al_servizio_del_tuo_magazzino_2-1600x900.jpg 1600w, https:\/\/oliveroimpianti.it\/wp-content\/uploads\/2022\/06\/Lefficienza_dellautomazione_al_servizio_del_tuo_magazzino_2-1536x864.jpg 1536w, https:\/\/oliveroimpianti.it\/wp-content\/uploads\/2022\/06\/Lefficienza_dellautomazione_al_servizio_del_tuo_magazzino_2.jpg 1920w\" sizes=\"(max-width: 1024px) 100vw, 1024px\" \/><\/figure>\n\n<\/div><\/div><\/div>\n\n<div class=\"gb-grid-column gb-grid-column-ec92ccc5 gb-grid-column-animation-zoom-in-fade-in\"><div class=\"gb-container gb-container-ec92ccc5 la-layout-text-wrapper la-text-wrapper gb-container-animation-zoom-in-fade-in\"><div class=\"gb-inside-container\">\n\n<div class=\"gb-headline gb-headline-8948aad3 gb-headline-text la-component-section-summary-tag\">Automatizaci\u00f3n de almac\u00e9n<\/div>\n\n\n\n<h2 class=\"gb-headline gb-headline-8858caa4 gb-headline-text la-component-section-title\">Eficiencia de la automatizaci\u00f3n al servicio de tu almac\u00e9n<\/h2>\n\n\n\n<p class=\"la-component-section-content\">Un almac\u00e9n automatizado requiere un sistema de desplazamiento interno de materiales y productos que sea organizado y eficiente. Olivero proyecta e implementa l\u00edneas de transporte autom\u00e1ticas para materias primas, materiales elaborados y semi-elaborados, adem\u00e1s de finales de l\u00ednea con islas de paletizaci\u00f3n, trabajando en colaboraci\u00f3n con fabricantes de almacenes automatizados.<\/p>\n\n\n\n<p class=\"la-component-section-content\">El objetivo es suministrar al cliente final la soluci\u00f3n m\u00e1s eficaz con respecto a sus exigencias espec\u00edficas, ayud\u00e1ndolo a mejorar la seguridad y la productividad de su establecimiento.<\/p>\n\n<\/div><\/div><\/div>\n<\/div>\n<\/div><\/div>\n\n<div class=\"gb-container gb-container-7bfc5652 la-layout-text-image-driven-height la-pattern-text-and-image-with-shifted-background alignwide gb-container-animation-zoom-in-fade-in\"><div class=\"gb-inside-container\">\n\n<div class=\"gb-headline gb-headline-58df952e gb-headline-text la-component-sliding-text slide-from-left to-left-position la-sliding-text\">Automatizaci\u00f3n del almac\u00e9n<\/div>\n\n\n<div class=\"gb-grid-wrapper gb-grid-wrapper-bafbc3ca la-layout-text-image-driven-height-container\">\n<div class=\"gb-grid-column gb-grid-column-c667d299 gb-grid-column-animation-zoom-in-fade-in\"><div class=\"gb-container gb-container-c667d299 la-layout-text-wrapper la-text-wrapper gb-container-animation-zoom-in-fade-in\"><div class=\"gb-inside-container\">\n\n<div class=\"gb-headline gb-headline-d50c8023 gb-headline-text la-component-section-summary-tag\">Intralog\u00edstica de vanguardia<\/div>\n\n\n\n<h2 class=\"gb-headline gb-headline-ff10461e gb-headline-text la-component-section-title\">Automatizaci\u00f3n de los procesos de desplazamiento de mercanc\u00edas<\/h2>\n\n\n\n<p>Proponemos sistemas de transporte automatizados para almacenes con la filosof\u00eda \u00abllave en mano\u00bb, suministrando un servicio completo que comienza con el an\u00e1lisis puntual de la empresa. Entre \u00e9stos encontramos:<\/p>\n\n\n<div class=\"gb-grid-wrapper gb-grid-wrapper-20431ad8 la-layout-features-list la-feature-list-wrapper\">\n<div class=\"gb-grid-column gb-grid-column-7b2d99e7 gb-grid-column-animation-zoom-in-fade-in\"><div class=\"gb-container gb-container-7b2d99e7 la-layout-features-list-column gb-container-animation-zoom-in-fade-in\"><div class=\"gb-inside-container\">\n\n<div class=\"wp-block-group la-component-list-item-wrapper is-layout-flow wp-block-group-is-layout-flow\"><div class=\"wp-block-group__inner-container\">\n<h3 class=\"gb-headline gb-headline-eb5bd0ee la-component-list-item-title\"><span class=\"gb-icon\"><svg aria-hidden=\"true\" role=\"img\" height=\"1em\" width=\"1em\" viewBox=\"0 0 512 512\" xmlns=\"http:\/\/www.w3.org\/2000\/svg\"><path fill=\"currentColor\" d=\"M173.898 439.404l-166.4-166.4c-9.997-9.997-9.997-26.206 0-36.204l36.203-36.204c9.997-9.998 26.207-9.998 36.204 0L192 312.69 432.095 72.596c9.997-9.997 26.207-9.997 36.204 0l36.203 36.204c9.997 9.997 9.997 26.206 0 36.204l-294.4 294.401c-9.998 9.997-26.207 9.997-36.204-.001z\"><\/path><\/svg><\/span><span class=\"gb-headline-text\">Recogida de mercanc\u00edas<\/span><\/h3>\n\n\n\n<p>Inserci\u00f3n en l\u00ednea de productos o mercanc\u00edas transportadas para la elaboraci\u00f3n<\/p>\n<\/div><\/div>\n\n\n\n<div class=\"wp-block-group la-component-list-item-wrapper is-layout-flow wp-block-group-is-layout-flow\"><div class=\"wp-block-group__inner-container\">\n<h3 class=\"gb-headline gb-headline-a05a3fb1 la-component-list-item-title\"><span class=\"gb-icon\"><svg aria-hidden=\"true\" role=\"img\" height=\"1em\" width=\"1em\" viewBox=\"0 0 512 512\" xmlns=\"http:\/\/www.w3.org\/2000\/svg\"><path fill=\"currentColor\" d=\"M173.898 439.404l-166.4-166.4c-9.997-9.997-9.997-26.206 0-36.204l36.203-36.204c9.997-9.998 26.207-9.998 36.204 0L192 312.69 432.095 72.596c9.997-9.997 26.207-9.997 36.204 0l36.203 36.204c9.997 9.997 9.997 26.206 0 36.204l-294.4 294.401c-9.998 9.997-26.207 9.997-36.204-.001z\"><\/path><\/svg><\/span><span class=\"gb-headline-text\">Bah\u00edas de carga y descarga<\/span><\/h3>\n\n\n\n<p>\u00c1reas automatizadas para la carga y la descarga de veh\u00edculos<\/p>\n<\/div><\/div>\n\n<\/div><\/div><\/div>\n\n<div class=\"gb-grid-column gb-grid-column-d7252e40 gb-grid-column-animation-zoom-in-fade-in\"><div class=\"gb-container gb-container-d7252e40 la-layout-features-list-column gb-container-animation-zoom-in-fade-in\"><div class=\"gb-inside-container\">\n\n<div class=\"wp-block-group la-component-list-item-wrapper is-layout-flow wp-block-group-is-layout-flow\"><div class=\"wp-block-group__inner-container\">\n<h3 class=\"gb-headline gb-headline-a774da01 la-component-list-item-title\"><span class=\"gb-icon\"><svg aria-hidden=\"true\" role=\"img\" height=\"1em\" width=\"1em\" viewBox=\"0 0 512 512\" xmlns=\"http:\/\/www.w3.org\/2000\/svg\"><path fill=\"currentColor\" d=\"M173.898 439.404l-166.4-166.4c-9.997-9.997-9.997-26.206 0-36.204l36.203-36.204c9.997-9.998 26.207-9.998 36.204 0L192 312.69 432.095 72.596c9.997-9.997 26.207-9.997 36.204 0l36.203 36.204c9.997 9.997 9.997 26.206 0 36.204l-294.4 294.401c-9.998 9.997-26.207 9.997-36.204-.001z\"><\/path><\/svg><\/span><span class=\"gb-headline-text\">Desplazamiento de cargas<\/span><\/h3>\n\n\n\n<p>Transportadores y l\u00edneas que sirven en la entrada y la salida del almac\u00e9n<\/p>\n<\/div><\/div>\n\n\n\n<div class=\"wp-block-group la-component-list-item-wrapper is-layout-flow wp-block-group-is-layout-flow\"><div class=\"wp-block-group__inner-container\">\n<h3 class=\"gb-headline gb-headline-b0a0aee2 la-component-list-item-title\"><span class=\"gb-icon\"><svg aria-hidden=\"true\" role=\"img\" height=\"1em\" width=\"1em\" viewBox=\"0 0 512 512\" xmlns=\"http:\/\/www.w3.org\/2000\/svg\"><path fill=\"currentColor\" d=\"M173.898 439.404l-166.4-166.4c-9.997-9.997-9.997-26.206 0-36.204l36.203-36.204c9.997-9.998 26.207-9.998 36.204 0L192 312.69 432.095 72.596c9.997-9.997 26.207-9.997 36.204 0l36.203 36.204c9.997 9.997 9.997 26.206 0 36.204l-294.4 294.401c-9.998 9.997-26.207 9.997-36.204-.001z\"><\/path><\/svg><\/span><span class=\"gb-headline-text\">Preparaci\u00f3n y final de l\u00ednea<\/span><\/h3>\n\n\n\n<p>\u00c1reas de env\u00edo con robot de paletizaci\u00f3n, envolvedoras, etc.<\/p>\n<\/div><\/div>\n\n<\/div><\/div><\/div>\n<\/div>\n<\/div><\/div><\/div>\n\n<div class=\"gb-grid-column gb-grid-column-85056616 gb-grid-column-animation-zoom-in-fade-in\"><div class=\"gb-container gb-container-85056616 la-layout-image-wrapper  la-image-container gb-container-animation-zoom-in-fade-in\"><div class=\"gb-inside-container\">\n<div class=\"gb-container gb-container-407cf67a la-image-background\"><div class=\"gb-inside-container\"><\/div><\/div>\n\n\n<figure class=\"wp-block-image size-full la-layout-image la-image-wrapper\"><img loading=\"lazy\" decoding=\"async\" width=\"974\" height=\"731\" src=\"https:\/\/oliveroimpianti.it\/wp-content\/uploads\/2022\/06\/Automazione_dei_processi_di_movimentazione_merci.jpg\" alt=\"\" class=\"wp-image-3625\" srcset=\"https:\/\/oliveroimpianti.it\/wp-content\/uploads\/2022\/06\/Automazione_dei_processi_di_movimentazione_merci.jpg 974w, https:\/\/oliveroimpianti.it\/wp-content\/uploads\/2022\/06\/Automazione_dei_processi_di_movimentazione_merci-600x450.jpg 600w, https:\/\/oliveroimpianti.it\/wp-content\/uploads\/2022\/06\/Automazione_dei_processi_di_movimentazione_merci-300x225.jpg 300w, https:\/\/oliveroimpianti.it\/wp-content\/uploads\/2022\/06\/Automazione_dei_processi_di_movimentazione_merci-768x576.jpg 768w\" sizes=\"(max-width: 974px) 100vw, 974px\" \/><\/figure>\n\n<\/div><\/div><\/div>\n<\/div>\n<\/div><\/div>\n\n<div class=\"gb-container gb-container-8378aad9 alignwide\"><div class=\"gb-inside-container\">\n\n<h2 class=\"gb-headline gb-headline-cbfad595 gb-headline-text la-component-section-title smaller\">Nuestro asesoramiento tiene un valor adicional orientado al resultado<\/h2>\n\n\n<div class=\"gb-button-wrapper gb-button-wrapper-4ddb047f la-component-button-container uppercase centered\">\n\n<a class=\"gb-button gb-button-3d211ed6 gb-button-text la-component-button\" href=\"https:\/\/oliveroimpianti.it\/es\/contatti\/\">Contacta con nuestro equipo t\u00e9cnico<\/a>\n\n<\/div>\n<\/div><\/div>\n\n\n<p><\/p>\n","protected":false},"excerpt":{"rendered":"<p>Section title Sed ut perspiciatis unde omnis iste natus error sit voluptatem accusantium doloremque laudantium, totam rem aperiam, eaque ipsa quae ab illo inventore veritatis et quasi architecto beatae vitae dicta sunt explicabo. Nemo enim&#8230;<\/p>\n","protected":false},"author":1,"featured_media":5790,"parent":6612,"menu_order":0,"comment_status":"closed","ping_status":"closed","template":"","meta":{"footnotes":""},"acf":[],"yoast_head":"<!-- This site is optimized with the Yoast SEO plugin v21.7 - https:\/\/yoast.com\/wordpress\/plugins\/seo\/ -->\n<title>Almacenes autom\u00e1ticos, l\u00edneas de transporte para la manipulaci\u00f3n de cargas<\/title>\n<meta name=\"description\" content=\"Bah\u00edas de carga y descarga e islas robotizadas de paletizaci\u00f3n, l\u00edneas autom\u00e1ticas para el transporte de materias primas, acabadas o semiacabadas para la log\u00edstica interna.\" \/>\n<meta name=\"robots\" content=\"index, follow, max-snippet:-1, max-image-preview:large, max-video-preview:-1\" \/>\n<link rel=\"canonical\" href=\"https:\/\/oliveroimpianti.it\/es\/automatizacion-industrial-y-robot\/logistica-industrial-e-intralogistica\/automatizacion-de-almacen\/\" \/>\n<meta property=\"og:locale\" content=\"es_ES\" \/>\n<meta property=\"og:type\" content=\"article\" \/>\n<meta property=\"og:title\" content=\"Almacenes autom\u00e1ticos, l\u00edneas de transporte para la manipulaci\u00f3n de cargas\" \/>\n<meta property=\"og:description\" content=\"Bah\u00edas de carga y descarga e islas robotizadas de paletizaci\u00f3n, l\u00edneas autom\u00e1ticas para el transporte de materias primas, acabadas o semiacabadas para la log\u00edstica interna.\" \/>\n<meta property=\"og:url\" content=\"https:\/\/oliveroimpianti.it\/es\/automatizacion-industrial-y-robot\/logistica-industrial-e-intralogistica\/automatizacion-de-almacen\/\" \/>\n<meta property=\"og:site_name\" content=\"Olivero Impianti\" \/>\n<meta property=\"article:modified_time\" content=\"2023-05-17T07:58:32+00:00\" \/>\n<meta property=\"og:image\" content=\"https:\/\/oliveroimpianti.it\/wp-content\/uploads\/2022\/06\/Header_automatizzazione_di_magazzino.jpg\" \/>\n\t<meta property=\"og:image:width\" content=\"1600\" \/>\n\t<meta property=\"og:image:height\" content=\"695\" \/>\n\t<meta property=\"og:image:type\" content=\"image\/jpeg\" \/>\n<meta name=\"twitter:card\" content=\"summary_large_image\" \/>\n<meta name=\"twitter:label1\" content=\"Tiempo de lectura\" \/>\n\t<meta name=\"twitter:data1\" content=\"2 minutos\" \/>\n<script type=\"application\/ld+json\" class=\"yoast-schema-graph\">{\"@context\":\"https:\/\/schema.org\",\"@graph\":[{\"@type\":\"WebPage\",\"@id\":\"https:\/\/oliveroimpianti.it\/es\/automatizacion-industrial-y-robot\/logistica-industrial-e-intralogistica\/automatizacion-de-almacen\/\",\"url\":\"https:\/\/oliveroimpianti.it\/es\/automatizacion-industrial-y-robot\/logistica-industrial-e-intralogistica\/automatizacion-de-almacen\/\",\"name\":\"Almacenes autom\u00e1ticos, l\u00edneas de transporte para la manipulaci\u00f3n de cargas\",\"isPartOf\":{\"@id\":\"https:\/\/oliveroimpianti.it\/#website\"},\"datePublished\":\"2022-05-25T14:18:48+00:00\",\"dateModified\":\"2023-05-17T07:58:32+00:00\",\"description\":\"Bah\u00edas de carga y descarga e islas robotizadas de paletizaci\u00f3n, l\u00edneas autom\u00e1ticas para el transporte de materias primas, acabadas o semiacabadas para la log\u00edstica interna.\",\"breadcrumb\":{\"@id\":\"https:\/\/oliveroimpianti.it\/es\/automatizacion-industrial-y-robot\/logistica-industrial-e-intralogistica\/automatizacion-de-almacen\/#breadcrumb\"},\"inLanguage\":\"es\",\"potentialAction\":[{\"@type\":\"ReadAction\",\"target\":[\"https:\/\/oliveroimpianti.it\/es\/automatizacion-industrial-y-robot\/logistica-industrial-e-intralogistica\/automatizacion-de-almacen\/\"]}]},{\"@type\":\"BreadcrumbList\",\"@id\":\"https:\/\/oliveroimpianti.it\/es\/automatizacion-industrial-y-robot\/logistica-industrial-e-intralogistica\/automatizacion-de-almacen\/#breadcrumb\",\"itemListElement\":[{\"@type\":\"ListItem\",\"position\":1,\"name\":\"Home\",\"item\":\"https:\/\/oliveroimpianti.it\/es\/\"},{\"@type\":\"ListItem\",\"position\":2,\"name\":\"Automatizaci\u00f3n industrial y robot\",\"item\":\"https:\/\/oliveroimpianti.it\/es\/automatizacion-industrial-y-robot\/\"},{\"@type\":\"ListItem\",\"position\":3,\"name\":\"Log\u00edstica industrial e intralog\u00edstica\",\"item\":\"https:\/\/oliveroimpianti.it\/es\/automatizacion-industrial-y-robot\/logistica-industrial-e-intralogistica\/\"},{\"@type\":\"ListItem\",\"position\":4,\"name\":\"Automatizaci\u00f3n de almac\u00e9n\"}]},{\"@type\":\"WebSite\",\"@id\":\"https:\/\/oliveroimpianti.it\/#website\",\"url\":\"https:\/\/oliveroimpianti.it\/\",\"name\":\"Olivero Impianti\",\"description\":\"Automazioni industriali\",\"publisher\":{\"@id\":\"https:\/\/oliveroimpianti.it\/#organization\"},\"potentialAction\":[{\"@type\":\"SearchAction\",\"target\":{\"@type\":\"EntryPoint\",\"urlTemplate\":\"https:\/\/oliveroimpianti.it\/?s={search_term_string}\"},\"query-input\":\"required name=search_term_string\"}],\"inLanguage\":\"es\"},{\"@type\":\"Organization\",\"@id\":\"https:\/\/oliveroimpianti.it\/#organization\",\"name\":\"Olivero Impianti\",\"url\":\"https:\/\/oliveroimpianti.it\/\",\"logo\":{\"@type\":\"ImageObject\",\"inLanguage\":\"es\",\"@id\":\"https:\/\/oliveroimpianti.it\/#\/schema\/logo\/image\/\",\"url\":\"https:\/\/oliveroimpianti.it\/wp-content\/uploads\/2023\/11\/cropped-olivero-impianti-logo.png\",\"contentUrl\":\"https:\/\/oliveroimpianti.it\/wp-content\/uploads\/2023\/11\/cropped-olivero-impianti-logo.png\",\"width\":1977,\"height\":449,\"caption\":\"Olivero Impianti\"},\"image\":{\"@id\":\"https:\/\/oliveroimpianti.it\/#\/schema\/logo\/image\/\"}}]}<\/script>\n<!-- \/ Yoast SEO plugin. -->","yoast_head_json":{"title":"Almacenes autom\u00e1ticos, l\u00edneas de transporte para la manipulaci\u00f3n de cargas","description":"Bah\u00edas de carga y descarga e islas robotizadas de paletizaci\u00f3n, l\u00edneas autom\u00e1ticas para el transporte de materias primas, acabadas o semiacabadas para la log\u00edstica interna.","robots":{"index":"index","follow":"follow","max-snippet":"max-snippet:-1","max-image-preview":"max-image-preview:large","max-video-preview":"max-video-preview:-1"},"canonical":"https:\/\/oliveroimpianti.it\/es\/automatizacion-industrial-y-robot\/logistica-industrial-e-intralogistica\/automatizacion-de-almacen\/","og_locale":"es_ES","og_type":"article","og_title":"Almacenes autom\u00e1ticos, l\u00edneas de transporte para la manipulaci\u00f3n de cargas","og_description":"Bah\u00edas de carga y descarga e islas robotizadas de paletizaci\u00f3n, l\u00edneas autom\u00e1ticas para el transporte de materias primas, acabadas o semiacabadas para la log\u00edstica interna.","og_url":"https:\/\/oliveroimpianti.it\/es\/automatizacion-industrial-y-robot\/logistica-industrial-e-intralogistica\/automatizacion-de-almacen\/","og_site_name":"Olivero Impianti","article_modified_time":"2023-05-17T07:58:32+00:00","og_image":[{"width":1600,"height":695,"url":"https:\/\/oliveroimpianti.it\/wp-content\/uploads\/2022\/06\/Header_automatizzazione_di_magazzino.jpg","type":"image\/jpeg"}],"twitter_card":"summary_large_image","twitter_misc":{"Tiempo de lectura":"2 minutos"},"schema":{"@context":"https:\/\/schema.org","@graph":[{"@type":"WebPage","@id":"https:\/\/oliveroimpianti.it\/es\/automatizacion-industrial-y-robot\/logistica-industrial-e-intralogistica\/automatizacion-de-almacen\/","url":"https:\/\/oliveroimpianti.it\/es\/automatizacion-industrial-y-robot\/logistica-industrial-e-intralogistica\/automatizacion-de-almacen\/","name":"Almacenes autom\u00e1ticos, l\u00edneas de transporte para la manipulaci\u00f3n de cargas","isPartOf":{"@id":"https:\/\/oliveroimpianti.it\/#website"},"datePublished":"2022-05-25T14:18:48+00:00","dateModified":"2023-05-17T07:58:32+00:00","description":"Bah\u00edas de carga y descarga e islas robotizadas de paletizaci\u00f3n, l\u00edneas autom\u00e1ticas para el transporte de materias primas, acabadas o semiacabadas para la log\u00edstica interna.","breadcrumb":{"@id":"https:\/\/oliveroimpianti.it\/es\/automatizacion-industrial-y-robot\/logistica-industrial-e-intralogistica\/automatizacion-de-almacen\/#breadcrumb"},"inLanguage":"es","potentialAction":[{"@type":"ReadAction","target":["https:\/\/oliveroimpianti.it\/es\/automatizacion-industrial-y-robot\/logistica-industrial-e-intralogistica\/automatizacion-de-almacen\/"]}]},{"@type":"BreadcrumbList","@id":"https:\/\/oliveroimpianti.it\/es\/automatizacion-industrial-y-robot\/logistica-industrial-e-intralogistica\/automatizacion-de-almacen\/#breadcrumb","itemListElement":[{"@type":"ListItem","position":1,"name":"Home","item":"https:\/\/oliveroimpianti.it\/es\/"},{"@type":"ListItem","position":2,"name":"Automatizaci\u00f3n industrial y robot","item":"https:\/\/oliveroimpianti.it\/es\/automatizacion-industrial-y-robot\/"},{"@type":"ListItem","position":3,"name":"Log\u00edstica industrial e intralog\u00edstica","item":"https:\/\/oliveroimpianti.it\/es\/automatizacion-industrial-y-robot\/logistica-industrial-e-intralogistica\/"},{"@type":"ListItem","position":4,"name":"Automatizaci\u00f3n de almac\u00e9n"}]},{"@type":"WebSite","@id":"https:\/\/oliveroimpianti.it\/#website","url":"https:\/\/oliveroimpianti.it\/","name":"Olivero Impianti","description":"Automazioni industriali","publisher":{"@id":"https:\/\/oliveroimpianti.it\/#organization"},"potentialAction":[{"@type":"SearchAction","target":{"@type":"EntryPoint","urlTemplate":"https:\/\/oliveroimpianti.it\/?s={search_term_string}"},"query-input":"required name=search_term_string"}],"inLanguage":"es"},{"@type":"Organization","@id":"https:\/\/oliveroimpianti.it\/#organization","name":"Olivero Impianti","url":"https:\/\/oliveroimpianti.it\/","logo":{"@type":"ImageObject","inLanguage":"es","@id":"https:\/\/oliveroimpianti.it\/#\/schema\/logo\/image\/","url":"https:\/\/oliveroimpianti.it\/wp-content\/uploads\/2023\/11\/cropped-olivero-impianti-logo.png","contentUrl":"https:\/\/oliveroimpianti.it\/wp-content\/uploads\/2023\/11\/cropped-olivero-impianti-logo.png","width":1977,"height":449,"caption":"Olivero Impianti"},"image":{"@id":"https:\/\/oliveroimpianti.it\/#\/schema\/logo\/image\/"}}]}},"_links":{"self":[{"href":"https:\/\/oliveroimpianti.it\/es\/wp-json\/wp\/v2\/pages\/6613"}],"collection":[{"href":"https:\/\/oliveroimpianti.it\/es\/wp-json\/wp\/v2\/pages"}],"about":[{"href":"https:\/\/oliveroimpianti.it\/es\/wp-json\/wp\/v2\/types\/page"}],"author":[{"embeddable":true,"href":"https:\/\/oliveroimpianti.it\/es\/wp-json\/wp\/v2\/users\/1"}],"replies":[{"embeddable":true,"href":"https:\/\/oliveroimpianti.it\/es\/wp-json\/wp\/v2\/comments?post=6613"}],"version-history":[{"count":6,"href":"https:\/\/oliveroimpianti.it\/es\/wp-json\/wp\/v2\/pages\/6613\/revisions"}],"predecessor-version":[{"id":6796,"href":"https:\/\/oliveroimpianti.it\/es\/wp-json\/wp\/v2\/pages\/6613\/revisions\/6796"}],"up":[{"embeddable":true,"href":"https:\/\/oliveroimpianti.it\/es\/wp-json\/wp\/v2\/pages\/6612"}],"wp:featuredmedia":[{"embeddable":true,"href":"https:\/\/oliveroimpianti.it\/es\/wp-json\/wp\/v2\/media\/5790"}],"wp:attachment":[{"href":"https:\/\/oliveroimpianti.it\/es\/wp-json\/wp\/v2\/media?parent=6613"}],"curies":[{"name":"wp","href":"https:\/\/api.w.org\/{rel}","templated":true}]}}