{"id":6611,"date":"2022-05-25T14:12:35","date_gmt":"2022-05-25T14:12:35","guid":{"rendered":"https:\/\/oliveroimpianti.it\/automazione-industriale-e-robot\/industria-4-0\/"},"modified":"2023-05-17T08:54:08","modified_gmt":"2023-05-17T08:54:08","slug":"industria-4-0","status":"publish","type":"page","link":"https:\/\/oliveroimpianti.it\/es\/automatizacion-industrial-y-robot\/industria-4-0\/","title":{"rendered":"Industria 4.0"},"content":{"rendered":"<div class=\"gb-container gb-container-c0b45941 la-pattern-overview\"><div class=\"gb-inside-container\">\n<div class=\"gb-container gb-container-fdb81756 la-pattern-overview-container alignwide gb-container-animation-zoom-in-fade-in\"><div class=\"gb-inside-container\">\n\n<div class=\"gb-headline gb-headline-b9728eb8 gb-headline-text a-component-sliding-text slide-from-left to-left-position la-sliding-text slide-in\">Industria 4.0<\/div>\n\n\n\n<h2 class=\"gb-headline gb-headline-ed727b6e gb-headline-text la-component-section-title\">Soluciones para la industria seg\u00fan la \u00f3ptica 4.0<\/h2>\n\n\n\n<p>La innovaci\u00f3n tecnol\u00f3gica no es para nosotros solo un objetivo sino un verdadero modus operandi. Incluso gracias a este acercamiento nos hemos convertido, con el paso de los a\u00f1os, en el punto de referencia para empresas de todos los sectores que desean implementar dentro de sus plantas, soluciones tecnol\u00f3gicas innovadoras que miren hacia el futuro. Mediante el trabajo y el asesoramiento de personal, constantemente actualizado ayudamos a nuestros clientes para que los sistemas de producci\u00f3n sean m\u00e1s sostenibles, con altas prestaciones, optimizados y seguros y acordes con los objetivos de Industria 4.0.<\/p>\n\n<\/div><\/div>\n<\/div><\/div>\n\n<div class=\"gb-container gb-container-7bfc5652 la-layout-text-image-driven-height la-pattern-text-and-image-with-shifted-background alignwide gb-container-animation-zoom-in-fade-in\"><div class=\"gb-inside-container\">\n<div class=\"gb-grid-wrapper gb-grid-wrapper-bafbc3ca la-layout-text-image-driven-height-container\">\n<div class=\"gb-grid-column gb-grid-column-c667d299 gb-grid-column-animation-zoom-in-fade-in\"><div class=\"gb-container gb-container-c667d299 la-layout-text-wrapper la-text-wrapper gb-container-animation-zoom-in-fade-in\"><div class=\"gb-inside-container\">\n\n<div class=\"gb-headline gb-headline-d50c8023 gb-headline-text la-component-section-summary-tag\">Soluciones y servicios<\/div>\n\n\n\n<h2 class=\"gb-headline gb-headline-ff10461e gb-headline-text la-component-section-title\">Transici\u00f3n 4.0<\/h2>\n\n\n\n<p>Industria 4.0, hoy convertido en Transici\u00f3n 4.0, es un Plan Nacional nacido para ofrecer a las empresas est\u00edmulos e incentivos destinados a aumentar el nivel de innovaci\u00f3n y digitalizaci\u00f3n de los procesos de producci\u00f3n. Son muchas las oportunidades actualmente generadas por las nuevas tecnolog\u00edas en t\u00e9rminos de seguridad, aumento de la productividad, optimizaci\u00f3n, calidad de los productos y reducci\u00f3n de los consumos.<\/p>\n\n\n\n<p>Gracias a nuestra experiencia dentro del sector de la automatizaci\u00f3n industrial, Olivero proyecta y desarrolla soluciones integradas que permiten a las empresas alinearse con las exigencias de la Transici\u00f3n 4.0 y aumentar su competitividad.<\/p>\n\n<\/div><\/div><\/div>\n\n<div class=\"gb-grid-column gb-grid-column-85056616 gb-grid-column-animation-zoom-in-fade-in\"><div class=\"gb-container gb-container-85056616 la-layout-image-wrapper  la-image-container gb-container-animation-zoom-in-fade-in\"><div class=\"gb-inside-container\">\n<div class=\"gb-container gb-container-407cf67a la-image-background\"><div class=\"gb-inside-container\"><\/div><\/div>\n\n\n<figure class=\"wp-block-image size-large la-layout-image la-image-wrapper\"><img loading=\"lazy\" decoding=\"async\" width=\"1024\" height=\"681\" src=\"https:\/\/oliveroimpianti.it\/wp-content\/uploads\/2022\/06\/Soluzioni_per_lautomazione_di_processo-1024x681.jpg\" alt=\"\" class=\"wp-image-3298\" srcset=\"https:\/\/oliveroimpianti.it\/wp-content\/uploads\/2022\/06\/Soluzioni_per_lautomazione_di_processo-1024x681.jpg 1024w, https:\/\/oliveroimpianti.it\/wp-content\/uploads\/2022\/06\/Soluzioni_per_lautomazione_di_processo-600x399.jpg 600w, https:\/\/oliveroimpianti.it\/wp-content\/uploads\/2022\/06\/Soluzioni_per_lautomazione_di_processo-300x199.jpg 300w, https:\/\/oliveroimpianti.it\/wp-content\/uploads\/2022\/06\/Soluzioni_per_lautomazione_di_processo-768x510.jpg 768w, https:\/\/oliveroimpianti.it\/wp-content\/uploads\/2022\/06\/Soluzioni_per_lautomazione_di_processo.jpg 1500w\" sizes=\"(max-width: 1024px) 100vw, 1024px\" \/><\/figure>\n\n<\/div><\/div><\/div>\n<\/div>\n<\/div><\/div>\n\n<div class=\"gb-container gb-container-6a2b0e2e\"><div class=\"gb-inside-container\">\n<div class=\"gb-grid-wrapper gb-grid-wrapper-5b3d6d8b\">\n<div class=\"gb-grid-column gb-grid-column-2a711372\"><div class=\"gb-container gb-container-2a711372\"><div class=\"gb-inside-container\">\n\n<div class=\"wp-block-group la-component-list-item-wrapper is-layout-flow wp-block-group-is-layout-flow\"><div class=\"wp-block-group__inner-container\">\n<h3 class=\"gb-headline gb-headline-983f2831 la-component-list-item-title\"><span class=\"gb-icon\"><svg aria-hidden=\"true\" role=\"img\" height=\"1em\" width=\"1em\" viewBox=\"0 0 512 512\" xmlns=\"http:\/\/www.w3.org\/2000\/svg\"><path fill=\"currentColor\" d=\"M173.898 439.404l-166.4-166.4c-9.997-9.997-9.997-26.206 0-36.204l36.203-36.204c9.997-9.998 26.207-9.998 36.204 0L192 312.69 432.095 72.596c9.997-9.997 26.207-9.997 36.204 0l36.203 36.204c9.997 9.997 9.997 26.206 0 36.204l-294.4 294.401c-9.998 9.997-26.207 9.997-36.204-.001z\"><\/path><\/svg><\/span><span class=\"gb-headline-text\">Renovaci\u00f3n<\/span><\/h3>\n\n\n\n<p>Nos ocupamos de modernizaci\u00f3n de m\u00e1quinas individuales e instalaciones y de su nueva certificaci\u00f3n que es fundamental para acceder a los incentivos 4.0<\/p>\n\n\n<div class=\"gb-button-wrapper gb-button-wrapper-4ddb047f la-component-button-container uppercase\">\n\n<a class=\"gb-button gb-button-3d211ed6 gb-button-text la-component-button\" href=\"https:\/\/oliveroimpianti.it\/es\/servicios\/renovacion\/\">Ir al servicio<\/a>\n\n<\/div><\/div><\/div>\n\n<\/div><\/div><\/div>\n\n<div class=\"gb-grid-column gb-grid-column-0073e2e7\"><div class=\"gb-container gb-container-0073e2e7\"><div class=\"gb-inside-container\">\n\n<div class=\"wp-block-group la-component-list-item-wrapper is-layout-flow wp-block-group-is-layout-flow\"><div class=\"wp-block-group__inner-container\">\n<h3 class=\"gb-headline gb-headline-1b70dd77 la-component-list-item-title\"><span class=\"gb-icon\"><svg aria-hidden=\"true\" role=\"img\" height=\"1em\" width=\"1em\" viewBox=\"0 0 512 512\" xmlns=\"http:\/\/www.w3.org\/2000\/svg\"><path fill=\"currentColor\" d=\"M173.898 439.404l-166.4-166.4c-9.997-9.997-9.997-26.206 0-36.204l36.203-36.204c9.997-9.998 26.207-9.998 36.204 0L192 312.69 432.095 72.596c9.997-9.997 26.207-9.997 36.204 0l36.203 36.204c9.997 9.997 9.997 26.206 0 36.204l-294.4 294.401c-9.998 9.997-26.207 9.997-36.204-.001z\"><\/path><\/svg><\/span><span class=\"gb-headline-text\">Automatizaci\u00f3n industrial<\/span><\/h3>\n\n\n\n<p>Proyectamos y desarrollamos sistemas de automatizaci\u00f3n industrial y de robotizaci\u00f3n de instalaciones integrando las tecnolog\u00edas actuales de vanguardia<\/p>\n\n\n<div class=\"gb-button-wrapper gb-button-wrapper-47ef9840 la-component-button-container uppercase\">\n\n<a class=\"gb-button gb-button-a9e2e395 gb-button-text la-component-button\" href=\"https:\/\/oliveroimpianti.it\/es\/automatizacion-industrial-y-robot\/\">Ir al servicio<\/a>\n\n<\/div><\/div><\/div>\n\n<\/div><\/div><\/div>\n\n<div class=\"gb-grid-column gb-grid-column-b853c927\"><div class=\"gb-container gb-container-b853c927\"><div class=\"gb-inside-container\">\n\n<div class=\"wp-block-group la-component-list-item-wrapper is-layout-flow wp-block-group-is-layout-flow\"><div class=\"wp-block-group__inner-container\">\n<h3 class=\"gb-headline gb-headline-fea0aeab la-component-list-item-title\"><span class=\"gb-icon\"><svg aria-hidden=\"true\" role=\"img\" height=\"1em\" width=\"1em\" viewBox=\"0 0 512 512\" xmlns=\"http:\/\/www.w3.org\/2000\/svg\"><path fill=\"currentColor\" d=\"M173.898 439.404l-166.4-166.4c-9.997-9.997-9.997-26.206 0-36.204l36.203-36.204c9.997-9.998 26.207-9.998 36.204 0L192 312.69 432.095 72.596c9.997-9.997 26.207-9.997 36.204 0l36.203 36.204c9.997 9.997 9.997 26.206 0 36.204l-294.4 294.401c-9.998 9.997-26.207 9.997-36.204-.001z\"><\/path><\/svg><\/span><span class=\"gb-headline-text\">Log\u00edstica e intralog\u00edstica integrada<\/span><\/h3>\n\n\n\n<p>Proponemos las mejores opciones de transporte y automatizaci\u00f3n para aumentar la seguridad y la productividad de establecimientos y almacenes<\/p>\n\n\n<div class=\"gb-button-wrapper gb-button-wrapper-8f9456e4 la-component-button-container uppercase\">\n\n<a class=\"gb-button gb-button-b2c6b878 gb-button-text la-component-button\" href=\"https:\/\/oliveroimpianti.it\/es\/automatizacion-industrial-y-robot\/logistica-industrial-e-intralogistica\/\">Ir al servicio<\/a>\n\n<\/div><\/div><\/div>\n\n<\/div><\/div><\/div>\n\n<div class=\"gb-grid-column gb-grid-column-dd1f0185\"><div class=\"gb-container gb-container-dd1f0185\"><div class=\"gb-inside-container\">\n\n<div class=\"wp-block-group la-component-list-item-wrapper is-layout-flow wp-block-group-is-layout-flow\"><div class=\"wp-block-group__inner-container\">\n<h3 class=\"gb-headline gb-headline-54598462 la-component-list-item-title\"><span class=\"gb-icon\"><svg aria-hidden=\"true\" role=\"img\" height=\"1em\" width=\"1em\" viewBox=\"0 0 512 512\" xmlns=\"http:\/\/www.w3.org\/2000\/svg\"><path fill=\"currentColor\" d=\"M173.898 439.404l-166.4-166.4c-9.997-9.997-9.997-26.206 0-36.204l36.203-36.204c9.997-9.998 26.207-9.998 36.204 0L192 312.69 432.095 72.596c9.997-9.997 26.207-9.997 36.204 0l36.203 36.204c9.997 9.997 9.997 26.206 0 36.204l-294.4 294.401c-9.998 9.997-26.207 9.997-36.204-.001z\"><\/path><\/svg><\/span><span class=\"gb-headline-text\">Mantenimiento industrial<\/span><\/h3>\n\n\n\n<p>Ofrecemos un servicio completo de montaje y mantenimiento de m\u00e1quinas e instalaciones incluyendo el asesoramiento para alcanzar el 4.0<\/p>\n\n\n<div class=\"gb-button-wrapper gb-button-wrapper-03b76853 la-component-button-container uppercase\">\n\n<a class=\"gb-button gb-button-e26f8c49 gb-button-text la-component-button\" href=\"https:\/\/oliveroimpianti.it\/es\/mantenimiento-industrial\/\">Ir al servicio<\/a>\n\n<\/div><\/div><\/div>\n\n<\/div><\/div><\/div>\n<\/div>\n<\/div><\/div>\n\n<div class=\"gb-container gb-container-28982752 la-pattern-overview-with-link\"><div class=\"gb-inside-container\">\n<div class=\"gb-container gb-container-63ace8f8 alignwide gb-container-animation-zoom-in-fade-in\"><div class=\"gb-inside-container\">\n\n<h2 class=\"gb-headline gb-headline-87874c59 gb-headline-text la-component-section-title\">Plan industrial 4.0: soluciones e instrumentos<\/h2>\n\n\n<div class=\"gb-grid-wrapper gb-grid-wrapper-57921129\">\n<div class=\"gb-grid-column gb-grid-column-b05aa8b1\"><div class=\"gb-container gb-container-b05aa8b1\"><div class=\"gb-inside-container\">\n\n<p><strong>Cr\u00e9dito de impuestos para inversiones en bienes instrumentales<\/strong><br>Este tipo de instrumento ha sido pensado para incentivar y ayudar de manera concreta a aquellas empresas que invierten en bienes instrumentales nuevos, materiales e inmateriales, que sean funcionales a la transformaci\u00f3n tecnol\u00f3gica y digital de los procesos productivos y que est\u00e9n destinados a estructuras productivas en Italia.<\/p>\n\n\n\n<p><strong>Cr\u00e9dito de impuestos investigaci\u00f3n y desarrollo, innovaci\u00f3n tecnol\u00f3gica, dise\u00f1o y creaci\u00f3n est\u00e9tica<\/strong><br>Este segundo instrumento se ide\u00f3 para apoyar la competitividad de las empresas incentivando las inversiones en Investigaci\u00f3n y Desarrollo, Innovaci\u00f3n tecnol\u00f3gica, dentro del \u00e1mbito del paradigma 4.0 y de la econom\u00eda circular, Dise\u00f1o y creaci\u00f3n est\u00e9tica.<\/p>\n\n\n\n<p><strong>Cr\u00e9dito de impuestos formaci\u00f3n 4.0<\/strong><br>La tercera medida del Plan Transici\u00f3n 4.0 tiene por objetivo promover la consolidaci\u00f3n de las competencias tecnol\u00f3gicas necesarias para todo el proceso de transformaci\u00f3n 4.0<\/p>\n\n<\/div><\/div><\/div>\n\n<div class=\"gb-grid-column gb-grid-column-45096ee0\"><div class=\"gb-container gb-container-45096ee0\"><div class=\"gb-inside-container\">\n\n<p class=\"has-text-align-left la-component-section-content\"><strong>Gracias al uso de nuevas tecnolog\u00edas existentes, que prev\u00e9n la gesti\u00f3n de hardware y software para la automatizaci\u00f3n, controles, de proceso, sistemas PLC y cuadros, nos situamos como socios ideales de empresas para la automatizaci\u00f3n de procesos productivos y el acceso a los beneficios previstos por el plan de transformaci\u00f3n digital 4.0<\/strong> <strong> <\/strong><\/p>\n\n<\/div><\/div><\/div>\n<\/div>\n<\/div><\/div>\n<\/div><\/div>\n\n<div class=\"gb-container gb-container-8378aad9 la-pattern-cta alignwide\"><div class=\"gb-inside-container\">\n\n<h2 class=\"gb-headline gb-headline-cbfad595 gb-headline-text la-component-section-title smaller\">Solicita m\u00e1s informaci\u00f3n y descubre las oportunidades 4.0 para tu empresa<\/h2>\n\n\n<div class=\"gb-button-wrapper gb-button-wrapper-02096a25 la-component-button-container uppercase centered\">\n\n<a class=\"gb-button gb-button-9a5c6a82 gb-button-text la-component-button\" href=\"https:\/\/oliveroimpianti.it\/es\/contactos\/\">Contacta nuestro equipo<\/a>\n\n<\/div>\n<\/div><\/div>","protected":false},"excerpt":{"rendered":"<p>Industria 4.0 Soluciones para la industria seg\u00fan la \u00f3ptica 4.0 La innovaci\u00f3n tecnol\u00f3gica no es para nosotros solo un objetivo sino un verdadero modus operandi. Incluso gracias a este acercamiento nos hemos convertido, con el&#8230;<\/p>\n","protected":false},"author":1,"featured_media":5787,"parent":6610,"menu_order":0,"comment_status":"closed","ping_status":"closed","template":"","meta":{"footnotes":""},"acf":[],"yoast_head":"<!-- This site is optimized with the Yoast SEO plugin v21.7 - https:\/\/yoast.com\/wordpress\/plugins\/seo\/ -->\n<title>Automatizaci\u00f3n de plantas y log\u00edstica interna, soluciones para la industria 4.0<\/title>\n<meta name=\"description\" content=\"Equipo de expertos Olivero e incentivos Plan Industria 4.0, oportunidades para digitalizaci\u00f3n y optimizaci\u00f3n de procesos, aumento de la productividad de las plantas\" \/>\n<meta name=\"robots\" content=\"index, follow, max-snippet:-1, max-image-preview:large, max-video-preview:-1\" \/>\n<link rel=\"canonical\" href=\"https:\/\/oliveroimpianti.it\/es\/automatizacion-industrial-y-robot\/industria-4-0\/\" \/>\n<meta property=\"og:locale\" content=\"es_ES\" \/>\n<meta property=\"og:type\" content=\"article\" \/>\n<meta property=\"og:title\" content=\"Automatizaci\u00f3n de plantas y log\u00edstica interna, soluciones para la industria 4.0\" \/>\n<meta property=\"og:description\" content=\"Equipo de expertos Olivero e incentivos Plan Industria 4.0, oportunidades para digitalizaci\u00f3n y optimizaci\u00f3n de procesos, aumento de la productividad de las plantas\" \/>\n<meta property=\"og:url\" content=\"https:\/\/oliveroimpianti.it\/es\/automatizacion-industrial-y-robot\/industria-4-0\/\" \/>\n<meta property=\"og:site_name\" content=\"Olivero Impianti\" \/>\n<meta property=\"article:modified_time\" content=\"2023-05-17T08:54:08+00:00\" \/>\n<meta property=\"og:image\" content=\"https:\/\/oliveroimpianti.it\/wp-content\/uploads\/2022\/06\/Header_industria_4.0.jpg\" \/>\n\t<meta property=\"og:image:width\" content=\"1371\" \/>\n\t<meta property=\"og:image:height\" content=\"650\" \/>\n\t<meta property=\"og:image:type\" content=\"image\/jpeg\" \/>\n<meta name=\"twitter:card\" content=\"summary_large_image\" \/>\n<meta name=\"twitter:label1\" content=\"Tiempo de lectura\" \/>\n\t<meta name=\"twitter:data1\" content=\"3 minutos\" \/>\n<script type=\"application\/ld+json\" class=\"yoast-schema-graph\">{\"@context\":\"https:\/\/schema.org\",\"@graph\":[{\"@type\":\"WebPage\",\"@id\":\"https:\/\/oliveroimpianti.it\/es\/automatizacion-industrial-y-robot\/industria-4-0\/\",\"url\":\"https:\/\/oliveroimpianti.it\/es\/automatizacion-industrial-y-robot\/industria-4-0\/\",\"name\":\"Automatizaci\u00f3n de plantas y log\u00edstica interna, soluciones para la industria 4.0\",\"isPartOf\":{\"@id\":\"https:\/\/oliveroimpianti.it\/#website\"},\"datePublished\":\"2022-05-25T14:12:35+00:00\",\"dateModified\":\"2023-05-17T08:54:08+00:00\",\"description\":\"Equipo de expertos Olivero e incentivos Plan Industria 4.0, oportunidades para digitalizaci\u00f3n y optimizaci\u00f3n de procesos, aumento de la productividad de las plantas\",\"breadcrumb\":{\"@id\":\"https:\/\/oliveroimpianti.it\/es\/automatizacion-industrial-y-robot\/industria-4-0\/#breadcrumb\"},\"inLanguage\":\"es\",\"potentialAction\":[{\"@type\":\"ReadAction\",\"target\":[\"https:\/\/oliveroimpianti.it\/es\/automatizacion-industrial-y-robot\/industria-4-0\/\"]}]},{\"@type\":\"BreadcrumbList\",\"@id\":\"https:\/\/oliveroimpianti.it\/es\/automatizacion-industrial-y-robot\/industria-4-0\/#breadcrumb\",\"itemListElement\":[{\"@type\":\"ListItem\",\"position\":1,\"name\":\"Home\",\"item\":\"https:\/\/oliveroimpianti.it\/es\/\"},{\"@type\":\"ListItem\",\"position\":2,\"name\":\"Automatizaci\u00f3n industrial y robot\",\"item\":\"https:\/\/oliveroimpianti.it\/es\/automatizacion-industrial-y-robot\/\"},{\"@type\":\"ListItem\",\"position\":3,\"name\":\"Industria 4.0\"}]},{\"@type\":\"WebSite\",\"@id\":\"https:\/\/oliveroimpianti.it\/#website\",\"url\":\"https:\/\/oliveroimpianti.it\/\",\"name\":\"Olivero Impianti\",\"description\":\"Automazioni industriali\",\"publisher\":{\"@id\":\"https:\/\/oliveroimpianti.it\/#organization\"},\"potentialAction\":[{\"@type\":\"SearchAction\",\"target\":{\"@type\":\"EntryPoint\",\"urlTemplate\":\"https:\/\/oliveroimpianti.it\/?s={search_term_string}\"},\"query-input\":\"required name=search_term_string\"}],\"inLanguage\":\"es\"},{\"@type\":\"Organization\",\"@id\":\"https:\/\/oliveroimpianti.it\/#organization\",\"name\":\"Olivero Impianti\",\"url\":\"https:\/\/oliveroimpianti.it\/\",\"logo\":{\"@type\":\"ImageObject\",\"inLanguage\":\"es\",\"@id\":\"https:\/\/oliveroimpianti.it\/#\/schema\/logo\/image\/\",\"url\":\"https:\/\/oliveroimpianti.it\/wp-content\/uploads\/2023\/11\/cropped-olivero-impianti-logo.png\",\"contentUrl\":\"https:\/\/oliveroimpianti.it\/wp-content\/uploads\/2023\/11\/cropped-olivero-impianti-logo.png\",\"width\":1977,\"height\":449,\"caption\":\"Olivero Impianti\"},\"image\":{\"@id\":\"https:\/\/oliveroimpianti.it\/#\/schema\/logo\/image\/\"}}]}<\/script>\n<!-- \/ Yoast SEO plugin. -->","yoast_head_json":{"title":"Automatizaci\u00f3n de plantas y log\u00edstica interna, soluciones para la industria 4.0","description":"Equipo de expertos Olivero e incentivos Plan Industria 4.0, oportunidades para digitalizaci\u00f3n y optimizaci\u00f3n de procesos, aumento de la productividad de las plantas","robots":{"index":"index","follow":"follow","max-snippet":"max-snippet:-1","max-image-preview":"max-image-preview:large","max-video-preview":"max-video-preview:-1"},"canonical":"https:\/\/oliveroimpianti.it\/es\/automatizacion-industrial-y-robot\/industria-4-0\/","og_locale":"es_ES","og_type":"article","og_title":"Automatizaci\u00f3n de plantas y log\u00edstica interna, soluciones para la industria 4.0","og_description":"Equipo de expertos Olivero e incentivos Plan Industria 4.0, oportunidades para digitalizaci\u00f3n y optimizaci\u00f3n de procesos, aumento de la productividad de las plantas","og_url":"https:\/\/oliveroimpianti.it\/es\/automatizacion-industrial-y-robot\/industria-4-0\/","og_site_name":"Olivero Impianti","article_modified_time":"2023-05-17T08:54:08+00:00","og_image":[{"width":1371,"height":650,"url":"https:\/\/oliveroimpianti.it\/wp-content\/uploads\/2022\/06\/Header_industria_4.0.jpg","type":"image\/jpeg"}],"twitter_card":"summary_large_image","twitter_misc":{"Tiempo de lectura":"3 minutos"},"schema":{"@context":"https:\/\/schema.org","@graph":[{"@type":"WebPage","@id":"https:\/\/oliveroimpianti.it\/es\/automatizacion-industrial-y-robot\/industria-4-0\/","url":"https:\/\/oliveroimpianti.it\/es\/automatizacion-industrial-y-robot\/industria-4-0\/","name":"Automatizaci\u00f3n de plantas y log\u00edstica interna, soluciones para la industria 4.0","isPartOf":{"@id":"https:\/\/oliveroimpianti.it\/#website"},"datePublished":"2022-05-25T14:12:35+00:00","dateModified":"2023-05-17T08:54:08+00:00","description":"Equipo de expertos Olivero e incentivos Plan Industria 4.0, oportunidades para digitalizaci\u00f3n y optimizaci\u00f3n de procesos, aumento de la productividad de las plantas","breadcrumb":{"@id":"https:\/\/oliveroimpianti.it\/es\/automatizacion-industrial-y-robot\/industria-4-0\/#breadcrumb"},"inLanguage":"es","potentialAction":[{"@type":"ReadAction","target":["https:\/\/oliveroimpianti.it\/es\/automatizacion-industrial-y-robot\/industria-4-0\/"]}]},{"@type":"BreadcrumbList","@id":"https:\/\/oliveroimpianti.it\/es\/automatizacion-industrial-y-robot\/industria-4-0\/#breadcrumb","itemListElement":[{"@type":"ListItem","position":1,"name":"Home","item":"https:\/\/oliveroimpianti.it\/es\/"},{"@type":"ListItem","position":2,"name":"Automatizaci\u00f3n industrial y robot","item":"https:\/\/oliveroimpianti.it\/es\/automatizacion-industrial-y-robot\/"},{"@type":"ListItem","position":3,"name":"Industria 4.0"}]},{"@type":"WebSite","@id":"https:\/\/oliveroimpianti.it\/#website","url":"https:\/\/oliveroimpianti.it\/","name":"Olivero Impianti","description":"Automazioni industriali","publisher":{"@id":"https:\/\/oliveroimpianti.it\/#organization"},"potentialAction":[{"@type":"SearchAction","target":{"@type":"EntryPoint","urlTemplate":"https:\/\/oliveroimpianti.it\/?s={search_term_string}"},"query-input":"required name=search_term_string"}],"inLanguage":"es"},{"@type":"Organization","@id":"https:\/\/oliveroimpianti.it\/#organization","name":"Olivero Impianti","url":"https:\/\/oliveroimpianti.it\/","logo":{"@type":"ImageObject","inLanguage":"es","@id":"https:\/\/oliveroimpianti.it\/#\/schema\/logo\/image\/","url":"https:\/\/oliveroimpianti.it\/wp-content\/uploads\/2023\/11\/cropped-olivero-impianti-logo.png","contentUrl":"https:\/\/oliveroimpianti.it\/wp-content\/uploads\/2023\/11\/cropped-olivero-impianti-logo.png","width":1977,"height":449,"caption":"Olivero Impianti"},"image":{"@id":"https:\/\/oliveroimpianti.it\/#\/schema\/logo\/image\/"}}]}},"_links":{"self":[{"href":"https:\/\/oliveroimpianti.it\/es\/wp-json\/wp\/v2\/pages\/6611"}],"collection":[{"href":"https:\/\/oliveroimpianti.it\/es\/wp-json\/wp\/v2\/pages"}],"about":[{"href":"https:\/\/oliveroimpianti.it\/es\/wp-json\/wp\/v2\/types\/page"}],"author":[{"embeddable":true,"href":"https:\/\/oliveroimpianti.it\/es\/wp-json\/wp\/v2\/users\/1"}],"replies":[{"embeddable":true,"href":"https:\/\/oliveroimpianti.it\/es\/wp-json\/wp\/v2\/comments?post=6611"}],"version-history":[{"count":2,"href":"https:\/\/oliveroimpianti.it\/es\/wp-json\/wp\/v2\/pages\/6611\/revisions"}],"predecessor-version":[{"id":6900,"href":"https:\/\/oliveroimpianti.it\/es\/wp-json\/wp\/v2\/pages\/6611\/revisions\/6900"}],"up":[{"embeddable":true,"href":"https:\/\/oliveroimpianti.it\/es\/wp-json\/wp\/v2\/pages\/6610"}],"wp:featuredmedia":[{"embeddable":true,"href":"https:\/\/oliveroimpianti.it\/es\/wp-json\/wp\/v2\/media\/5787"}],"wp:attachment":[{"href":"https:\/\/oliveroimpianti.it\/es\/wp-json\/wp\/v2\/media?parent=6611"}],"curies":[{"name":"wp","href":"https:\/\/api.w.org\/{rel}","templated":true}]}}